{"id":1237,"date":"2019-06-10T15:51:33","date_gmt":"2019-06-10T18:51:33","guid":{"rendered":"https:\/\/sites.usp.br\/ppgeq\/?page_id=1237"},"modified":"2021-05-03T09:01:47","modified_gmt":"2021-05-03T12:01:47","slug":"egressos-2013-mestrado","status":"publish","type":"page","link":"https:\/\/sites.usp.br\/ppgeq\/egressos-2013-mestrado\/","title":{"rendered":"Egressos 2013 (Mestrado)"},"content":{"rendered":"<p><\/p>\n<table>\n<tbody>\n<tr>\n<td width=\"179\">\n<h6 style=\"text-align: center;\"><span style=\"color: #ff6600;\"><strong>Aluno(a)<\/strong><\/span><\/h6>\n<\/td>\n<td width=\"212\">\n<h6 style=\"text-align: center;\"><span style=\"color: #ff6600;\"><strong>Orientador(a)<\/strong><\/span><\/h6>\n<\/td>\n<td width=\"449\">\n<h6 style=\"text-align: center;\"><span style=\"color: #ff6600;\"><strong>T\u00edtulo do Trabalho<\/strong><\/span><\/h6>\n<\/td>\n<td width=\"100\">\n<h6 style=\"text-align: center;\"><span style=\"color: #ff6600;\"><strong>Data da Defesa<\/strong><\/span><\/h6>\n<\/td>\n<\/tr>\n<tr>\n<td width=\"179\">\n<h6><strong>Sara Aparecida Machado<\/strong><\/h6>\n<\/td>\n<td width=\"212\">\n<h6><strong>Prof. Dr. Domingos S\u00e1vio Giordani<\/strong><\/h6>\n<\/td>\n<td width=\"449\">\n<h6><strong> Estudo da produ\u00e7\u00e3o de biodiesel a partir do \u00f3leo de maca\u00faba (Acrocomia aculeata) pela rota et\u00edlica<\/strong><\/h6>\n<\/td>\n<td width=\"100\">\n<h6><strong>\u00a030\/01\/2013<\/strong><\/h6>\n<\/td>\n<\/tr>\n<tr>\n<td colspan=\"4\" width=\"940\">\n<h6 style=\"text-align: center;\">Download: <a href=\"https:\/\/sites.usp.br\/ppgeq\/wp-content\/uploads\/sites\/537\/2021\/04\/Dissertacao_Final_Sara-Aparecida.pdf\" target=\"_blank\" rel=\"noopener\">Disserta\u00e7\u00e3o<\/a><\/h6>\n<\/td>\n<\/tr>\n<tr>\n<td width=\"179\">\n<h6><strong> Leandro da Rocha Novaes<\/strong><\/h6>\n<\/td>\n<td width=\"212\">\n<h6><strong>Prof. Dr. Antonio Aar\u00e3o Serra<\/strong><\/h6>\n<\/td>\n<td width=\"449\">\n<h6><strong>Potencializa\u00e7\u00e3o das atividades biol\u00f3gicas atrav\u00e9s de modifica\u00e7\u00f5es estruturais do \u03b1-Bisabolol<\/strong><\/h6>\n<\/td>\n<td width=\"100\">\n<h6><strong>05\/04\/2013<\/strong><\/h6>\n<\/td>\n<\/tr>\n<tr>\n<td colspan=\"4\" width=\"940\">\n<h6 style=\"text-align: center;\">Download: <a href=\"https:\/\/sites.usp.br\/ppgeq\/wp-content\/uploads\/sites\/537\/2021\/04\/Dissertacao_Final_Leandro-da-Rocha.pdf\" target=\"_blank\" rel=\"noopener\">Disserta\u00e7\u00e3o<\/a><\/h6>\n<\/td>\n<\/tr>\n<tr>\n<td width=\"179\">\n<h6><strong>Alessandro Sampaio Cavalcanti<\/strong><\/h6>\n<\/td>\n<td width=\"212\">\n<h6><strong>Prof. Dr. Helcio Jos\u00e9 Iz\u00e1rio Filho\u00a0<\/strong><\/h6>\n<\/td>\n<td width=\"449\">\n<h6><strong> ESTUDO DA APLICA\u00c7\u00c3O DO FOTO-FENTON SOLAR COMO TRATAMENTO DE CHORUME PROVENIENTE DO ATERRO SANIT\u00c1RIO DE CACHOEIRA PAULISTA-SP<\/strong><\/h6>\n<\/td>\n<td width=\"100\">\n<h6><strong>\u00a012\/04\/2013<\/strong><\/h6>\n<\/td>\n<\/tr>\n<tr>\n<td colspan=\"4\" width=\"940\">\n<h6 style=\"text-align: center;\">Download: <a href=\"https:\/\/sites.usp.br\/ppgeq\/wp-content\/uploads\/sites\/537\/2021\/04\/Dissertacao_Final_Alessandro-Sampaio.pdf\" target=\"_blank\" rel=\"noopener\">Disserta\u00e7\u00e3o<\/a><\/h6>\n<\/td>\n<\/tr>\n<tr>\n<td width=\"179\">\n<h6><strong>Melquisedec Alves de Oliveira<\/strong><\/h6>\n<\/td>\n<td width=\"212\">\n<h6><strong>\u00a0Prof. Dr. Gilberto Garcia Cortez<\/strong><\/h6>\n<\/td>\n<td width=\"449\">\n<h6><strong>S\u00edntese, caracteriza\u00e7\u00e3o e avalia\u00e7\u00e3o catal\u00edtica de catalisadores<br \/>\nV2O5-Nb2O5-Al2O3 dopados pelo metal alcalino pot\u00e1ssio na rea\u00e7\u00e3o de desidrogena\u00e7\u00e3o oxidativa do propano<\/strong><\/h6>\n<\/td>\n<td width=\"100\">\n<h6><strong>\u00a025\/07\/2013<\/strong><\/h6>\n<\/td>\n<\/tr>\n<tr>\n<td colspan=\"4\" width=\"940\">\n<h6 style=\"text-align: center;\">Download: <a href=\"https:\/\/sites.usp.br\/ppgeq\/wp-content\/uploads\/sites\/537\/2021\/04\/Dissertacao_Final_Melquisedec-Alves.pdf\" target=\"_blank\" rel=\"noopener\">Disserta\u00e7\u00e3o<\/a><\/h6>\n<\/td>\n<\/tr>\n<tr>\n<td width=\"179\">\n<h6><strong>Luciana Pereira da Silva<\/strong><\/h6>\n<\/td>\n<td width=\"212\">\n<h6><strong>Profa. Dra. Maria L\u00facia Caetano Pinto da Silva\u00a0<\/strong><\/h6>\n<\/td>\n<td width=\"449\">\n<h6><strong> Prepara\u00e7\u00e3o e caracteriza\u00e7\u00e3o de h\u00edbridos de celulose do baga\u00e7o de cana-de-a\u00e7\u00facar e \u00f3xido de alum\u00ednio hidratado para aplica\u00e7\u00e3o em membranas<\/strong><\/h6>\n<\/td>\n<td width=\"100\">\n<h6><strong>\u00a009\/08\/2013<\/strong><\/h6>\n<\/td>\n<\/tr>\n<tr>\n<td colspan=\"4\" width=\"940\">\n<h6 style=\"text-align: center;\">Download: <a href=\"https:\/\/sites.usp.br\/ppgeq\/wp-content\/uploads\/sites\/537\/2021\/04\/Dissertacao_Final_Luciana-Pereira.pdf\" target=\"_blank\" rel=\"noopener\">Disserta\u00e7\u00e3o<\/a><\/h6>\n<\/td>\n<\/tr>\n<tr>\n<td width=\"179\">\n<h6>William Costa e Silva<\/h6>\n<\/td>\n<td width=\"212\">\n<h6><strong>Profa. Dra. Heizir Ferreira de Castro<\/strong><\/h6>\n<\/td>\n<td width=\"449\">\n<h6><strong> Produ\u00e7\u00e3o enzim\u00e1tica de biodiesel a partir de \u00f3leos l\u00e1uricos em reatores de leito fixo duplo est\u00e1gio incorporando coluna extratora do glicerol formado como subproduto<\/strong><\/h6>\n<\/td>\n<td width=\"100\">\n<h6><strong>\u00a009\/08\/2013<\/strong><\/h6>\n<\/td>\n<\/tr>\n<tr>\n<td colspan=\"4\" width=\"940\">\n<h6 style=\"text-align: center;\">Download: <a href=\"https:\/\/sites.usp.br\/ppgeq\/wp-content\/uploads\/sites\/537\/2021\/04\/Dissertacao_Final_William-Costa.pdf\" target=\"_blank\" rel=\"noopener\">Disserta\u00e7\u00e3o<\/a><\/h6>\n<\/td>\n<\/tr>\n<tr>\n<td width=\"179\">\n<h6><strong>Rafael Caetano Jardim Pinto da Silva Salvato<\/strong><\/h6>\n<\/td>\n<td width=\"212\">\n<h6><strong>Prof. Dr. Amilton Martins dos Santos<\/strong><\/h6>\n<\/td>\n<td width=\"449\">\n<h6><strong> S\u00edntese e caracteriza\u00e7\u00e3o de nanocomp\u00f3sitos do tipo pol\u00edmero\/silicatos lamelares com propriedades anisotr\u00f3picas via polimeriza\u00e7\u00e3o RAFT em emuls\u00e3o<\/strong><\/h6>\n<\/td>\n<td width=\"100\">\n<h6><strong>\u00a027\/09\/2013<\/strong><\/h6>\n<\/td>\n<\/tr>\n<tr>\n<td colspan=\"4\" width=\"940\">\n<h6 style=\"text-align: center;\">Download:\u00a0<a href=\"https:\/\/sites.usp.br\/ppgeq\/wp-content\/uploads\/sites\/537\/2021\/04\/Dissertacao_Final_Rafael-Caetano.pdf\" target=\"_blank\" rel=\"noopener\">Disserta\u00e7\u00e3o<\/a><\/h6>\n<\/td>\n<\/tr>\n<tr>\n<td width=\"179\">\n<h6><strong>Daniel Grabauskas<\/strong><\/h6>\n<\/td>\n<td width=\"212\">\n<h6><strong>Profa. Dra. Heizir Ferreira de Castro\u00a0<\/strong><\/h6>\n<\/td>\n<td width=\"449\">\n<h6><strong> Triagem de m\u00e9todos de purifica\u00e7\u00e3o de \u00f3leos com acidez elevada para a produ\u00e7\u00e3o de biodiesel<\/strong><\/h6>\n<\/td>\n<td width=\"100\">\n<h6><strong>\u00a018\/10\/2013<\/strong><\/h6>\n<\/td>\n<\/tr>\n<tr>\n<td colspan=\"4\" width=\"940\">\n<h6 style=\"text-align: center;\">Download: <a href=\"https:\/\/sites.usp.br\/ppgeq\/wp-content\/uploads\/sites\/537\/2021\/04\/Dissertacao_Final_Daniel-Grabauskas.pdf\" target=\"_blank\" rel=\"noopener\">Disserta\u00e7\u00e3o<\/a><\/h6>\n<\/td>\n<\/tr>\n<tr>\n<td width=\"179\">\n<h6><strong>Gracielle Mayra Rodrigues Carvalho<\/strong><\/h6>\n<\/td>\n<td width=\"212\">\n<h6><strong>Prof. Dr. Helcio Jos\u00e9 Iz\u00e1rio Filho\u00a0<\/strong><\/h6>\n<\/td>\n<td width=\"449\">\n<h6><strong> Avalia\u00e7\u00e3o do tratamento de efluente farmac\u00eautico endoparasiticida por processos Fenton e Foto-Fenton<\/strong><\/h6>\n<\/td>\n<td width=\"100\">\n<h6><strong>\u00a004\/11\/2013<\/strong><\/h6>\n<\/td>\n<\/tr>\n<tr>\n<td colspan=\"4\" width=\"940\">\n<h6 style=\"text-align: center;\">Download: <a href=\"https:\/\/sites.usp.br\/ppgeq\/wp-content\/uploads\/sites\/537\/2021\/04\/Dissertacao_Final_Gracielle-Mayra.pdf\" target=\"_blank\" rel=\"noopener\">Disserta\u00e7\u00e3o<\/a><\/h6>\n<\/td>\n<\/tr>\n<\/tbody>\n<\/table>\n<p><\/p>","protected":false},"excerpt":{"rendered":"<p>Aluno(a) Orientador(a) T\u00edtulo do Trabalho Data da Defesa Sara Aparecida Machado Prof. Dr. Domingos S\u00e1vio Giordani Estudo da produ\u00e7\u00e3o de biodiesel a partir do \u00f3leo de maca\u00faba (Acrocomia aculeata) pela rota et\u00edlica \u00a030\/01\/2013 Download: Disserta\u00e7\u00e3o Leandro da Rocha Novaes Prof. Dr. Antonio Aar\u00e3o Serra Potencializa\u00e7\u00e3o das atividades biol\u00f3gicas atrav\u00e9s de modifica\u00e7\u00f5es estruturais do \u03b1-Bisabolol 05\/04\/2013 Download: Disserta\u00e7\u00e3o Alessandro Sampaio Cavalcanti Prof. Dr. Helcio Jos\u00e9 Iz\u00e1rio Filho\u00a0 ESTUDO DA APLICA\u00c7\u00c3O DO FOTO-FENTON SOLAR COMO TRATAMENTO DE CHORUME PROVENIENTE DO ATERRO SANIT\u00c1RIO DE CACHOEIRA PAULISTA-SP \u00a012\/04\/2013 Download: Disserta\u00e7\u00e3o Melquisedec Alves de Oliveira \u00a0Prof. Dr. Gilberto Garcia Cortez S\u00edntese, caracteriza\u00e7\u00e3o e avalia\u00e7\u00e3o catal\u00edtica de catalisadores V2O5-Nb2O5-Al2O3 dopados pelo metal alcalino pot\u00e1ssio na rea\u00e7\u00e3o de desidrogena\u00e7\u00e3o oxidativa do propano \u00a025\/07\/2013 Download: Disserta\u00e7\u00e3o Luciana Pereira da Silva Profa. Dra. Maria L\u00facia Caetano Pinto da Silva\u00a0 Prepara\u00e7\u00e3o e caracteriza\u00e7\u00e3o de h\u00edbridos de celulose do baga\u00e7o de cana-de-a\u00e7\u00facar e \u00f3xido de alum\u00ednio hidratado para aplica\u00e7\u00e3o em membranas \u00a009\/08\/2013 Download: Disserta\u00e7\u00e3o William Costa e Silva Profa. Dra. Heizir Ferreira de Castro Produ\u00e7\u00e3o enzim\u00e1tica de biodiesel a partir de \u00f3leos l\u00e1uricos em reatores de leito fixo duplo est\u00e1gio incorporando coluna extratora do glicerol formado como subproduto \u00a009\/08\/2013 Download: Disserta\u00e7\u00e3o Rafael Caetano Jardim Pinto da Silva Salvato Prof. Dr. Amilton [&#8230;]<\/p>\n","protected":false},"author":993,"featured_media":0,"parent":0,"menu_order":0,"comment_status":"closed","ping_status":"closed","template":"","meta":{"_monsterinsights_skip_tracking":false,"_monsterinsights_sitenote_active":false,"_monsterinsights_sitenote_note":"","_monsterinsights_sitenote_category":0,"footnotes":"","_links_to":"","_links_to_target":""},"class_list":["post-1237","page","type-page","status-publish","hentry"],"_links":{"self":[{"href":"https:\/\/sites.usp.br\/ppgeq\/wp-json\/wp\/v2\/pages\/1237","targetHints":{"allow":["GET"]}}],"collection":[{"href":"https:\/\/sites.usp.br\/ppgeq\/wp-json\/wp\/v2\/pages"}],"about":[{"href":"https:\/\/sites.usp.br\/ppgeq\/wp-json\/wp\/v2\/types\/page"}],"author":[{"embeddable":true,"href":"https:\/\/sites.usp.br\/ppgeq\/wp-json\/wp\/v2\/users\/993"}],"replies":[{"embeddable":true,"href":"https:\/\/sites.usp.br\/ppgeq\/wp-json\/wp\/v2\/comments?post=1237"}],"version-history":[{"count":4,"href":"https:\/\/sites.usp.br\/ppgeq\/wp-json\/wp\/v2\/pages\/1237\/revisions"}],"predecessor-version":[{"id":1813,"href":"https:\/\/sites.usp.br\/ppgeq\/wp-json\/wp\/v2\/pages\/1237\/revisions\/1813"}],"wp:attachment":[{"href":"https:\/\/sites.usp.br\/ppgeq\/wp-json\/wp\/v2\/media?parent=1237"}],"curies":[{"name":"wp","href":"https:\/\/api.w.org\/{rel}","templated":true}]}}