{"id":1243,"date":"2019-06-10T15:55:13","date_gmt":"2019-06-10T18:55:13","guid":{"rendered":"https:\/\/sites.usp.br\/ppgeq\/?page_id=1243"},"modified":"2020-09-02T14:06:34","modified_gmt":"2020-09-02T17:06:34","slug":"egressos-2016-mestrado","status":"publish","type":"page","link":"https:\/\/sites.usp.br\/ppgeq\/egressos-2016-mestrado\/","title":{"rendered":"Egressos 2016 (Mestrado)"},"content":{"rendered":"<p>&nbsp;<\/p>\n<table>\n<tbody>\n<tr>\n<td width=\"179\">\n<h6 style=\"text-align: center;\"><span style=\"color: #ff6600;\"><strong>Aluno(a)<\/strong><\/span><\/h6>\n<\/td>\n<td width=\"212\">\n<h6 style=\"text-align: center;\"><span style=\"color: #ff6600;\"><strong>Orientador(a)<\/strong><\/span><\/h6>\n<\/td>\n<td width=\"449\">\n<h6 style=\"text-align: center;\"><span style=\"color: #ff6600;\"><strong>T\u00edtulo do Trabalho<\/strong><\/span><\/h6>\n<\/td>\n<td width=\"100\">\n<h6 style=\"text-align: center;\"><span style=\"color: #ff6600;\"><strong>Data da Defesa<\/strong><\/span><\/h6>\n<\/td>\n<\/tr>\n<tr>\n<td width=\"179\">\n<h6><strong>Heitor Buzetti Sim\u00f5es Bento<\/strong><\/h6>\n<\/td>\n<td width=\"212\">\n<h6><strong>Prof. Dr. Pedro Carlos de Oliveira<\/strong><\/h6>\n<\/td>\n<td width=\"449\">\n<h6><strong> Prepara\u00e7\u00e3o e caracteriza\u00e7\u00e3o de biocatalisadores a partir de lipases imobilizadas em part\u00edculas magnetizadas de poli(estireno-co-divinilbenzeno)<\/strong><\/h6>\n<\/td>\n<td width=\"100\">\n<h6><strong>\u00a012\/02\/2016<\/strong><\/h6>\n<\/td>\n<\/tr>\n<tr>\n<td colspan=\"4\" width=\"940\">\n<h6 style=\"text-align: center;\">Download: <a href=\"https:\/\/sites.usp.br\/ppgeq\/wp-content\/uploads\/sites\/537\/2020\/08\/Disserta\u00e7\u00e3o_Final_Heitor-Buzetti.pdf\" target=\"_blank\" rel=\"noopener noreferrer\">Disserta\u00e7\u00e3o<\/a><\/h6>\n<\/td>\n<\/tr>\n<tr>\n<td width=\"179\">\n<h6><strong>Fl\u00e1via Danielle dos Santos<\/strong><\/h6>\n<\/td>\n<td width=\"212\">\n<h6><strong>\u00a0Profa. Dra. Heizir Ferreira de Castro<\/strong><\/h6>\n<\/td>\n<td width=\"449\">\n<h6><strong>Avalia\u00e7\u00e3o do potencial de adsorventes de baixo custo para purifica\u00e7\u00e3o de biodiesel et\u00edlico e estabelecimento das condi\u00e7\u00f5es operacionais por metodologia de superf\u00edcie de resposta<\/strong><\/h6>\n<\/td>\n<td width=\"100\">\n<h6><strong>15\/02\/2016<\/strong><\/h6>\n<\/td>\n<\/tr>\n<tr>\n<td colspan=\"4\" width=\"940\">\n<h6 style=\"text-align: center;\">Download: <a href=\"https:\/\/sites.usp.br\/ppgeq\/wp-content\/uploads\/sites\/537\/2020\/08\/Disserta\u00e7\u00e3o_Final_Fl\u00e1via-Danielle.pdf\" target=\"_blank\" rel=\"noopener noreferrer\">Disserta\u00e7\u00e3o<\/a><\/h6>\n<\/td>\n<\/tr>\n<tr>\n<td width=\"179\">\n<h6><strong>Bruno Augusto de Castro Souza<\/strong><\/h6>\n<\/td>\n<td width=\"212\">\n<h6><strong>Prof. Dr. Amilton Martins dos Santos\u00a0<\/strong><\/h6>\n<\/td>\n<td width=\"449\">\n<h6><strong> S\u00edntese e caracteriza\u00e7\u00e3o de copol\u00edmeros em blocos biocompat\u00edveis do tipo poli(N-vinilcaprolactama)-b-poli(etileno glicol) para encapsula\u00e7\u00e3o de cetoprofeno utilizando a t\u00e9cnica de secagem por atomiza\u00e7\u00e3o<\/strong><\/h6>\n<\/td>\n<td width=\"100\">\n<h6><strong>\u00a008\/04\/2020<\/strong><\/h6>\n<\/td>\n<\/tr>\n<tr>\n<td colspan=\"4\" width=\"940\">\n<h6 style=\"text-align: center;\">Download: <a href=\"https:\/\/sites.usp.br\/ppgeq\/wp-content\/uploads\/sites\/537\/2020\/08\/Disserta\u00e7\u00e3o_Final_Bruno-Souza.pdf\" target=\"_blank\" rel=\"noopener noreferrer\">Disserta\u00e7\u00e3o<\/a><\/h6>\n<\/td>\n<\/tr>\n<tr>\n<td width=\"179\">\n<h6><strong>Cl\u00e1udia Santos Salim<\/strong><\/h6>\n<\/td>\n<td width=\"212\">\n<h6><strong>Prof. Dr. Lu\u00eds Fernando Figueiredo Faria<\/strong><\/h6>\n<\/td>\n<td width=\"449\">\n<h6><strong> Otimiza\u00e7\u00e3o do branqueamento de baga\u00e7o de cana para obten\u00e7\u00e3o de metilcelulose<\/strong><\/h6>\n<\/td>\n<td width=\"100\">\n<h6><strong>\u00a017\/06\/2016<\/strong><\/h6>\n<\/td>\n<\/tr>\n<tr>\n<td colspan=\"4\" width=\"940\">\n<h6 style=\"text-align: center;\">Download: <a href=\"https:\/\/sites.usp.br\/ppgeq\/wp-content\/uploads\/sites\/537\/2020\/08\/Disserta\u00e7\u00e3o_Final_Cl\u00e1udia-Salim.pdf\" target=\"_blank\" rel=\"noopener noreferrer\">Disserta\u00e7\u00e3o<\/a><\/h6>\n<\/td>\n<\/tr>\n<tr>\n<td width=\"179\">\n<h6><strong>Fabio de P\u00e1dua Nakano<\/strong><\/h6>\n<\/td>\n<td width=\"212\">\n<h6><strong>Prof. Dr. Pedro Carlos de Oliveira<\/strong><\/h6>\n<\/td>\n<td width=\"449\">\n<h6><strong> Obten\u00e7\u00e3o de microesferas quitosana\/taninos extra\u00eddos da casca de <em>Eucalyptus urograndis<\/em> para utiliza\u00e7\u00e3o piloto na tratabilidade f\u00edsico-qu\u00edmica de \u00e1gua bruta com turbidez entre 100-110 NTU<\/strong><\/h6>\n<\/td>\n<td width=\"100\">\n<h6><strong>\u00a023\/06\/2016<\/strong><\/h6>\n<\/td>\n<\/tr>\n<tr>\n<td colspan=\"4\" width=\"940\">\n<h6 style=\"text-align: center;\">Download: <a href=\"https:\/\/sites.usp.br\/ppgeq\/wp-content\/uploads\/sites\/537\/2020\/08\/Dissertacao_Final_F\u00e1bio-Nakano.pdf\" target=\"_blank\" rel=\"noopener noreferrer\">Disserta\u00e7\u00e3o<\/a><\/h6>\n<\/td>\n<\/tr>\n<tr>\n<td width=\"179\">\n<h6><strong>Mayara Ribeiro Rocha<\/strong><\/h6>\n<\/td>\n<td width=\"212\">\n<h6><strong>\u00a0Prof. Dr. Domingos S\u00e1vio Giordani<\/strong><\/h6>\n<\/td>\n<td width=\"449\">\n<h6><strong> Avalia\u00e7\u00e3o das propriedades sensoriais dos produtos da interesterifica\u00e7\u00e3o da gordura do leite com \u00f3leos vegetais<\/strong><\/h6>\n<\/td>\n<td width=\"100\">\n<h6><strong>\u00a015\/07\/2016<\/strong><\/h6>\n<\/td>\n<\/tr>\n<tr>\n<td colspan=\"4\" width=\"940\">\n<h6 style=\"text-align: center;\">Download: <a href=\"https:\/\/sites.usp.br\/ppgeq\/wp-content\/uploads\/sites\/537\/2020\/08\/Disserta\u00e7\u00e3o_Final_Mayara-Rocha.pdf\" target=\"_blank\" rel=\"noopener noreferrer\">Disserta\u00e7\u00e3o<\/a><\/h6>\n<\/td>\n<\/tr>\n<tr>\n<td width=\"179\">\n<h6><strong>Braz de Souza Marotti<\/strong><\/h6>\n<\/td>\n<td width=\"212\">\n<h6><strong>\u00a0Profa. Dra. Heizir Ferreira de Castro<\/strong><\/h6>\n<\/td>\n<td width=\"449\">\n<h6><strong> Sele\u00e7\u00e3o de esp\u00e9cies do g\u00eanero <em>Penicillium<\/em> produtoras de lipase ligada ao mic\u00e9lio para aplica\u00e7\u00e3o na hidr\u00f3lise de \u00f3leos vegetais<\/strong><\/h6>\n<\/td>\n<td width=\"100\">\n<h6><strong>\u00a010\/08\/2016<\/strong><\/h6>\n<\/td>\n<\/tr>\n<tr>\n<td colspan=\"4\" width=\"940\">\n<h6 style=\"text-align: center;\">Download: <a href=\"https:\/\/sites.usp.br\/ppgeq\/wp-content\/uploads\/sites\/537\/2020\/08\/Disserta\u00e7\u00e3o_Final_Braz-Marotti.pdf\" target=\"_blank\" rel=\"noopener noreferrer\">Disserta\u00e7\u00e3o<\/a><\/h6>\n<\/td>\n<\/tr>\n<tr>\n<td width=\"179\">\n<h6><strong>Neuana Fernando Neuana\u00a0<\/strong><\/h6>\n<\/td>\n<td width=\"212\">\n<h6><strong>\u00a0Profa. Dra. Maria L\u00facia Caetano Pinto da Silva<\/strong><\/h6>\n<\/td>\n<td width=\"449\">\n<h6><strong> Avalia\u00e7\u00e3o do comportamento termo oxidativo de biodiesel aditivado com produtos naturais<\/strong><\/h6>\n<\/td>\n<td width=\"100\">\n<h6><strong>\u00a005\/09\/2016<\/strong><\/h6>\n<\/td>\n<\/tr>\n<tr>\n<td colspan=\"4\" width=\"940\">\n<h6 style=\"text-align: center;\">Download: <a href=\"https:\/\/sites.usp.br\/ppgeq\/wp-content\/uploads\/sites\/537\/2020\/08\/Disserta\u00e7\u00e3o_Final_Neuana.pdf\" target=\"_blank\" rel=\"noopener noreferrer\">Disserta\u00e7\u00e3o<\/a><\/h6>\n<\/td>\n<\/tr>\n<tr>\n<td width=\"179\">\n<h6><strong>J\u00e9ssica de Matos Fonseca\u00a0<\/strong><\/h6>\n<\/td>\n<td width=\"212\">\n<h6><strong>Prof. Dr. Amilton Martins dos Santos\u00a0<\/strong><\/h6>\n<\/td>\n<td width=\"449\">\n<h6><strong> Prepara\u00e7\u00e3o de micropart\u00edculas de quitosana incorporadas de nanog\u00e9is de poli(<em>N<\/em>-vinilcaprolactama-<em>co<\/em>-\u00e1cido itac\u00f4nico-<em>co<\/em>-dimetacrilato de etilenoglicol) via secagem por pulveriza\u00e7\u00e3o para libera\u00e7\u00e3o controlada de cetoprofeno<\/strong><\/h6>\n<\/td>\n<td width=\"100\">\n<h6><strong>\u00a016\/09\/2016<\/strong><\/h6>\n<\/td>\n<\/tr>\n<tr>\n<td colspan=\"4\" width=\"940\">\n<h6 style=\"text-align: center;\">Download: <a href=\"https:\/\/sites.usp.br\/ppgeq\/wp-content\/uploads\/sites\/537\/2020\/08\/Disserta\u00e7\u00e3o_Final_J\u00e9ssica-de-Matos.pdf\" target=\"_blank\" rel=\"noopener noreferrer\">Disserta\u00e7\u00e3o<\/a><\/h6>\n<\/td>\n<\/tr>\n<tr>\n<td width=\"179\">\n<h6>Gabriela Budemberg<\/h6>\n<\/td>\n<td width=\"212\">\n<h6>Profa. Dra. Jayne Carlos de Souza Barboza<\/h6>\n<\/td>\n<td width=\"449\">\n<h6>S\u00edntese de coletores para flota\u00e7\u00e3o de min\u00e9rio de ferro<\/h6>\n<\/td>\n<td width=\"100\">\n<h6>04\/10\/2016<\/h6>\n<\/td>\n<\/tr>\n<tr>\n<td colspan=\"4\" width=\"940\">\n<h6 style=\"text-align: center;\">Download: <a href=\"https:\/\/sites.usp.br\/ppgeq\/wp-content\/uploads\/sites\/537\/2020\/09\/Disserta\u00e7\u00e3o_Final_Gabriela-Budemberg.pdf\" target=\"_blank\" rel=\"noopener noreferrer\">Disserta\u00e7\u00e3o<\/a><\/h6>\n<\/td>\n<\/tr>\n<tr>\n<td width=\"179\">\n<h6>Vinicius Martin Crivelaro<\/h6>\n<\/td>\n<td width=\"212\">\n<h6>Prof. Dr. Gilberto Garcia Cortez<\/h6>\n<\/td>\n<td width=\"449\">\n<h6>S\u00edntese de catalisadores baseados em van\u00e1dio suportado em aluminas de transi\u00e7\u00e3o modificadas por metais alcalinos e avalia\u00e7\u00e3o catal\u00edtica na rea\u00e7\u00e3o de desidrogena\u00e7\u00e3o oxidativa do propano<\/h6>\n<\/td>\n<td width=\"100\">\n<h6>21\/10\/2016<\/h6>\n<\/td>\n<\/tr>\n<tr>\n<td colspan=\"4\" width=\"940\">\n<h6 style=\"text-align: center;\">Download: <a href=\"https:\/\/sites.usp.br\/ppgeq\/wp-content\/uploads\/sites\/537\/2020\/08\/Disserta\u00e7\u00e3o_Final_Vinicius-Crivelaro.pdf\" target=\"_blank\" rel=\"noopener noreferrer\">Disserta\u00e7\u00e3o<\/a><\/h6>\n<\/td>\n<\/tr>\n<tr>\n<td width=\"179\">\n<h6>Tha\u00eds Carvalho<\/h6>\n<\/td>\n<td width=\"212\">\n<h6>Profa. Dra. Maria L\u00facia Caetano Pinto da Silva<\/h6>\n<\/td>\n<td width=\"449\">\n<h6>Prepara\u00e7\u00e3o e caracteriza\u00e7\u00e3o de comp\u00f3sitos com matriz de poliuretano e h\u00edbridos fibrosos modificados com \u00f3xido de magn\u00e9sio hidratado<\/h6>\n<\/td>\n<td width=\"100\">\n<h6>02\/12\/2016<\/h6>\n<\/td>\n<\/tr>\n<tr>\n<td colspan=\"4\" width=\"940\">\n<h6 style=\"text-align: center;\">Download: <a href=\"https:\/\/sites.usp.br\/ppgeq\/wp-content\/uploads\/sites\/537\/2020\/08\/Disserta\u00e7\u00e3o_Final_Tha\u00eds-Carvalho.pdf\" target=\"_blank\" rel=\"noopener noreferrer\">Disserta\u00e7\u00e3o<\/a><\/h6>\n<\/td>\n<\/tr>\n<\/tbody>\n<\/table>\n<p><\/p>","protected":false},"excerpt":{"rendered":"<p>&nbsp; Aluno(a) Orientador(a) T\u00edtulo do Trabalho Data da Defesa Heitor Buzetti Sim\u00f5es Bento Prof. Dr. Pedro Carlos de Oliveira Prepara\u00e7\u00e3o e caracteriza\u00e7\u00e3o de biocatalisadores a partir de lipases imobilizadas em part\u00edculas magnetizadas de poli(estireno-co-divinilbenzeno) \u00a012\/02\/2016 Download: Disserta\u00e7\u00e3o Fl\u00e1via Danielle dos Santos \u00a0Profa. Dra. Heizir Ferreira de Castro Avalia\u00e7\u00e3o do potencial de adsorventes de baixo custo para purifica\u00e7\u00e3o de biodiesel et\u00edlico e estabelecimento das condi\u00e7\u00f5es operacionais por metodologia de superf\u00edcie de resposta 15\/02\/2016 Download: Disserta\u00e7\u00e3o Bruno Augusto de Castro Souza Prof. Dr. Amilton Martins dos Santos\u00a0 S\u00edntese e caracteriza\u00e7\u00e3o de copol\u00edmeros em blocos biocompat\u00edveis do tipo poli(N-vinilcaprolactama)-b-poli(etileno glicol) para encapsula\u00e7\u00e3o de cetoprofeno utilizando a t\u00e9cnica de secagem por atomiza\u00e7\u00e3o \u00a008\/04\/2020 Download: Disserta\u00e7\u00e3o Cl\u00e1udia Santos Salim Prof. Dr. Lu\u00eds Fernando Figueiredo Faria Otimiza\u00e7\u00e3o do branqueamento de baga\u00e7o de cana para obten\u00e7\u00e3o de metilcelulose \u00a017\/06\/2016 Download: Disserta\u00e7\u00e3o Fabio de P\u00e1dua Nakano Prof. Dr. Pedro Carlos de Oliveira Obten\u00e7\u00e3o de microesferas quitosana\/taninos extra\u00eddos da casca de Eucalyptus urograndis para utiliza\u00e7\u00e3o piloto na tratabilidade f\u00edsico-qu\u00edmica de \u00e1gua bruta com turbidez entre 100-110 NTU \u00a023\/06\/2016 Download: Disserta\u00e7\u00e3o Mayara Ribeiro Rocha \u00a0Prof. Dr. Domingos S\u00e1vio Giordani Avalia\u00e7\u00e3o das propriedades sensoriais dos produtos da interesterifica\u00e7\u00e3o da gordura do leite com \u00f3leos vegetais \u00a015\/07\/2016 Download: Disserta\u00e7\u00e3o Braz de Souza [&#8230;]<\/p>\n","protected":false},"author":993,"featured_media":0,"parent":0,"menu_order":0,"comment_status":"closed","ping_status":"closed","template":"","meta":{"_monsterinsights_skip_tracking":false,"_monsterinsights_sitenote_active":false,"_monsterinsights_sitenote_note":"","_monsterinsights_sitenote_category":0,"footnotes":"","_links_to":"","_links_to_target":""},"class_list":["post-1243","page","type-page","status-publish","hentry"],"_links":{"self":[{"href":"https:\/\/sites.usp.br\/ppgeq\/wp-json\/wp\/v2\/pages\/1243","targetHints":{"allow":["GET"]}}],"collection":[{"href":"https:\/\/sites.usp.br\/ppgeq\/wp-json\/wp\/v2\/pages"}],"about":[{"href":"https:\/\/sites.usp.br\/ppgeq\/wp-json\/wp\/v2\/types\/page"}],"author":[{"embeddable":true,"href":"https:\/\/sites.usp.br\/ppgeq\/wp-json\/wp\/v2\/users\/993"}],"replies":[{"embeddable":true,"href":"https:\/\/sites.usp.br\/ppgeq\/wp-json\/wp\/v2\/comments?post=1243"}],"version-history":[{"count":4,"href":"https:\/\/sites.usp.br\/ppgeq\/wp-json\/wp\/v2\/pages\/1243\/revisions"}],"predecessor-version":[{"id":1705,"href":"https:\/\/sites.usp.br\/ppgeq\/wp-json\/wp\/v2\/pages\/1243\/revisions\/1705"}],"wp:attachment":[{"href":"https:\/\/sites.usp.br\/ppgeq\/wp-json\/wp\/v2\/media?parent=1243"}],"curies":[{"name":"wp","href":"https:\/\/api.w.org\/{rel}","templated":true}]}}