{"id":1550,"date":"2019-12-04T15:22:26","date_gmt":"2019-12-04T18:22:26","guid":{"rendered":"https:\/\/sites.usp.br\/ppgeq\/?page_id=1550"},"modified":"2023-07-18T14:47:18","modified_gmt":"2023-07-18T17:47:18","slug":"relatorio-de-atividades","status":"publish","type":"page","link":"https:\/\/sites.usp.br\/ppgeq\/relatorio-de-atividades\/","title":{"rendered":"Relat\u00f3rio de Atividades"},"content":{"rendered":"<p><\/p>\n<p style=\"text-align: justify;\">Em virtude da aprova\u00e7\u00e3o do <strong>novo Regulamento do Programa de P\u00f3s-Gradua\u00e7\u00e3o em Engenharia Qu\u00edmica<\/strong> (Resolu\u00e7\u00e3o CoPGr 8291, de 20\/08\/2022), todos os alunos matriculados no PPGEQ, que optaram por este Regulamento ou que realizaram matr\u00edcula a partir de 18\/09\/2019, dever\u00e3o entregar um Relat\u00f3rio de Atividades.<\/p>\n<p style=\"text-align: justify;\">O relat\u00f3rio deve ser preenchido pelos alunos dos cursos de Mestrado, Doutorado e Doutorado Direto. Ap\u00f3s avalia\u00e7\u00e3o do orientador, este deve ser entregue impresso na Secretaria do Programa de P\u00f3s-Gradua\u00e7\u00e3o em Engenharia Qu\u00edmica \u2013 PPGEQ, conforme cronograma abaixo:<\/p>\n<table style=\"height: 259px;\" width=\"638\">\n<tbody>\n<tr>\n<td width=\"312\"><strong>\u00a0<\/strong><\/p>\n<p style=\"text-align: center;\"><strong>Mestrado<\/strong><\/p>\n<\/td>\n<td width=\"283\"><strong>\u00a0<\/strong><\/p>\n<p style=\"text-align: center;\"><strong>Entrega de 02 relat\u00f3rios anuais, no dia 30\/06 e no dia 20\/12<\/strong><\/p>\n<\/td>\n<\/tr>\n<tr>\n<td width=\"312\"><strong>\u00a0<\/strong><\/p>\n<p style=\"text-align: center;\"><strong>Doutorado \/ Doutorado Direto<\/strong><\/p>\n<\/td>\n<td width=\"283\"><strong>\u00a0<\/strong><\/p>\n<p style=\"text-align: center;\"><strong>Entrega anualmente, no dia 30\/06 ou no dia 20\/12<\/strong><\/p>\n<\/td>\n<\/tr>\n<\/tbody>\n<\/table>\n<p><strong>Para baixar o formul\u00e1rio para o Relat\u00f3rio de Atividades: <a href=\"https:\/\/sites.usp.br\/ppgeq\/wp-content\/uploads\/sites\/537\/2019\/12\/Relat\u00f3rio-de-Atividades_Regulamento-PPGEQ_Final.doc\" target=\"_blank\" rel=\"noopener noreferrer\">Clique Aqui<\/a><\/strong><\/p>","protected":false},"excerpt":{"rendered":"<p>Em virtude da aprova\u00e7\u00e3o do novo Regulamento do Programa de P\u00f3s-Gradua\u00e7\u00e3o em Engenharia Qu\u00edmica (Resolu\u00e7\u00e3o CoPGr 8291, de 20\/08\/2022), todos os alunos matriculados no PPGEQ, que optaram por este Regulamento ou que realizaram matr\u00edcula a partir de 18\/09\/2019, dever\u00e3o entregar um Relat\u00f3rio de Atividades. O relat\u00f3rio deve ser preenchido pelos alunos dos cursos de Mestrado, Doutorado e Doutorado Direto. Ap\u00f3s avalia\u00e7\u00e3o do orientador, este deve ser entregue impresso na Secretaria do Programa de P\u00f3s-Gradua\u00e7\u00e3o em Engenharia Qu\u00edmica \u2013 PPGEQ, conforme cronograma abaixo: \u00a0 Mestrado \u00a0 Entrega de 02 relat\u00f3rios anuais, no dia 30\/06 e no dia 20\/12 \u00a0 Doutorado \/ Doutorado Direto \u00a0 Entrega anualmente, no dia 30\/06 ou no dia 20\/12 Para baixar o formul\u00e1rio para o Relat\u00f3rio de Atividades: Clique Aqui<\/p>\n","protected":false},"author":993,"featured_media":0,"parent":0,"menu_order":0,"comment_status":"closed","ping_status":"closed","template":"","meta":{"_monsterinsights_skip_tracking":false,"_monsterinsights_sitenote_active":false,"_monsterinsights_sitenote_note":"","_monsterinsights_sitenote_category":0,"footnotes":"","_links_to":"","_links_to_target":""},"class_list":["post-1550","page","type-page","status-publish","hentry"],"_links":{"self":[{"href":"https:\/\/sites.usp.br\/ppgeq\/wp-json\/wp\/v2\/pages\/1550","targetHints":{"allow":["GET"]}}],"collection":[{"href":"https:\/\/sites.usp.br\/ppgeq\/wp-json\/wp\/v2\/pages"}],"about":[{"href":"https:\/\/sites.usp.br\/ppgeq\/wp-json\/wp\/v2\/types\/page"}],"author":[{"embeddable":true,"href":"https:\/\/sites.usp.br\/ppgeq\/wp-json\/wp\/v2\/users\/993"}],"replies":[{"embeddable":true,"href":"https:\/\/sites.usp.br\/ppgeq\/wp-json\/wp\/v2\/comments?post=1550"}],"version-history":[{"count":4,"href":"https:\/\/sites.usp.br\/ppgeq\/wp-json\/wp\/v2\/pages\/1550\/revisions"}],"predecessor-version":[{"id":2114,"href":"https:\/\/sites.usp.br\/ppgeq\/wp-json\/wp\/v2\/pages\/1550\/revisions\/2114"}],"wp:attachment":[{"href":"https:\/\/sites.usp.br\/ppgeq\/wp-json\/wp\/v2\/media?parent=1550"}],"curies":[{"name":"wp","href":"https:\/\/api.w.org\/{rel}","templated":true}]}}