{"id":2167,"date":"2023-10-23T16:41:15","date_gmt":"2023-10-23T19:41:15","guid":{"rendered":"https:\/\/sites.usp.br\/ppgeq\/?page_id=2167"},"modified":"2023-10-31T08:55:04","modified_gmt":"2023-10-31T11:55:04","slug":"disciplinas-obrigatorias","status":"publish","type":"page","link":"https:\/\/sites.usp.br\/ppgeq\/disciplinas-obrigatorias\/","title":{"rendered":"Disciplinas Obrigat\u00f3rias"},"content":{"rendered":"<p><\/p>\n<ul>\n<li><a href=\"https:\/\/uspdigital.usp.br\/janus\/componente\/catalogoDisciplinasInicial.jsf?action=3&amp;sgldis=PEQ5301\" target=\"_blank\" rel=\"noopener\">Cin\u00e9tica e Reatores Qu\u00edmicos<\/a> (PEQ5301) &#8211; 12 cr\u00e9ditos;<\/li>\n<li><a href=\"https:\/\/uspdigital.usp.br\/janus\/componente\/catalogoDisciplinasInicial.jsf?action=3&amp;sgldis=PEQ5303\" target=\"_blank\" rel=\"noopener\">Termodin\u00e2mica Qu\u00edmica Aplicada<\/a> (PEQ5303) &#8211; 12 cr\u00e9ditos;<\/li>\n<li><a href=\"https:\/\/uspdigital.usp.br\/janus\/componente\/catalogoDisciplinasInicial.jsf?action=3&amp;sgldis=PEQ5304\" target=\"_blank\" rel=\"noopener\">Fen\u00f4menos de Transporte<\/a> (PEQ5304) &#8211; 12 cr\u00e9ditos;<\/li>\n<li><a href=\"https:\/\/uspdigital.usp.br\/janus\/componente\/catalogoDisciplinasInicial.jsf?action=3&amp;sgldis=PEQ5323\" target=\"_blank\" rel=\"noopener\">Modelagem Matem\u00e1tica de Rea\u00e7\u00f5es Qu\u00edmicas<\/a> (PEQ5323) &#8211; 12 cr\u00e9ditos.<\/li>\n<\/ul>\n<p><\/p>","protected":false},"excerpt":{"rendered":"<p>Cin\u00e9tica e Reatores Qu\u00edmicos (PEQ5301) &#8211; 12 cr\u00e9ditos; Termodin\u00e2mica Qu\u00edmica Aplicada (PEQ5303) &#8211; 12 cr\u00e9ditos; Fen\u00f4menos de Transporte (PEQ5304) &#8211; 12 cr\u00e9ditos; Modelagem Matem\u00e1tica de Rea\u00e7\u00f5es Qu\u00edmicas (PEQ5323) &#8211; 12 cr\u00e9ditos.<\/p>\n","protected":false},"author":993,"featured_media":0,"parent":0,"menu_order":0,"comment_status":"closed","ping_status":"closed","template":"","meta":{"_monsterinsights_skip_tracking":false,"_monsterinsights_sitenote_active":false,"_monsterinsights_sitenote_note":"","_monsterinsights_sitenote_category":0,"footnotes":"","_links_to":"","_links_to_target":""},"class_list":["post-2167","page","type-page","status-publish","hentry"],"_links":{"self":[{"href":"https:\/\/sites.usp.br\/ppgeq\/wp-json\/wp\/v2\/pages\/2167","targetHints":{"allow":["GET"]}}],"collection":[{"href":"https:\/\/sites.usp.br\/ppgeq\/wp-json\/wp\/v2\/pages"}],"about":[{"href":"https:\/\/sites.usp.br\/ppgeq\/wp-json\/wp\/v2\/types\/page"}],"author":[{"embeddable":true,"href":"https:\/\/sites.usp.br\/ppgeq\/wp-json\/wp\/v2\/users\/993"}],"replies":[{"embeddable":true,"href":"https:\/\/sites.usp.br\/ppgeq\/wp-json\/wp\/v2\/comments?post=2167"}],"version-history":[{"count":4,"href":"https:\/\/sites.usp.br\/ppgeq\/wp-json\/wp\/v2\/pages\/2167\/revisions"}],"predecessor-version":[{"id":2190,"href":"https:\/\/sites.usp.br\/ppgeq\/wp-json\/wp\/v2\/pages\/2167\/revisions\/2190"}],"wp:attachment":[{"href":"https:\/\/sites.usp.br\/ppgeq\/wp-json\/wp\/v2\/media?parent=2167"}],"curies":[{"name":"wp","href":"https:\/\/api.w.org\/{rel}","templated":true}]}}