{"id":2169,"date":"2023-10-23T16:41:43","date_gmt":"2023-10-23T19:41:43","guid":{"rendered":"https:\/\/sites.usp.br\/ppgeq\/?page_id=2169"},"modified":"2025-08-26T09:11:53","modified_gmt":"2025-08-26T12:11:53","slug":"disciplinas-eletivas","status":"publish","type":"page","link":"https:\/\/sites.usp.br\/ppgeq\/disciplinas-eletivas\/","title":{"rendered":"Disciplinas Eletivas"},"content":{"rendered":"<p><\/p>\n<ul>\n<li>Materiais Inorg\u00e2nicos (PEQ5307) &#8211; 8 cr\u00e9ditos;<\/li>\n<li>Planejamento de Experimentos (PEQ5308) &#8211; 8 cr\u00e9ditos;<\/li>\n<li>Cin\u00e9tica Enzim\u00e1tica e Biorreatores (PEQ5310) &#8211; 10 cr\u00e9ditos;<\/li>\n<li>Caracteriza\u00e7\u00e3o F\u00edsica de Materiais Polim\u00e9ricos (PEQ5314) &#8211; 8 cr\u00e9ditos;<\/li>\n<li>Mecanismos de Polimeriza\u00e7\u00e3o (PEQ5315) &#8211; 12 cr\u00e9ditos;<\/li>\n<li>Termodin\u00e2mica Qu\u00edmica Avan\u00e7ada (PEQ5324) &#8211; 8 cr\u00e9ditos;<\/li>\n<li>Engenharia de Processos Qu\u00edmicos (PEQ5328) &#8211; 10 cr\u00e9ditos;<\/li>\n<li>Fundamentos de Cat\u00e1lise Heterog\u00eanea e Qu\u00edmica Supramolecular (PEQ5329) &#8211; 10 cr\u00e9ditos<\/li>\n<li>Estat\u00edstica para An\u00e1lises Amostrais (PEQ5330) &#8211; 08 cr\u00e9ditos<\/li>\n<li>Metodologia Cient\u00edfica Aplicada \u00e0 Engenharia (PEQ5331) &#8211; 10 cr\u00e9ditos<\/li>\n<\/ul>\n<p><\/p>","protected":false},"excerpt":{"rendered":"<p>Materiais Inorg\u00e2nicos (PEQ5307) &#8211; 8 cr\u00e9ditos; Planejamento de Experimentos (PEQ5308) &#8211; 8 cr\u00e9ditos; Cin\u00e9tica Enzim\u00e1tica e Biorreatores (PEQ5310) &#8211; 10 cr\u00e9ditos; Caracteriza\u00e7\u00e3o F\u00edsica de Materiais Polim\u00e9ricos (PEQ5314) &#8211; 8 cr\u00e9ditos; Mecanismos de Polimeriza\u00e7\u00e3o (PEQ5315) &#8211; 12 cr\u00e9ditos; Termodin\u00e2mica Qu\u00edmica Avan\u00e7ada (PEQ5324) &#8211; 8 cr\u00e9ditos; Engenharia de Processos Qu\u00edmicos (PEQ5328) &#8211; 10 cr\u00e9ditos; Fundamentos de Cat\u00e1lise Heterog\u00eanea e Qu\u00edmica Supramolecular (PEQ5329) &#8211; 10 cr\u00e9ditos Estat\u00edstica para An\u00e1lises Amostrais (PEQ5330) &#8211; 08 cr\u00e9ditos Metodologia Cient\u00edfica Aplicada \u00e0 Engenharia (PEQ5331) &#8211; 10 cr\u00e9ditos<\/p>\n","protected":false},"author":993,"featured_media":0,"parent":0,"menu_order":0,"comment_status":"closed","ping_status":"closed","template":"","meta":{"_monsterinsights_skip_tracking":false,"_monsterinsights_sitenote_active":false,"_monsterinsights_sitenote_note":"","_monsterinsights_sitenote_category":0,"footnotes":"","_links_to":"","_links_to_target":""},"class_list":["post-2169","page","type-page","status-publish","hentry"],"_links":{"self":[{"href":"https:\/\/sites.usp.br\/ppgeq\/wp-json\/wp\/v2\/pages\/2169","targetHints":{"allow":["GET"]}}],"collection":[{"href":"https:\/\/sites.usp.br\/ppgeq\/wp-json\/wp\/v2\/pages"}],"about":[{"href":"https:\/\/sites.usp.br\/ppgeq\/wp-json\/wp\/v2\/types\/page"}],"author":[{"embeddable":true,"href":"https:\/\/sites.usp.br\/ppgeq\/wp-json\/wp\/v2\/users\/993"}],"replies":[{"embeddable":true,"href":"https:\/\/sites.usp.br\/ppgeq\/wp-json\/wp\/v2\/comments?post=2169"}],"version-history":[{"count":4,"href":"https:\/\/sites.usp.br\/ppgeq\/wp-json\/wp\/v2\/pages\/2169\/revisions"}],"predecessor-version":[{"id":2403,"href":"https:\/\/sites.usp.br\/ppgeq\/wp-json\/wp\/v2\/pages\/2169\/revisions\/2403"}],"wp:attachment":[{"href":"https:\/\/sites.usp.br\/ppgeq\/wp-json\/wp\/v2\/media?parent=2169"}],"curies":[{"name":"wp","href":"https:\/\/api.w.org\/{rel}","templated":true}]}}