{"id":2181,"date":"2023-10-25T08:23:25","date_gmt":"2023-10-25T11:23:25","guid":{"rendered":"https:\/\/sites.usp.br\/ppgeq\/?page_id=2181"},"modified":"2023-10-25T08:31:52","modified_gmt":"2023-10-25T11:31:52","slug":"acumulo-de-bolsas","status":"publish","type":"page","link":"https:\/\/sites.usp.br\/ppgeq\/acumulo-de-bolsas\/","title":{"rendered":"Ac\u00famulo de Bolsa"},"content":{"rendered":"<p>&nbsp;<\/p>\n<p><a href=\"https:\/\/sites.usp.br\/ppgeq\/wp-content\/uploads\/sites\/537\/2023\/10\/PPGEQ-Bolsas-Distribuicao-e-Sancoes.pdf\" target=\"_blank\" rel=\"noopener\">Crit\u00e9rios de Distribui\u00e7\u00e3o de Bolsas e San\u00e7\u00f5es<\/a><\/p>\n<p><a href=\"https:\/\/sites.usp.br\/ppgeq\/wp-content\/uploads\/sites\/537\/2023\/10\/Termo-de-Compromisso-Bolsista.pdf\" target=\"_blank\" rel=\"noopener\">Termo de Compromisso do Bolsista<\/a><\/p>","protected":false},"excerpt":{"rendered":"<p>&nbsp; Crit\u00e9rios de Distribui\u00e7\u00e3o de Bolsas e San\u00e7\u00f5es Termo de Compromisso do Bolsista<\/p>\n","protected":false},"author":993,"featured_media":0,"parent":0,"menu_order":0,"comment_status":"closed","ping_status":"closed","template":"","meta":{"_monsterinsights_skip_tracking":false,"_monsterinsights_sitenote_active":false,"_monsterinsights_sitenote_note":"","_monsterinsights_sitenote_category":0,"footnotes":"","_links_to":"","_links_to_target":""},"class_list":["post-2181","page","type-page","status-publish","hentry"],"_links":{"self":[{"href":"https:\/\/sites.usp.br\/ppgeq\/wp-json\/wp\/v2\/pages\/2181","targetHints":{"allow":["GET"]}}],"collection":[{"href":"https:\/\/sites.usp.br\/ppgeq\/wp-json\/wp\/v2\/pages"}],"about":[{"href":"https:\/\/sites.usp.br\/ppgeq\/wp-json\/wp\/v2\/types\/page"}],"author":[{"embeddable":true,"href":"https:\/\/sites.usp.br\/ppgeq\/wp-json\/wp\/v2\/users\/993"}],"replies":[{"embeddable":true,"href":"https:\/\/sites.usp.br\/ppgeq\/wp-json\/wp\/v2\/comments?post=2181"}],"version-history":[{"count":4,"href":"https:\/\/sites.usp.br\/ppgeq\/wp-json\/wp\/v2\/pages\/2181\/revisions"}],"predecessor-version":[{"id":2188,"href":"https:\/\/sites.usp.br\/ppgeq\/wp-json\/wp\/v2\/pages\/2181\/revisions\/2188"}],"wp:attachment":[{"href":"https:\/\/sites.usp.br\/ppgeq\/wp-json\/wp\/v2\/media?parent=2181"}],"curies":[{"name":"wp","href":"https:\/\/api.w.org\/{rel}","templated":true}]}}