{"id":801,"date":"2019-05-21T15:29:58","date_gmt":"2019-05-21T18:29:58","guid":{"rendered":"https:\/\/sites.usp.br\/ppgeq\/?page_id=801"},"modified":"2019-05-23T10:55:30","modified_gmt":"2019-05-23T13:55:30","slug":"informacoes-gerais","status":"publish","type":"page","link":"https:\/\/sites.usp.br\/ppgeq\/informacoes-gerais\/","title":{"rendered":"Informa\u00e7\u00f5es Gerais"},"content":{"rendered":"<p style=\"text-align: justify;\">O <strong>Programa de P\u00f3s-Gradua\u00e7\u00e3o em Engenharia Qu\u00edmica (PPG-EQ)<\/strong> \u00e9 um dos programas de p\u00f3s-gradua\u00e7\u00e3o da Escola de Engenharia de Lorena (EEL \/ USP).<\/p>\n<p style=\"text-align: justify;\">As atividades, em n\u00edvel de Mestrado e Doutorado associadas ao programa, s\u00e3o desenvolvidas na \u00e1rea I da EEL, localizada na cidade de Lorena &#8211; SP.<\/p>\n<p style=\"text-align: justify;\">O programa tem como finalidade habilitar profissionais de n\u00edvel superior em atividades de pesquisa e de doc\u00eancia no campo da Engenharia Qu\u00edmica e na \u00e1rea de concentra\u00e7\u00e3o \u201cDesenvolvimento de Produtos e Processos\u201d.<\/p>\n","protected":false},"excerpt":{"rendered":"<p>O Programa de P\u00f3s-Gradua\u00e7\u00e3o em Engenharia Qu\u00edmica (PPG-EQ) \u00e9 um dos programas de p\u00f3s-gradua\u00e7\u00e3o da Escola de Engenharia de Lorena (EEL \/ USP). As atividades, em n\u00edvel de Mestrado e Doutorado associadas ao programa, s\u00e3o desenvolvidas na \u00e1rea I da EEL, localizada na cidade de Lorena &#8211; SP. O programa tem como finalidade habilitar profissionais de n\u00edvel superior em atividades de pesquisa e de doc\u00eancia no campo da Engenharia Qu\u00edmica e na \u00e1rea de concentra\u00e7\u00e3o \u201cDesenvolvimento de Produtos e Processos\u201d.<\/p>\n","protected":false},"author":993,"featured_media":0,"parent":0,"menu_order":0,"comment_status":"closed","ping_status":"closed","template":"","meta":{"_monsterinsights_skip_tracking":false,"_monsterinsights_sitenote_active":false,"_monsterinsights_sitenote_note":"","_monsterinsights_sitenote_category":0,"footnotes":"","_links_to":"","_links_to_target":""},"class_list":["post-801","page","type-page","status-publish","hentry"],"_links":{"self":[{"href":"https:\/\/sites.usp.br\/ppgeq\/wp-json\/wp\/v2\/pages\/801","targetHints":{"allow":["GET"]}}],"collection":[{"href":"https:\/\/sites.usp.br\/ppgeq\/wp-json\/wp\/v2\/pages"}],"about":[{"href":"https:\/\/sites.usp.br\/ppgeq\/wp-json\/wp\/v2\/types\/page"}],"author":[{"embeddable":true,"href":"https:\/\/sites.usp.br\/ppgeq\/wp-json\/wp\/v2\/users\/993"}],"replies":[{"embeddable":true,"href":"https:\/\/sites.usp.br\/ppgeq\/wp-json\/wp\/v2\/comments?post=801"}],"version-history":[{"count":2,"href":"https:\/\/sites.usp.br\/ppgeq\/wp-json\/wp\/v2\/pages\/801\/revisions"}],"predecessor-version":[{"id":899,"href":"https:\/\/sites.usp.br\/ppgeq\/wp-json\/wp\/v2\/pages\/801\/revisions\/899"}],"wp:attachment":[{"href":"https:\/\/sites.usp.br\/ppgeq\/wp-json\/wp\/v2\/media?parent=801"}],"curies":[{"name":"wp","href":"https:\/\/api.w.org\/{rel}","templated":true}]}}