{"id":804,"date":"2019-05-21T15:30:19","date_gmt":"2019-05-21T18:30:19","guid":{"rendered":"https:\/\/sites.usp.br\/ppgeq\/?page_id=804"},"modified":"2025-08-05T17:14:41","modified_gmt":"2025-08-05T20:14:41","slug":"ccp","status":"publish","type":"page","link":"https:\/\/sites.usp.br\/ppgeq\/ccp\/","title":{"rendered":"Comiss\u00e3o Coordenadora"},"content":{"rendered":"<p><\/p>\n<p style=\"text-align: justify;\"><span style=\"color: #333399;\"><span style=\"color: #003366;\"><strong>COMISS\u00c3O COORDENADORA DO <\/strong><strong>PROGRAMA<\/strong>\u00a0<\/span><strong><span style=\"color: #003366;\">EM ENGENHARIA QU\u00cdMICA<\/span><br \/>\n<\/strong><\/span><\/p>\n<p style=\"text-align: justify;\">Compete a Comiss\u00e3o Coordenadora do Programa o gerenciamento das atividades do PPGEQ, de acordo com as atribui\u00e7\u00f5es dispostas no Artigo 38\u00a0do Regimento de\u00a0P\u00f3s-Gradua\u00e7\u00e3o da Universidade de S\u00e3o Paulo.<\/p>\n<p><span style=\"color: #000000;\"><strong>Composi\u00e7\u00e3o da CCP\/PPGEQ (mandato 2025\/2027)<\/strong><\/span><\/p>\n<p><a href=\"https:\/\/sites.usp.br\/ppgeq\/wp-content\/uploads\/sites\/537\/2025\/08\/Foto-Prof.-Leandro.jpg\"><img loading=\"lazy\" decoding=\"async\" class=\"size-thumbnail wp-image-2399 alignleft\" src=\"https:\/\/sites.usp.br\/ppgeq\/wp-content\/uploads\/sites\/537\/2025\/08\/Foto-Prof.-Leandro-150x150.jpg\" alt=\"\" width=\"150\" height=\"150\" data-id=\"2399\" srcset=\"https:\/\/sites.usp.br\/ppgeq\/wp-content\/uploads\/sites\/537\/2025\/08\/Foto-Prof.-Leandro-150x150.jpg 150w, https:\/\/sites.usp.br\/ppgeq\/wp-content\/uploads\/sites\/537\/2025\/08\/Foto-Prof.-Leandro-45x45.jpg 45w, https:\/\/sites.usp.br\/ppgeq\/wp-content\/uploads\/sites\/537\/2025\/08\/Foto-Prof.-Leandro-200x200.jpg 200w\" sizes=\"auto, (max-width: 150px) 100vw, 150px\" \/><\/a><\/p>\n<p>&nbsp;<\/p>\n<p>&nbsp;<\/p>\n<p>&nbsp;<\/p>\n<p>&nbsp;<\/p>\n<p><span style=\"color: #000000;\"><strong>Prof. Dr. Leandro Gon\u00e7alves de Aguiar<\/strong><\/span><\/p>\n<p>Coordenador do Programa<\/p>\n<p><a href=\"leandroaguiar@usp.br\">leandroaguiar@usp.br<\/a><\/p>\n<p>&nbsp;<\/p>\n<p><a href=\"https:\/\/sites.usp.br\/ppgeq\/wp-content\/uploads\/sites\/537\/2019\/05\/prof-joao-paulo-1.jpg\"><img loading=\"lazy\" decoding=\"async\" class=\"wp-image-1038 size-thumbnail alignnone\" src=\"https:\/\/sites.usp.br\/ppgeq\/wp-content\/uploads\/sites\/537\/2019\/05\/prof-joao-paulo-1-150x150.jpg\" alt=\"\" width=\"150\" height=\"150\" data-id=\"1287\" srcset=\"https:\/\/sites.usp.br\/ppgeq\/wp-content\/uploads\/sites\/537\/2019\/05\/prof-joao-paulo-1-150x150.jpg 150w, https:\/\/sites.usp.br\/ppgeq\/wp-content\/uploads\/sites\/537\/2019\/05\/prof-joao-paulo-1-45x45.jpg 45w\" sizes=\"auto, (max-width: 150px) 100vw, 150px\" \/><\/a><\/p>\n<p><span style=\"color: #000000;\"><strong>Prof. Dr. Jo\u00e3o Paulo Alves Silva<\/strong><\/span><\/p>\n<p>Vice-Coordenador<\/p>\n<p><a href=\"mailto:jpalves80@usp.br\">jpalves80@usp.br<\/a><\/p>\n<p>&nbsp;<\/p>\n<p><a href=\"https:\/\/sites.usp.br\/ppgeq\/wp-content\/uploads\/sites\/537\/2019\/09\/liana-alvares.jpg\"><img loading=\"lazy\" decoding=\"async\" class=\"size-thumbnail wp-image-1424 alignleft\" src=\"https:\/\/sites.usp.br\/ppgeq\/wp-content\/uploads\/sites\/537\/2019\/09\/liana-alvares-150x150.jpg\" alt=\"\" width=\"150\" height=\"150\" data-id=\"1424\" srcset=\"https:\/\/sites.usp.br\/ppgeq\/wp-content\/uploads\/sites\/537\/2019\/09\/liana-alvares-150x150.jpg 150w, https:\/\/sites.usp.br\/ppgeq\/wp-content\/uploads\/sites\/537\/2019\/09\/liana-alvares-45x45.jpg 45w\" sizes=\"auto, (max-width: 150px) 100vw, 150px\" \/><\/a><\/p>\n<p>&nbsp;<\/p>\n<p>&nbsp;<\/p>\n<p>&nbsp;<\/p>\n<p>&nbsp;<\/p>\n<p style=\"text-align: left;\">\n<p><span style=\"color: #000000;\"><strong>Profa. Dra. Liana Alvares Rodrigues<\/strong><\/span><\/p>\n<p>1\u00ba Membro Titular<\/p>\n<p><a href=\"mailto:jayne@dequi.eel.usp.br\">liana.r@usp.br<\/a><\/p>\n<p>&nbsp;<\/p>\n<p><a href=\"https:\/\/sites.usp.br\/ppgeq\/wp-content\/uploads\/sites\/537\/2025\/08\/Foto-Profa.-Daniela.jpg\"><img loading=\"lazy\" decoding=\"async\" class=\"size-thumbnail wp-image-2395 alignnone\" src=\"https:\/\/sites.usp.br\/ppgeq\/wp-content\/uploads\/sites\/537\/2025\/08\/Foto-Profa.-Daniela-150x150.jpg\" alt=\"\" width=\"150\" height=\"150\" data-id=\"2395\" srcset=\"https:\/\/sites.usp.br\/ppgeq\/wp-content\/uploads\/sites\/537\/2025\/08\/Foto-Profa.-Daniela-150x150.jpg 150w, https:\/\/sites.usp.br\/ppgeq\/wp-content\/uploads\/sites\/537\/2025\/08\/Foto-Profa.-Daniela-45x45.jpg 45w, https:\/\/sites.usp.br\/ppgeq\/wp-content\/uploads\/sites\/537\/2025\/08\/Foto-Profa.-Daniela-200x200.jpg 200w\" sizes=\"auto, (max-width: 150px) 100vw, 150px\" \/><\/a><\/p>\n<p><span style=\"color: #000000;\"><strong>Profa. Dra. Daniela Helena Pelegrine Guimar\u00e3es<\/strong><\/span><\/p>\n<p>2\u00ba Membro Titular<\/p>\n<p><a href=\"jpalves80@usp.br\">dhguima@usp.br<\/a><\/p>","protected":false},"excerpt":{"rendered":"<p>COMISS\u00c3O COORDENADORA DO PROGRAMA\u00a0EM ENGENHARIA QU\u00cdMICA Compete a Comiss\u00e3o Coordenadora do Programa o gerenciamento das atividades do PPGEQ, de acordo com as atribui\u00e7\u00f5es dispostas no Artigo 38\u00a0do Regimento de\u00a0P\u00f3s-Gradua\u00e7\u00e3o da Universidade de S\u00e3o Paulo. Composi\u00e7\u00e3o da CCP\/PPGEQ (mandato 2025\/2027) &nbsp; &nbsp; &nbsp; &nbsp; Prof. Dr. Leandro Gon\u00e7alves de Aguiar Coordenador do Programa leandroaguiar@usp.br &nbsp; Prof. Dr. Jo\u00e3o Paulo Alves Silva Vice-Coordenador jpalves80@usp.br &nbsp; &nbsp; &nbsp; &nbsp; &nbsp; Profa. Dra. Liana Alvares Rodrigues 1\u00ba Membro Titular liana.r@usp.br &nbsp; Profa. Dra. Daniela Helena Pelegrine Guimar\u00e3es 2\u00ba Membro Titular dhguima@usp.br<\/p>\n","protected":false},"author":993,"featured_media":0,"parent":0,"menu_order":0,"comment_status":"closed","ping_status":"closed","template":"","meta":{"_monsterinsights_skip_tracking":false,"_monsterinsights_sitenote_active":false,"_monsterinsights_sitenote_note":"","_monsterinsights_sitenote_category":0,"footnotes":"","_links_to":"","_links_to_target":""},"class_list":["post-804","page","type-page","status-publish","hentry"],"_links":{"self":[{"href":"https:\/\/sites.usp.br\/ppgeq\/wp-json\/wp\/v2\/pages\/804","targetHints":{"allow":["GET"]}}],"collection":[{"href":"https:\/\/sites.usp.br\/ppgeq\/wp-json\/wp\/v2\/pages"}],"about":[{"href":"https:\/\/sites.usp.br\/ppgeq\/wp-json\/wp\/v2\/types\/page"}],"author":[{"embeddable":true,"href":"https:\/\/sites.usp.br\/ppgeq\/wp-json\/wp\/v2\/users\/993"}],"replies":[{"embeddable":true,"href":"https:\/\/sites.usp.br\/ppgeq\/wp-json\/wp\/v2\/comments?post=804"}],"version-history":[{"count":5,"href":"https:\/\/sites.usp.br\/ppgeq\/wp-json\/wp\/v2\/pages\/804\/revisions"}],"predecessor-version":[{"id":2400,"href":"https:\/\/sites.usp.br\/ppgeq\/wp-json\/wp\/v2\/pages\/804\/revisions\/2400"}],"wp:attachment":[{"href":"https:\/\/sites.usp.br\/ppgeq\/wp-json\/wp\/v2\/media?parent=804"}],"curies":[{"name":"wp","href":"https:\/\/api.w.org\/{rel}","templated":true}]}}