{"id":808,"date":"2019-05-21T15:32:09","date_gmt":"2019-05-21T18:32:09","guid":{"rendered":"https:\/\/sites.usp.br\/ppgeq\/?page_id=808"},"modified":"2019-08-30T09:47:39","modified_gmt":"2019-08-30T12:47:39","slug":"secretaria","status":"publish","type":"page","link":"https:\/\/sites.usp.br\/ppgeq\/secretaria\/","title":{"rendered":"Secretaria"},"content":{"rendered":"<p><span style=\"color: #003366;\"><strong>Secret\u00e1ria<\/strong><\/span><\/p>\n<p><a href=\"https:\/\/sites.usp.br\/ppgeq\/wp-content\/uploads\/sites\/537\/2019\/05\/bia.jpg\"><img loading=\"lazy\" decoding=\"async\" class=\"alignnone size-full wp-image-860\" src=\"https:\/\/sites.usp.br\/ppgeq\/wp-content\/uploads\/sites\/537\/2019\/05\/bia.jpg\" alt=\"\" width=\"141\" height=\"151\" data-id=\"860\" \/><\/a><\/p>\n<p><span style=\"color: #000000;\">Ana Beatriz de Carvalho Louren\u00e7o<\/span><\/p>\n<p><a href=\"mailto:pgeq@dequi.eel.usp.br\">ppgeq@eel.usp.br<\/a><br \/>\nTel: (12) 3159-5169<\/p>\n<p><span style=\"color: #003366;\"><strong>Hor\u00e1rio de Atendimento:<\/strong><\/span><br \/>\n2\u00aa a 6\u00aa feira, das 09:00 \u00e0s 11:30 e das 14:00 \u00e0s 17:00<\/p>","protected":false},"excerpt":{"rendered":"<p>Secret\u00e1ria Ana Beatriz de Carvalho Louren\u00e7o ppgeq@eel.usp.br Tel: (12) 3159-5169 Hor\u00e1rio de Atendimento: 2\u00aa a 6\u00aa feira, das 09:00 \u00e0s 11:30 e das 14:00 \u00e0s 17:00<\/p>\n","protected":false},"author":993,"featured_media":0,"parent":0,"menu_order":0,"comment_status":"closed","ping_status":"closed","template":"","meta":{"_monsterinsights_skip_tracking":false,"_monsterinsights_sitenote_active":false,"_monsterinsights_sitenote_note":"","_monsterinsights_sitenote_category":0,"footnotes":"","_links_to":"","_links_to_target":""},"class_list":["post-808","page","type-page","status-publish","hentry"],"_links":{"self":[{"href":"https:\/\/sites.usp.br\/ppgeq\/wp-json\/wp\/v2\/pages\/808","targetHints":{"allow":["GET"]}}],"collection":[{"href":"https:\/\/sites.usp.br\/ppgeq\/wp-json\/wp\/v2\/pages"}],"about":[{"href":"https:\/\/sites.usp.br\/ppgeq\/wp-json\/wp\/v2\/types\/page"}],"author":[{"embeddable":true,"href":"https:\/\/sites.usp.br\/ppgeq\/wp-json\/wp\/v2\/users\/993"}],"replies":[{"embeddable":true,"href":"https:\/\/sites.usp.br\/ppgeq\/wp-json\/wp\/v2\/comments?post=808"}],"version-history":[{"count":5,"href":"https:\/\/sites.usp.br\/ppgeq\/wp-json\/wp\/v2\/pages\/808\/revisions"}],"predecessor-version":[{"id":1381,"href":"https:\/\/sites.usp.br\/ppgeq\/wp-json\/wp\/v2\/pages\/808\/revisions\/1381"}],"wp:attachment":[{"href":"https:\/\/sites.usp.br\/ppgeq\/wp-json\/wp\/v2\/media?parent=808"}],"curies":[{"name":"wp","href":"https:\/\/api.w.org\/{rel}","templated":true}]}}