{"id":813,"date":"2019-05-21T15:33:35","date_gmt":"2019-05-21T18:33:35","guid":{"rendered":"https:\/\/sites.usp.br\/ppgeq\/?page_id=813"},"modified":"2025-03-28T14:01:36","modified_gmt":"2025-03-28T17:01:36","slug":"linhas-de-pesquisa","status":"publish","type":"page","link":"https:\/\/sites.usp.br\/ppgeq\/linhas-de-pesquisa\/","title":{"rendered":"Linhas de Pesquisa"},"content":{"rendered":"<p><\/p>\n<p style=\"text-align: justify;\"><strong><span style=\"color: #003366;\">1. Processos catal\u00edticos e biocatal\u00edticos<\/span> <\/strong><\/p>\n<p style=\"text-align: justify;\"><span style=\"font-weight: 400;\">Esta linha de pesquisa investiga o desenvolvimento de catalisadores e biocatalisadores para a otimiza\u00e7\u00e3o de processos qu\u00edmicos e bioqu\u00edmicos. Os estudos incluem a s\u00edntese e caracteriza\u00e7\u00e3o de catalisadores heterog\u00eaneos e homog\u00eaneos, bem como o uso de enzimas imobilizadas em sistemas industriais. S\u00e3o abordados temas como convers\u00e3o de biomassa, rea\u00e7\u00f5es assistidas por cat\u00e1lise enzim\u00e1tica, processos fotocatal\u00edticos e modelagem matem\u00e1tica de processos catal\u00edticos. A aplica\u00e7\u00e3o das pesquisas se estende em \u00e1reas de interesse que v\u00e3o desde a ind\u00fastria qu\u00edmica e petroqu\u00edmica at\u00e9 a produ\u00e7\u00e3o de biocombust\u00edveis e bioprodutos.<\/span><\/p>\n<p style=\"text-align: justify;\"><strong><span style=\"color: #003366;\">2. Produtos org\u00e2nicos e inorg\u00e2nicos<\/span> <\/strong><\/p>\n<p style=\"text-align: justify;\"><span style=\"font-weight: 400;\">A linha de pesquisa aborda temas avan\u00e7ados em engenharia e \u00e1reas correlatas e est\u00e3o voltados para o desenvolvimento de materiais funcionais, tecnologias\u00a0 e processos sustent\u00e1veis. Os sistemas de investiga\u00e7\u00e3o envolvem pol\u00edmeros responsivos com arquitetura molecular controlada, pol\u00edmeros naturais, aproveitamento da biomassa, cin\u00e9tica e termodin\u00e2mica de materiais adsorventes, l\u00edquidos i\u00f4nicos e moleculares, m\u00e9todos aplicados em engenharia, nanoqu\u00edmica, modelagem e simula\u00e7\u00e3o de processos visando a otimiza\u00e7\u00e3o e o desenvolvimento de sistemas sustent\u00e1veis. Os temas se inserem em \u00e1reas como biomedicina, mitiga\u00e7\u00e3o de poluentes, extra\u00e7\u00e3o de produtos naturais, separa\u00e7\u00e3o e secagem industrial,\u00a0 gera\u00e7\u00e3o de insumos de rejeitos industriais, e materiais moleculares tecnol\u00f3gicos.<\/span><\/p>\n<p style=\"text-align: justify;\"><strong><span style=\"color: #003366;\">3. Biocombust\u00edveis<\/span> <\/strong><\/p>\n<p style=\"text-align: justify;\"><span style=\"font-weight: 400;\">Os estudos nesta linha de pesquisa envolvem o desenvolvimento e aprimoramento de rotas tecnol\u00f3gicas para a produ\u00e7\u00e3o de biocombust\u00edveis de segunda e terceira gera\u00e7\u00f5es, incluindo biodiesel, bioetanol e bio-hidrog\u00eanio. A pesquisa se concentra na valoriza\u00e7\u00e3o de biomassas alternativas, na cat\u00e1lise heterog\u00eanea para processos de fracionamento de biomassa, transesterifica\u00e7\u00e3o e hidroesterifica\u00e7\u00e3o, al\u00e9m da otimiza\u00e7\u00e3o de m\u00e9todos de purifica\u00e7\u00e3o e caracteriza\u00e7\u00e3o dos produtos finais. A estabilidade t\u00e9rmica e oxidativa dos biocombust\u00edveis \u00e9 avaliada por meio de t\u00e9cnicas termoanal\u00edticas e calorim\u00e9tricas, contribuindo para sua viabilidade industrial.<\/span><\/p>\n<p><\/p>","protected":false},"excerpt":{"rendered":"<p>1. Processos catal\u00edticos e biocatal\u00edticos Esta linha de pesquisa investiga o desenvolvimento de catalisadores e biocatalisadores para a otimiza\u00e7\u00e3o de processos qu\u00edmicos e bioqu\u00edmicos. Os estudos incluem a s\u00edntese e caracteriza\u00e7\u00e3o de catalisadores heterog\u00eaneos e homog\u00eaneos, bem como o uso de enzimas imobilizadas em sistemas industriais. S\u00e3o abordados temas como convers\u00e3o de biomassa, rea\u00e7\u00f5es assistidas por cat\u00e1lise enzim\u00e1tica, processos fotocatal\u00edticos e modelagem matem\u00e1tica de processos catal\u00edticos. A aplica\u00e7\u00e3o das pesquisas se estende em \u00e1reas de interesse que v\u00e3o desde a ind\u00fastria qu\u00edmica e petroqu\u00edmica at\u00e9 a produ\u00e7\u00e3o de biocombust\u00edveis e bioprodutos. 2. Produtos org\u00e2nicos e inorg\u00e2nicos A linha de pesquisa aborda temas avan\u00e7ados em engenharia e \u00e1reas correlatas e est\u00e3o voltados para o desenvolvimento de materiais funcionais, tecnologias\u00a0 e processos sustent\u00e1veis. Os sistemas de investiga\u00e7\u00e3o envolvem pol\u00edmeros responsivos com arquitetura molecular controlada, pol\u00edmeros naturais, aproveitamento da biomassa, cin\u00e9tica e termodin\u00e2mica de materiais adsorventes, l\u00edquidos i\u00f4nicos e moleculares, m\u00e9todos aplicados em engenharia, nanoqu\u00edmica, modelagem e simula\u00e7\u00e3o de processos visando a otimiza\u00e7\u00e3o e o desenvolvimento de sistemas sustent\u00e1veis. Os temas se inserem em \u00e1reas como biomedicina, mitiga\u00e7\u00e3o de poluentes, extra\u00e7\u00e3o de produtos naturais, separa\u00e7\u00e3o e secagem industrial,\u00a0 gera\u00e7\u00e3o de insumos de rejeitos industriais, e materiais moleculares tecnol\u00f3gicos. 3. Biocombust\u00edveis Os estudos nesta [&#8230;]<\/p>\n","protected":false},"author":993,"featured_media":0,"parent":0,"menu_order":0,"comment_status":"closed","ping_status":"closed","template":"","meta":{"_monsterinsights_skip_tracking":false,"_monsterinsights_sitenote_active":false,"_monsterinsights_sitenote_note":"","_monsterinsights_sitenote_category":0,"footnotes":"","_links_to":"","_links_to_target":""},"class_list":["post-813","page","type-page","status-publish","hentry"],"_links":{"self":[{"href":"https:\/\/sites.usp.br\/ppgeq\/wp-json\/wp\/v2\/pages\/813","targetHints":{"allow":["GET"]}}],"collection":[{"href":"https:\/\/sites.usp.br\/ppgeq\/wp-json\/wp\/v2\/pages"}],"about":[{"href":"https:\/\/sites.usp.br\/ppgeq\/wp-json\/wp\/v2\/types\/page"}],"author":[{"embeddable":true,"href":"https:\/\/sites.usp.br\/ppgeq\/wp-json\/wp\/v2\/users\/993"}],"replies":[{"embeddable":true,"href":"https:\/\/sites.usp.br\/ppgeq\/wp-json\/wp\/v2\/comments?post=813"}],"version-history":[{"count":4,"href":"https:\/\/sites.usp.br\/ppgeq\/wp-json\/wp\/v2\/pages\/813\/revisions"}],"predecessor-version":[{"id":2333,"href":"https:\/\/sites.usp.br\/ppgeq\/wp-json\/wp\/v2\/pages\/813\/revisions\/2333"}],"wp:attachment":[{"href":"https:\/\/sites.usp.br\/ppgeq\/wp-json\/wp\/v2\/media?parent=813"}],"curies":[{"name":"wp","href":"https:\/\/api.w.org\/{rel}","templated":true}]}}