{"id":828,"date":"2019-05-21T15:37:09","date_gmt":"2019-05-21T18:37:09","guid":{"rendered":"https:\/\/sites.usp.br\/ppgeq\/?page_id=828"},"modified":"2022-02-09T09:40:26","modified_gmt":"2022-02-09T12:40:26","slug":"formularios","status":"publish","type":"page","link":"https:\/\/sites.usp.br\/ppgeq\/formularios\/","title":{"rendered":"Formul\u00e1rios"},"content":{"rendered":"<p><a href=\"https:\/\/sites.usp.br\/ppgeq\/wp-content\/uploads\/sites\/537\/2022\/02\/Template.pptx\" target=\"_blank\" rel=\"noopener\">1 &#8211; Template para Exame de Qualifica\u00e7\u00e3o e Defesas<\/a><\/p>\n<p>&nbsp;<\/p>\n<p><a href=\"https:\/\/sites.usp.br\/ppgeq\/wp-content\/uploads\/sites\/537\/2022\/02\/Ficha-inscricao-Ingles_MESTRADO.doc\" target=\"_blank\" rel=\"noopener\">2 &#8211; Ficha de Inscri\u00e7\u00e3o para Profici\u00eancia em L\u00edngua Inglesa &#8211; Mestrado<\/a><\/p>\n<p>&nbsp;<\/p>\n<p><a href=\"https:\/\/sites.usp.br\/ppgeq\/wp-content\/uploads\/sites\/537\/2022\/02\/Ficha-inscricao-Ingles_DOUTORADO.doc\" target=\"_blank\" rel=\"noopener\">3 &#8211; Ficha de Inscri\u00e7\u00e3o para Profici\u00eancia em L\u00edngua Inglesa &#8211; Doutorado<\/a><\/p>\n<p>&nbsp;<\/p>\n<p><a href=\"https:\/\/sites.usp.br\/ppgeq\/wp-content\/uploads\/sites\/537\/2022\/02\/Mudanca-de-orientador.docx\" target=\"_blank\" rel=\"noopener\">4 &#8211; Mudan\u00e7a de Orientador<\/a><\/p>\n<p>&nbsp;<\/p>\n<p><a href=\"https:\/\/sites.usp.br\/ppgeq\/wp-content\/uploads\/sites\/537\/2022\/02\/Mudanca-orientacao_Academica-para-Plena.docx\" target=\"_blank\" rel=\"noopener\">5 &#8211; Mudan\u00e7a de Orienta\u00e7\u00e3o Acad\u00eamica para Orienta\u00e7\u00e3o Plena<\/a><\/p>\n<p>&nbsp;<\/p>\n<p><a href=\"https:\/\/sites.usp.br\/ppgeq\/wp-content\/uploads\/sites\/537\/2019\/12\/Relat\u00f3rio-de-Atividades_Regulamento-PPGEQ_Final.doc\" target=\"_blank\" rel=\"noopener noreferrer\">6 &#8211; Relat\u00f3rio de Atividades<\/a><\/p>\n<p>&nbsp;<\/p>\n<p><a href=\"http:\/\/cpg.eel.usp.br\/formulario-cpg\" target=\"_blank\" rel=\"noopener noreferrer\">7 &#8211; Outros formul\u00e1rios<\/a><\/p>","protected":false},"excerpt":{"rendered":"<p>1 &#8211; Template para Exame de Qualifica\u00e7\u00e3o e Defesas &nbsp; 2 &#8211; Ficha de Inscri\u00e7\u00e3o para Profici\u00eancia em L\u00edngua Inglesa &#8211; Mestrado &nbsp; 3 &#8211; Ficha de Inscri\u00e7\u00e3o para Profici\u00eancia em L\u00edngua Inglesa &#8211; Doutorado &nbsp; 4 &#8211; Mudan\u00e7a de Orientador &nbsp; 5 &#8211; Mudan\u00e7a de Orienta\u00e7\u00e3o Acad\u00eamica para Orienta\u00e7\u00e3o Plena &nbsp; 6 &#8211; Relat\u00f3rio de Atividades &nbsp; 7 &#8211; Outros formul\u00e1rios<\/p>\n","protected":false},"author":993,"featured_media":0,"parent":0,"menu_order":0,"comment_status":"closed","ping_status":"closed","template":"","meta":{"_monsterinsights_skip_tracking":false,"_monsterinsights_sitenote_active":false,"_monsterinsights_sitenote_note":"","_monsterinsights_sitenote_category":0,"footnotes":"","_links_to":"","_links_to_target":""},"class_list":["post-828","page","type-page","status-publish","hentry"],"_links":{"self":[{"href":"https:\/\/sites.usp.br\/ppgeq\/wp-json\/wp\/v2\/pages\/828","targetHints":{"allow":["GET"]}}],"collection":[{"href":"https:\/\/sites.usp.br\/ppgeq\/wp-json\/wp\/v2\/pages"}],"about":[{"href":"https:\/\/sites.usp.br\/ppgeq\/wp-json\/wp\/v2\/types\/page"}],"author":[{"embeddable":true,"href":"https:\/\/sites.usp.br\/ppgeq\/wp-json\/wp\/v2\/users\/993"}],"replies":[{"embeddable":true,"href":"https:\/\/sites.usp.br\/ppgeq\/wp-json\/wp\/v2\/comments?post=828"}],"version-history":[{"count":4,"href":"https:\/\/sites.usp.br\/ppgeq\/wp-json\/wp\/v2\/pages\/828\/revisions"}],"predecessor-version":[{"id":1942,"href":"https:\/\/sites.usp.br\/ppgeq\/wp-json\/wp\/v2\/pages\/828\/revisions\/1942"}],"wp:attachment":[{"href":"https:\/\/sites.usp.br\/ppgeq\/wp-json\/wp\/v2\/media?parent=828"}],"curies":[{"name":"wp","href":"https:\/\/api.w.org\/{rel}","templated":true}]}}