{"id":830,"date":"2019-05-21T15:37:24","date_gmt":"2019-05-21T18:37:24","guid":{"rendered":"https:\/\/sites.usp.br\/ppgeq\/?page_id=830"},"modified":"2020-06-16T09:37:47","modified_gmt":"2020-06-16T12:37:47","slug":"plano-de-estudo","status":"publish","type":"page","link":"https:\/\/sites.usp.br\/ppgeq\/plano-de-estudo\/","title":{"rendered":"Plano de Estudo"},"content":{"rendered":"<p><\/p>\n<p style=\"text-align: justify;\">A finalidade do <span style=\"color: #003366;\"><strong>Plano de Estudo<\/strong><\/span> \u00e9 verificar a inser\u00e7\u00e3o da proposta quanto aos seguintes aspectos:<\/p>\n<p style=\"text-align: justify;\"><strong><span style=\"color: #003366;\">a)<\/span><\/strong> \u00e1rea de concentra\u00e7\u00e3o do Programa<\/p>\n<p style=\"text-align: justify;\"><strong><span style=\"color: #003366;\">b)<\/span><\/strong> linha de pesquisa do orientador<\/p>\n<p style=\"text-align: justify;\"><strong><span style=\"color: #003366;\">c)<\/span><\/strong> fundamenta\u00e7\u00e3o cient\u00edfica e os m\u00e9todos empregados<\/p>\n<p style=\"text-align: justify;\"><strong><span style=\"color: #003366;\">d)<\/span><\/strong> adequa\u00e7\u00e3o do projeto e viabilidade de sua execu\u00e7\u00e3o dentro do prazo previsto<\/p>\n<p style=\"text-align: justify;\"><strong><span style=\"color: #003366;\">e)<\/span><\/strong> disponibilidade de infraestrutura<\/p>\n<p style=\"text-align: justify;\">O Plano de Estudo dever\u00e1 ser preenchido digitalmente utilizando o formul\u00e1rio dispon\u00edvel na p\u00e1gina da CPG e dever\u00e1 ser entregue pelos alunos de mestrado, doutorado e doutorado direto no prazo m\u00e1ximo de 180 dias ap\u00f3s a matr\u00edcula, conforme o Regulamento do PPGEQ.<\/p>\n<p><\/p>","protected":false},"excerpt":{"rendered":"<p>A finalidade do Plano de Estudo \u00e9 verificar a inser\u00e7\u00e3o da proposta quanto aos seguintes aspectos: a) \u00e1rea de concentra\u00e7\u00e3o do Programa b) linha de pesquisa do orientador c) fundamenta\u00e7\u00e3o cient\u00edfica e os m\u00e9todos empregados d) adequa\u00e7\u00e3o do projeto e viabilidade de sua execu\u00e7\u00e3o dentro do prazo previsto e) disponibilidade de infraestrutura O Plano de Estudo dever\u00e1 ser preenchido digitalmente utilizando o formul\u00e1rio dispon\u00edvel na p\u00e1gina da CPG e dever\u00e1 ser entregue pelos alunos de mestrado, doutorado e doutorado direto no prazo m\u00e1ximo de 180 dias ap\u00f3s a matr\u00edcula, conforme o Regulamento do PPGEQ.<\/p>\n","protected":false},"author":993,"featured_media":0,"parent":0,"menu_order":0,"comment_status":"closed","ping_status":"closed","template":"","meta":{"_monsterinsights_skip_tracking":false,"_monsterinsights_sitenote_active":false,"_monsterinsights_sitenote_note":"","_monsterinsights_sitenote_category":0,"footnotes":"","_links_to":"","_links_to_target":""},"class_list":["post-830","page","type-page","status-publish","hentry"],"_links":{"self":[{"href":"https:\/\/sites.usp.br\/ppgeq\/wp-json\/wp\/v2\/pages\/830","targetHints":{"allow":["GET"]}}],"collection":[{"href":"https:\/\/sites.usp.br\/ppgeq\/wp-json\/wp\/v2\/pages"}],"about":[{"href":"https:\/\/sites.usp.br\/ppgeq\/wp-json\/wp\/v2\/types\/page"}],"author":[{"embeddable":true,"href":"https:\/\/sites.usp.br\/ppgeq\/wp-json\/wp\/v2\/users\/993"}],"replies":[{"embeddable":true,"href":"https:\/\/sites.usp.br\/ppgeq\/wp-json\/wp\/v2\/comments?post=830"}],"version-history":[{"count":4,"href":"https:\/\/sites.usp.br\/ppgeq\/wp-json\/wp\/v2\/pages\/830\/revisions"}],"predecessor-version":[{"id":1631,"href":"https:\/\/sites.usp.br\/ppgeq\/wp-json\/wp\/v2\/pages\/830\/revisions\/1631"}],"wp:attachment":[{"href":"https:\/\/sites.usp.br\/ppgeq\/wp-json\/wp\/v2\/media?parent=830"}],"curies":[{"name":"wp","href":"https:\/\/api.w.org\/{rel}","templated":true}]}}