{"id":832,"date":"2019-05-21T15:38:06","date_gmt":"2019-05-21T18:38:06","guid":{"rendered":"https:\/\/sites.usp.br\/ppgeq\/?page_id=832"},"modified":"2019-09-03T15:07:38","modified_gmt":"2019-09-03T18:07:38","slug":"exame-de-qualificacao","status":"publish","type":"page","link":"https:\/\/sites.usp.br\/ppgeq\/exame-de-qualificacao\/","title":{"rendered":"Exame de Qualifica\u00e7\u00e3o"},"content":{"rendered":"<p><\/p>\n<p style=\"text-align: justify;\"><span style=\"color: #003366;\"><strong>1.<\/strong><\/span> O objetivo do exame de qualifica\u00e7\u00e3o \u00e9 avaliar o conhecimento adquirido em disciplinas e sobre o tema de seu projeto, al\u00e9m da capacidade do estudante em executar seu projeto de pesquisa.<\/p>\n<p style=\"text-align: justify;\"><span style=\"color: #003366;\"><strong>2. <\/strong><\/span>Requerimento para banca do exame de qualifica\u00e7\u00e3o caber\u00e1 ao discente com aprova\u00e7\u00e3o do orientador o preenchimento digitalizado do formul\u00e1rio de requerimento do exame de qualifica\u00e7\u00e3o dispon\u00edvel na p\u00e1gina da CPG. Para composi\u00e7\u00e3o da banca examinadora dever\u00e1 ser sugerido 3 (tr\u00eas) professores titulares e 3 (tr\u00eas) professores suplentes, todos doutores credenciados ou n\u00e3o, internos ou externos a unidade, excluindo os p\u00f3s-doutorandos. Caber\u00e1 a CCP-PPGEQ a aprova\u00e7\u00e3o e defini\u00e7\u00e3o dos titulares e suplentes. Recomenda-se fortemente entregar o requerimento dentro do prazo estipulado pela secretaria do programa. A aprova\u00e7\u00e3o ou n\u00e3o da banca pela CCP ser\u00e1 encaminhada via e-mail ap\u00f3s aprecia\u00e7\u00e3o em reuni\u00e3o ordin\u00e1ria desta comiss\u00e3o (verificar calend\u00e1rio de reuni\u00f5es na p\u00e1gina da CPG).<\/p>\n<p style=\"text-align: justify;\"><span style=\"color: #003366;\"><strong>3.<\/strong><\/span> Instru\u00e7\u00f5es para elabora\u00e7\u00e3o da monografia.<\/p>\n<p style=\"text-align: justify;\">A monografia encadernada (espiral) do Exame de Qualifica\u00e7\u00e3o dever\u00e1 ser entregue na Secretaria do PPGEQ em 5 (cinco) c\u00f3pias por ocasi\u00e3o da inscri\u00e7\u00e3o do estudante no referido exame, contendo no m\u00ednimo os seguintes itens:<\/p>\n<ul>\n<li>Capa com nome do autor, t\u00edtulo do trabalho, local e data;<\/li>\n<li>Sum\u00e1rio, Lista de Figuras, Tabelas;<\/li>\n<li>Resumo em Portugu\u00eas; Abstract em Ingl\u00eas (opcional);<\/li>\n<li>Introdu\u00e7\u00e3o;<\/li>\n<li>Objetivo;<\/li>\n<li>Revis\u00e3o Bibliografia;<\/li>\n<li>Materiais e M\u00e9todos;<\/li>\n<li>Resultados e Discuss\u00e3o;<\/li>\n<li>Cronograma de execu\u00e7\u00e3o, conforme proposto no plano de estudo, contendo informa\u00e7\u00f5es sobre as atividades j\u00e1 realizadas e as previstas para conclus\u00e3o do projeto;<\/li>\n<li>Conclus\u00f5es parciais;<\/li>\n<li>Bibliografia.<\/li>\n<\/ul>\n<p style=\"text-align: justify;\"><strong><span style=\"color: #003366;\">Distribui\u00e7\u00e3o dos exemplares<\/span><\/strong><\/p>\n<p style=\"text-align: justify;\">\u00c9 de inteira responsabilidade do aluno a distribui\u00e7\u00e3o da monografia aos membros internos a EEL. O envio da monografia para membros externos ficar\u00e1 sob a responsabilidade da secretaria do programa, mediante fornecimento do endere\u00e7o completo do destinat\u00e1rio.<\/p>\n<p><\/p>","protected":false},"excerpt":{"rendered":"<p>1. O objetivo do exame de qualifica\u00e7\u00e3o \u00e9 avaliar o conhecimento adquirido em disciplinas e sobre o tema de seu projeto, al\u00e9m da capacidade do estudante em executar seu projeto de pesquisa. 2. Requerimento para banca do exame de qualifica\u00e7\u00e3o caber\u00e1 ao discente com aprova\u00e7\u00e3o do orientador o preenchimento digitalizado do formul\u00e1rio de requerimento do exame de qualifica\u00e7\u00e3o dispon\u00edvel na p\u00e1gina da CPG. Para composi\u00e7\u00e3o da banca examinadora dever\u00e1 ser sugerido 3 (tr\u00eas) professores titulares e 3 (tr\u00eas) professores suplentes, todos doutores credenciados ou n\u00e3o, internos ou externos a unidade, excluindo os p\u00f3s-doutorandos. Caber\u00e1 a CCP-PPGEQ a aprova\u00e7\u00e3o e defini\u00e7\u00e3o dos titulares e suplentes. Recomenda-se fortemente entregar o requerimento dentro do prazo estipulado pela secretaria do programa. A aprova\u00e7\u00e3o ou n\u00e3o da banca pela CCP ser\u00e1 encaminhada via e-mail ap\u00f3s aprecia\u00e7\u00e3o em reuni\u00e3o ordin\u00e1ria desta comiss\u00e3o (verificar calend\u00e1rio de reuni\u00f5es na p\u00e1gina da CPG). 3. Instru\u00e7\u00f5es para elabora\u00e7\u00e3o da monografia. A monografia encadernada (espiral) do Exame de Qualifica\u00e7\u00e3o dever\u00e1 ser entregue na Secretaria do PPGEQ em 5 (cinco) c\u00f3pias por ocasi\u00e3o da inscri\u00e7\u00e3o do estudante no referido exame, contendo no m\u00ednimo os seguintes itens: Capa com nome do autor, t\u00edtulo do trabalho, local e data; Sum\u00e1rio, Lista de Figuras, Tabelas; [&#8230;]<\/p>\n","protected":false},"author":993,"featured_media":0,"parent":0,"menu_order":0,"comment_status":"closed","ping_status":"closed","template":"","meta":{"_monsterinsights_skip_tracking":false,"_monsterinsights_sitenote_active":false,"_monsterinsights_sitenote_note":"","_monsterinsights_sitenote_category":0,"footnotes":"","_links_to":"","_links_to_target":""},"class_list":["post-832","page","type-page","status-publish","hentry"],"_links":{"self":[{"href":"https:\/\/sites.usp.br\/ppgeq\/wp-json\/wp\/v2\/pages\/832","targetHints":{"allow":["GET"]}}],"collection":[{"href":"https:\/\/sites.usp.br\/ppgeq\/wp-json\/wp\/v2\/pages"}],"about":[{"href":"https:\/\/sites.usp.br\/ppgeq\/wp-json\/wp\/v2\/types\/page"}],"author":[{"embeddable":true,"href":"https:\/\/sites.usp.br\/ppgeq\/wp-json\/wp\/v2\/users\/993"}],"replies":[{"embeddable":true,"href":"https:\/\/sites.usp.br\/ppgeq\/wp-json\/wp\/v2\/comments?post=832"}],"version-history":[{"count":4,"href":"https:\/\/sites.usp.br\/ppgeq\/wp-json\/wp\/v2\/pages\/832\/revisions"}],"predecessor-version":[{"id":1400,"href":"https:\/\/sites.usp.br\/ppgeq\/wp-json\/wp\/v2\/pages\/832\/revisions\/1400"}],"wp:attachment":[{"href":"https:\/\/sites.usp.br\/ppgeq\/wp-json\/wp\/v2\/media?parent=832"}],"curies":[{"name":"wp","href":"https:\/\/api.w.org\/{rel}","templated":true}]}}