{"id":843,"date":"2019-05-21T15:40:59","date_gmt":"2019-05-21T18:40:59","guid":{"rendered":"https:\/\/sites.usp.br\/ppgeq\/?page_id=843"},"modified":"2023-10-23T16:48:10","modified_gmt":"2023-10-23T19:48:10","slug":"ingresso","status":"publish","type":"page","link":"https:\/\/sites.usp.br\/ppgeq\/ingresso\/","title":{"rendered":"Ingresso"},"content":{"rendered":"<p><\/p>\n<p style=\"text-align: justify;\">Para ingressar no Programa de P\u00f3s-Gradua\u00e7\u00e3o em Engenharia Qu\u00edmica o interessado dever\u00e1 se submeter a um exame de sele\u00e7\u00e3o composto por prova escrita e an\u00e1lise de curr\u00edculo. Todas as informa\u00e7\u00f5es necess\u00e1rias para inscri\u00e7\u00e3o no processo seletivo, n\u00famero de vagas, datas \u00a0importantes, t\u00f3picos da prova escrita e os crit\u00e9rios de pontua\u00e7\u00e3o do curr\u00edculo podem ser encontradas nos editais publicados para cada processo seletivo. Os resultados da sele\u00e7\u00e3o s\u00e3o divulgados na p\u00e1gina da EEL\/USP\u00a0(http:\/\/cpg.eel.usp.br).<\/p>\n<p><\/p>","protected":false},"excerpt":{"rendered":"<p>Para ingressar no Programa de P\u00f3s-Gradua\u00e7\u00e3o em Engenharia Qu\u00edmica o interessado dever\u00e1 se submeter a um exame de sele\u00e7\u00e3o composto por prova escrita e an\u00e1lise de curr\u00edculo. Todas as informa\u00e7\u00f5es necess\u00e1rias para inscri\u00e7\u00e3o no processo seletivo, n\u00famero de vagas, datas \u00a0importantes, t\u00f3picos da prova escrita e os crit\u00e9rios de pontua\u00e7\u00e3o do curr\u00edculo podem ser encontradas nos editais publicados para cada processo seletivo. Os resultados da sele\u00e7\u00e3o s\u00e3o divulgados na p\u00e1gina da EEL\/USP\u00a0(http:\/\/cpg.eel.usp.br).<\/p>\n","protected":false},"author":993,"featured_media":0,"parent":0,"menu_order":0,"comment_status":"closed","ping_status":"closed","template":"","meta":{"_monsterinsights_skip_tracking":false,"_monsterinsights_sitenote_active":false,"_monsterinsights_sitenote_note":"","_monsterinsights_sitenote_category":0,"footnotes":"","_links_to":"","_links_to_target":""},"class_list":["post-843","page","type-page","status-publish","hentry"],"_links":{"self":[{"href":"https:\/\/sites.usp.br\/ppgeq\/wp-json\/wp\/v2\/pages\/843","targetHints":{"allow":["GET"]}}],"collection":[{"href":"https:\/\/sites.usp.br\/ppgeq\/wp-json\/wp\/v2\/pages"}],"about":[{"href":"https:\/\/sites.usp.br\/ppgeq\/wp-json\/wp\/v2\/types\/page"}],"author":[{"embeddable":true,"href":"https:\/\/sites.usp.br\/ppgeq\/wp-json\/wp\/v2\/users\/993"}],"replies":[{"embeddable":true,"href":"https:\/\/sites.usp.br\/ppgeq\/wp-json\/wp\/v2\/comments?post=843"}],"version-history":[{"count":4,"href":"https:\/\/sites.usp.br\/ppgeq\/wp-json\/wp\/v2\/pages\/843\/revisions"}],"predecessor-version":[{"id":2174,"href":"https:\/\/sites.usp.br\/ppgeq\/wp-json\/wp\/v2\/pages\/843\/revisions\/2174"}],"wp:attachment":[{"href":"https:\/\/sites.usp.br\/ppgeq\/wp-json\/wp\/v2\/media?parent=843"}],"curies":[{"name":"wp","href":"https:\/\/api.w.org\/{rel}","templated":true}]}}