{"id":649,"date":"2016-05-04T10:21:20","date_gmt":"2016-05-04T13:21:20","guid":{"rendered":"http:\/\/sites.usp.br\/quimica-rp\/?page_id=512"},"modified":"2026-03-09T17:55:20","modified_gmt":"2026-03-09T20:55:20","slug":"apresentacao","status":"publish","type":"page","link":"https:\/\/sites.usp.br\/ppgerp\/en\/apresentacao\/","title":{"rendered":"Presentation"},"content":{"rendered":"<p><\/p>\n<div id=\"abas\">\n<ul style=\"padding: 0; margin: 0;\">\n<li><a href=\"#historico\">History<\/a><\/li>\n<li><a href=\"#objetivos\">Goals<\/a><\/li>\n<li><a href=\"#concCAPES\">CAPES Evaluation<\/a><\/li>\n<li><a href=\"#CCP\">Coordination<\/a><\/li>\n<li><a href=\"#calReunioes\">Meeting Schedule<\/a><\/li>\n<li><a href=\"#atas\">Minutes<\/a><\/li>\n<li><a href=\"#contato\">Contact<\/a><\/li>\n<\/ul>\n<div id=\"historico\">\n<h2>History<\/h2>\n<p><\/p>\n<p>\nThe academic activities of the Graduate Program in Education (PPGEdu) of the Faculty of Philosophy, Sciences and Letters of Ribeir\u00e3o Preto at the University of S\u00e3o Paulo (FFCLRP\/USP) began in 2011, when the first selection process for admission to the Master\u2019s Course took place. In the first four-year period of activities (2013-2016), the CAPES Evaluation Committee gave the Program a score of 4, an assessment reiterated by CTC\/CAPES. The growth demonstrated by PPGEdu during this period was fundamental for the development of actions in 2017 and 2018 with a view to constructing the Extension Project for the Doctorate Course, approved in December 2018 by CAPES, after also being approved and endorsed by USP. In the first half of 2019, the first selection process for the doctorate was opened, which began in September of that year. Since its foundation, PPGEdu has assumed the purpose of training professionals and researchers in the field of school and non-school education, as well as teachers for basic and higher education, a goal that was reiterated for the Doctoral Course. By the end of 2024, 220 master\u2019s and 18 doctoral degrees had been awarded; in that year, 36 master\u2019s and 79 doctoral students were enrolled in postgraduate studies. The PPGEdu Curricular Structure is organized into two Lines of Research: Line 1 \u2013 Philosophical, Scientific and Cultural Foundations of Education, in which studies are developed on the sciences that constitute the theoretical bases of education, and Line 2 \u2013 Public Policies and Organization of Educational Work, in which studies are developed related to educational policies and school practices. All faculty members are members of and\/or coordinate study and research groups, as well as laboratories dedicated to examining themes in the broad area of Human Sciences, particularly in the areas of Education, Sociology and Philosophy, in addition to maintaining national and international ties with multidisciplinary research collectives and partnerships with state, federal and community public universities. In this way, the Program seeks to contribute to the construction of a virtuous circle dedicated to the training of new generations of researchers. PPGEdu is funded by CAPES\/PROAP and has Social Demand scholarships.\n<\/p>\n<\/div>\n<div id=\"objetivos\">\n<p>\nThe Program\u2019s mission is to train professionals and researchers in the field of school and non-school education, as well as teachers for basic and higher education. Based on these guidelines, it aims to: a) qualify professionals for research, teaching and work in contexts, institutions, organizations and associations in the area of education; b) promote the production of knowledge in the comprehensive and plural field of education through excellent research; c) disseminate, on a national and international scale, the knowledge produced within the scope of PPGEdu; and d) base the training on democratic and inclusive principles and through practices of participation of the academic community in internal processes of communication and deliberation of objectives.\n<\/p>\n<\/div>\n<div id=\"concCAPES\">\n<h2>CAPES Evaluation<\/h2>\n<p><\/p>\n<p>In the CAPES evaluation for the 2017-2020 period, the Graduate Program in Education at FFCLRP-USP received Grade 4.<\/p>\n<\/div>\n<div id=\"CCP\">\n\n<!-- iframe plugin v.6.0 wordpress.org\/plugins\/iframe\/ -->\n<iframe loading=\"lazy\" frameborder=\"0\" 0=\"scrolling=&quot;no&quot;marginheight=&quot;0&quot;\" marginwidth=\"0\" src=\"https:\/\/pos.ffclrp.usp.br\/pgusp\/pt-br\/ffclrp\/educacao\/coordenacao.html\" width=\"100%\" height=\"124px\" scrolling=\"yes\" class=\"iframe-class\"><\/iframe>\n\n<table width=\"604\">\n<tbody>\n<tr>\n<td colspan=\"4\" width=\"600\"><strong>Coordinating Committee \u2013 CCPGEduca\u00e7\u00e3o<\/strong><\/td>\n<\/tr>\n<tr>\n<td rowspan=\"2\" width=\"271\"><strong>Membro titular \u2013 Prof. Dr.<\/strong><\/td>\n<td rowspan=\"2\" width=\"194\"><strong>Membro suplente \u2013 Prof. Dr.<\/strong><\/td>\n<td colspan=\"2\" width=\"131\"><strong>Mandato<\/strong><\/td>\n<\/tr>\n<tr>\n<td width=\"66\"><strong>In\u00edcio<\/strong><\/td>\n<td width=\"63\"><strong>T\u00e9rmino<\/strong><\/td>\n<\/tr>\n<tr>\n<td width=\"271\">Elmir de Almeida<\/td>\n<td width=\"194\">Soraya Maria Romano Pacifico<\/td>\n<td width=\"66\">10\/01\/2021<\/td>\n<td width=\"63\">09\/01\/2023<\/td>\n<\/tr>\n<tr>\n<td width=\"271\">Ana Claudia Balieiro Lodi<\/td>\n<td width=\"194\">Elaine Sampaio Araujo<\/td>\n<td width=\"66\">10\/01\/2021<\/td>\n<td width=\"63\">09\/01\/2023<\/td>\n<\/tr>\n<tr>\n<td width=\"271\">Teise de Oliveira Guaranha Garcia<\/td>\n<td width=\"194\">Marcus Vinicius da Cunha<\/td>\n<td width=\"66\">10\/01\/2021<\/td>\n<td width=\"63\">09\/01\/2023<\/td>\n<\/tr>\n<tr>\n<td width=\"271\">Marcus Vinicius da Cunha<\/td>\n<td width=\"194\">Andrea Coelho Last\u00f3ria<\/td>\n<td width=\"66\">11\/02\/2021<\/td>\n<td width=\"63\">10\/02\/2023<\/td>\n<\/tr>\n<tr>\n<td width=\"271\">RD. sem indica\u00e7\u00e3o pelos pares<\/td>\n<td width=\"194\"><\/td>\n<td width=\"66\"><\/td>\n<td width=\"63\"><\/td>\n<\/tr>\n<tr>\n<td width=\"271\"><strong>(Coordenadora)<\/strong><strong>\u00a0Ana Claudia Balieiro Lodi <\/strong><\/td>\n<td width=\"194\"><\/td>\n<td width=\"66\">02\/02\/2021<\/td>\n<td width=\"63\">01\/02\/2023<\/td>\n<\/tr>\n<\/tbody>\n<\/table>\n<\/div>\n<div id=\"calReunioes\">\n<p><b><a href=\"https:\/\/sites.usp.br\/ppgerp\/wp-content\/uploads\/sites\/111\/2023\/01\/Calendario-de-reunioes-CCPEdu-2023.pdf\">Calend\u00e1rio 2023 &#8211; PPGEduca\u00e7\u00e3o<\/a><\/b><\/p>\n<p><b>Local:<\/b> Sala de Reuni\u00f5es do PPGEdu &#8211; bloco 28<\/p>\n<table style=\"height: 1036px;\" width=\"438\">\n<tbody>\n<tr>\n<td colspan=\"2\" width=\"464\"><strong>Calend\u00e1rio de Reuni\u00f5es da Comiss\u00e3o Coordenadora do Programa de P\u00f3s Gradua\u00e7\u00e3o em Educa\u00e7\u00e3o \u2013 FFCLRP\/USP \u2013 2019 \u2013 CCPGEdu<\/strong><\/td>\n<\/tr>\n<tr>\n<td width=\"209\">\n<p style=\"text-align: center;\"><strong>m\u00eas<\/strong><\/p>\n<\/td>\n<td width=\"255\"><strong>quinta feira &#8211; 14h00<\/strong><\/td>\n<\/tr>\n<tr>\n<td width=\"209\">\n<p style=\"text-align: center;\"><strong>Fevereiro<\/strong><\/p>\n<\/td>\n<td width=\"255\">\n<p style=\"text-align: center;\">28<\/p>\n<\/td>\n<\/tr>\n<tr>\n<td width=\"209\">\n<p style=\"text-align: center;\"><strong>Mar\u00e7o<\/strong><\/p>\n<\/td>\n<td width=\"255\">\n<p style=\"text-align: center;\">28<\/p>\n<\/td>\n<\/tr>\n<tr>\n<td width=\"209\">\n<p style=\"text-align: center;\"><strong>Abril<\/strong><\/p>\n<\/td>\n<td width=\"255\">\n<p style=\"text-align: center;\">25<\/p>\n<\/td>\n<\/tr>\n<tr>\n<td width=\"209\">\n<p style=\"text-align: center;\"><strong>Maio<\/strong><\/p>\n<\/td>\n<td width=\"255\">\n<p style=\"text-align: center;\">30<\/p>\n<\/td>\n<\/tr>\n<tr>\n<td width=\"209\">\n<p style=\"text-align: center;\"><strong>Junho<\/strong><\/p>\n<\/td>\n<td width=\"255\">\n<p style=\"text-align: center;\">27<\/p>\n<\/td>\n<\/tr>\n<tr>\n<td width=\"209\">\n<p style=\"text-align: center;\"><strong>Julho<\/strong><\/p>\n<\/td>\n<td width=\"255\">\n<p style=\"text-align: center;\">25<\/p>\n<\/td>\n<\/tr>\n<tr>\n<td width=\"209\">\n<p style=\"text-align: center;\"><strong>Agosto<\/strong><\/p>\n<\/td>\n<td width=\"255\">\n<p style=\"text-align: center;\">29<\/p>\n<\/td>\n<\/tr>\n<tr>\n<td width=\"209\">\n<p style=\"text-align: center;\"><strong>Setembro<\/strong><\/p>\n<\/td>\n<td width=\"255\">\n<p style=\"text-align: center;\">26<\/p>\n<\/td>\n<\/tr>\n<tr>\n<td width=\"209\">\n<p style=\"text-align: center;\"><strong>Outubro<\/strong><\/p>\n<\/td>\n<td width=\"255\">\n<p style=\"text-align: center;\">31<\/p>\n<\/td>\n<\/tr>\n<tr>\n<td width=\"209\">\n<p style=\"text-align: center;\"><strong>Novembro<\/strong><\/p>\n<\/td>\n<td width=\"255\">\n<p style=\"text-align: center;\">28<\/p>\n<\/td>\n<\/tr>\n<tr>\n<td width=\"209\">\n<p style=\"text-align: center;\"><strong>Dezembro<\/strong><\/p>\n<\/td>\n<td width=\"255\">\n<p style=\"text-align: center;\">12<\/p>\n<\/td>\n<\/tr>\n<tr>\n<td colspan=\"2\" width=\"464\"><strong>Local: Sala de Reuni\u00f5es do Bloco 28 \u2013 Ruas das Paineiras<\/strong><\/td>\n<\/tr>\n<\/tbody>\n<\/table>\n<\/div>\n<div id=\"atas\">\n<p><a href=\"http:\/\/sistemas.ffclrp.usp.br\/down.php?id=3937&#038;d\" rel=\"noopener\">ATA 103 &#8211; 16\/3\/2020<\/a><br \/>\n<a href=\"http:\/\/sistemas.ffclrp.usp.br\/down.php?id=3938&#038;d\" rel=\"noopener\">ATA 104 &#8211; 26\/3\/2020<\/a><br \/>\n<a href=\"http:\/\/sistemas.ffclrp.usp.br\/down.php?id=3939&#038;d\" rel=\"noopener\">ATA 105 &#8211; 09\/4\/2020<\/a><br \/>\n<a href=\"https:\/\/sistemas.ffclrp.usp.br\/down.php?id=3982&#038;d\" rel=\"noopener\">ATA 106 &#8211; 23\/4\/2020<\/a><br \/>\n<a href=\"https:\/\/sistemas.ffclrp.usp.br\/down.php?id=4325&#038;d\" rel=\"noopener\">ATA 107 &#8211; 30\/4\/2020<\/a><br \/>\n<a href=\"http:\/\/sistemas.ffclrp.usp.br\/down.php?id=4326&#038;d\" rel=\"noopener\">ATA 108 &#8211; 14\/5\/2020<\/a><\/p>\n<\/div>\n<div id=\"contato\">\n<!-- iframe plugin v.6.0 wordpress.org\/plugins\/iframe\/ -->\n<iframe loading=\"lazy\" frameborder=\"0\" scrolling=\"auto\" marginheight=\"0\" marginwidth=\"0\" src=\"https:\/\/pos.ffclrp.usp.br\/pgusp\/en-us\/ffclrp\/educacao\/contato.html\" width=\"100%\" height=\"1024px\" class=\"iframe-class\"><\/iframe>\n<\/div>\n<\/div>\n<p><\/p>","protected":false},"excerpt":{"rendered":"<p>History Goals CAPES Evaluation Coordination Meeting Schedule Minutes Contact History The academic activities of the [&hellip;]<\/p>\n","protected":false},"author":211,"featured_media":0,"parent":0,"menu_order":1,"comment_status":"closed","ping_status":"closed","template":"","meta":{"footnotes":"","_links_to":"","_links_to_target":""},"class_list":["post-649","page","type-page","status-publish","hentry"],"_links":{"self":[{"href":"https:\/\/sites.usp.br\/ppgerp\/en\/wp-json\/wp\/v2\/pages\/649","targetHints":{"allow":["GET"]}}],"collection":[{"href":"https:\/\/sites.usp.br\/ppgerp\/en\/wp-json\/wp\/v2\/pages"}],"about":[{"href":"https:\/\/sites.usp.br\/ppgerp\/en\/wp-json\/wp\/v2\/types\/page"}],"author":[{"embeddable":true,"href":"https:\/\/sites.usp.br\/ppgerp\/en\/wp-json\/wp\/v2\/users\/211"}],"replies":[{"embeddable":true,"href":"https:\/\/sites.usp.br\/ppgerp\/en\/wp-json\/wp\/v2\/comments?post=649"}],"version-history":[{"count":7,"href":"https:\/\/sites.usp.br\/ppgerp\/en\/wp-json\/wp\/v2\/pages\/649\/revisions"}],"predecessor-version":[{"id":1436,"href":"https:\/\/sites.usp.br\/ppgerp\/en\/wp-json\/wp\/v2\/pages\/649\/revisions\/1436"}],"wp:attachment":[{"href":"https:\/\/sites.usp.br\/ppgerp\/en\/wp-json\/wp\/v2\/media?parent=649"}],"curies":[{"name":"wp","href":"https:\/\/api.w.org\/{rel}","templated":true}]}}