{"id":670,"date":"2016-05-05T09:52:35","date_gmt":"2016-05-05T12:52:35","guid":{"rendered":"http:\/\/sites.usp.br\/quimica-rp\/?page_id=530"},"modified":"2021-05-18T09:31:29","modified_gmt":"2021-05-18T12:31:29","slug":"pesquisa","status":"publish","type":"page","link":"https:\/\/sites.usp.br\/ppgerp\/en\/pesquisa\/","title":{"rendered":"Research"},"content":{"rendered":"<p><\/p>\n<div id=\"abas\">\n<ul style=\"padding: 0; margin: 0;\">\n<li><a href=\"#linhas\">Research Lines<\/a><\/li>\n<li><a href=\"#grupos\">Research Groups<\/a><\/li>\n<li><a href=\"#labs\">Research Labs<\/a><\/li>\n<\/ul>\n<div id=\"linhas\">\n        <strong>Line 1 \u2013 Philosophical, Scientific, and Cultural Foundations of Education<\/strong><br \/>\n        This Line develops studies that analyze education through the contribution of philosophical, scientific, and cultural knowledge referring to the theoretical and epistemological bases that underlie the educational processes &#8211; school and non-school &#8211; and the cultural mediations that are established between the different educational theories and practices.<br \/>\n        <strong>Line 2 \u2013 Public Policies and Organization of Educational Work<\/strong><br \/>\n        This Line develops research that has school education as object, covering research on public policies for education and school practices, and focusing on the themes of democratization, access and quality of teaching, financing and teacher training.<br \/>\n        \n<!-- iframe plugin v.6.0 wordpress.org\/plugins\/iframe\/ -->\n<iframe loading=\"lazy\" frameborder=\"0\" height=\"1024px\" marginheight=\"0\" marginwidth=\"0\" scrolling=\"auto\" src=\"https:\/\/pos.ffclrp.usp.br\/pgusp\/en-us\/ffclrp\/educacao\/pesquisa\/areas.html\" width=\"100%\" class=\"iframe-class\"><\/iframe>\n\n    <\/div>\n<div id=\"grupos\">\n<h5>Grupo de Estudos sobre Alfabetiza\u00e7\u00e3o, Leitura e Letramento \u2013\u00a0GEPALLE<\/h5>\n<p>\n            <a href=\"http:\/\/dgp.cnpq.br\/dgp\/espelhogrupo\/2434742232120619\">http:\/\/dgp.cnpq.br\/dgp\/espelhogrupo\/2434742232120619<\/a><br \/>\n            <a href=\"https:\/\/www.gepalle.com\">https:\/\/www.gepalle.com<\/a><br \/>\n            <a href=\"https:\/\/www.facebook.com\/Gepalle-Alfabetiza%C3%A7%C3%A3o-Leitura-e-Letramento-946368888819364\/\">https:\/\/www.facebook.com\/Gepalle-Alfabetiza%C3%A7%C3%A3o-Leitura-e-Letramento-946368888819364\/<\/a><br \/>\n            <a href=\"https:\/\/www.instagram.com\/gepalle\/?igshid=1f9eabkc8daqs)\">https:\/\/www.instagram.com\/gepalle\/?igshid=1f9eabkc8daqs)<\/a><\/p>\n<h5>Grupo de Estudos da Localidade \u2013\u00a0ELO<\/h5>\n<p>\n            <a href=\"https:\/\/falagrupoelo.blogspot.com\/\">https:\/\/falagrupoelo.blogspot.com\/<\/a><br \/>\n            <a href=\"http:\/\/dgp.cnpq.br\/dgp\/espelhogrupo\/28067\">http:\/\/dgp.cnpq.br\/dgp\/espelhogrupo\/28067<\/a>\n        <\/p>\n<h5>Grupo de Gest\u00e3o em Educa\u00e7\u00e3o\u00a0\u2013\u00a0GEG<\/h5>\n<h5>Grupo de Estudo e Pesquisa sobre Atividade Pedag\u00f3gica \u2013 GEPAPE<\/h5>\n<p>\n            <a href=\"dgp.cnpq.br\/dgp\/espelhogrupo\/1737194701444929\">dgp.cnpq.br\/dgp\/espelhogrupo\/1737194701444929<\/a><br \/>\n            <a href=\"http:\/\/www2.fe.usp.br\/~gepape\/\">http:\/\/www2.fe.usp.br\/~gepape\/<\/a>\n        <\/p>\n<h5>Grupo de Estudo e Pesquisas em Pol\u00edtica Educacional \u2013\u00a0GREPPE<\/h5>\n<p>\n            <a href=\"http:\/\/dgp.cnpq.br\/dgp\/espelhogrupo\/6888870172980354\">http:\/\/dgp.cnpq.br\/dgp\/espelhogrupo\/6888870172980354<\/a><br \/>\n            <a href=\"https:\/\/grepperp.wordpress.com\/\">https:\/\/grepperp.wordpress.com\/<\/a>\n        <\/p>\n<h5>Grupo de Pesquisa Ret\u00f3rica e Argumenta\u00e7\u00e3o na Pedagogia \u2013\u00a0GPRAP<\/h5>\n<p>\n            <a href=\"http:\/\/dgp.cnpq.br\/dgp\/espelhogrupo\/18545\">http:\/\/dgp.cnpq.br\/dgp\/espelhogrupo\/18545<\/a><\/p>\n<h5>Grupo de Estudos e Pesquisas sobre Pol\u00edticas de Educa\u00e7\u00e3o para a Inf\u00e2ncia\u2013\u00a0GEPPEI<\/h5>\n<h5>Grupo de Estudos sobre Sucesso e Fracasso Escolar \u2013\u00a0GEsSFe<\/h5>\n<p>\n            <a href=\"https:\/\/gessfeusp.wixsite.com\/gessfe\">https:\/\/gessfeusp.wixsite.com\/gessfe<\/a>\n        <\/p>\n<h5>Grupo de Estudos e Pesquisa sobre Atividade Pedag\u00f3gica\u00a0\u2013\u00a0GEPAPe<\/h5>\n<p>\n            <a href=\"http:\/\/www2.fe.usp.br\/~gepape\/\">http:\/\/www2.fe.usp.br\/~gepape\/<\/a>\n        <\/p>\n<h5>Grupo de Estudos e Pesquisa do Ensino e Aprendizagem da Matem\u00e1tica na Inf\u00e2ncia\u00a0\u2013\u00a0GEPEAMI<\/h5>\n<h5>Grupo de Estudos e Pesquisa em Aspectos Socioculturais e Pedag\u00f3gicos do Esporte \u2013\u00a0GEPESPE-RP<\/h5>\n<p>\n            <a href=\"http:\/\/dgp.cnpq.br\/dgp\/espelhogrupo\/553941\">http:\/\/dgp.cnpq.br\/dgp\/espelhogrupo\/553941<\/a><br \/>\n            <a href=\"https:\/\/facebook.com\/gepesperp\">facebook.com\/gepesperp<\/a><br \/>\n            <a href=\"https:\/\/instagram.com\/gepesperp\">Instagram.com\/gepesperp<\/a><br \/>\n            <a href=\"https:\/\/twitter.com\/gepesperp\">Twitter.com\/gepesperp<\/a>\n        <\/p>\n<h5>Grupo de Pesquisa em Ensino de Ci\u00eancias e Educa\u00e7\u00e3o Ambiental \u2013 GPECEA\/LAIFE<\/h5>\n<h5>Grupo de Estudos e Pesquisas em Forma\u00e7\u00e3o de Professores e Curr\u00edculo \u2013\u00a0GEPEFOR<\/h5>\n<p>\n            E-mail:\u00a0gepefor@gmail.com\n        <\/p>\n<h5>Grupo de Estudos e Pesquisas em Epistemologia e Psicologia no Ensino de Ci\u00eancias \u2013 EPSEC<\/h5>\n<p>\n            <a href=\"http:\/\/dgp.cnpq.br\/dgp\/espelhogrupo\/218382\">http:\/\/dgp.cnpq.br\/dgp\/espelhogrupo\/218382<\/a><br \/>\n            <a href=\"https:\/\/sites.usp.br\/epsec\/pagina-2\/\">https:\/\/sites.usp.br\/epsec\/pagina-2\/<\/a>\n        <\/p>\n<h5>Discurso e Mem\u00f3ria: nos movimentos do sujeito<\/h5>\n<h5>Grupo de Estudos e Pesquisa Surdez e Abordagem Bil\u00edngue<\/h5>\n<p>\n            <a href=\"http:\/\/dgp.cnpq.br\/dgp\/espelhogrupo\/3912595468582979\">http:\/\/dgp.cnpq.br\/dgp\/espelhogrupo\/3912595468582979<\/a>\n        <\/p>\n<h5>Grupo de Estudos e Pesquisa Mikhail Bakhtin: educa\u00e7\u00e3o, linguagens e culturas<\/h5>\n<\/p><\/div>\n<div id=\"labs\">\n<h5>Laborat\u00f3rio Interdisciplinar de Forma\u00e7\u00e3o do Educador \u2013\u00a0LAIFE<\/h5>\n<h5>Laborat\u00f3rio de Linguagem e Educa\u00e7\u00e3o Especial \u2013 LaLEdE<\/h5>\n<p><a href=\"http:\/\/lalede.webnode.com\/\">http:\/\/lalede.webnode.com\/<\/a><\/p>\n<h5>Laborat\u00f3rio de Estudos e Pesquisas sobre Inf\u00e2ncia, Juventude e Educa\u00e7\u00e3o \u2013\u00a0LEPINJE<\/h5>\n<p><a href=\"http:\/\/dgp.cnpq.br\/dgp\/espelhogrupo\/35455\">http:\/\/dgp.cnpq.br\/dgp\/espelhogrupo\/35455<\/a><\/p>\n<\/p><\/div>\n<\/div>\n<p><\/p>","protected":false},"excerpt":{"rendered":"<p>Research Lines Research Groups Research Labs Line 1 \u2013 Philosophical, Scientific, and Cultural Foundations of [&hellip;]<\/p>\n","protected":false},"author":211,"featured_media":0,"parent":0,"menu_order":0,"comment_status":"closed","ping_status":"closed","template":"","meta":{"footnotes":"","_links_to":"","_links_to_target":""},"class_list":["post-670","page","type-page","status-publish","hentry"],"_links":{"self":[{"href":"https:\/\/sites.usp.br\/ppgerp\/en\/wp-json\/wp\/v2\/pages\/670","targetHints":{"allow":["GET"]}}],"collection":[{"href":"https:\/\/sites.usp.br\/ppgerp\/en\/wp-json\/wp\/v2\/pages"}],"about":[{"href":"https:\/\/sites.usp.br\/ppgerp\/en\/wp-json\/wp\/v2\/types\/page"}],"author":[{"embeddable":true,"href":"https:\/\/sites.usp.br\/ppgerp\/en\/wp-json\/wp\/v2\/users\/211"}],"replies":[{"embeddable":true,"href":"https:\/\/sites.usp.br\/ppgerp\/en\/wp-json\/wp\/v2\/comments?post=670"}],"version-history":[{"count":5,"href":"https:\/\/sites.usp.br\/ppgerp\/en\/wp-json\/wp\/v2\/pages\/670\/revisions"}],"predecessor-version":[{"id":1152,"href":"https:\/\/sites.usp.br\/ppgerp\/en\/wp-json\/wp\/v2\/pages\/670\/revisions\/1152"}],"wp:attachment":[{"href":"https:\/\/sites.usp.br\/ppgerp\/en\/wp-json\/wp\/v2\/media?parent=670"}],"curies":[{"name":"wp","href":"https:\/\/api.w.org\/{rel}","templated":true}]}}