{"id":1023,"date":"2020-09-22T10:11:04","date_gmt":"2020-09-22T13:11:04","guid":{"rendered":"http:\/\/sites.usp.br\/ppgerp\/?page_id=1023"},"modified":"2026-03-10T14:35:05","modified_gmt":"2026-03-10T17:35:05","slug":"bolsas","status":"publish","type":"page","link":"https:\/\/sites.usp.br\/ppgerp\/es\/bolsas\/","title":{"rendered":"Becas"},"content":{"rendered":"<p>Lamentamos cualquier inconveniente, pero esta p\u00e1gina todav\u00eda no est\u00e1 disponible en Espa\u00f1ol<\/p>","protected":false},"excerpt":{"rendered":"<p>Lamentamos cualquier inconveniente, pero esta p\u00e1gina todav\u00eda no est\u00e1 disponible en Espa\u00f1ol<\/p>\n","protected":false},"author":204,"featured_media":0,"parent":0,"menu_order":0,"comment_status":"closed","ping_status":"closed","template":"","meta":{"footnotes":"","_links_to":"","_links_to_target":""},"class_list":["post-1023","page","type-page","status-publish","hentry"],"_links":{"self":[{"href":"https:\/\/sites.usp.br\/ppgerp\/es\/wp-json\/wp\/v2\/pages\/1023","targetHints":{"allow":["GET"]}}],"collection":[{"href":"https:\/\/sites.usp.br\/ppgerp\/es\/wp-json\/wp\/v2\/pages"}],"about":[{"href":"https:\/\/sites.usp.br\/ppgerp\/es\/wp-json\/wp\/v2\/types\/page"}],"author":[{"embeddable":true,"href":"https:\/\/sites.usp.br\/ppgerp\/es\/wp-json\/wp\/v2\/users\/204"}],"replies":[{"embeddable":true,"href":"https:\/\/sites.usp.br\/ppgerp\/es\/wp-json\/wp\/v2\/comments?post=1023"}],"version-history":[{"count":7,"href":"https:\/\/sites.usp.br\/ppgerp\/es\/wp-json\/wp\/v2\/pages\/1023\/revisions"}],"predecessor-version":[{"id":1460,"href":"https:\/\/sites.usp.br\/ppgerp\/es\/wp-json\/wp\/v2\/pages\/1023\/revisions\/1460"}],"wp:attachment":[{"href":"https:\/\/sites.usp.br\/ppgerp\/es\/wp-json\/wp\/v2\/media?parent=1023"}],"curies":[{"name":"wp","href":"https:\/\/api.w.org\/{rel}","templated":true}]}}