{"id":1154,"date":"2021-07-22T10:32:32","date_gmt":"2021-07-22T13:32:32","guid":{"rendered":"https:\/\/sites.usp.br\/ppgerp\/?page_id=1154"},"modified":"2024-03-27T12:47:10","modified_gmt":"2024-03-27T15:47:10","slug":"docentes","status":"publish","type":"page","link":"https:\/\/sites.usp.br\/ppgerp\/es\/docentes\/","title":{"rendered":"(Portugu\u00eas do Brasil) Docentes"},"content":{"rendered":"<p class=\"qtranxs-available-languages-message qtranxs-available-languages-message-es\">Disculpa, pero esta entrada est\u00e1 disponible s\u00f3lo en <a href=\"https:\/\/sites.usp.br\/ppgerp\/pb\/wp-json\/wp\/v2\/pages\/1154\" class=\"qtranxs-available-language-link qtranxs-available-language-link-pb\" title=\"Portugu\u00eas do Brasil\">Portugu\u00eas do Brasil<\/a>.<\/p>","protected":false},"excerpt":{"rendered":"<p>Disculpa, pero esta entrada est\u00e1 disponible s\u00f3lo en Portugu\u00eas do Brasil.<\/p>\n","protected":false},"author":1162,"featured_media":0,"parent":0,"menu_order":0,"comment_status":"closed","ping_status":"closed","template":"","meta":{"footnotes":"","_links_to":"","_links_to_target":""},"class_list":["post-1154","page","type-page","status-publish","hentry"],"_links":{"self":[{"href":"https:\/\/sites.usp.br\/ppgerp\/es\/wp-json\/wp\/v2\/pages\/1154","targetHints":{"allow":["GET"]}}],"collection":[{"href":"https:\/\/sites.usp.br\/ppgerp\/es\/wp-json\/wp\/v2\/pages"}],"about":[{"href":"https:\/\/sites.usp.br\/ppgerp\/es\/wp-json\/wp\/v2\/types\/page"}],"author":[{"embeddable":true,"href":"https:\/\/sites.usp.br\/ppgerp\/es\/wp-json\/wp\/v2\/users\/1162"}],"replies":[{"embeddable":true,"href":"https:\/\/sites.usp.br\/ppgerp\/es\/wp-json\/wp\/v2\/comments?post=1154"}],"version-history":[{"count":4,"href":"https:\/\/sites.usp.br\/ppgerp\/es\/wp-json\/wp\/v2\/pages\/1154\/revisions"}],"predecessor-version":[{"id":1321,"href":"https:\/\/sites.usp.br\/ppgerp\/es\/wp-json\/wp\/v2\/pages\/1154\/revisions\/1321"}],"wp:attachment":[{"href":"https:\/\/sites.usp.br\/ppgerp\/es\/wp-json\/wp\/v2\/media?parent=1154"}],"curies":[{"name":"wp","href":"https:\/\/api.w.org\/{rel}","templated":true}]}}