{"id":649,"date":"2016-05-04T10:21:20","date_gmt":"2016-05-04T13:21:20","guid":{"rendered":"http:\/\/sites.usp.br\/quimica-rp\/?page_id=512"},"modified":"2026-03-09T17:55:20","modified_gmt":"2026-03-09T20:55:20","slug":"apresentacao","status":"publish","type":"page","link":"https:\/\/sites.usp.br\/ppgerp\/es\/apresentacao\/","title":{"rendered":"Presentaci\u00f3n"},"content":{"rendered":"<p><\/p>\n<div id=\"abas\">\n<ul style=\"padding: 0; margin: 0;\">\n<li><a href=\"#historico\">Historial<\/a><\/li>\n<li><a href=\"#objetivos\">Objectivos<\/a><\/li>\n<li><a href=\"#concCAPES\">Evaluaci\u00f3n CAPES<\/a><\/li>\n<li><a href=\"#CCP\">Coordinaci\u00f3n<\/a><\/li>\n<li><a href=\"#calReunioes\">Calendario de Reuniones<\/a><\/li>\n<li><a href=\"#atas\">Actas<\/a><\/li>\n<li><a href=\"#contato\">Contacto<\/a><\/li>\n<\/ul>\n<div id=\"historico\">\n<h2>Historial<\/h2>\n<p><\/p>\n<p>\nLas actividades acad\u00e9micas del Programa de Posgrado en Educaci\u00f3n (PPGEdu) de la Facultad de Filosof\u00eda, Ciencias y Letras de Ribeir\u00e3o Preto de la Universidad de S\u00e3o Paulo (FFCLRP\/USP) se iniciaron en 2011, cuando se realiz\u00f3 el primer proceso selectivo para el ingreso al Curso de Maestr\u00eda. En el primer per\u00edodo completo de cuatro a\u00f1os de actividades (2013-2016), el Comit\u00e9 de Evaluaci\u00f3n de CAPES asign\u00f3 al Programa una puntuaci\u00f3n de 4, evaluaci\u00f3n reiterada por el CTC\/CAPES. El crecimiento demostrado por el PPGEdu en este per\u00edodo fue fundamental para las acciones a desarrollar en 2017 y 2018 con vistas a la construcci\u00f3n del Proyecto de Extensi\u00f3n del Curso de Doctorado, aprobado en diciembre de 2018 por la CAPES, despu\u00e9s de haber sido tambi\u00e9n aprobado y avalado por la USP. En el primer semestre de 2019 se abri\u00f3 el primer proceso de selecci\u00f3n para el doctorado, el cual se inici\u00f3 en septiembre de ese a\u00f1o. Desde su concepci\u00f3n, el PPGEdu asumi\u00f3 el prop\u00f3sito de formar profesionales e investigadores en el campo de la educaci\u00f3n escolar y no escolar y docentes para la educaci\u00f3n b\u00e1sica y superior, meta que fue reiterada para el Curso de Doctorado. A finales de 2024 se hab\u00edan otorgado 220 maestr\u00edas y 18 doctorados; ese a\u00f1o, 36 estudiantes de maestr\u00eda y 79 estudiantes de doctorado cursaban cursos de posgrado. La Estructura Curricular del PPGEdu est\u00e1 organizada en dos L\u00edneas de Investigaci\u00f3n: L\u00ednea 1 \u2013 Fundamentos Filos\u00f3ficos, Cient\u00edficos y Culturales de la Educaci\u00f3n, en la cual se desarrollan estudios sobre las ciencias que constituyen las bases te\u00f3ricas de la educaci\u00f3n, y L\u00ednea 2 \u2013 Pol\u00edticas P\u00fablicas y Organizaci\u00f3n del Trabajo Educativo, en la cual se desarrollan estudios relacionados con las pol\u00edticas educativas y las pr\u00e1cticas escolares. Todos los miembros del profesorado forman parte y\/o coordinan grupos de estudio e investigaci\u00f3n, as\u00ed como laboratorios dedicados a examinar tem\u00e1ticas dentro del amplio \u00e1mbito de las Ciencias Humanas, particularmente en las \u00e1reas de Educaci\u00f3n, Sociolog\u00eda y Filosof\u00eda, adem\u00e1s de mantener v\u00ednculos nacionales e internacionales con colectivos de investigaci\u00f3n multidisciplinarios y alianzas con universidades p\u00fablicas estatales, federales y comunitarias. De esta manera, el Programa busca contribuir a la construcci\u00f3n de un c\u00edrculo virtuoso dedicado a la formaci\u00f3n de nuevas generaciones de investigadores. PPGEdu es financiado por CAPES\/PROAP y cuenta con becas de Demanda Social.\n<\/p>\n<\/div>\n<div id=\"objetivos\">\n<p>\nLa misi\u00f3n del Programa es formar profesionales e investigadores en el \u00e1mbito de la educaci\u00f3n escolar y no escolar y docentes para la educaci\u00f3n b\u00e1sica y superior. Con base en estos lineamientos se pretende: a) cualificar profesionales para la investigaci\u00f3n, la docencia y el trabajo en contextos, instituciones, organizaciones y asociaciones del \u00e1mbito de la educaci\u00f3n; b) promover la producci\u00f3n de conocimientos en el campo de la educaci\u00f3n integral y plural a trav\u00e9s de la investigaci\u00f3n de excelencia; c) difundir, a escala nacional e internacional, el conocimiento producido en el \u00e1mbito del PPGEdu; y d) fundamentar la formaci\u00f3n orientada a principios democr\u00e1ticos e inclusivos y a trav\u00e9s de pr\u00e1cticas de participaci\u00f3n de la comunidad acad\u00e9mica en los procesos internos de comunicaci\u00f3n y deliberaci\u00f3n de objetivos.\n<\/p>\n<\/div>\n<div id=\"concCAPES\">\n<h2>Evaluaci\u00f3n CAPES<\/h2>\n<p><\/p>\n<p>En la evaluaci\u00f3n CAPES para el per\u00edodo 2017-2020, el Programa de Posgrado en Educaci\u00f3n de la FFCLRP-USP obtuvo una puntuaci\u00f3n de 4.<\/p>\n<\/div>\n<div id=\"CCP\">\n\n<!-- iframe plugin v.6.0 wordpress.org\/plugins\/iframe\/ -->\n<iframe loading=\"lazy\" frameborder=\"0\" 0=\"scrolling=&quot;no&quot;marginheight=&quot;0&quot;\" marginwidth=\"0\" src=\"https:\/\/pos.ffclrp.usp.br\/pgusp\/pt-br\/ffclrp\/educacao\/coordenacao.html\" width=\"100%\" height=\"124px\" scrolling=\"yes\" class=\"iframe-class\"><\/iframe>\n\n<table width=\"604\">\n<tbody>\n<tr>\n<td colspan=\"4\" width=\"600\"><strong>Comit\u00e9 de Coordinaci\u00f3n \u2013 CCPGEduca\u00e7\u00e3o<\/strong><\/td>\n<\/tr>\n<tr>\n<td rowspan=\"2\" width=\"271\"><strong>Membro titular \u2013 Prof. Dr.<\/strong><\/td>\n<td rowspan=\"2\" width=\"194\"><strong>Membro suplente \u2013 Prof. Dr.<\/strong><\/td>\n<td colspan=\"2\" width=\"131\"><strong>Mandato<\/strong><\/td>\n<\/tr>\n<tr>\n<td width=\"66\"><strong>In\u00edcio<\/strong><\/td>\n<td width=\"63\"><strong>T\u00e9rmino<\/strong><\/td>\n<\/tr>\n<tr>\n<td width=\"271\">Elmir de Almeida<\/td>\n<td width=\"194\">Soraya Maria Romano Pacifico<\/td>\n<td width=\"66\">10\/01\/2021<\/td>\n<td width=\"63\">09\/01\/2023<\/td>\n<\/tr>\n<tr>\n<td width=\"271\">Ana Claudia Balieiro Lodi<\/td>\n<td width=\"194\">Elaine Sampaio Araujo<\/td>\n<td width=\"66\">10\/01\/2021<\/td>\n<td width=\"63\">09\/01\/2023<\/td>\n<\/tr>\n<tr>\n<td width=\"271\">Teise de Oliveira Guaranha Garcia<\/td>\n<td width=\"194\">Marcus Vinicius da Cunha<\/td>\n<td width=\"66\">10\/01\/2021<\/td>\n<td width=\"63\">09\/01\/2023<\/td>\n<\/tr>\n<tr>\n<td width=\"271\">Marcus Vinicius da Cunha<\/td>\n<td width=\"194\">Andrea Coelho Last\u00f3ria<\/td>\n<td width=\"66\">11\/02\/2021<\/td>\n<td width=\"63\">10\/02\/2023<\/td>\n<\/tr>\n<tr>\n<td width=\"271\">RD. sem indica\u00e7\u00e3o pelos pares<\/td>\n<td width=\"194\"><\/td>\n<td width=\"66\"><\/td>\n<td width=\"63\"><\/td>\n<\/tr>\n<tr>\n<td width=\"271\"><strong>(Coordenadora)<\/strong><strong>\u00a0Ana Claudia Balieiro Lodi <\/strong><\/td>\n<td width=\"194\"><\/td>\n<td width=\"66\">02\/02\/2021<\/td>\n<td width=\"63\">01\/02\/2023<\/td>\n<\/tr>\n<\/tbody>\n<\/table>\n<\/div>\n<div id=\"calReunioes\">\n<p><b><a href=\"https:\/\/sites.usp.br\/ppgerp\/wp-content\/uploads\/sites\/111\/2023\/01\/Calendario-de-reunioes-CCPEdu-2023.pdf\">Calend\u00e1rio 2023 &#8211; PPGEduca\u00e7\u00e3o<\/a><\/b><\/p>\n<p><b>Local:<\/b> Sala de Reuni\u00f5es do PPGEdu &#8211; bloco 28<\/p>\n<table style=\"height: 1036px;\" width=\"438\">\n<tbody>\n<tr>\n<td colspan=\"2\" width=\"464\"><strong>Calend\u00e1rio de Reuni\u00f5es da Comiss\u00e3o Coordenadora do Programa de P\u00f3s Gradua\u00e7\u00e3o em Educa\u00e7\u00e3o \u2013 FFCLRP\/USP \u2013 2019 \u2013 CCPGEdu<\/strong><\/td>\n<\/tr>\n<tr>\n<td width=\"209\">\n<p style=\"text-align: center;\"><strong>m\u00eas<\/strong><\/p>\n<\/td>\n<td width=\"255\"><strong>quinta feira &#8211; 14h00<\/strong><\/td>\n<\/tr>\n<tr>\n<td width=\"209\">\n<p style=\"text-align: center;\"><strong>Fevereiro<\/strong><\/p>\n<\/td>\n<td width=\"255\">\n<p style=\"text-align: center;\">28<\/p>\n<\/td>\n<\/tr>\n<tr>\n<td width=\"209\">\n<p style=\"text-align: center;\"><strong>Mar\u00e7o<\/strong><\/p>\n<\/td>\n<td width=\"255\">\n<p style=\"text-align: center;\">28<\/p>\n<\/td>\n<\/tr>\n<tr>\n<td width=\"209\">\n<p style=\"text-align: center;\"><strong>Abril<\/strong><\/p>\n<\/td>\n<td width=\"255\">\n<p style=\"text-align: center;\">25<\/p>\n<\/td>\n<\/tr>\n<tr>\n<td width=\"209\">\n<p style=\"text-align: center;\"><strong>Maio<\/strong><\/p>\n<\/td>\n<td width=\"255\">\n<p style=\"text-align: center;\">30<\/p>\n<\/td>\n<\/tr>\n<tr>\n<td width=\"209\">\n<p style=\"text-align: center;\"><strong>Junho<\/strong><\/p>\n<\/td>\n<td width=\"255\">\n<p style=\"text-align: center;\">27<\/p>\n<\/td>\n<\/tr>\n<tr>\n<td width=\"209\">\n<p style=\"text-align: center;\"><strong>Julho<\/strong><\/p>\n<\/td>\n<td width=\"255\">\n<p style=\"text-align: center;\">25<\/p>\n<\/td>\n<\/tr>\n<tr>\n<td width=\"209\">\n<p style=\"text-align: center;\"><strong>Agosto<\/strong><\/p>\n<\/td>\n<td width=\"255\">\n<p style=\"text-align: center;\">29<\/p>\n<\/td>\n<\/tr>\n<tr>\n<td width=\"209\">\n<p style=\"text-align: center;\"><strong>Setembro<\/strong><\/p>\n<\/td>\n<td width=\"255\">\n<p style=\"text-align: center;\">26<\/p>\n<\/td>\n<\/tr>\n<tr>\n<td width=\"209\">\n<p style=\"text-align: center;\"><strong>Outubro<\/strong><\/p>\n<\/td>\n<td width=\"255\">\n<p style=\"text-align: center;\">31<\/p>\n<\/td>\n<\/tr>\n<tr>\n<td width=\"209\">\n<p style=\"text-align: center;\"><strong>Novembro<\/strong><\/p>\n<\/td>\n<td width=\"255\">\n<p style=\"text-align: center;\">28<\/p>\n<\/td>\n<\/tr>\n<tr>\n<td width=\"209\">\n<p style=\"text-align: center;\"><strong>Dezembro<\/strong><\/p>\n<\/td>\n<td width=\"255\">\n<p style=\"text-align: center;\">12<\/p>\n<\/td>\n<\/tr>\n<tr>\n<td colspan=\"2\" width=\"464\"><strong>Local: Sala de Reuni\u00f5es do Bloco 28 \u2013 Ruas das Paineiras<\/strong><\/td>\n<\/tr>\n<\/tbody>\n<\/table>\n<\/div>\n<div id=\"atas\">\n<p><a href=\"http:\/\/sistemas.ffclrp.usp.br\/down.php?id=3937&#038;d\" rel=\"noopener\">ATA 103 &#8211; 16\/3\/2020<\/a><br \/>\n<a href=\"http:\/\/sistemas.ffclrp.usp.br\/down.php?id=3938&#038;d\" rel=\"noopener\">ATA 104 &#8211; 26\/3\/2020<\/a><br \/>\n<a href=\"http:\/\/sistemas.ffclrp.usp.br\/down.php?id=3939&#038;d\" rel=\"noopener\">ATA 105 &#8211; 09\/4\/2020<\/a><br \/>\n<a href=\"https:\/\/sistemas.ffclrp.usp.br\/down.php?id=3982&#038;d\" rel=\"noopener\">ATA 106 &#8211; 23\/4\/2020<\/a><br \/>\n<a href=\"https:\/\/sistemas.ffclrp.usp.br\/down.php?id=4325&#038;d\" rel=\"noopener\">ATA 107 &#8211; 30\/4\/2020<\/a><br \/>\n<a href=\"http:\/\/sistemas.ffclrp.usp.br\/down.php?id=4326&#038;d\" rel=\"noopener\">ATA 108 &#8211; 14\/5\/2020<\/a><\/p>\n<\/div>\n<div id=\"contato\">\n<!-- iframe plugin v.6.0 wordpress.org\/plugins\/iframe\/ -->\n<iframe loading=\"lazy\" frameborder=\"0\" scrolling=\"auto\" marginheight=\"0\" marginwidth=\"0\" src=\"https:\/\/pos.ffclrp.usp.br\/pgusp\/es-es\/ffclrp\/educacao\/contato.html\" width=\"100%\" height=\"1024px\" class=\"iframe-class\"><\/iframe>\n<\/div>\n<\/div>\n<p><\/p>","protected":false},"excerpt":{"rendered":"<p>Historial Objectivos Evaluaci\u00f3n CAPES Coordinaci\u00f3n Calendario de Reuniones Actas Contacto Historial Las actividades acad\u00e9micas del [&hellip;]<\/p>\n","protected":false},"author":211,"featured_media":0,"parent":0,"menu_order":1,"comment_status":"closed","ping_status":"closed","template":"","meta":{"footnotes":"","_links_to":"","_links_to_target":""},"class_list":["post-649","page","type-page","status-publish","hentry"],"_links":{"self":[{"href":"https:\/\/sites.usp.br\/ppgerp\/es\/wp-json\/wp\/v2\/pages\/649","targetHints":{"allow":["GET"]}}],"collection":[{"href":"https:\/\/sites.usp.br\/ppgerp\/es\/wp-json\/wp\/v2\/pages"}],"about":[{"href":"https:\/\/sites.usp.br\/ppgerp\/es\/wp-json\/wp\/v2\/types\/page"}],"author":[{"embeddable":true,"href":"https:\/\/sites.usp.br\/ppgerp\/es\/wp-json\/wp\/v2\/users\/211"}],"replies":[{"embeddable":true,"href":"https:\/\/sites.usp.br\/ppgerp\/es\/wp-json\/wp\/v2\/comments?post=649"}],"version-history":[{"count":7,"href":"https:\/\/sites.usp.br\/ppgerp\/es\/wp-json\/wp\/v2\/pages\/649\/revisions"}],"predecessor-version":[{"id":1436,"href":"https:\/\/sites.usp.br\/ppgerp\/es\/wp-json\/wp\/v2\/pages\/649\/revisions\/1436"}],"wp:attachment":[{"href":"https:\/\/sites.usp.br\/ppgerp\/es\/wp-json\/wp\/v2\/media?parent=649"}],"curies":[{"name":"wp","href":"https:\/\/api.w.org\/{rel}","templated":true}]}}