{"id":669,"date":"2016-05-05T09:44:11","date_gmt":"2016-05-05T12:44:11","guid":{"rendered":"http:\/\/sites.usp.br\/quimica-rp\/?page_id=528"},"modified":"2026-03-27T16:43:59","modified_gmt":"2026-03-27T19:43:59","slug":"orientadores-2","status":"publish","type":"page","link":"https:\/\/sites.usp.br\/ppgerp\/es\/orientadores-2\/","title":{"rendered":"Instructores"},"content":{"rendered":"<p>\n<!-- iframe plugin v.6.0 wordpress.org\/plugins\/iframe\/ -->\n<iframe loading=\"lazy\" frameborder=\"0\" height=\"1024px\" marginheight=\"0\" marginwidth=\"0\" scrolling=\"auto\" src=\"https:\/\/pos.ffclrp.usp.br\/pgusp\/es-es\/ffclrp\/educacao\/orientadores.html\" width=\"100%\" class=\"iframe-class\"><\/iframe>\n<\/p>","protected":false},"excerpt":{"rendered":"<p>Disculpa, pero esta entrada est\u00e1 disponible s\u00f3lo en Portugu\u00eas do Brasil.<\/p>\n","protected":false},"author":211,"featured_media":0,"parent":0,"menu_order":0,"comment_status":"closed","ping_status":"closed","template":"","meta":{"footnotes":"","_links_to":"","_links_to_target":""},"class_list":["post-669","page","type-page","status-publish","hentry"],"_links":{"self":[{"href":"https:\/\/sites.usp.br\/ppgerp\/es\/wp-json\/wp\/v2\/pages\/669","targetHints":{"allow":["GET"]}}],"collection":[{"href":"https:\/\/sites.usp.br\/ppgerp\/es\/wp-json\/wp\/v2\/pages"}],"about":[{"href":"https:\/\/sites.usp.br\/ppgerp\/es\/wp-json\/wp\/v2\/types\/page"}],"author":[{"embeddable":true,"href":"https:\/\/sites.usp.br\/ppgerp\/es\/wp-json\/wp\/v2\/users\/211"}],"replies":[{"embeddable":true,"href":"https:\/\/sites.usp.br\/ppgerp\/es\/wp-json\/wp\/v2\/comments?post=669"}],"version-history":[{"count":5,"href":"https:\/\/sites.usp.br\/ppgerp\/es\/wp-json\/wp\/v2\/pages\/669\/revisions"}],"predecessor-version":[{"id":1463,"href":"https:\/\/sites.usp.br\/ppgerp\/es\/wp-json\/wp\/v2\/pages\/669\/revisions\/1463"}],"wp:attachment":[{"href":"https:\/\/sites.usp.br\/ppgerp\/es\/wp-json\/wp\/v2\/media?parent=669"}],"curies":[{"name":"wp","href":"https:\/\/api.w.org\/{rel}","templated":true}]}}