{"id":1023,"date":"2020-09-22T10:11:04","date_gmt":"2020-09-22T13:11:04","guid":{"rendered":"http:\/\/sites.usp.br\/ppgerp\/?page_id=1023"},"modified":"2026-03-10T14:35:05","modified_gmt":"2026-03-10T17:35:05","slug":"bolsas","status":"publish","type":"page","link":"https:\/\/sites.usp.br\/ppgerp\/pb\/bolsas\/","title":{"rendered":"Bolsas"},"content":{"rendered":"<p><\/p>\n<div id=\"abas\">\n<ul style=\"padding: 0; margin: 0;\">\n<li><a href=\"#normas\">Normas<\/a><\/li>\n<li><a href=\"#capes\">CAPES<\/a><\/li>\n<li><a href=\"#cnpq\">CNPq<\/a><\/li>\n<li><a href=\"#espera\">Lista de Espera<\/a><\/li>\n<li><a href=\"#ATAS\">Atas CAPES<\/a><\/li>\n<li><a href=\"#PDSE\">Atas PDSE<\/a><\/li>\n<\/ul>\n<div id=\"normas\">\n        <object data=\"https:\/\/sites.usp.br\/ppgerp\/wp-content\/uploads\/sites\/111\/2026\/03\/Normas-internas-PPGEdu-acumulo-bolsas-e-atividades-remuneradas.pdf\" width=\"100%\" height=\"1080\"><\/object> <\/p><\/div>\n<div id=\"capes\">\n        <object data=\"https:\/\/sites.usp.br\/ppgerp\/wp-content\/uploads\/sites\/111\/2026\/03\/Lista-de-Bolsistas-CAPES-marco2026.pdf\" width=\"100%\" height=\"1080\"><\/object><\/p>\n<hr \/>\n<h3>Controle Geral de Bolsistas<\/h3>\n<p>        <a href=\"https:\/\/sites.usp.br\/ppgerp\/wp-content\/uploads\/sites\/111\/2026\/03\/Lista-de-Bolsistas-CAPES-marco2026.pdf\">Bolsistas &#8211; controle geral &#8211; mar\u00e7o 2026<\/a><br \/>\n        <a href=\"https:\/\/sites.usp.br\/ppgerp\/wp-content\/uploads\/sites\/111\/2025\/05\/ListadeBolsistas-maio2025.pdf\">Bolsistas &#8211; controle geral &#8211; Maio 2025<\/a><br \/>\n        <a href=\"https:\/\/sites.usp.br\/ppgerp\/wp-content\/uploads\/sites\/111\/2025\/01\/Bolsistas-controle-geral-2025.01.24_novo.pdf\">Bolsistas &#8211; controle geral &#8211; Janeiro 2025<\/a><br \/>\n        <a href=\"https:\/\/sites.usp.br\/ppgerp\/wp-content\/uploads\/sites\/111\/2024\/11\/Bolsistas-controle-geral-2024.09.01.pdf\">Bolsistas &#8211; controle geral &#8211; Setembro 2024<\/a><br \/>\n        <a href=\"https:\/\/sites.usp.br\/ppgerp\/wp-content\/uploads\/sites\/111\/2024\/08\/Bolsistas-controle-geral-2024.08.01.pdf\">Bolsistas &#8211; controle geral &#8211; Agosto 2024<\/a><br \/>\n        <a href=\"https:\/\/sites.usp.br\/ppgerp\/wp-content\/uploads\/sites\/111\/2024\/07\/Bolsistas-controle-geral-2024.05.09.pdf\">Bolsistas &#8211; controle geral &#8211; Abril 2024<\/a><br \/>\n        <a href=\"https:\/\/sites.usp.br\/ppgerp\/wp-content\/uploads\/sites\/111\/2024\/04\/Bolsistas-controle-geral-2024.02.29.pdf\">Bolsistas &#8211; controle geral &#8211; Fevereiro 2024<\/a><br \/>\n        <a href=\"https:\/\/sites.usp.br\/ppgerp\/wp-content\/uploads\/sites\/111\/2023\/12\/Bolsistas-controle-geral-2023.12.15.pdf\">Bolsistas &#8211; controle geral &#8211; Dezembro 2023<\/a><br \/>\n        <a href=\"https:\/\/sites.usp.br\/ppgerp\/wp-content\/uploads\/sites\/111\/2023\/09\/Bolsistas-controle-geral-2023.09.04.pdf\">Bolsistas &#8211; controle geral &#8211; Setembro 2023<\/a><br \/>\n        <a href=\"https:\/\/sites.usp.br\/ppgerp\/wp-content\/uploads\/sites\/111\/2022\/05\/Bolsistas-controle-geral-para-pagina-2022_05.pdf\">Bolsistas &#8211; controle geral &#8211; Maio 2022<\/a><br \/>\n        <a href=\"https:\/\/sites.usp.br\/ppgerp\/wp-content\/uploads\/sites\/111\/2022\/04\/Bolsistas-controle-geral-para-pagina-2022_03.pdf\">Bolsistas &#8211; controle geral &#8211; Mar\u00e7o 2022<\/a><br \/>\n        <a href=\"https:\/\/sites.usp.br\/ppgerp\/wp-content\/uploads\/sites\/111\/2022\/02\/Bolsistas-controle-geral-para-pagina-2022_02.pdf\">Bolsistas &#8211; controle geral &#8211; Fevereiro 2022<\/a><br \/>\n        <a href=\"https:\/\/sites.usp.br\/ppgerp\/wp-content\/uploads\/sites\/111\/2021\/08\/Bolsistas-controle-geral-para-pagina-2021_08.pdf\">Bolsistas &#8211; controle geral &#8211; Agosto 2021<\/a><br \/>\n        <a href=\"https:\/\/sites.usp.br\/ppgerp\/wp-content\/uploads\/sites\/111\/2021\/08\/Bolsistas-controle-geral-para-pagina-2021_07.pdf\">Bolsistas &#8211; controle geral &#8211; Julho 2021<\/a><br \/>\n        <a href=\"https:\/\/sites.usp.br\/ppgerp\/wp-content\/uploads\/sites\/111\/2021\/04\/Bolsistas-controle-geral-para-pagina-2021_04_22-1.pdf\">Bolsistas &#8211; controle geral &#8211; Abril 2021<\/a>\n    <\/div>\n<div id=\"cnpq\">\n<h3>CNPq<\/h3>\n<p>        <object data=\"https:\/\/\/\/sites.usp.br\/ppgerp\/wp-content\/uploads\/sites\/111\/2026\/03\/Lista-de-Bolsistas-CNPq-marco2026.pdf\" width=\"100%\" height=\"1080\"><\/object><\/p><\/div>\n<div id=\"espera\">\n<h3>Lista de Espera<\/h3>\n<p>        <object data=\"https:\/\/sites.usp.br\/ppgerp\/wp-content\/uploads\/sites\/111\/2026\/03\/Lista-de-espera-marco2026.pdf\" width=\"100%\" height=\"1080\"><\/object><\/p><\/div>\n<div id=\"ATAS\">\n<h3>Atas CAPES<\/h3>\n<p>\n            <a href=\"https:\/\/sites.usp.br\/ppgerp\/wp-content\/uploads\/sites\/111\/2026\/03\/Ata-selecao-agosto-de-2025.pdf\">Ata Sele\u00e7\u00e3o &#8211; Agosto 2025<\/a><br \/>\n            <a href=\"https:\/\/sites.usp.br\/ppgerp\/wp-content\/uploads\/sites\/111\/2026\/03\/Ata-selecao-bolsas-dezembro2024.pdf\">Ata Sele\u00e7\u00e3o &#8211; Dezembro 2024<\/a><br \/>\n            <a href=\"https:\/\/sites.usp.br\/ppgerp\/wp-content\/uploads\/sites\/111\/2026\/03\/Ata-selecao-bolsas-agosto2024.pdf\">Ata Sele\u00e7\u00e3o &#8211; Agosto 2024<\/a><br \/>\n            <a href=\"https:\/\/sites.usp.br\/ppgerp\/wp-content\/uploads\/sites\/111\/2026\/03\/Ata-selecao-de-bolsa-maio2024.pdf\">Ata Sele\u00e7\u00e3o &#8211; Maio 2024<\/a><br \/>\n            <a href=\"https:\/\/sites.usp.br\/ppgerp\/wp-content\/uploads\/sites\/111\/2023\/12\/Ata-Selecao-\u2013-novembro-2023.pdf\">Ata Sele\u00e7\u00e3o &#8211; Novembro 2023<\/a><br \/>\n            <a href=\"https:\/\/sites.usp.br\/ppgerp\/wp-content\/uploads\/sites\/111\/2023\/12\/Ata-Selecao-\u2013-julho-2023.pdf\">Ata Sele\u00e7\u00e3o &#8211; Julho 2023<\/a><br \/>\n            <a href=\"https:\/\/sites.usp.br\/ppgerp\/wp-content\/uploads\/sites\/111\/2023\/12\/Ata-Selecao-\u2013-marco-2023.pdf\">Ata Sele\u00e7\u00e3o &#8211; Mar\u00e7o 2023<\/a><br \/>\n            <a href=\"https:\/\/sites.usp.br\/ppgerp\/wp-content\/uploads\/sites\/111\/2022\/10\/Ata-de-selecao-bolsa-Capes_DS-e-Cota-PRPG-mestrado_doutorado-julho-2022.pdf\">Ata CAPES\/DS e cota PRPG julho-2022<\/a><br \/>\n            <a href=\"https:\/\/sites.usp.br\/ppgerp\/wp-content\/uploads\/sites\/111\/2022\/05\/Ata-selecao-bolsa-Capes_DS-mestrado_doutorado-abril2022.pdf\">Ata Sele\u00e7\u00e3o &#8211; Abril 2022<\/a><br \/>\n            <a href=\"https:\/\/sites.usp.br\/ppgerp\/wp-content\/uploads\/sites\/111\/2022\/04\/Ata-de-selecao-bolsa-Capes_DS-mestrado-fevereiro2022.pdf\">Ata Sele\u00e7\u00e3o &#8211; Fevereiro 2022<\/a><br \/>\n            <a href=\"https:\/\/sites.usp.br\/ppgerp\/wp-content\/uploads\/sites\/111\/2021\/08\/Ata-selecao-bolsa-Capes_DS-mestrado-e-doutorado-julho2021.pdf\">Ata Sele\u00e7\u00e3o &#8211; Julho 2021<\/a><br \/>\n            <a href=\"\/wp-content\/uploads\/sites\/111\/2021\/03\/ATA-SELE\u00c7\u00c3O-MESTRADO-E-DOUTORADO-corrigida.pdf\">Ata de Sele\u00e7\u00e3o &#8211; Mar\u00e7o 2021<\/a><br \/>\n            <a href=\"\/wp-content\/uploads\/sites\/111\/2021\/03\/Ata-da-sele\u00e7\u00e3o-07dez20.pdf\">Ata de Sele\u00e7\u00e3o &#8211; Dezembro 2020<\/a>\n        <\/p>\n<\/p><\/div>\n<div id=\"PDSE\">\n<h3>Atas PDSE<\/h3>\n<p>       <a href=\"https:\/\/sites.usp.br\/ppgerp\/wp-content\/uploads\/sites\/111\/2026\/03\/Ata-selecao-PDSE_CAPES-Edital-PRPG-16_2025.pdf\">Ata sele\u00e7\u00e3o PDSE_CAPES Edital PRPG 16_2025<\/a><br \/>\n       <a href=\"https:\/\/sites.usp.br\/ppgerp\/wp-content\/uploads\/sites\/111\/2026\/03\/Ata-selecao-PDSE_CAPES-Edital-PRPG-13_2024.pdf\">Ata sele\u00e7\u00e3o PDSE_CAPES Edital PRPG 13_2024<\/a><br \/>\n       <a href=\"https:\/\/sites.usp.br\/ppgerp\/wp-content\/uploads\/sites\/111\/2026\/03\/Ata-selecao-PDSE_CAPES-Edital-PRPG-03_2024.pdf\">Ata sele\u00e7\u00e3o PDSE_CAPES Edital PRPG 03_2024<\/a><br \/>\n       <a href=\"https:\/\/sites.usp.br\/ppgerp\/wp-content\/uploads\/sites\/111\/2026\/03\/Ata-selecao-PDSE_CAPES-Edital-PRPG-29_2023.pdf\">Ata sele\u00e7\u00e3o PDSE_CAPES Edital PRPG 29_2023<\/a><br \/>\n       <a href=\"https:\/\/sites.usp.br\/ppgerp\/wp-content\/uploads\/sites\/111\/2026\/03\/Ata-selecao-PDSE_CAPES-Edital-PRPG-02_2023.pdf\">Ata sele\u00e7\u00e3o PDSE_CAPES Edital PRPG 02_2023<\/a><br \/>\n       <a href=\"https:\/\/sites.usp.br\/ppgerp\/wp-content\/uploads\/sites\/111\/2026\/03\/Ata-selecao-PDSE_CAPES-Edital-35_2022.pdf\">Ata sele\u00e7\u00e3o PDSE_CAPES Edital 35_2022<\/a><br \/>\n       <a href=\"https:\/\/sites.usp.br\/ppgerp\/wp-content\/uploads\/sites\/111\/2026\/03\/Ata-selecao-PDSE_CAPES-Edital-20_2020.pdf\">Ata sele\u00e7\u00e3o PDSE_CAPES Edital 20_2020<\/a>\n  <\/div>\n<\/p><\/div>\n<p>    <\/p>","protected":false},"excerpt":{"rendered":"<p>Normas CAPES CNPq Lista de Espera Atas CAPES Atas PDSE Controle Geral de Bolsistas Bolsistas [&hellip;]<\/p>\n","protected":false},"author":204,"featured_media":0,"parent":0,"menu_order":0,"comment_status":"closed","ping_status":"closed","template":"","meta":{"footnotes":"","_links_to":"","_links_to_target":""},"class_list":["post-1023","page","type-page","status-publish","hentry"],"_links":{"self":[{"href":"https:\/\/sites.usp.br\/ppgerp\/pb\/wp-json\/wp\/v2\/pages\/1023","targetHints":{"allow":["GET"]}}],"collection":[{"href":"https:\/\/sites.usp.br\/ppgerp\/pb\/wp-json\/wp\/v2\/pages"}],"about":[{"href":"https:\/\/sites.usp.br\/ppgerp\/pb\/wp-json\/wp\/v2\/types\/page"}],"author":[{"embeddable":true,"href":"https:\/\/sites.usp.br\/ppgerp\/pb\/wp-json\/wp\/v2\/users\/204"}],"replies":[{"embeddable":true,"href":"https:\/\/sites.usp.br\/ppgerp\/pb\/wp-json\/wp\/v2\/comments?post=1023"}],"version-history":[{"count":7,"href":"https:\/\/sites.usp.br\/ppgerp\/pb\/wp-json\/wp\/v2\/pages\/1023\/revisions"}],"predecessor-version":[{"id":1460,"href":"https:\/\/sites.usp.br\/ppgerp\/pb\/wp-json\/wp\/v2\/pages\/1023\/revisions\/1460"}],"wp:attachment":[{"href":"https:\/\/sites.usp.br\/ppgerp\/pb\/wp-json\/wp\/v2\/media?parent=1023"}],"curies":[{"name":"wp","href":"https:\/\/api.w.org\/{rel}","templated":true}]}}