{"id":649,"date":"2016-05-04T10:21:20","date_gmt":"2016-05-04T13:21:20","guid":{"rendered":"http:\/\/sites.usp.br\/quimica-rp\/?page_id=512"},"modified":"2026-03-09T17:55:20","modified_gmt":"2026-03-09T20:55:20","slug":"apresentacao","status":"publish","type":"page","link":"https:\/\/sites.usp.br\/ppgerp\/pb\/apresentacao\/","title":{"rendered":"Apresenta\u00e7\u00e3o"},"content":{"rendered":"<p><\/p>\n<div id=\"abas\">\n<ul style=\"padding: 0; margin: 0;\">\n<li><a href=\"#historico\">Hist\u00f3rico<\/a><\/li>\n<li><a href=\"#objetivos\">Objetivos<\/a><\/li>\n<li><a href=\"#concCAPES\">Conceito CAPES<\/a><\/li>\n<li><a href=\"#CCP\">Coordena\u00e7\u00e3o<\/a><\/li>\n<li><a href=\"#calReunioes\">Calend\u00e1rio de Reuni\u00f5es<\/a><\/li>\n<li><a href=\"#atas\">Atas<\/a><\/li>\n<li><a href=\"#presta_contas\">Presta\u00e7\u00e3o de Contas<\/a><\/li>\n<li><a href=\"#contato\">Contato<\/a><\/li>\n<\/ul>\n<div id=\"historico\">\n<h2>Hist\u00f3rico<\/h2>\n<p>    &nbsp;<\/p>\n<p>\n      As atividades acad\u00eamicas do Programa de P\u00f3s-gradua\u00e7\u00e3o em Educa\u00e7\u00e3o (PPGEdu) da Faculdade de Filosofia, Ci\u00eancias e Letras de Ribeir\u00e3o Preto da Universidade de S\u00e3o Paulo (FFCLRP\/USP) tiveram in\u00edcio em 2011, quando ocorreu o primeiro processo seletivo para ingresso no Curso de Mestrado. No primeiro quadri\u00eanio completo de atividades (2013-2016), a Comiss\u00e3o de Avalia\u00e7\u00e3o CAPES atribuiu nota 4 ao Programa, avalia\u00e7\u00e3o reiterada pelo CTC\/CAPES. O crescimento demonstrado pelo PPGEdu neste per\u00edodo foi fundamental para que, nos anos de 2017 e 2018, a\u00e7\u00f5es fossem desenvolvidas com vistas \u00e0 constru\u00e7\u00e3o do Projeto de Extens\u00e3o para o Curso de Doutorado, aprovado em dezembro de 2018 pela CAPES, depois de ter sido tamb\u00e9m aprovado e chancelado pela USP. No primeiro semestre do ano de 2019 foi aberto o primeiro processo seletivo para o doutorado, que teve in\u00edcio em setembro daquele ano. Desde sua concep\u00e7\u00e3o, o PPGEdu assumiu como prop\u00f3sito formar profissionais e pesquisadores no campo da educa\u00e7\u00e3o escolar e n\u00e3o escolar e docentes para a educa\u00e7\u00e3o b\u00e1sica e superior, meta que foi reiterada para o Curso de Doutorado. At\u00e9 o final do ano de 2024, foram titulados 220 mestres e 18 doutores; naquele ano, cursavam a p\u00f3s-gradua\u00e7\u00e3o 36 mestrandos e 79 doutorandos. A Estrutura Curricular do PPGEdu organiza-se em duas Linhas de Pesquisa: Linha 1 \u2013 Fundamentos Filos\u00f3ficos, Cient\u00edficos e Culturais da Educa\u00e7\u00e3o, na qual s\u00e3o desenvolvidos estudos sobre as ci\u00eancias que constituem as bases te\u00f3ricas da educa\u00e7\u00e3o, e Linha 2 \u2013 Pol\u00edticas P\u00fablicas e Organiza\u00e7\u00e3o do Trabalho Educacional, na qual s\u00e3o desenvolvidos estudos relativos a pol\u00edticas educacionais e pr\u00e1ticas escolares. Todo o corpo docente integra e\/ou coordena grupos de estudos e de pesquisas, bem como laborat\u00f3rios dedicados ao exame de tem\u00e1ticas situadas na grande \u00e1rea das Ci\u00eancias Humanas, particularmente nas \u00e1reas da Educa\u00e7\u00e3o, Sociologia e Filosofia, al\u00e9m de manter v\u00ednculos em \u00e2mbito nacional e internacional com coletivos de pesquisa multidisciplinares e parcerias com universidades p\u00fablicas estaduais, federais e comunit\u00e1rias. Desse modo, o Programa busca contribuir para a constru\u00e7\u00e3o de um c\u00edrculo virtuoso dedicado \u00e0 forma\u00e7\u00e3o de novas gera\u00e7\u00f5es de pesquisadores. O PPGEdu \u00e9 financiado pela CAPES\/PROAP e conta com bolsas Demanda Social.\n    <\/p>\n<\/p><\/div>\n<div id=\"objetivos\">\n<p>\n      O Programa tem como miss\u00e3o formar profissionais e pesquisadores no campo da educa\u00e7\u00e3o escolar e n\u00e3o escolar e docentes para a educa\u00e7\u00e3o b\u00e1sica e superior. A partir destas diretrizes, objetiva: a) qualificar profissionais para a pesquisa, a doc\u00eancia e a atua\u00e7\u00e3o em contextos, institui\u00e7\u00f5es, organiza\u00e7\u00f5es e associa\u00e7\u00f5es da \u00e1rea da educa\u00e7\u00e3o; b) promover a produ\u00e7\u00e3o do conhecimento no campo abrangente e plural da educa\u00e7\u00e3o por meio de pesquisas de excel\u00eancia; c) divulgar, em escalas nacional e internacional, os conhecimentos produzidos no \u00e2mbito do PPGEdu; e d) fundamentar a forma\u00e7\u00e3o objetivada em princ\u00edpios democr\u00e1ticos e inclusivos e por meio de pr\u00e1ticas de participa\u00e7\u00e3o da comunidade acad\u00eamica em processos internos de comunica\u00e7\u00e3o e delibera\u00e7\u00e3o de objetivos.\n    <\/p>\n<\/p><\/div>\n<div id=\"concCAPES\">\n<h2>Conceito CAPES<\/h2>\n<p>    &nbsp;<\/p>\n<p>\n      Na avalia\u00e7\u00e3o CAPES relativa ao quadri\u00eanio 2017-2020, o Programa de P\u00f3s-Gradua\u00e7\u00e3o em Educa\u00e7\u00e3o da FFCLRP-USP obteve nota 4.\n    <\/p>\n<\/p><\/div>\n<div id=\"CCP\">\n    <object data=\"https:\/\/pos.ffclrp.usp.br\/pgusp\/NereuColeg\/ExibeColegiado.php?idCol=5909&#038;sglCol=CCP\" width=\"100%\" height=\"1080\"><\/object>\n  <\/div>\n<div id=\"calReunioes\">\n    <object data=\"https:\/\/sites.usp.br\/ppgerp\/wp-content\/uploads\/sites\/111\/2026\/03\/Calendario-de-reunioes_2026.pdf\" width=\"100%\" height=\"1080\"><\/object><\/p>\n<p style=\"text-align: center;\"><b>&nbsp;<\/b><\/p>\n<\/p><\/div>\n<div id=\"atas\">\n    <a href=\"https:\/\/sistemas.ffclrp.usp.br\/down.php?id=6949&#038;d\" rel=\"noopener\">Ata 152\u00aa ordin\u00e1ria &#8211; 01\/11\/2023<\/a><br \/>\n    <a href=\"https:\/\/sistemas.ffclrp.usp.br\/down.php?id=6948&#038;d\" rel=\"noopener\">Ata 151\u00aa ordin\u00e1ria &#8211; 26\/09\/2023<\/a><br \/>\n    <a href=\"https:\/\/sistemas.ffclrp.usp.br\/down.php?id=6947&#038;d\" rel=\"noopener\">Ata 150\u00aa ordin\u00e1ria &#8211; 30\/08\/2023<\/a><br \/>\n    <a href=\"https:\/\/sistemas.ffclrp.usp.br\/down.php?id=6946&#038;d\" rel=\"noopener\">Ata 149\u00aa ordin\u00e1ria &#8211; 17\/07\/2023<\/a><br \/>\n    <a href=\"https:\/\/sistemas.ffclrp.usp.br\/down.php?id=6945&#038;d\" rel=\"noopener\">Ata 148\u00aa ordin\u00e1ria &#8211; 26\/06\/2023<\/a><br \/>\n    <a href=\"https:\/\/sistemas.ffclrp.usp.br\/down.php?id=6177&#038;d\" rel=\"noopener\">Ata 147\u00aa ordin\u00e1ria &#8211; 22\/05\/2023<\/a><br \/>\n    <a href=\"https:\/\/sistemas.ffclrp.usp.br\/down.php?id=6176&#038;d\" rel=\"noopener\">Ata 136\u00aa ordin\u00e1ria &#8211; 26\/05\/2022<\/a><br \/>\n    <a href=\"https:\/\/sistemas.ffclrp.usp.br\/down.php?id=6175&#038;d\" rel=\"noopener\">Ata 129\u00aa ordin\u00e1ria &#8211; 30\/09\/2021<\/a><br \/>\n    <a href=\"https:\/\/sistemas.ffclrp.usp.br\/down.php?id=6174&#038;d\" rel=\"noopener\">Ata 128\u00aa ordin\u00e1ria &#8211; 26\/08\/2021<\/a><br \/>\n    <a href=\"https:\/\/sistemas.ffclrp.usp.br\/down.php?id=5277&#038;d\" rel=\"noopener\">Ata 126\u00aa ordin\u00e1ria &#8211; 25\/06\/2021<\/a><br \/>\n    <a href=\"https:\/\/sistemas.ffclrp.usp.br\/down.php?id=5276&#038;d\" rel=\"noopener\">Ata 125\u00aa ordin\u00e1ria &#8211; 02\/06\/2021<\/a><br \/>\n    <a href=\"https:\/\/sistemas.ffclrp.usp.br\/down.php?id=5275&#038;d\" rel=\"noopener\">Ata 124\u00aa ordin\u00e1ria &#8211; 29\/04\/2021<\/a><br \/>\n    <a href=\"https:\/\/sistemas.ffclrp.usp.br\/down.php?id=5274&#038;d\" rel=\"noopener\">Ata 123\u00aa ordin\u00e1ria &#8211; 25\/03\/2021<\/a><br \/>\n    <a href=\"https:\/\/sistemas.ffclrp.usp.br\/down.php?id=5273&#038;d\" rel=\"noopener\">Ata 122\u00aa ordin\u00e1ria &#8211; 25\/02\/2021<\/a><br \/>\n    <a href=\"https:\/\/sistemas.ffclrp.usp.br\/down.php?id=5272&#038;d\" rel=\"noopener\">Ata 121\u00aa ordin\u00e1ria &#8211; 11\/02\/2021<\/a><br \/>\n    &nbsp;\n  <\/div>\n<div id=\"presta_contas\">\n<h2>Presta\u00e7\u00e3o de contas<\/h2>\n<p>    <a href=\"https:\/\/sites.usp.br\/ppgerp\/wp-content\/uploads\/sites\/111\/2025\/05\/ANO-2024-Prestacao-de-Contas.pdf\" rel=\"noopener\">Ano 2024<\/a><br \/>\n    <a href=\"https:\/\/sites.usp.br\/ppgerp\/wp-content\/uploads\/sites\/111\/2025\/05\/ANO-2023-Prestacao-de-Contas.pdf\" rel=\"noopener\">Ano 2023<\/a><br \/>\n    <a href=\"https:\/\/sites.usp.br\/ppgerp\/wp-content\/uploads\/sites\/111\/2025\/05\/ANO-2022-Prestacao-de-Contas.pdf\" rel=\"noopener\">Ano 2022<\/a><br \/>\n    <a href=\"https:\/\/sites.usp.br\/ppgerp\/wp-content\/uploads\/sites\/111\/2025\/05\/ANO-2021-Prestacao-de-Contas.pdf\" rel=\"noopener\">Ano 2021<\/a>\n  <\/div>\n<div id=\"contato\">\n    <object data=\"https:\/\/pos.ffclrp.usp.br\/pgusp\/pt-br\/ffclrp\/educacao\/contato.html\" width=\"100%\" height=\"1080\"><\/object>\n  <\/div>\n<\/div>\n<p><\/p>","protected":false},"excerpt":{"rendered":"<p>Hist\u00f3rico Objetivos Conceito CAPES Coordena\u00e7\u00e3o Calend\u00e1rio de Reuni\u00f5es Atas Presta\u00e7\u00e3o de Contas Contato Hist\u00f3rico &nbsp; [&hellip;]<\/p>\n","protected":false},"author":211,"featured_media":0,"parent":0,"menu_order":1,"comment_status":"closed","ping_status":"closed","template":"","meta":{"footnotes":"","_links_to":"","_links_to_target":""},"class_list":["post-649","page","type-page","status-publish","hentry"],"_links":{"self":[{"href":"https:\/\/sites.usp.br\/ppgerp\/pb\/wp-json\/wp\/v2\/pages\/649","targetHints":{"allow":["GET"]}}],"collection":[{"href":"https:\/\/sites.usp.br\/ppgerp\/pb\/wp-json\/wp\/v2\/pages"}],"about":[{"href":"https:\/\/sites.usp.br\/ppgerp\/pb\/wp-json\/wp\/v2\/types\/page"}],"author":[{"embeddable":true,"href":"https:\/\/sites.usp.br\/ppgerp\/pb\/wp-json\/wp\/v2\/users\/211"}],"replies":[{"embeddable":true,"href":"https:\/\/sites.usp.br\/ppgerp\/pb\/wp-json\/wp\/v2\/comments?post=649"}],"version-history":[{"count":7,"href":"https:\/\/sites.usp.br\/ppgerp\/pb\/wp-json\/wp\/v2\/pages\/649\/revisions"}],"predecessor-version":[{"id":1436,"href":"https:\/\/sites.usp.br\/ppgerp\/pb\/wp-json\/wp\/v2\/pages\/649\/revisions\/1436"}],"wp:attachment":[{"href":"https:\/\/sites.usp.br\/ppgerp\/pb\/wp-json\/wp\/v2\/media?parent=649"}],"curies":[{"name":"wp","href":"https:\/\/api.w.org\/{rel}","templated":true}]}}