{"id":2871,"date":"2024-09-09T13:54:45","date_gmt":"2024-09-09T16:54:45","guid":{"rendered":"https:\/\/sites.usp.br\/ppget\/?page_id=2871"},"modified":"2026-02-23T08:22:58","modified_gmt":"2026-02-23T11:22:58","slug":"programa","status":"publish","type":"page","link":"https:\/\/sites.usp.br\/ppget\/programa\/","title":{"rendered":"Programa"},"content":{"rendered":"\t\t<div data-elementor-type=\"wp-page\" data-elementor-id=\"2871\" class=\"elementor elementor-2871\" data-elementor-post-type=\"page\">\n\t\t\t\t\t\t<section class=\"elementor-section elementor-top-section elementor-element elementor-element-6ad2a1a2 elementor-section-boxed elementor-section-height-default elementor-section-height-default\" data-id=\"6ad2a1a2\" data-element_type=\"section\">\n\t\t\t\t\t\t<div class=\"elementor-container elementor-column-gap-default\">\n\t\t\t\t\t<div class=\"elementor-column elementor-col-100 elementor-top-column elementor-element elementor-element-40b21138\" data-id=\"40b21138\" data-element_type=\"column\">\n\t\t\t<div class=\"elementor-widget-wrap elementor-element-populated\">\n\t\t\t\t\t\t<div class=\"elementor-element elementor-element-588f49de elementor-widget elementor-widget-text-editor\" data-id=\"588f49de\" data-element_type=\"widget\" data-widget_type=\"text-editor.default\">\n\t\t\t\t<div class=\"elementor-widget-container\">\n\t\t\t\t\t\t\t<p>Fundada em 1893, a Escola Polit\u00e9cnica (EP) desde o in\u00edcio de suas atividades teve o curso de Engenharia Civil, destacando-se desde o princ\u00edpio pela \u00eanfase em disciplinas relacionadas \u00e0 Engenharia de Transportes. A EP contribuiu significativamente para o desenvolvimento e consolida\u00e7\u00e3o da tecnologia nacional nessa \u00e1rea, especialmente atrav\u00e9s de estudos pioneiros sobre metodologias de caracteriza\u00e7\u00e3o de solos tropicais para obras rodovi\u00e1rias e pela introdu\u00e7\u00e3o dos conceitos de Engenharia de Tr\u00e1fego na cidade de S\u00e3o Paulo nos anos 1970. Esses esfor\u00e7os n\u00e3o apenas ajudaram a moldar a infraestrutura de transportes da cidade, mas tamb\u00e9m influenciaram pol\u00edticas p\u00fablicas e pr\u00e1ticas de engenharia em todo o Brasil.<\/p><p>O <strong>Programa de P\u00f3s-Gradua\u00e7\u00e3o em Engenharia de Transportes (PPGET)<\/strong> da Escola Polit\u00e9cnica da Universidade de S\u00e3o Paulo foi criado em 1976, com o curso de Mestrado, e ampliado em 1983 com a cria\u00e7\u00e3o do curso de Doutorado, ambos <i>stricto sensu<\/i>. O PPGET oferece aos estudantes a oportunidade de obter os t\u00edtulos de Mestre em Ci\u00eancias de Engenharia e Doutor em Ci\u00eancias de Engenharia, sem que o primeiro seja pr\u00e9-requisito para o segundo. Candidatos com t\u00edtulo de n\u00edvel superior podem se inscrever no curso de Mestrado e, caso selecionados, t\u00eam a possibilidade de migrar para o Doutorado Direto, se atenderem a condi\u00e7\u00f5es espec\u00edficas, ou ingressar diretamente no curso de Doutorado, se possu\u00edrem t\u00edtulo de mestre reconhecido nacionalmente. Essa flexibilidade permite que os alunos adaptem suas trajet\u00f3rias acad\u00eamicas de acordo com suas necessidades e objetivos profissionais.<\/p><p>H\u00e1 tr\u00eas aspectos importantes sobre o PPGET que merecem destaque. Primeiro, o Programa pertence \u00e0 USP, uma institui\u00e7\u00e3o de porte e qualidade reconhecida nacional e internacionalmente, oferecendo in\u00fameras oportunidades para refor\u00e7ar e complementar a forma\u00e7\u00e3o dos alunos sob diferentes perspectivas, caracter\u00edstica associada \u00e0 natureza interdisciplinar e diversificada da universidade. A USP \u00e9 conhecida por sua excel\u00eancia acad\u00eamica e por proporcionar um ambiente rico em recursos e oportunidades de pesquisa, o que beneficia diretamente os alunos do PPGET.<\/p><p>Segundo, o PPGET est\u00e1 inserido em um ambiente profissional robusto, com diversas empresas de consultoria e projeto, concession\u00e1rias de rodovias, al\u00e9m de \u00f3rg\u00e3os governamentais ligados direta e indiretamente ao setor de Transportes. Essa proximidade com o mercado de trabalho e com institui\u00e7\u00f5es governamentais facilita a integra\u00e7\u00e3o dos alunos em projetos reais e relevantes, permitindo que eles adquiram experi\u00eancia pr\u00e1tica e desenvolvam uma compreens\u00e3o profunda dos desafios e solu\u00e7\u00f5es na \u00e1rea de transportes.<\/p><p>Terceiro, como consequ\u00eancia do segundo aspecto, muitos alunos mant\u00eam atividades profissionais paralelas ao curso de p\u00f3s-gradua\u00e7\u00e3o. Embora essa dedica\u00e7\u00e3o possa impor limita\u00e7\u00f5es e, em alguns casos, levar a prazos mais longos para a conclus\u00e3o do curso, ela permite explorar a experi\u00eancia pr\u00e1tica aplicada e a familiaridade com problemas reais de transporte em \u00e2mbito regional e nacional. Essa combina\u00e7\u00e3o de teoria e pr\u00e1tica \u00e9 um dos pontos fortes do PPGET, preparando os alunos para enfrentar os desafios do mercado de trabalho com compet\u00eancia e inova\u00e7\u00e3o.<\/p><p>O PPGET \u00e9 um programa tradicional que formou muitos docentes que atuam em universidades brasileiras de prest\u00edgio, como listado a seguir (agrupados por estado):<\/p><ul><li aria-level=\"1\">Universidade Estadual de Campinas &#8211; UNICAMP (SP)<\/li><li aria-level=\"1\">Escola de Engenharia de S\u00e3o Carlos &#8211; EESC\/USP (SP)<\/li><li aria-level=\"1\">Escola Superior de Agricultura Luiz de Queiroz &#8211; ESALQ\/USP (SP)<\/li><li aria-level=\"1\">Faculdade de Arquitetura e Urbanismo &#8211; FAU\/USP (SP)<\/li><li aria-level=\"1\">Faculdade de Tecnologia do Estado de S\u00e3o Paulo &#8211; FATEC (SP)<\/li><li aria-level=\"1\">Instituto de Matem\u00e1tica e Estat\u00edstica &#8211; IME\/USP (SP)<\/li><li aria-level=\"1\">Instituto Nacional de Pesquisas Espaciais &#8211; INPE (SP)<\/li><li aria-level=\"1\">Instituto Tecnol\u00f3gico da Aeron\u00e1utica &#8211; ITA (SP)<\/li><li aria-level=\"1\">Departamento de Geografia &#8211; FFLCH-USP (SP)<\/li><li aria-level=\"1\">Universidade Estadual Paulista &#8211; UNESP (SP)<\/li><li aria-level=\"1\">Universidade Federal de S\u00e3o Carlos &#8211; UFSCar (SP)<\/li><li aria-level=\"1\">Universidade Mackenzie (SP)<\/li><li aria-level=\"1\">Universidade Paulista(SP)<\/li><li aria-level=\"1\">COPPE\/Universidade Federal do Rio de Janeiro &#8211; UFRJ (RJ)<\/li><li aria-level=\"1\">Instituto Militar de Engenharia &#8211; IME\/RJ (RJ)<\/li><li aria-level=\"1\">Universidade Estadual do Rio de Janeiro &#8211; UERJ (RJ)<\/li><li aria-level=\"1\">Universidade Federal de Ouro Preto &#8211; UFOP (MG)<\/li><li aria-level=\"1\">Universidade Federal de Uberl\u00e2ndia (MG)<\/li><li aria-level=\"1\">Escola de Engenharia Mau\u00e1 (MG)<\/li><li aria-level=\"1\">Universidade Estadual de Londrina (PR)<\/li><li aria-level=\"1\">Universidade Estadual de Maring\u00e1 (PR)<\/li><li aria-level=\"1\">Universidade Federal do Paran\u00e1 &#8211; UFPR (PR)<\/li><li aria-level=\"1\">Universidade de Bras\u00edlia (Brasilia)<\/li><li aria-level=\"1\">Universidade Estadual do Maranh\u00e3o (MA)<\/li><li aria-level=\"1\">Universidade Federal da Bahia &#8211; UFBA (BA)<\/li><li aria-level=\"1\">Universidade Federal de Santa Catarina &#8211; UFSC (SC)<\/li><li aria-level=\"1\">Universidade Federal do Par\u00e1 &#8211; UFPA (PA)<\/li><\/ul><p>O PPGET da Universidade de S\u00e3o Paulo tem se destacado historicamente tamb\u00e9m por suas a\u00e7\u00f5es de internacionaliza\u00e7\u00e3o, promovendo uma ampla gama de iniciativas que incluem programas de duplo diploma, doutorado sandu\u00edche, p\u00f3s-doutorado, projetos de pesquisa colaborativos com institui\u00e7\u00f5es internacionais, organiza\u00e7\u00e3o de eventos acad\u00eamicos de relev\u00e2ncia global, e o recebimento de professores e pesquisadores estrangeiros. Essas a\u00e7\u00f5es visam fortalecer a troca de conhecimentos e experi\u00eancias, ampliar a visibilidade internacional do PPGET, e proporcionar aos alunos e docentes oportunidades \u00fanicas de desenvolvimento acad\u00eamico e profissional..<\/p><p>O processo seletivo adotado no PPGET \u00e9 rigoroso e competitivo (mesmo sendo observada uma queda no n\u00famero de inscritos a partir da pandemia), dada a limita\u00e7\u00e3o do n\u00famero de orientados por orientador, o n\u00famero de orientadores e as caracter\u00edsticas do exame de ingresso: profici\u00eancia em l\u00edngua estrangeira, prova de conhecimentos e escrita, an\u00e1lise de curr\u00edculo e argui\u00e7\u00e3o individual perante uma banca composta por pelo menos tr\u00eas docentes do Programa. Esse rigor garante que apenas os candidatos mais qualificados e dedicados sejam admitidos, mantendo o padr\u00e3o de excel\u00eancia do PPGET.<\/p><h5><b>MISS\u00c3O DO PROGRAMA<\/b><\/h5><p><span style=\"font-weight: 400;\">O Programa tem como <\/span><b>miss\u00e3o <\/b><span style=\"font-weight: 400;\">a forma\u00e7\u00e3o de recursos humanos para atuarem em atividades acad\u00eamicas, em pesquisa e desenvolvimento e no mercado de trabalho, contribuindo para o desenvolvimento cient\u00edfico e tecnol\u00f3gico da Engenharia de Transportes. O PPGET atua nas modalidades de <\/span><b>mestrado e doutorado<\/b><span style=\"font-weight: 400;\">, ambos <\/span><b>stricto sensu<\/b><span style=\"font-weight: 400;\">.\u00a0<\/span><\/p><h5><b>OBJETIVOS DO PROGRAMA<\/b><\/h5><p><span style=\"font-weight: 400;\">Formar profissionais l\u00edderes, com alto rigor cient\u00edfico e excelente capacidade t\u00e9cnica para atuarem como professores, pesquisadores e engenheiros, tanto no setor p\u00fablico como na iniciativa privada, em um amplo espectro de atividades em Engenharia de Transportes.\u00a0<\/span><\/p><p><span style=\"font-weight: 400;\">Contribuir para o desenvolvimento cient\u00edfico e tecnol\u00f3gico em Engenharia de Transportes, buscando avan\u00e7ar o conhecimento e na proposi\u00e7\u00e3o de solu\u00e7\u00f5es que sejam compat\u00edveis com a realidade do pa\u00eds e com as suas necessidades e prioridades.<\/span><\/p><p><span style=\"font-weight: 400;\">Promover a internacionaliza\u00e7\u00e3o do programa, incentivando os interc\u00e2mbios de alunos e docentes, a participa\u00e7\u00e3o de pesquisadores estrangeiros em bancas, a visita de pesquisadores internacionais ao programa e a constitui\u00e7\u00e3o de programas de dupla titula\u00e7\u00e3o.\u00a0<\/span><\/p><p><span style=\"font-weight: 400;\">Para al\u00e9m disso, o programa tem ainda a preocupa\u00e7\u00e3o com a forma\u00e7\u00e3o cr\u00edtica, \u00e9tica e de responsabilidade para o desenvolvimento de iniciativas que levem a um transporte sustent\u00e1vel, economicamente, ambientalmente e socialmente, tanto no \u00e2mbito nacional como no internacional.<\/span><\/p>\t\t\t\t\t\t<\/div>\n\t\t\t\t<\/div>\n\t\t\t\t\t<\/div>\n\t\t<\/div>\n\t\t\t\t\t<\/div>\n\t\t<\/section>\n\t\t\t\t<\/div>\n\t\t","protected":false},"excerpt":{"rendered":"<p>Fundada em 1893, a Escola Polit\u00e9cnica (EP) desde o in\u00edcio de suas atividades teve o curso de Engenharia Civil, destacando-se desde o princ\u00edpio pela \u00eanfase em disciplinas relacionadas \u00e0 Engenharia de Transportes. A EP&#46;&#46;&#46;<\/p>\n","protected":false},"author":24123,"featured_media":0,"parent":0,"menu_order":0,"comment_status":"closed","ping_status":"closed","template":"","meta":{"_monsterinsights_skip_tracking":false,"_monsterinsights_sitenote_active":false,"_monsterinsights_sitenote_note":"","_monsterinsights_sitenote_category":0,"footnotes":"","_links_to":"","_links_to_target":""},"class_list":["post-2871","page","type-page","status-publish","hentry"],"_links":{"self":[{"href":"https:\/\/sites.usp.br\/ppget\/wp-json\/wp\/v2\/pages\/2871","targetHints":{"allow":["GET"]}}],"collection":[{"href":"https:\/\/sites.usp.br\/ppget\/wp-json\/wp\/v2\/pages"}],"about":[{"href":"https:\/\/sites.usp.br\/ppget\/wp-json\/wp\/v2\/types\/page"}],"author":[{"embeddable":true,"href":"https:\/\/sites.usp.br\/ppget\/wp-json\/wp\/v2\/users\/24123"}],"replies":[{"embeddable":true,"href":"https:\/\/sites.usp.br\/ppget\/wp-json\/wp\/v2\/comments?post=2871"}],"version-history":[{"count":4,"href":"https:\/\/sites.usp.br\/ppget\/wp-json\/wp\/v2\/pages\/2871\/revisions"}],"predecessor-version":[{"id":4846,"href":"https:\/\/sites.usp.br\/ppget\/wp-json\/wp\/v2\/pages\/2871\/revisions\/4846"}],"wp:attachment":[{"href":"https:\/\/sites.usp.br\/ppget\/wp-json\/wp\/v2\/media?parent=2871"}],"curies":[{"name":"wp","href":"https:\/\/api.w.org\/{rel}","templated":true}]}}