{"id":2872,"date":"2024-09-09T13:54:46","date_gmt":"2024-09-09T16:54:46","guid":{"rendered":"https:\/\/sites.usp.br\/ppget\/?page_id=2872"},"modified":"2026-04-09T14:00:59","modified_gmt":"2026-04-09T17:00:59","slug":"ccp","status":"publish","type":"page","link":"https:\/\/sites.usp.br\/ppget\/programa\/ccp\/","title":{"rendered":"Comiss\u00e3o Coordenadora do Programa"},"content":{"rendered":"\t\t<div data-elementor-type=\"wp-page\" data-elementor-id=\"2872\" class=\"elementor elementor-2872\" data-elementor-post-type=\"page\">\n\t\t\t\t\t\t<section class=\"elementor-section elementor-top-section elementor-element elementor-element-3adec45 elementor-section-boxed elementor-section-height-default elementor-section-height-default\" data-id=\"3adec45\" data-element_type=\"section\">\n\t\t\t\t\t\t<div class=\"elementor-container elementor-column-gap-default\">\n\t\t\t\t\t<div class=\"elementor-column elementor-col-100 elementor-top-column elementor-element elementor-element-168fd0be\" data-id=\"168fd0be\" data-element_type=\"column\">\n\t\t\t<div class=\"elementor-widget-wrap elementor-element-populated\">\n\t\t\t\t\t\t<div class=\"elementor-element elementor-element-454f8840 elementor-widget elementor-widget-text-editor\" data-id=\"454f8840\" data-element_type=\"widget\" data-widget_type=\"text-editor.default\">\n\t\t\t\t<div class=\"elementor-widget-container\">\n\t\t\t\t\t\t\t<p>Cada Programa de P\u00f3s-Gradua\u00e7\u00e3o conta com uma Comiss\u00e3o Coordenadora de Programa (CPP) constitu\u00edda pelo Coordenador do Programa e seu Suplente, pelo menos mais um docente credenciado como orientador no Programa e pela representa\u00e7\u00e3o discente do Programa.<\/p><p>As compet\u00eancias da CCP est\u00e3o elencadas no artigo 35 do Regimento de P\u00f3s-Gradua\u00e7\u00e3o da USP (<a href=\"http:\/\/www.leginf.usp.br\/?resolucao=resolucao-no-7493-de-27-de-marco-de-2018\" target=\"_blank\" rel=\"noopener noreferrer\">Resol.\u00a07493, de 27 .03.2018<\/a>)<\/p><h4>\u00a0<\/h4><h4><strong>Membros titulares<\/strong><\/h4><p><a href=\"https:\/\/sites.usp.br\/ppget\/programa\/orientadores\/#mariana-abrantes\" target=\"_blank\" rel=\"noopener noreferrer\">Profa. Dra. Mariana Abrantes Giannotti<\/a>\u00a0<em>(Coordenadora) \u2013\u00a0 <\/em><a>mariana.giannotti@usp.br<\/a><\/p><p><a href=\"https:\/\/sites.usp.br\/ppget\/programa\/orientadores\/#kamilla-vasconcelos\" target=\"_blank\" rel=\"noopener\">Profa. Dra. Kamilla Vasconcelos Savasini<\/a> (<em>Vice-Coordenadora) <\/em>\u2013 <a>kamilla.vasconcelos@usp.br<\/a><\/p><p><a href=\"https:\/\/sites.usp.br\/ppget\/programa\/orientadores\/#claudio-barbieri\" target=\"_blank\" rel=\"noopener noreferrer\">Prof. Dr. Claudio Barbieri da Cunha<\/a> <em>(membro docente) \u2013<\/em> <a href=\"https:\/\/www.ptr.poli.usp.br\/pos-graduacao\/comissao-coordenadora\/mailtocbcunha@usp.br\">cbcunha@usp.br<\/a><\/p><p><a href=\"https:\/\/lattes.cnpq.br\/3567518247787420\" target=\"_blank\" rel=\"noopener\">Pedrina Vit\u00f3ria Assis Correia<\/a> <em>(representante discente- mandato de 09\/04\/2026\u00a0 a 08\/04\/2027) \u2013<\/em> <a href=\"mailto:pedrinavitoria@usp.br\" target=\"_blank\" rel=\"noopener\"><span data-sheets-root=\"1\">pedrinavitoria@usp.br<\/span><\/a><\/p><h4>\u00a0<\/h4><h4><strong>Membros suplentes<\/strong><\/h4><p><a href=\"https:\/\/sites.usp.br\/ppget\/programa\/orientadores\/#flavio-guilherme\" target=\"_blank\" rel=\"noopener noreferrer\">Prof. Dr. Flavio Guilherme Vaz de Almeida Filho <\/a><em>(Suplente da Profa. Dra. Mariana Abrantes Giannotti) \u2013<\/em> <a>flaviovaz@usp.br<\/a><\/p><p><a href=\"https:\/\/sites.usp.br\/ppget\/programa\/orientadores\/#rosangela-dos-santos\" target=\"_blank\" rel=\"noopener\">Profa. Dra. Ros\u00e2ngela dos Santos Motta<\/a> <em>(Suplente da Profa. Dra. Kamilla Vasconcelos Savasini)<\/em> \u2013 <a>rosangela.motta@usp.br<\/a><\/p><p><a href=\"https:\/\/sites.usp.br\/ppget\/programa\/orientadores\/#cassiano-augusto\" target=\"_blank\" rel=\"noopener noreferrer\">Prof. Dr. Cassiano Augusto Isler<\/a> <em>(Suplente do Prof. Dr. Claudio Barbieri da Cunha)<\/em> \u2013 <a>cassiano.isler@usp.br\u00a0<\/a><\/p><p><a href=\"https:\/\/lattes.cnpq.br\/0196953426368727\" target=\"_blank\" rel=\"noopener\">Ana Flavia Davanzo Lopes<\/a> <em>(Suplente da representante discente \u2013 mandato de 09\/04\/2026 a 08\/04\/2027) \u2013 <a href=\"mailto:anaflopes@usp.br\" target=\"_blank\" rel=\"noopener\"><span style=\"color: #3366ff;\" data-sheets-root=\"1\">anaflopes@usp.br<\/span><\/a><\/em><\/p><h4>\u00a0<\/h4><h4><strong>Organiza\u00e7\u00e3o<\/strong><\/h4><p><strong>Secret\u00e1ria:\u00a0<\/strong> Luciane \u2013 <a>ppget.poli@usp.br<\/a><\/p><p><a href=\"https:\/\/www.poli.usp.br\/ensino\/pos-graduacao\" target=\"_blank\" rel=\"noopener noreferrer\">SPG \u2013 Servi\u00e7o de P\u00f3s-Gradua\u00e7\u00e3o da EPUSP<\/a><\/p><p><a href=\"https:\/\/www.poli.usp.br\/calendario-de-reunioes-da-comissao-de-pos-graduacao\" target=\"_blank\" rel=\"noopener noreferrer\">CPG \u2013 Comiss\u00e3o de P\u00f3s-Gradua\u00e7\u00e3o da EPUSP<\/a><\/p><p><a href=\"https:\/\/www.prpg.usp.br\/pt-br\/\" target=\"_blank\" rel=\"noopener noreferrer\">Pr\u00f3-reitoria de P\u00f3s-Gradua\u00e7\u00e3o da USP<\/a><\/p><p><a href=\"https:\/\/www.ptr.poli.usp.br\/conselho-de-departamento\/\">Conselho do Departamento<\/a><\/p><h4>\u00a0<\/h4><h4>Calend\u00e1rio de Reuni\u00f5es da CCP-PPGET 2026<\/h4><table border=\"1\"><thead><tr><th>Dia da Reuni\u00e3o<\/th><th>\u00a0Fechamento de Pauta<\/th><\/tr><\/thead><tbody><tr><td>02\/02 (2\u00aafeira) \u00e0s 8h30<\/td><td>05\/01<\/td><\/tr><tr><td>02\/03 (2\u00aafeira) \u00e0s 8h30<\/td><td>23\/02<\/td><\/tr><tr><td>06\/04 (2\u00aafeira) \u00e0s 8h30<\/td><td>30\/03<\/td><\/tr><tr><td>04\/05 (2\u00aafeira) \u00e0s 8h30<\/td><td>27\/04<\/td><\/tr><tr><td>01\/06 (2\u00aafeira) \u00e0s 8h30<\/td><td>25\/05<\/td><\/tr><tr><td>03\/08 (2\u00aafeira) \u00e0s 8h30<\/td><td>13\/07<\/td><\/tr><tr><td>31\/08 (2\u00aafeira) \u00e0s 8h30<\/td><td>24\/08<\/td><\/tr><tr><td>05\/10 (2\u00aafeira) \u00e0s 8h30<\/td><td>28\/09<\/td><\/tr><tr><td>26\/10 (4\u00aa feira) \u00e0s 8h30<\/td><td>19\/10<\/td><\/tr><tr><td>07\/12 (2\u00aafeira) \u00e0s 8h30<\/td><td>30\/11<\/td><\/tr><\/tbody><\/table>\t\t\t\t\t\t<\/div>\n\t\t\t\t<\/div>\n\t\t\t\t\t<\/div>\n\t\t<\/div>\n\t\t\t\t\t<\/div>\n\t\t<\/section>\n\t\t\t\t<\/div>\n\t\t","protected":false},"excerpt":{"rendered":"<p>Cada Programa de P\u00f3s-Gradua\u00e7\u00e3o conta com uma Comiss\u00e3o Coordenadora de Programa (CPP) constitu\u00edda pelo Coordenador do Programa e seu Suplente, pelo menos mais um docente credenciado como orientador no Programa e pela representa\u00e7\u00e3o discente&#46;&#46;&#46;<\/p>\n","protected":false},"author":24123,"featured_media":0,"parent":2871,"menu_order":1,"comment_status":"closed","ping_status":"closed","template":"","meta":{"_monsterinsights_skip_tracking":false,"_monsterinsights_sitenote_active":false,"_monsterinsights_sitenote_note":"","_monsterinsights_sitenote_category":0,"footnotes":"","_links_to":"","_links_to_target":""},"class_list":["post-2872","page","type-page","status-publish","hentry"],"_links":{"self":[{"href":"https:\/\/sites.usp.br\/ppget\/wp-json\/wp\/v2\/pages\/2872","targetHints":{"allow":["GET"]}}],"collection":[{"href":"https:\/\/sites.usp.br\/ppget\/wp-json\/wp\/v2\/pages"}],"about":[{"href":"https:\/\/sites.usp.br\/ppget\/wp-json\/wp\/v2\/types\/page"}],"author":[{"embeddable":true,"href":"https:\/\/sites.usp.br\/ppget\/wp-json\/wp\/v2\/users\/24123"}],"replies":[{"embeddable":true,"href":"https:\/\/sites.usp.br\/ppget\/wp-json\/wp\/v2\/comments?post=2872"}],"version-history":[{"count":4,"href":"https:\/\/sites.usp.br\/ppget\/wp-json\/wp\/v2\/pages\/2872\/revisions"}],"predecessor-version":[{"id":5008,"href":"https:\/\/sites.usp.br\/ppget\/wp-json\/wp\/v2\/pages\/2872\/revisions\/5008"}],"up":[{"embeddable":true,"href":"https:\/\/sites.usp.br\/ppget\/wp-json\/wp\/v2\/pages\/2871"}],"wp:attachment":[{"href":"https:\/\/sites.usp.br\/ppget\/wp-json\/wp\/v2\/media?parent=2872"}],"curies":[{"name":"wp","href":"https:\/\/api.w.org\/{rel}","templated":true}]}}