{"id":2874,"date":"2024-09-09T13:54:46","date_gmt":"2024-09-09T16:54:46","guid":{"rendered":"https:\/\/sites.usp.br\/ppget\/?page_id=2874"},"modified":"2025-09-03T12:12:29","modified_gmt":"2025-09-03T15:12:29","slug":"enfases","status":"publish","type":"page","link":"https:\/\/sites.usp.br\/ppget\/programa\/enfases\/","title":{"rendered":"\u00canfases e Linhas de Pesquisa"},"content":{"rendered":"\t\t<div data-elementor-type=\"wp-page\" data-elementor-id=\"2874\" class=\"elementor elementor-2874\" data-elementor-post-type=\"page\">\n\t\t\t\t\t\t<section class=\"elementor-section elementor-top-section elementor-element elementor-element-5cd118a6 elementor-section-boxed elementor-section-height-default elementor-section-height-default\" data-id=\"5cd118a6\" data-element_type=\"section\">\n\t\t\t\t\t\t<div class=\"elementor-container elementor-column-gap-default\">\n\t\t\t\t\t<div class=\"elementor-column elementor-col-100 elementor-top-column elementor-element elementor-element-1ee84094\" data-id=\"1ee84094\" data-element_type=\"column\">\n\t\t\t<div class=\"elementor-widget-wrap elementor-element-populated\">\n\t\t\t\t\t\t<div class=\"elementor-element elementor-element-8596ae3 elementor-widget elementor-widget-text-editor\" data-id=\"8596ae3\" data-element_type=\"widget\" data-widget_type=\"text-editor.default\">\n\t\t\t\t<div class=\"elementor-widget-container\">\n\t\t\t\t\t\t\t<p><span style=\"font-weight: 400;\">O <strong>PPGET<\/strong> est\u00e1 vinculado ao Departamento de Engenharias de Transportes da Escola Polit\u00e9cnica da Universidade de S\u00e3o Paulo, que administrativamente est\u00e1 organizado em <strong>tr\u00eas \u00eanfases da Engenharia de Transportes: Infraestrutura de Transportes, Planejamento e Opera\u00e7\u00e3o de Transportes e Informa\u00e7\u00f5es Espaciais com aplica\u00e7\u00f5es em Transportes<\/strong>. Historicamente, as linhas de pesquisa estavam estruturadas seguindo essas tr\u00eas \u00eanfases, mas para acompanhar a interdisciplinaridade e avan\u00e7ar cientificamente em temas contempor\u00e2neos discutidos em n\u00edvel internacional no \u00e2mbito da pesquisa cient\u00edfica na Engenharia de Transportes, o PPGET iniciou neste quadri\u00eanio uma fase de reorganiza\u00e7\u00e3o de suas linhas de pesquisa. Esta atualiza\u00e7\u00e3o busca impulsionar o programa face aos temas discutidos pela comunidade cient\u00edfica e \u00e0s demandas da sociedade. Para demonstrar a articula\u00e7\u00e3o entre linhas e projetos de pesquisa, as 7 linhas e seus respectivos projetos seguem listados abaixo:<\/span><\/p><h4><b>Sustentabilidade e Resili\u00eancia<\/b> <b>na<\/b> <strong>Engenharia<\/strong><b> de Transportes<\/b><\/h4><p>Diante dos desafios impostos pelas mudan\u00e7as clim\u00e1ticas, a sustentabilidade e a resili\u00eancia emergem como conceitos fundamentais para a infraestrutura e os sistemas de transporte. Essa linha de pesquisa prop\u00f5e abordagens inovadoras que conciliam a mitiga\u00e7\u00e3o dos impactos ambientais com o fortalecimento da capacidade de adapta\u00e7\u00e3o da infraestrutura e opera\u00e7\u00e3o de rodovias, ferrovias, aeroportos e do transporte nas cidades. O enfoque inclui o desenvolvimento de materiais avan\u00e7ados, a implementa\u00e7\u00e3o de t\u00e9cnicas construtivas sustent\u00e1veis e a avalia\u00e7\u00e3o dos efeitos clim\u00e1ticos sobre a mobilidade urbana e interurbana. As estrat\u00e9gias propostas visam tornar os transportes mais eficientes, dur\u00e1veis, resilientes e ambientalmente respons\u00e1veis, fundamentando-se em princ\u00edpios cient\u00edficos rigorosos e metodologias de avalia\u00e7\u00e3o robustas.<\/p><ul><li aria-level=\"2\">Descarboniza\u00e7\u00e3o e circularidade na sele\u00e7\u00e3o de materiais e projetos de infraestrutura de transportes.<\/li><li aria-level=\"2\">Utiliza\u00e7\u00e3o de res\u00edduos e solu\u00e7\u00f5es ambientalmente sustent\u00e1veis em pavimentos. (Financiamento ANTT\/CCR &#8211; Respons\u00e1vel <a href=\"https:\/\/sites.usp.br\/ppget\/programa\/orientadores\/#kamilla-vasconcelos\">Kamilla Vasconcelos Savasini<\/a>)<\/li><li aria-level=\"2\">Reologia e qu\u00edmica de ligantes asf\u00e1lticos e bioligantes &#8211; ferramentas para a compreens\u00e3o do comportamento mec\u00e2nico, envelhecimento e deteriora\u00e7\u00e3o dos revestimentos de pavimentos. (Financiamento FAPESP &#8211; Respons\u00e1vel <a href=\"https:\/\/sites.usp.br\/ppget\/programa\/orientadores\/#kamilla-vasconcelos\">Kamilla Vasconcelos Savasini<\/a>)<\/li><li aria-level=\"2\">Estudo do comportamento mec\u00e2nico e hidr\u00e1ulico de pavimentos de concreto perme\u00e1veis.<\/li><li aria-level=\"2\">Desempenho de pavimentos sob eventos de inunda\u00e7\u00e3o e seus impactos no sistema de infraestrutura de transportes. (Financiamento CNPq &#8211; Respons\u00e1vel <a href=\"https:\/\/sites.usp.br\/ppget\/programa\/orientadores\/#kamilla-vasconcelos\">Kamilla Vasconcelos Savasini<\/a> \/ <a href=\"https:\/\/sites.usp.br\/ppget\/programa\/orientadores\/#cassiano-augusto\">Cassiano Augusto Isler<\/a>)<\/li><li aria-level=\"2\">Estudo da redu\u00e7\u00e3o de emiss\u00f5es de poluentes em misturas asf\u00e1lticas para pavimenta\u00e7\u00e3o.<\/li><li aria-level=\"2\"><i>Roadmapping to resilient urban public transport systems in small and mid-sized cities.<\/i> (Financiamento FAPESP &#8211; Respons\u00e1vel <a href=\"https:\/\/sites.usp.br\/ppget\/programa\/orientadores\/#cassiano-augusto]\">Cassiano Augusto Isler<\/a>)<\/li><li aria-level=\"2\">Centro de Ci\u00eancias de Dados Cidades Carbono Neutro. (Financiamento FAPESP &#8211; Respons\u00e1vel <a href=\"https:\/\/sites.usp.br\/ppget\/programa\/orientadores\/#liedi-legi\">Liedi L\u00e9gi Bariani Bernucci<\/a>, Pesquisador Principal <a href=\"https:\/\/sites.usp.br\/ppget\/programa\/orientadores\/#cassiano-augusto\">Cassiano Augusto Isler<\/a>)<\/li><\/ul><h4><b>Cidades, Sistemas de Transporte e Equidade<\/b><\/h4><p>O sistema de transporte desempenha um papel fundamental nas cidades para garantir que todas as pessoas possam acessar as suas atividades cotidianas como trabalho, educa\u00e7\u00e3o e lazer. Essa linha de pesquisa engloba temas como a modelagem da demanda e da oferta de transporte nas cidades; a intera\u00e7\u00e3o do transporte com o uso do solo; o planejamento de transportes; a avalia\u00e7\u00e3o de pol\u00edticas p\u00fablicas de transporte; valores e atitudes determinantes do comportamento; economia dos transportes urbanos; sistemas de transporte p\u00fablico; acessibilidade e equidade.<\/p><ul><li aria-level=\"2\">An\u00e1lise e modelagem da mobilidade e acessibilidade.<\/li><li aria-level=\"2\">Modelos para an\u00e1lise comportamental.<\/li><li aria-level=\"2\">Avalia\u00e7\u00e3o de pol\u00edticas p\u00fablicas.<\/li><li aria-level=\"2\">Contribui\u00e7\u00e3o do ambiente constru\u00eddo para cidades sustent\u00e1veis: o papel do transporte (Financiamento bolsa PQ CNPq &#8211; Respons\u00e1vel <a href=\"https:\/\/sites.usp.br\/ppget\/programa\/orientadores\/#orlando-strambi\">Orlando Strambi<\/a>).<\/li><li aria-level=\"2\">Redes no transporte coletivo urbano de passageiros.<\/li><li aria-level=\"2\">Desigualdades no transporte urbano. (Financiamento FAPESP &#8211; Respons\u00e1vel <a href=\"https:\/\/sites.usp.br\/ppget\/programa\/orientadores\/#mariana-abrantes\">Mariana Giannotti<\/a>)<\/li><li aria-level=\"2\">Mapeamento do acesso ao alimento para subsidiar pol\u00edticas p\u00fablicas de seguran\u00e7a alimentar e nutricional e de combate \u00e0 fome nas cidades brasileiras. (Financiamento FAPESP &#8211; Respons\u00e1vel <a href=\"https:\/\/sites.usp.br\/ppget\/programa\/orientadores\/#liedi-legi\">Mariana Giannotti<\/a>)<\/li><li aria-level=\"2\">Avalia\u00e7\u00e3o de impacto da implanta\u00e7\u00e3o de faixas de circula\u00e7\u00e3o dedicadas aos motociclistas (faixa azul) no munic\u00edpio de S\u00e3o Paulo, por meio da incorpora\u00e7\u00e3o de big data, imagens de drone e da aplica\u00e7\u00e3o de m\u00e9todos de infer\u00eancia causal. (Financiamento FUSP\/Bloomberg Initiative for Global Road Safety- Respons\u00e1vel <a href=\"https:\/\/sites.usp.br\/ppget\/programa\/orientadores\/#mateus-humberto\">Mateus Humberto<\/a>)<\/li><li aria-level=\"2\">Centro de Ci\u00eancia de Dados para Estat\u00edsticas P\u00fablicas &#8211; CCDEP. (Financiamento FAPESP &#8211; Respons\u00e1vel no PPGET <a href=\"https:\/\/sites.usp.br\/ppget\/programa\/orientadores\/#mateus-humberto\">Mateus Humberto<\/a>, Pesquisadores <a href=\"https:\/\/sites.usp.br\/ppget\/programa\/orientadores\/#liedi-legi\">Mariana Giannotti<\/a>)<\/li><\/ul><h4><b>Log\u00edstica, Sistemas de Transporte e Distribui\u00e7\u00e3o de Cargas<\/b><\/h4><p>Planejamento de sistemas log\u00edsticos; planejamento e programa\u00e7\u00e3o de frotas; desenvolvimento e aplica\u00e7\u00e3o de modelos para otimiza\u00e7\u00e3o, simula\u00e7\u00e3o e an\u00e1lise de sistemas de transportes; planejamento, projeto e opera\u00e7\u00e3o de terminais de transportes.<\/p><ul><li aria-level=\"2\">Localiza\u00e7\u00e3o e dimensionamento de terminais e centros de distribui\u00e7\u00e3o.<\/li><li aria-level=\"2\">Modelagem de problemas ferrovi\u00e1rios.<\/li><li aria-level=\"2\">Modelagem e an\u00e1lise de sistemas log\u00edsticos e de transportes.<\/li><li aria-level=\"2\">Modelagem e an\u00e1lise do transporte a\u00e9reo.<\/li><li aria-level=\"2\">Roteiriza\u00e7\u00e3o e programa\u00e7\u00e3o de ve\u00edculos e tripula\u00e7\u00f5es.<\/li><li aria-level=\"2\">Transporte 4.0: Impactos na Log\u00edstica e Mobilidade Urbanas. (Financiamento CNPq &#8211; Respons\u00e1vel <a href=\"https:\/\/sites.usp.br\/ppget\/programa\/orientadores\/#claudio-barbieri\">Claudio Barbieri da Cunha<\/a>)<\/li><li aria-level=\"2\">CT&amp;I com Planejamento Otimizado em Nuvem para a Gest\u00e3o e Apoio a Opera\u00e7\u00e3o na Coleta de Res\u00edduos S\u00f3lidos e Varri\u00e7\u00e3o. (Financiamento CNPq &#8211; Respons\u00e1vel <a href=\"https:\/\/sites.usp.br\/ppget\/programa\/orientadores\/#mateus-humberto\">Claudio Barbieri da Cunha<\/a>)<\/li><li aria-level=\"2\">Modelagem em Planejamento de Transportes e Distribui\u00e7\u00e3o Urbana de Cargas. (Financiamento bolsa PQ CNPq &#8211; Respons\u00e1vel <a href=\"https:\/\/sites.usp.br\/ppget\/programa\/orientadores\/#mateus-humberto\">Claudio Barbieri da Cunha<\/a>)<\/li><li aria-level=\"2\">Solu\u00e7\u00e3o de Problemas Reais de Planejamento e Opera\u00e7\u00e3o de Transportes e Log\u00edstica atrav\u00e9s de M\u00e9todos Heur\u00edsticos de Otimiza\u00e7\u00e3o. (Financiamento CNPq &#8211; Respons\u00e1vel <a href=\"https:\/\/sites.usp.br\/ppget\/programa\/orientadores\/#claudio-barbieri\">Claudio Barbieri da Cunha<\/a>)<\/li><\/ul><h4><b>Transporte Ferrovi\u00e1rio<\/b><\/h4><p>Esta linha de pesquisa trata tanto de aspectos relacionados \u00e0 via permanente quanto \u00e0 ferrovia de forma mais ampla, como an\u00e1lise de materiais e componentes aplicados ao pavimento ferrovi\u00e1rio, avalia\u00e7\u00e3o do comportamento estrutural da via permanente, planejamento de sistemas ferrovi\u00e1rios com enfoque na sustentabilidade e an\u00e1lise do comportamento individual na escolha de servi\u00e7os ferrovi\u00e1rios.<\/p><ul><li aria-level=\"2\">Avalia\u00e7\u00e3o do Comportamento Mec\u00e2nico de Vias Permanentes Ferrovi\u00e1rias.<\/li><li aria-level=\"2\">C\u00e1tedra Infraestrutura Ferrovi\u00e1ria. (Financiamento Vale S.A. &#8211; Respons\u00e1vel <a href=\"https:\/\/sites.usp.br\/ppget\/programa\/orientadores\/#liedi-legi\">Liedi L\u00e9gi Bariani Bernucci<\/a>)<\/li><li aria-level=\"2\">Determina\u00e7\u00e3o do M\u00f3dulo Din\u00e2mico de Via da Estrada de Ferro Vit\u00f3ria-Minas Considerando Dormentes de A\u00e7o e de Concreto com Foco na Corre\u00e7\u00e3o Geom\u00e9trica e Limpeza do Lastro. (Financiamento Vale S.A. &#8211; Respons\u00e1vel <a href=\"https:\/\/sites.usp.br\/ppget\/programa\/orientadores\/#liedi-legi\">Liedi L\u00e9gi Bariani Bernucci<\/a>)<\/li><li aria-level=\"2\"><i>Big Data Analytics<\/i> Aplicado aos Par\u00e2metros de Vag\u00e3o Instrumentado e Carro Controle no Apoio da Gest\u00e3o de Manuten\u00e7\u00e3o de Via Permanente. (Financiamento Vale S.A. &#8211; Respons\u00e1vel <a href=\"https:\/\/sites.usp.br\/ppget\/programa\/orientadores\/#liedi-legi\">Liedi L\u00e9gi Bariani Bernucci<\/a>)<\/li><li aria-level=\"2\">Avalia\u00e7\u00e3o dos Procedimentos e da Efici\u00eancia do M\u00e9todo de Estabiliza\u00e7\u00e3o Din\u00e2mica do Lastro da EFC. (Financiamento Vale S.A. &#8211; Respons\u00e1vel <a href=\"https:\/\/sites.usp.br\/ppget\/programa\/orientadores\/#liedi-legi\">Liedi L\u00e9gi Bariani Bernucci<\/a>)<\/li><li aria-level=\"2\">Estudo de Reciclagem de Lastro Desguarnecido: Alternativas de Materiais para a Recapacita\u00e7\u00e3o de Sublastro por Meio de EGP na EFC para Aumento da Capacidade de Carga. (Financiamento Vale S.A. &#8211; Respons\u00e1vel <a href=\"https:\/\/sites.usp.br\/ppget\/programa\/orientadores\/#rosangela-dos-santos\">Ros\u00e2ngela dos Santos Motta<\/a>)<\/li><li aria-level=\"2\">Avalia\u00e7\u00e3o do uso de Coproduto de Minera\u00e7\u00e3o para Aplica\u00e7\u00e3o como Camada de Sublastro Ferrovi\u00e1rio &#8211; Estudo na Estrada de Ferro Vit\u00f3ria Minas (EFVM). (Financiamento Vale S.A. &#8211; Respons\u00e1vel <a href=\"https:\/\/sites.usp.br\/ppget\/programa\/orientadores\/#rosangela-dos-santos\">Ros\u00e2ngela dos Santos Motta<\/a>)<\/li><li aria-level=\"2\">Avalia\u00e7\u00e3o do Pavimento Ferrovi\u00e1rio da Estrada de Ferro Caraj\u00e1s (EFC): Correla\u00e7\u00e3o de Par\u00e2metros Estruturais e de Geometria da Via Permanente para Apoio \u00e0 Gest\u00e3o de Manuten\u00e7\u00e3o. (Financiamento Vale S.A. &#8211; Respons\u00e1vel <a href=\"https:\/\/sites.usp.br\/ppget\/programa\/orientadores\/#rosangela-dos-santos\">Ros\u00e2ngela dos Santos Motta<\/a>)<\/li><li aria-level=\"2\">Modelagem de Problemas Ferrovi\u00e1rios.<\/li><li aria-level=\"2\"><i>MODERN &#8211; MOdelling DEmand for Railway Networks.<\/i> (Financiamento FAPESP &#8211; Respons\u00e1vel <a href=\"https:\/\/sites.usp.br\/ppget\/programa\/orientadores\/#cassiano-augusto\">Cassiano Augusto Isler<\/a>)<\/li><\/ul><h4><b>Materiais, Mec\u00e2nica e Avalia\u00e7\u00e3o de Pavimentos<\/b><\/h4><p>Essa linha de pesquisa visa investigar o comportamento dos pavimentos, contribuindo para solu\u00e7\u00f5es inovadoras e sustent\u00e1veis que prolongam a vida \u00fatil de pavimentos. O uso de solos tropicais em pavimenta\u00e7\u00e3o, misturas asf\u00e1lticas e suas aplica\u00e7\u00f5es; estabiliza\u00e7\u00e3o de solos; cimentos e concretos em pavimenta\u00e7\u00e3o; agregados naturais e artificiais; avalia\u00e7\u00e3o de pavimentos aplicada a projeto de estrutura e de refor\u00e7os estruturais; racionaliza\u00e7\u00e3o e desenvolvimento de crit\u00e9rios de dimensionamento de pavimentos.<\/p><ul><li aria-level=\"2\">An\u00e1lise do desempenho de pavimentos de concreto com armadura cont\u00ednua. (Financiamento Votorantim Cimentos &#8211; Respons\u00e1vel <a href=\"https:\/\/sites.usp.br\/ppget\/programa\/orientadores\/#jose-tadeu\">Jos\u00e9 Tadeu Balbo<\/a>)<\/li><li aria-level=\"2\">Estudo do comportamento mec\u00e2nico e hidr\u00e1ulico de pavimentos de concreto perme\u00e1veis. (Financiamento FAPESP &#8211; Respons\u00e1vel <a href=\"https:\/\/sites.usp.br\/ppget\/programa\/orientadores\/#jose-tadeu\">Jos\u00e9 Tadeu Balbo<\/a>)<\/li><li aria-level=\"2\">Avalia\u00e7\u00e3o n\u00e3o destrutiva de estruturas de pavimentos com emprego de tomografia ultrass\u00f4nica de baixa frequ\u00eancia. (Financiamento BID Banco Interamericano de Desenvolvimento &#8211; Respons\u00e1vel <a href=\"https:\/\/sites.usp.br\/ppget\/programa\/orientadores\/#jose-tadeu\">Jos\u00e9 Tadeu Balbo<\/a>)<\/li><li aria-level=\"2\">Emprego de concreto autonivelante na pavimenta\u00e7\u00e3o urbana. (Financiamento CNPq &#8211; Respons\u00e1vel <a href=\"https:\/\/sites.usp.br\/ppget\/programa\/orientadores\/#jose-tadeu\">Jos\u00e9 Tadeu Balbo<\/a>)<\/li><li aria-level=\"2\">Avalia\u00e7\u00e3o por desempenho de ligantes e misturas asf\u00e1lticas. (Financimento ANTT\/ARTERIS &#8211; Respons\u00e1vel <a href=\"https:\/\/sites.usp.br\/ppget\/programa\/orientadores\/#kamilla-vasconcelos\">Kamilla Vasconcelos Savasini<\/a>)<\/li><li aria-level=\"2\">Avalia\u00e7\u00e3o de pavimentos e estudo de indicadores de desempenho de pavimentos rodovi\u00e1rios e urbanos.<\/li><li aria-level=\"2\">Dimensionamento e reabilita\u00e7\u00e3o de estruturas de pavimentos rodovi\u00e1rios e urbanos.<\/li><li aria-level=\"2\">Access 4 Future &#8211; Avalia\u00e7\u00e3o de Concreto Asf\u00e1ltico para Emprego Futuro em Rodovias e Ferrovias. (Financiamento USP COFECUB &#8211; Respons\u00e1vel <a href=\"https:\/\/sites.usp.br\/ppget\/programa\/orientadores\/#rosangela-dos-santos\">Ros\u00e2ngela dos Santos Motta<\/a>)<\/li><\/ul><h4><b>Seguran\u00e7a vi\u00e1ria, Projetos e Opera\u00e7\u00e3o de Vias de Transporte e ITS<\/b><\/h4><p>Pesquisas associadas \u00e0 seguran\u00e7a vi\u00e1ria sob as perspectivas da infraestrutura e do planejamento de transportes. Aplica\u00e7\u00e3o de tecnologias de computa\u00e7\u00e3o e telecomunica\u00e7\u00f5es no setor de transportes, visando mostrar &#8211; por simula\u00e7\u00e3o computacional &#8211;\u00a0 novas funcionalidades na\u00a0 opera\u00e7\u00e3o do transporte p\u00fablico e do tr\u00e1fego em geral.<\/p><ul><li aria-level=\"2\">Seguran\u00e7a vi\u00e1ria e uso de bicicletas compartilhadas na Am\u00e9rica latina: estudo piloto utilizando sensores inteligentes embarcados.<\/li><li aria-level=\"2\">Caracter\u00edsticas f\u00edsicas, operacionais e de manuten\u00e7\u00e3o de sistemas vi\u00e1rios.<\/li><li aria-level=\"2\">Caracter\u00edsticas geom\u00e9tricas de rodovias e vias urbanas.\u00a0<\/li><li aria-level=\"2\">Avalia\u00e7\u00e3o t\u00e9cnica e de durabilidade de sinaliza\u00e7\u00e3o horizontal de rodovias. (Financiamento ANTT\/ARTERIS &#8211; Respons\u00e1vel <a href=\"https:\/\/sites.usp.br\/ppget\/programa\/orientadores\/#liedi-legi\">Liedi L\u00e9gi Bariani Bernucci<\/a>)<\/li><li aria-level=\"2\">Rela\u00e7\u00e3o das caracter\u00edsticas geom\u00e9tricas e da superf\u00edcie do pavimento com a seguran\u00e7a vi\u00e1ria. (Financiamento ANTT\/ARTERIS &#8211; Respons\u00e1vel <a href=\"https:\/\/sites.usp.br\/ppget\/programa\/orientadores\/#liedi-legi\">Liedi L\u00e9gi Bariani Bernucci<\/a>)<\/li><li aria-level=\"2\">ITS na opera\u00e7\u00e3o de sistemas de transportes urbanos em cidades inteligentes.<\/li><li aria-level=\"2\">ITS em modelos de concess\u00e3o de infraestruturas de transportes interurbanos.<\/li><\/ul><h4><b>Geodesia, Topografia e Cartografia<\/b><\/h4><p>Posicionamento por sat\u00e9lite (GNSS) e outros sensores; redes ativas e passivas; estudo da ionosfera atrav\u00e9s do GNSS; monitoramento de estruturas de engenharia; superf\u00edcies de refer\u00eancia, modelos geoidais e monitoramento do n\u00edvel m\u00e9dio do mar. Estabelecimento do referencial altim\u00e9trico e gravim\u00e9trico (IHRF-International Height Reference Frame e ITGRF-International Terrestrial Gravity Reference Frame) na Am\u00e9rica Latina; produ\u00e7\u00e3o e controle de qualidade de bases cartogr\u00e1ficas; aerofotogrametria por drone; sensoriamento remoto e cartografia digital aplicada ao transporte.<\/p><ul><li aria-level=\"2\">Tecnologias para estimativa das emiss\u00f5es de gases causadores do efeito estufa (GEE) com uso do GNSS e outros sensores. (Respons\u00e1vel <a href=\"https:\/\/sites.usp.br\/ppget\/programa\/orientadores\/#flavio-guilherme\" target=\"_blank\" rel=\"noopener\">Flavio Guilherme Vaz de Almeida Filho<\/a>)<\/li><li aria-level=\"2\">Monitoramento de estruturas do sistema de transporte atrav\u00e9s de GNSS e outros sensores. (Respons\u00e1vel\u00a0<a href=\"https:\/\/sites.usp.br\/ppget\/programa\/orientadores\/#edvaldo-simoes\" target=\"_blank\" rel=\"noopener\">Edvaldo Sim\u00f5es da Fonseca Jr.<\/a>)<\/li><li aria-level=\"2\">Determina\u00e7\u00e3o de modelos geoidais: regional, nacional e continental. (Respons\u00e1vel\u00a0<a href=\"https:\/\/sites.usp.br\/ppget\/programa\/orientadores\/#denizar-blitzkow\" target=\"_blank\" rel=\"noopener\">Denizar Blitzkow<\/a>)<\/li><li aria-level=\"2\">Referenciais (gravim\u00e9trico, altim\u00e9trico e planim\u00e9trico).\u00a0(Respons\u00e1vel\u00a0<a href=\"https:\/\/sites.usp.br\/ppget\/programa\/orientadores\/#denizar-blitzkow\" target=\"_blank\" rel=\"noopener\">Denizar Blitzkow<\/a>)<\/li><li aria-level=\"2\">Modelagem digital de terrenos e suas aplica\u00e7\u00f5es no transporte. (Respons\u00e1vel <a href=\"https:\/\/sites.usp.br\/ppget\/programa\/orientadores\/#jorge-pimentel\" target=\"_blank\" rel=\"noopener\">Jorge Pimentel Cintra<\/a>)<\/li><li aria-level=\"2\">Produ\u00e7\u00e3o cartogr\u00e1fica e seu controle de qualidade aplicado ao transporte.(Respons\u00e1vel <a href=\"https:\/\/sites.usp.br\/ppget\/programa\/orientadores\/#jorge-pimentel\" target=\"_blank\" rel=\"noopener\">Jorge Pimentel Cintra<\/a>)<\/li><\/ul>\t\t\t\t\t\t<\/div>\n\t\t\t\t<\/div>\n\t\t\t\t\t<\/div>\n\t\t<\/div>\n\t\t\t\t\t<\/div>\n\t\t<\/section>\n\t\t\t\t<\/div>\n\t\t","protected":false},"excerpt":{"rendered":"<p>O PPGET est\u00e1 vinculado ao Departamento de Engenharias de Transportes da Escola Polit\u00e9cnica da Universidade de S\u00e3o Paulo, que administrativamente est\u00e1 organizado em tr\u00eas \u00eanfases da Engenharia de Transportes: Infraestrutura de Transportes, Planejamento e&#46;&#46;&#46;<\/p>\n","protected":false},"author":24123,"featured_media":0,"parent":2871,"menu_order":3,"comment_status":"closed","ping_status":"closed","template":"","meta":{"_monsterinsights_skip_tracking":false,"_monsterinsights_sitenote_active":false,"_monsterinsights_sitenote_note":"","_monsterinsights_sitenote_category":0,"footnotes":"","_links_to":"","_links_to_target":""},"class_list":["post-2874","page","type-page","status-publish","hentry"],"_links":{"self":[{"href":"https:\/\/sites.usp.br\/ppget\/wp-json\/wp\/v2\/pages\/2874","targetHints":{"allow":["GET"]}}],"collection":[{"href":"https:\/\/sites.usp.br\/ppget\/wp-json\/wp\/v2\/pages"}],"about":[{"href":"https:\/\/sites.usp.br\/ppget\/wp-json\/wp\/v2\/types\/page"}],"author":[{"embeddable":true,"href":"https:\/\/sites.usp.br\/ppget\/wp-json\/wp\/v2\/users\/24123"}],"replies":[{"embeddable":true,"href":"https:\/\/sites.usp.br\/ppget\/wp-json\/wp\/v2\/comments?post=2874"}],"version-history":[{"count":4,"href":"https:\/\/sites.usp.br\/ppget\/wp-json\/wp\/v2\/pages\/2874\/revisions"}],"predecessor-version":[{"id":4331,"href":"https:\/\/sites.usp.br\/ppget\/wp-json\/wp\/v2\/pages\/2874\/revisions\/4331"}],"up":[{"embeddable":true,"href":"https:\/\/sites.usp.br\/ppget\/wp-json\/wp\/v2\/pages\/2871"}],"wp:attachment":[{"href":"https:\/\/sites.usp.br\/ppget\/wp-json\/wp\/v2\/media?parent=2874"}],"curies":[{"name":"wp","href":"https:\/\/api.w.org\/{rel}","templated":true}]}}