{"id":2876,"date":"2024-09-09T13:54:48","date_gmt":"2024-09-09T16:54:48","guid":{"rendered":"https:\/\/sites.usp.br\/ppget\/?page_id=2876"},"modified":"2025-12-18T11:50:31","modified_gmt":"2025-12-18T14:50:31","slug":"disciplinas","status":"publish","type":"page","link":"https:\/\/sites.usp.br\/ppget\/programa\/disciplinas\/","title":{"rendered":"Disciplinas"},"content":{"rendered":"\t\t<div data-elementor-type=\"wp-page\" data-elementor-id=\"2876\" class=\"elementor elementor-2876\" data-elementor-post-type=\"page\">\n\t\t\t\t\t\t<section class=\"elementor-section elementor-top-section elementor-element elementor-element-41e51c56 elementor-section-boxed elementor-section-height-default elementor-section-height-default\" data-id=\"41e51c56\" data-element_type=\"section\">\n\t\t\t\t\t\t<div class=\"elementor-container elementor-column-gap-default\">\n\t\t\t\t\t<div class=\"elementor-column elementor-col-100 elementor-top-column elementor-element elementor-element-f4cb768\" data-id=\"f4cb768\" data-element_type=\"column\">\n\t\t\t<div class=\"elementor-widget-wrap elementor-element-populated\">\n\t\t\t\t\t\t<div class=\"elementor-element elementor-element-5249938c elementor-widget elementor-widget-text-editor\" data-id=\"5249938c\" data-element_type=\"widget\" data-widget_type=\"text-editor.default\">\n\t\t\t\t<div class=\"elementor-widget-container\">\n\t\t\t\t\t\t\t<p style=\"text-align: left;\">Na tabela abaixo est\u00e3o\u00a0 as disciplinas oferecidas pelo PPGET.<\/p><p style=\"text-align: left;\">As ementas de cada disciplina podem ser visualizadas ao clicar no nome da disciplina ou numa lista completa <a href=\"https:\/\/uspdigital.usp.br\/janus\/componente\/catalogoDisciplinasInicial.jsf?action=4&amp;tipo=D&amp;codcpg=3\">aqui<\/a> (clicando em &#8220;3138 &#8211; Engenharia de Transportes&#8221;).<\/p><p>Para saber o dia e hor\u00e1rio das aulas, assim como o local onde ser\u00e3o ministradas, acesse o sistema Janus\/Acesso p\u00fablico\/ <strong><span style=\"color: #3366ff;\"><a style=\"color: #3366ff;\" href=\"https:\/\/uspdigital.usp.br\/janus\/componente\/disciplinasOferecidasInicial.jsf?action=2&amp;codcpg=3&amp;codare=3138\" target=\"_blank\" rel=\"noopener\">disciplinas oferecidas<\/a><\/span><\/strong>.<\/p><hr \/><table class=\" aligncenter\" style=\"border-collapse: collapse; width: 81.7033%; height: 1223px;\"><tbody><tr style=\"height: 48px;\"><td style=\"width: 8.51597%; text-align: center; height: 48px;\"><strong>C\u00f3digo<\/strong><\/td><td style=\"width: 37.4142%; text-align: center; height: 48px;\"><strong>Nome<\/strong><\/td><td style=\"width: 35.7819%; text-align: center; height: 48px;\"><strong>Docente(s) Respons\u00e1vel(eis)<\/strong><\/td><td style=\"width: 20.7146%; text-align: center; height: 48px;\"><strong>Observa\u00e7\u00f5es<\/strong><\/td><\/tr><tr style=\"height: 72px;\"><td style=\"width: 8.51597%; text-align: center; height: 72px;\"><strong>PTR5001<\/strong><\/td><td style=\"width: 37.4142%; text-align: center; height: 72px;\"><a class=\"link_gray\" href=\"https:\/\/uspdigital.usp.br\/janus\/publico\/disciplina\/C\/PTR5001\" target=\"_parent\">Desenvolvimento e Implementa\u00e7\u00e3o de Algoritmos e Heur\u00edsticas Aplicados a Problemas de Transportes e Log\u00edstica<\/a><\/td><td style=\"width: 35.7819%; text-align: center; height: 72px;\"><p class=\"info\"><a href=\"https:\/\/sites.usp.br\/ppget\/programa\/orientadores\/#claudio-barbieri\">Claudio Barbieri da Cunha<\/a><\/p><\/td><td style=\"width: 20.7146%; text-align: center; height: 72px;\">Presencial<\/td><\/tr><tr style=\"height: 96px;\"><td style=\"width: 8.51597%; height: 96px; text-align: center;\"><strong>PTR5003<\/strong><\/td><td style=\"width: 37.4142%; height: 96px; text-align: center;\"><a class=\"link_gray\" href=\"https:\/\/uspdigital.usp.br\/janus\/publico\/disciplina\/C\/PTR5003\" target=\"_parent\">Fundamentos de Informa\u00e7\u00f5es Espaciais<\/a><\/td><td style=\"width: 35.7819%; height: 96px; text-align: center;\"><p class=\"info\"><a href=\"https:\/\/sites.usp.br\/ppget\/programa\/orientadores\/#edvaldo-simoes\" target=\"_blank\" rel=\"noopener noreferrer\">Edvaldo Sim\u00f5es da Fonseca Junior<\/a><\/p><p class=\"info\"><a href=\"https:\/\/sites.usp.br\/ppget\/programa\/orientadores\/#claudio-luiz\">Claudio Luiz Marte<\/a><\/p><p class=\"info\"><a href=\"https:\/\/sites.usp.br\/ppget\/programa\/orientadores\/#flavio-guilherme\" target=\"_blank\" rel=\"noopener noreferrer\">Flavio Guilherme Vaz de Almeida Filho<\/a><\/p><\/td><td style=\"width: 20.7146%; height: 96px; text-align: center;\">Presencial<\/td><\/tr><tr style=\"height: 56px;\"><td style=\"width: 8.51597%; text-align: center; height: 56px;\"><strong>PTR5005<\/strong><\/td><td style=\"width: 37.4142%; height: 56px; text-align: center;\"><a class=\"link_gray\" href=\"https:\/\/uspdigital.usp.br\/janus\/publico\/disciplina\/C\/PTR5005\" target=\"_parent\">Evolu\u00e7\u00e3o da T\u00e9cnica Cartogr\u00e1fica<\/a><\/td><td style=\"width: 35.7819%; text-align: center; height: 56px;\"><p class=\"info\"><a href=\"https:\/\/sites.usp.br\/ppget\/programa\/orientadores\/#jorge-pimentel\" target=\"_blank\" rel=\"noopener noreferrer\">Jorge Pimentel Cintra<\/a><\/p><\/td><td style=\"width: 20.7146%; text-align: center; height: 56px;\">Presencial<\/td><\/tr><tr style=\"height: 56px;\"><td style=\"width: 8.51597%; height: 56px; text-align: center;\"><strong>PTR5006<\/strong><\/td><td style=\"width: 37.4142%; height: 56px; text-align: center;\"><a class=\"link_gray\" href=\"https:\/\/uspdigital.usp.br\/janus\/publico\/disciplina\/C\/PTR5006\" target=\"_parent\">Materiais de Pavimenta\u00e7\u00e3o: Solos, Agregados, Materiais Reciclados e Misturas Estabilizadas<\/a><\/td><td style=\"width: 35.7819%; height: 56px; text-align: center;\"><a href=\"https:\/\/sites.usp.br\/ppget\/programa\/orientadores\/#liedi-legi\" target=\"_blank\" rel=\"noopener noreferrer\">Liedi L\u00e9gi Bariani Bernucci<\/a><\/td><td style=\"width: 20.7146%; height: 56px; text-align: center;\">Presencial<\/td><\/tr><tr style=\"height: 96px;\"><td style=\"width: 8.51597%; text-align: center; height: 96px;\"><strong>PTR5007<\/strong><\/td><td style=\"width: 37.4142%; height: 96px; text-align: center;\"><a class=\"link_gray\" href=\"https:\/\/uspdigital.usp.br\/janus\/publico\/disciplina\/C\/PTR5007\" target=\"_parent\">Revestimentos Asf\u00e1lticos para Pavimentos<\/a><\/td><td style=\"width: 35.7819%; text-align: center; height: 96px;\"><a href=\"https:\/\/sites.usp.br\/ppget\/programa\/orientadores\/#liedi-legi\" target=\"_blank\" rel=\"noopener noreferrer\">Liedi L\u00e9gi Bariani Bernucci<\/a><\/td><td style=\"width: 20.7146%; text-align: center; height: 96px;\">Presencial<\/td><\/tr><tr style=\"height: 80px;\"><td style=\"width: 8.51597%; text-align: center; height: 80px;\"><strong>PTR5725<\/strong><\/td><td style=\"width: 37.4142%; height: 80px; text-align: center;\"><a class=\"link_gray\" href=\"https:\/\/uspdigital.usp.br\/janus\/publico\/disciplina\/C\/PTR5725\" target=\"_parent\">T\u00f3picos Avan\u00e7ados de Projeto Geom\u00e9trico de Vias Rurais e Urbanas<\/a><\/td><td style=\"width: 35.7819%; text-align: center; height: 80px;\"><p><a href=\"https:\/\/sites.usp.br\/ppget\/programa\/orientadores\/#felipe-issa\" target=\"_blank\" rel=\"noopener noreferrer\">Felipe Issa Kabbach Junior<\/a><\/p><p><a href=\"https:\/\/sites.usp.br\/ppget\/programa\/orientadores\/#laura-mazzoni\" target=\"_blank\" rel=\"noopener\">Laura Nascimento Mazzoni<\/a><\/p><\/td><td style=\"width: 20.7146%; text-align: center; height: 80px;\">Presencial<\/td><\/tr><tr style=\"height: 56px;\"><td style=\"width: 8.51597%; text-align: center; height: 56px;\"><strong>PTR5732<\/strong><\/td><td style=\"width: 37.4142%; height: 56px; text-align: center;\"><a class=\"link_gray\" href=\"https:\/\/uspdigital.usp.br\/janus\/publico\/disciplina\/C\/PTR5732\" target=\"_parent\">An\u00e1lise e Avalia\u00e7\u00e3o de Sistemas de Transportes<\/a><\/td><td style=\"width: 35.7819%; text-align: center; height: 56px;\"><p class=\"info\"><a href=\"https:\/\/sites.usp.br\/ppget\/programa\/orientadores\/#claudio-barbieri\">Claudio Barbieri da Cunha<\/a><\/p><p class=\"info\"><a href=\"https:\/\/sites.usp.br\/ppget\/programa\/orientadores\/#cassiano-augusto\" target=\"_blank\" rel=\"noopener noreferrer\">Cassiano Augusto Isler<\/a><\/p><p class=\"info\"><a href=\"https:\/\/sites.usp.br\/ppget\/programa\/orientadores\/#mateus-humberto\" target=\"_blank\" rel=\"noopener\">Mateus Humberto de Andrade<\/a><\/p><\/td><td style=\"width: 20.7146%; text-align: center; height: 56px;\">Presencial<\/td><\/tr><tr style=\"height: 56px;\"><td style=\"width: 8.51597%; text-align: center; height: 56px;\"><strong>PTR5744<\/strong><\/td><td style=\"width: 37.4142%; height: 56px; text-align: center;\"><a class=\"link_gray\" href=\"https:\/\/uspdigital.usp.br\/janus\/publico\/disciplina\/C\/PTR5744\" target=\"_parent\">Pesquisa Operacional Aplicada ao Planejamento de Transportes<\/a><\/td><td style=\"text-align: center; width: 35.7819%; height: 56px;\" align=\"left\"><a href=\"https:\/\/sites.usp.br\/ppget\/programa\/orientadores\/#claudio-barbieri\">Claudio Barbieri da Cunha<\/a><\/td><td style=\"width: 20.7146%; text-align: center; height: 56px;\">Presencial<\/td><\/tr><tr style=\"height: 24px;\"><td style=\"width: 8.51597%; height: 24px; text-align: center;\"><strong>PTR5748<\/strong><\/td><td style=\"width: 37.4142%; height: 24px; text-align: center;\"><a class=\"link_gray\" href=\"https:\/\/uspdigital.usp.br\/janus\/publico\/disciplina\/C\/PTR5748\" target=\"_parent\">Drenagem de Estradas e Aeroportos<\/a><\/td><td style=\"text-align: center; width: 35.7819%; height: 24px;\" align=\"left\"><a href=\"https:\/\/sites.usp.br\/ppget\/programa\/orientadores\/#calos-yukio\" target=\"_blank\" rel=\"noopener noreferrer\">Carlos Yukio Suzuki<\/a><\/td><td style=\"width: 20.7146%; text-align: center; height: 24px;\">Presencial<\/td><\/tr><tr style=\"height: 24px;\"><td style=\"width: 8.51597%; height: 24px; text-align: center;\"><strong>PTR5754<\/strong><\/td><td style=\"width: 37.4142%; height: 24px; text-align: center;\"><a class=\"link_gray\" href=\"https:\/\/uspdigital.usp.br\/janus\/publico\/disciplina\/C\/PTR5754\" target=\"_parent\">Modelagem Digital de Terrenos<\/a><\/td><td style=\"text-align: center; width: 35.7819%; height: 24px;\"><a href=\"https:\/\/sites.usp.br\/ppget\/programa\/orientadores\/#jorge-pimentel\" target=\"_blank\" rel=\"noopener noreferrer\">Jorge Pimentel Cintra<\/a><\/td><td style=\"width: 20.7146%; text-align: center; height: 24px;\">Presencial<\/td><\/tr><tr style=\"height: 24px;\"><td style=\"width: 8.51597%; height: 23px; text-align: center;\"><strong>PTR5776<\/strong><\/td><td style=\"width: 37.4142%; height: 23px; text-align: center;\"><a class=\"link_gray\" href=\"https:\/\/uspdigital.usp.br\/janus\/publico\/disciplina\/C\/PTR5776\" target=\"_parent\">Fundamentos de Geod\u00e9sia<\/a><\/td><td style=\"width: 35.7819%; height: 23px; text-align: center;\"><a href=\"https:\/\/sites.usp.br\/ppget\/programa\/orientadores\/#denizar-blitzkow\" target=\"_blank\" rel=\"noopener noreferrer\">Denizar Blitzkow<\/a><\/td><td style=\"width: 20.7146%; height: 23px; text-align: center;\">Presencial<\/td><\/tr><tr style=\"height: 24px;\"><td style=\"width: 8.51597%; height: 24px; text-align: center;\"><strong>PTR5781<\/strong><\/td><td style=\"width: 37.4142%; height: 24px; text-align: center;\"><a class=\"link_gray\" href=\"https:\/\/uspdigital.usp.br\/janus\/publico\/disciplina\/C\/PTR5781\" target=\"_parent\">Posicionamento Geod\u00e9sico por Sat\u00e9lite e suas Aplica\u00e7\u00f5es em Engenharia<\/a><\/td><td style=\"width: 35.7819%; height: 24px; text-align: center;\"><a href=\"https:\/\/sites.usp.br\/ppget\/programa\/orientadores\/#edvaldo-simoes\" target=\"_blank\" rel=\"noopener noreferrer\">Edvaldo Sim\u00f5es da Fonseca Junior<\/a><\/td><td style=\"width: 20.7146%; height: 24px; text-align: center;\">Presencial<\/td><\/tr><tr style=\"height: 24px;\"><td style=\"width: 8.51597%; height: 24px; text-align: center;\"><strong>PTR5782<\/strong><\/td><td style=\"width: 37.4142%; height: 24px; text-align: center;\"><a class=\"link_gray\" href=\"https:\/\/uspdigital.usp.br\/janus\/publico\/disciplina\/C\/PTR5782\" target=\"_parent\">M\u00e9todos de Ajustamento em Geod\u00e9sia e Topografia<\/a><\/td><td style=\"width: 35.7819%; text-align: center; height: 24px;\"><a href=\"https:\/\/sites.usp.br\/ppget\/programa\/orientadores\/#denizar-blitzkow\" target=\"_blank\" rel=\"noopener noreferrer\">Denizar Blitzkow<\/a><\/td><td style=\"width: 20.7146%; text-align: center; height: 24px;\">Presencial<\/td><\/tr><tr style=\"height: 24px;\"><td style=\"width: 8.51597%; height: 24px; text-align: center;\"><strong>PTR5788<\/strong><\/td><td style=\"width: 37.4142%; height: 24px; text-align: center;\"><a class=\"link_gray\" href=\"https:\/\/uspdigital.usp.br\/janus\/publico\/disciplina\/C\/PTR5788\" target=\"_parent\">Cartografia Digital<\/a><\/td><td style=\"width: 35.7819%; height: 24px; text-align: center;\"><a href=\"https:\/\/sites.usp.br\/ppget\/programa\/orientadores\/#jorge-pimentel\" target=\"_blank\" rel=\"noopener noreferrer\">Jorge Pimentel Cintra<\/a><\/td><td style=\"width: 20.7146%; height: 24px; text-align: center;\">Presencial<\/td><\/tr><tr style=\"height: 24px;\"><td style=\"width: 8.51597%; height: 24px; text-align: center;\"><strong>PTR5789<\/strong><\/td><td style=\"width: 37.4142%; height: 24px; text-align: center;\"><a class=\"link_gray\" href=\"https:\/\/uspdigital.usp.br\/janus\/publico\/disciplina\/C\/PTR5789\" target=\"_parent\">Planejamento de Transportes Urbanos<\/a><\/td><td style=\"width: 35.7819%; height: 24px; text-align: center;\"><p class=\"info\"><a href=\"https:\/\/sites.usp.br\/ppget\/programa\/orientadores\/#orlando-strambi\" target=\"_blank\" rel=\"noopener noreferrer\">Orlando Strambi<\/a><\/p><p class=\"info\"><a href=\"https:\/\/sites.usp.br\/ppget\/programa\/orientadores\/#cassiano-augusto\" target=\"_blank\" rel=\"noopener noreferrer\">Cassiano Augusto Isler<\/a><\/p><\/td><td style=\"width: 20.7146%; height: 24px; text-align: center;\">Presencial<\/td><\/tr><tr style=\"height: 56px;\"><td style=\"width: 8.51597%; height: 56px; text-align: center;\"><strong>PTR5793<\/strong><\/td><td style=\"width: 37.4142%; height: 56px; text-align: center;\"><a class=\"link_gray\" href=\"https:\/\/uspdigital.usp.br\/janus\/publico\/disciplina\/C\/PTR5793\" target=\"_parent\">Pavimentos de Concreto de Cimento Portland<\/a><\/td><td style=\"width: 35.7819%; text-align: center; height: 56px;\"><p class=\"info\"><a href=\"https:\/\/sites.usp.br\/ppget\/programa\/orientadores\/#jose-tadeu\" target=\"_blank\" rel=\"noopener noreferrer\">Jos\u00e9 Tadeu Balbo<\/a><\/p><\/td><td style=\"width: 20.7146%; text-align: center; height: 56px;\">Presencial<\/td><\/tr><tr style=\"height: 24px;\"><td style=\"width: 8.51597%; height: 24px; text-align: center;\"><strong>PTR5795<\/strong><\/td><td style=\"width: 37.4142%; height: 24px; text-align: center;\"><a class=\"link_gray\" href=\"https:\/\/uspdigital.usp.br\/janus\/publico\/disciplina\/C\/PTR5795\" target=\"_parent\">Manuten\u00e7\u00e3o e Reabilita\u00e7\u00e3o de Pavimentos Asf\u00e1lticos<\/a><\/td><td style=\"width: 35.7819%; height: 24px; text-align: center;\"><a href=\"https:\/\/sites.usp.br\/ppget\/programa\/orientadores\/#calos-yukio\" target=\"_blank\" rel=\"noopener noreferrer\">Carlos Yukio Suzuki<\/a><\/td><td style=\"width: 20.7146%; height: 24px; text-align: center;\">Presencial<\/td><\/tr><tr style=\"height: 24px;\"><td style=\"width: 8.51597%; height: 24px; text-align: center;\"><strong>PTR5797<\/strong><\/td><td style=\"width: 37.4142%; height: 24px; text-align: center;\"><a class=\"link_gray\" href=\"https:\/\/uspdigital.usp.br\/janus\/publico\/disciplina\/C\/PTR5797\" target=\"_parent\">Conceitos F\u00edsicos da Geodesia<\/a><\/td><td style=\"width: 35.7819%; text-align: center; height: 24px;\"><a href=\"https:\/\/sites.usp.br\/ppget\/programa\/orientadores\/#denizar-blitzkow\" target=\"_blank\" rel=\"noopener noreferrer\">Denizar Blitzkow<\/a><\/td><td style=\"width: 20.7146%; text-align: center; height: 24px;\">Presencial<\/td><\/tr><tr style=\"height: 24px;\"><td style=\"width: 8.51597%; height: 24px; text-align: center;\"><strong>PTR5798<\/strong><\/td><td style=\"width: 37.4142%; height: 24px; text-align: center;\"><a class=\"link_gray\" href=\"https:\/\/uspdigital.usp.br\/janus\/publico\/disciplina\/C\/PTR5798\" target=\"_parent\">Mec\u00e2nica de Pavimentos<\/a><\/td><td style=\"width: 35.7819%; height: 24px; text-align: center;\"><a href=\"https:\/\/sites.usp.br\/ppget\/programa\/orientadores\/#jose-tadeu\" target=\"_blank\" rel=\"noopener noreferrer\">Jos\u00e9 Tadeu Balbo<\/a><\/td><td style=\"width: 20.7146%; height: 24px; text-align: center;\">Presencial<\/td><\/tr><tr style=\"height: 48px;\"><td style=\"width: 8.51597%; height: 48px; text-align: center;\"><strong>PTR5916<\/strong><\/td><td style=\"width: 37.4142%; height: 48px; text-align: center;\"><a class=\"link_gray\" href=\"https:\/\/uspdigital.usp.br\/janus\/publico\/disciplina\/C\/PTR5916\" target=\"_parent\">Caracteriza\u00e7\u00e3o Avan\u00e7ada e Modelos de Previs\u00e3o de Comportamento de Materiais Asf\u00e1lticos<\/a><\/td><td style=\"width: 35.7819%; text-align: center; height: 48px;\"><a href=\"https:\/\/sites.usp.br\/ppget\/programa\/orientadores\/#kamilla-vasconcelos\" target=\"_blank\" rel=\"noopener noreferrer\">Kamilla Vasconcelos Savasini<\/a><\/td><td style=\"width: 20.7146%; text-align: center; height: 48px;\">Presencial<\/td><\/tr><tr style=\"height: 24px;\"><td style=\"width: 8.51597%; height: 24px; text-align: center;\"><strong>PTR5917<\/strong><\/td><td style=\"width: 37.4142%; height: 24px; text-align: center;\"><a class=\"link_gray\" href=\"https:\/\/uspdigital.usp.br\/janus\/publico\/disciplina\/C\/PTR5917\" target=\"_parent\">Sistemas Inteligentes de Transporte (ITS)<\/a><\/td><td style=\"width: 35.7819%; height: 24px; text-align: center;\"><a href=\"https:\/\/sites.usp.br\/ppget\/programa\/orientadores\/#claudio-luiz\" target=\"_blank\" rel=\"noopener noreferrer\">Claudio Luiz Marte<\/a><\/td><td style=\"width: 20.7146%; height: 24px; text-align: center;\">Presencial<\/td><\/tr><tr style=\"height: 24px;\"><td style=\"width: 8.51597%; height: 24px; text-align: center;\"><strong>PTR5919<\/strong><\/td><td style=\"width: 37.4142%; height: 24px; text-align: center;\"><a class=\"link_gray\" href=\"https:\/\/uspdigital.usp.br\/janus\/publico\/disciplina\/C\/PTR5919\" target=\"_parent\">Aspectos Geomec\u00e2nicos em Infraestrutura Ferrovi\u00e1ria<\/a><\/td><td style=\"width: 35.7819%; text-align: center; height: 24px;\"><a href=\"https:\/\/sites.usp.br\/ppget\/programa\/orientadores\/#rosangela-dos-santos\">Ros\u00e2ngela dos Santos Motta<\/a><\/td><td style=\"width: 20.7146%; text-align: center; height: 24px;\">Presencial<\/td><\/tr><tr style=\"height: 24px;\"><td style=\"width: 8.51597%; height: 24px; text-align: center;\"><strong>PTR5920<\/strong><\/td><td style=\"width: 37.4142%; height: 24px; text-align: center;\"><a class=\"link_gray\" href=\"https:\/\/uspdigital.usp.br\/janus\/publico\/disciplina\/C\/PTR5920\" target=\"_parent\">An\u00e1lise Mecanicista de Estruturas de Pavimentos<\/a><\/td><td style=\"width: 35.7819%; text-align: center; height: 24px;\"><a href=\"https:\/\/sites.usp.br\/ppget\/programa\/orientadores\/#jose-tadeu\" target=\"_blank\" rel=\"noopener noreferrer\">Jos\u00e9 Tadeu Balbo<\/a><\/td><td style=\"width: 20.7146%; text-align: center; height: 24px;\">Presencial<\/td><\/tr><tr style=\"height: 24px;\"><td style=\"width: 8.51597%; height: 24px; text-align: center;\"><strong>PTR5923<\/strong><\/td><td style=\"width: 37.4142%; height: 24px; text-align: center;\"><a class=\"link_gray\" href=\"https:\/\/uspdigital.usp.br\/janus\/publico\/disciplina\/C\/PTR5923\" target=\"_parent\">Tecnologias de Rastreamento de Ve\u00edculos<\/a><\/td><td style=\"width: 35.7819%; text-align: center; height: 24px;\"><a href=\"https:\/\/sites.usp.br\/ppget\/programa\/orientadores\/#flavio-guilherme\" target=\"_blank\" rel=\"noopener noreferrer\">Flavio Guilherme Vaz de Almeida Filho<\/a><\/td><td style=\"width: 20.7146%; text-align: center; height: 24px;\">Presencial<\/td><\/tr><tr style=\"height: 48px;\"><td style=\"width: 8.51597%; height: 48px; text-align: center;\"><strong>PTR5926<\/strong><\/td><td style=\"width: 37.4142%; height: 48px; text-align: center;\"><a class=\"link_gray\" href=\"https:\/\/uspdigital.usp.br\/janus\/publico\/disciplina\/C\/PTR5926\" target=\"_parent\">Equil\u00edbrio Demanda-Oferta na Engenharia de Transportes<\/a><\/td><td style=\"width: 35.7819%; text-align: center; height: 48px;\"><a href=\"https:\/\/sites.usp.br\/ppget\/programa\/orientadores\/#cassiano-augusto\" target=\"_blank\" rel=\"noopener noreferrer\">Cassiano Augusto Isler<\/a><\/td><td style=\"width: 20.7146%; text-align: center; height: 48px;\">Presencial<\/td><\/tr><tr style=\"height: 24px;\"><td style=\"width: 8.51597%; height: 24px; text-align: center;\"><strong>PTR5927<\/strong><\/td><td style=\"width: 37.4142%; height: 24px; text-align: center;\"><a class=\"link_gray\" href=\"https:\/\/uspdigital.usp.br\/janus\/publico\/disciplina\/C\/PTR5927\" target=\"_parent\">An\u00e1lises Espaciais em Engenharia de Transportes<\/a><\/td><td style=\"width: 35.7819%; text-align: center; height: 24px;\"><p><a href=\"https:\/\/sites.usp.br\/ppget\/programa\/orientadores\/#mariana-abrantes\" target=\"_blank\" rel=\"noopener noreferrer\">Mariana Abrantes Giannotti<\/a><\/p><p><a href=\"https:\/\/sites.usp.br\/ppget\/programa\/orientadores\/#diego-bogado\" target=\"_blank\" rel=\"noopener\">Diego Bogado Tomasiello<\/a><\/p><\/td><td style=\"width: 20.7146%; text-align: center; height: 24px;\">Presencial<\/td><\/tr><tr style=\"height: 24px;\"><td style=\"width: 8.51597%; height: 24px; text-align: center;\"><strong>PTR5928<\/strong><\/td><td style=\"width: 37.4142%; height: 24px; text-align: center;\"><a class=\"link_gray\" href=\"https:\/\/uspdigital.usp.br\/janus\/publico\/disciplina\/C\/PTR5928\" target=\"_parent\">Pavimentos Urbanos em Concreto Perme\u00e1vel<\/a><\/td><td style=\"width: 35.7819%; text-align: center; height: 24px;\"><a href=\"https:\/\/sites.usp.br\/ppget\/programa\/orientadores\/#jose-tadeu\" target=\"_blank\" rel=\"noopener noreferrer\">Jos\u00e9 Tadeu Balbo<\/a><\/td><td style=\"width: 20.7146%; text-align: center; height: 24px;\">Presencial<\/td><\/tr><tr style=\"height: 24px;\"><td style=\"width: 8.51597%; height: 24px; text-align: center;\"><strong>PTR5929<\/strong><\/td><td style=\"width: 37.4142%; height: 24px; text-align: center;\"><a class=\"link_gray\" href=\"https:\/\/uspdigital.usp.br\/janus\/publico\/disciplina\/C\/PTR5929\" target=\"_parent\">Psicometria Computacional aplicada \u00e0 Engenharia<\/a><\/td><td style=\"width: 35.7819%; text-align: center; height: 24px;\"><p><a href=\"https:\/\/sites.usp.br\/ppget\/programa\/orientadores\/#cassiano-augusto\" target=\"_blank\" rel=\"noopener noreferrer\">Cassiano Augusto Isler<\/a><\/p><p><a href=\"http:\/\/lattes.cnpq.br\/9227052078286181\" target=\"_blank\" rel=\"noopener\">Jorge Fernando Pereira Sinval<\/a><\/p><\/td><td style=\"width: 20.7146%; text-align: center; height: 24px;\">on-line<\/td><\/tr><tr style=\"height: 48px;\"><td style=\"width: 8.51597%; height: 48px; text-align: center;\"><strong>PTR5930<\/strong><\/td><td style=\"width: 37.4142%; height: 48px; text-align: center;\"><a class=\"link_gray\" href=\"https:\/\/uspdigital.usp.br\/janus\/publico\/disciplina\/C\/PTR5930\" target=\"_parent\">M\u00e9todos causais para pol\u00edticas p\u00fablicas: aplica\u00e7\u00f5es em transportes<\/a><\/td><td style=\"width: 35.7819%; height: 48px; text-align: center;\"><a href=\"https:\/\/sites.usp.br\/ppget\/programa\/orientadores\/#mateus-humberto\" target=\"_blank\" rel=\"noopener\">Mateus Humberto<\/a><\/td><td style=\"width: 20.7146%; text-align: center; height: 48px;\">Presencial<\/td><\/tr><\/tbody><\/table>\t\t\t\t\t\t<\/div>\n\t\t\t\t<\/div>\n\t\t\t\t\t<\/div>\n\t\t<\/div>\n\t\t\t\t\t<\/div>\n\t\t<\/section>\n\t\t\t\t<\/div>\n\t\t","protected":false},"excerpt":{"rendered":"<p>Na tabela abaixo est\u00e3o\u00a0 as disciplinas oferecidas pelo PPGET. As ementas de cada disciplina podem ser visualizadas ao clicar no nome da disciplina ou numa lista completa aqui (clicando em &#8220;3138 &#8211; Engenharia de&#46;&#46;&#46;<\/p>\n","protected":false},"author":24123,"featured_media":0,"parent":2871,"menu_order":4,"comment_status":"closed","ping_status":"closed","template":"","meta":{"_monsterinsights_skip_tracking":false,"_monsterinsights_sitenote_active":false,"_monsterinsights_sitenote_note":"","_monsterinsights_sitenote_category":0,"footnotes":"","_links_to":"","_links_to_target":""},"class_list":["post-2876","page","type-page","status-publish","hentry"],"_links":{"self":[{"href":"https:\/\/sites.usp.br\/ppget\/wp-json\/wp\/v2\/pages\/2876","targetHints":{"allow":["GET"]}}],"collection":[{"href":"https:\/\/sites.usp.br\/ppget\/wp-json\/wp\/v2\/pages"}],"about":[{"href":"https:\/\/sites.usp.br\/ppget\/wp-json\/wp\/v2\/types\/page"}],"author":[{"embeddable":true,"href":"https:\/\/sites.usp.br\/ppget\/wp-json\/wp\/v2\/users\/24123"}],"replies":[{"embeddable":true,"href":"https:\/\/sites.usp.br\/ppget\/wp-json\/wp\/v2\/comments?post=2876"}],"version-history":[{"count":4,"href":"https:\/\/sites.usp.br\/ppget\/wp-json\/wp\/v2\/pages\/2876\/revisions"}],"predecessor-version":[{"id":4755,"href":"https:\/\/sites.usp.br\/ppget\/wp-json\/wp\/v2\/pages\/2876\/revisions\/4755"}],"up":[{"embeddable":true,"href":"https:\/\/sites.usp.br\/ppget\/wp-json\/wp\/v2\/pages\/2871"}],"wp:attachment":[{"href":"https:\/\/sites.usp.br\/ppget\/wp-json\/wp\/v2\/media?parent=2876"}],"curies":[{"name":"wp","href":"https:\/\/api.w.org\/{rel}","templated":true}]}}