{"id":2879,"date":"2024-09-09T13:54:49","date_gmt":"2024-09-09T16:54:49","guid":{"rendered":"https:\/\/sites.usp.br\/ppget\/?page_id=2879"},"modified":"2025-05-08T13:00:26","modified_gmt":"2025-05-08T16:00:26","slug":"egressos","status":"publish","type":"page","link":"https:\/\/sites.usp.br\/ppget\/programa\/egressos\/","title":{"rendered":"Egressos"},"content":{"rendered":"\t\t<div data-elementor-type=\"wp-page\" data-elementor-id=\"2879\" class=\"elementor elementor-2879\" data-elementor-post-type=\"page\">\n\t\t\t\t\t\t<section class=\"elementor-section elementor-top-section elementor-element elementor-element-3ea5c63c elementor-section-boxed elementor-section-height-default elementor-section-height-default\" data-id=\"3ea5c63c\" data-element_type=\"section\">\n\t\t\t\t\t\t<div class=\"elementor-container elementor-column-gap-default\">\n\t\t\t\t\t<div class=\"elementor-column elementor-col-100 elementor-top-column elementor-element elementor-element-298251fc\" data-id=\"298251fc\" data-element_type=\"column\">\n\t\t\t<div class=\"elementor-widget-wrap elementor-element-populated\">\n\t\t\t\t\t\t<div class=\"elementor-element elementor-element-3fb848ba elementor-widget elementor-widget-text-editor\" data-id=\"3fb848ba\" data-element_type=\"widget\" data-widget_type=\"text-editor.default\">\n\t\t\t\t<div class=\"elementor-widget-container\">\n\t\t\t\t\t\t\t<p>O <strong>PPGET<\/strong> tem prest\u00edgio no meio acad\u00eamico e profissional, sendo procurado por estudantes interessados em seu desenvolvimento cient\u00edfico e forma\u00e7\u00e3o profissional. Na sequ\u00eancia \u00e9 fornecida a lista de egressos a partir de 2016, junto de suas teses ou disserta\u00e7\u00f5es e respectivos contatos p\u00fablicos.<\/p><p><iframe style=\"display: block; margin: auto;\" src=\"https:\/\/docs.google.com\/spreadsheets\/d\/e\/2PACX-1vT0cwREOGxT33xiqehzIyDsoghM2Mt88_25RvB20Bi17D8EBFE9uAda3cTNZkoZxA\/pubhtml?gid=126518998&amp;single=true&amp;widget=true&amp;rm=minimal\" height=\"500px\"><\/iframe><\/p>\t\t\t\t\t\t<\/div>\n\t\t\t\t<\/div>\n\t\t\t\t\t<\/div>\n\t\t<\/div>\n\t\t\t\t\t<\/div>\n\t\t<\/section>\n\t\t\t\t<\/div>\n\t\t","protected":false},"excerpt":{"rendered":"<p>O PPGET tem prest\u00edgio no meio acad\u00eamico e profissional, sendo procurado por estudantes interessados em seu desenvolvimento cient\u00edfico e forma\u00e7\u00e3o profissional. Na sequ\u00eancia \u00e9 fornecida a lista de egressos a partir de 2016, junto&#46;&#46;&#46;<\/p>\n","protected":false},"author":24123,"featured_media":0,"parent":2871,"menu_order":7,"comment_status":"closed","ping_status":"closed","template":"","meta":{"_monsterinsights_skip_tracking":false,"_monsterinsights_sitenote_active":false,"_monsterinsights_sitenote_note":"","_monsterinsights_sitenote_category":0,"footnotes":"","_links_to":"","_links_to_target":""},"class_list":["post-2879","page","type-page","status-publish","hentry"],"_links":{"self":[{"href":"https:\/\/sites.usp.br\/ppget\/wp-json\/wp\/v2\/pages\/2879","targetHints":{"allow":["GET"]}}],"collection":[{"href":"https:\/\/sites.usp.br\/ppget\/wp-json\/wp\/v2\/pages"}],"about":[{"href":"https:\/\/sites.usp.br\/ppget\/wp-json\/wp\/v2\/types\/page"}],"author":[{"embeddable":true,"href":"https:\/\/sites.usp.br\/ppget\/wp-json\/wp\/v2\/users\/24123"}],"replies":[{"embeddable":true,"href":"https:\/\/sites.usp.br\/ppget\/wp-json\/wp\/v2\/comments?post=2879"}],"version-history":[{"count":4,"href":"https:\/\/sites.usp.br\/ppget\/wp-json\/wp\/v2\/pages\/2879\/revisions"}],"predecessor-version":[{"id":3487,"href":"https:\/\/sites.usp.br\/ppget\/wp-json\/wp\/v2\/pages\/2879\/revisions\/3487"}],"up":[{"embeddable":true,"href":"https:\/\/sites.usp.br\/ppget\/wp-json\/wp\/v2\/pages\/2871"}],"wp:attachment":[{"href":"https:\/\/sites.usp.br\/ppget\/wp-json\/wp\/v2\/media?parent=2879"}],"curies":[{"name":"wp","href":"https:\/\/api.w.org\/{rel}","templated":true}]}}