{"id":2880,"date":"2024-09-09T13:54:50","date_gmt":"2024-09-09T16:54:50","guid":{"rendered":"https:\/\/sites.usp.br\/ppget\/?page_id=2880"},"modified":"2025-08-28T10:11:57","modified_gmt":"2025-08-28T13:11:57","slug":"ingresso","status":"publish","type":"page","link":"https:\/\/sites.usp.br\/ppget\/ingresso\/","title":{"rendered":"Ingresso"},"content":{"rendered":"\t\t<div data-elementor-type=\"wp-page\" data-elementor-id=\"2880\" class=\"elementor elementor-2880\" data-elementor-post-type=\"page\">\n\t\t\t\t\t\t<section class=\"elementor-section elementor-top-section elementor-element elementor-element-4adff10d elementor-section-boxed elementor-section-height-default elementor-section-height-default\" data-id=\"4adff10d\" data-element_type=\"section\">\n\t\t\t\t\t\t<div class=\"elementor-container elementor-column-gap-default\">\n\t\t\t\t\t<div class=\"elementor-column elementor-col-100 elementor-top-column elementor-element elementor-element-62da2896\" data-id=\"62da2896\" data-element_type=\"column\">\n\t\t\t<div class=\"elementor-widget-wrap elementor-element-populated\">\n\t\t\t\t\t\t<div class=\"elementor-element elementor-element-ea072b5 elementor-widget elementor-widget-text-editor\" data-id=\"ea072b5\" data-element_type=\"widget\" data-widget_type=\"text-editor.default\">\n\t\t\t\t<div class=\"elementor-widget-container\">\n\t\t\t\t\t\t\t<p><strong>Para informa\u00e7\u00f5es em rela\u00e7\u00e3o a aplica\u00e7\u00e3o para bolsas de estudo, <a href=\"https:\/\/sites.usp.br\/ppget\/informacoes\/bolsas\/\">veja a p\u00e1gina dedicada<\/a>.<\/strong><\/p><p>O ingresso no PPGET ocorre por meio de um processo seletivo normatizado por edital espec\u00edfico, que \u00e9 elaborado pela Comiss\u00e3o Coordenadora do Programa de P\u00f3s-Gradua\u00e7\u00e3o em Engenharia de Transportes (CCP-PPGET) e publicado no Di\u00e1rio Oficial do Estado de S\u00e3o Paulo e nesta p\u00e1gina.<\/p><h1><a name=\"voltar\"><\/a><\/h1>\t\t\t\t\t\t<\/div>\n\t\t\t\t<\/div>\n\t\t\t\t<section class=\"elementor-section elementor-inner-section elementor-element elementor-element-28b88e7 elementor-section-boxed elementor-section-height-default elementor-section-height-default\" data-id=\"28b88e7\" data-element_type=\"section\">\n\t\t\t\t\t\t<div class=\"elementor-container elementor-column-gap-default\">\n\t\t\t\t\t<div class=\"elementor-column elementor-col-50 elementor-inner-column elementor-element elementor-element-5bfe22d\" data-id=\"5bfe22d\" data-element_type=\"column\">\n\t\t\t<div class=\"elementor-widget-wrap elementor-element-populated\">\n\t\t\t\t\t\t<div class=\"elementor-element elementor-element-e71d77c elementor-widget elementor-widget-image\" data-id=\"e71d77c\" data-element_type=\"widget\" data-widget_type=\"image.default\">\n\t\t\t\t<div class=\"elementor-widget-container\">\n\t\t\t\t\t\t\t\t\t\t\t\t\t\t<a href=\"https:\/\/sites.usp.br\/ppget\/ingresso\/mestrado\/\">\n\t\t\t\t\t\t\t<img fetchpriority=\"high\" decoding=\"async\" width=\"1920\" height=\"1080\" src=\"https:\/\/sites.usp.br\/ppget\/wp-content\/uploads\/sites\/1532\/2025\/08\/Proc-Seletivo-2026-Mestrado.png\" class=\"attachment-full size-full wp-image-4273\" alt=\"\" srcset=\"https:\/\/sites.usp.br\/ppget\/wp-content\/uploads\/sites\/1532\/2025\/08\/Proc-Seletivo-2026-Mestrado.png 1920w, https:\/\/sites.usp.br\/ppget\/wp-content\/uploads\/sites\/1532\/2025\/08\/Proc-Seletivo-2026-Mestrado-300x169.png 300w, https:\/\/sites.usp.br\/ppget\/wp-content\/uploads\/sites\/1532\/2025\/08\/Proc-Seletivo-2026-Mestrado-1024x576.png 1024w, https:\/\/sites.usp.br\/ppget\/wp-content\/uploads\/sites\/1532\/2025\/08\/Proc-Seletivo-2026-Mestrado-768x432.png 768w, https:\/\/sites.usp.br\/ppget\/wp-content\/uploads\/sites\/1532\/2025\/08\/Proc-Seletivo-2026-Mestrado-1536x864.png 1536w, https:\/\/sites.usp.br\/ppget\/wp-content\/uploads\/sites\/1532\/2025\/08\/Proc-Seletivo-2026-Mestrado-310x174.png 310w, https:\/\/sites.usp.br\/ppget\/wp-content\/uploads\/sites\/1532\/2025\/08\/Proc-Seletivo-2026-Mestrado-400x225.png 400w\" sizes=\"(max-width: 1920px) 100vw, 1920px\" \/>\t\t\t\t\t\t\t\t<\/a>\n\t\t\t\t\t\t\t\t\t\t\t\t\t<\/div>\n\t\t\t\t<\/div>\n\t\t\t\t\t<\/div>\n\t\t<\/div>\n\t\t\t\t<div class=\"elementor-column elementor-col-50 elementor-inner-column elementor-element elementor-element-45da093\" data-id=\"45da093\" data-element_type=\"column\">\n\t\t\t<div class=\"elementor-widget-wrap elementor-element-populated\">\n\t\t\t\t\t\t<div class=\"elementor-element elementor-element-2db2f82 elementor-widget elementor-widget-image\" data-id=\"2db2f82\" data-element_type=\"widget\" data-widget_type=\"image.default\">\n\t\t\t\t<div class=\"elementor-widget-container\">\n\t\t\t\t\t\t\t\t\t\t\t\t\t\t<a href=\"https:\/\/sites.usp.br\/ppget\/ingresso\/doutorado\/\">\n\t\t\t\t\t\t\t<img decoding=\"async\" width=\"1920\" height=\"1080\" src=\"https:\/\/sites.usp.br\/ppget\/wp-content\/uploads\/sites\/1532\/2025\/08\/Proc-Seletivo-2026-Doutorado.png\" class=\"attachment-full size-full wp-image-4278\" alt=\"\" srcset=\"https:\/\/sites.usp.br\/ppget\/wp-content\/uploads\/sites\/1532\/2025\/08\/Proc-Seletivo-2026-Doutorado.png 1920w, https:\/\/sites.usp.br\/ppget\/wp-content\/uploads\/sites\/1532\/2025\/08\/Proc-Seletivo-2026-Doutorado-300x169.png 300w, https:\/\/sites.usp.br\/ppget\/wp-content\/uploads\/sites\/1532\/2025\/08\/Proc-Seletivo-2026-Doutorado-1024x576.png 1024w, https:\/\/sites.usp.br\/ppget\/wp-content\/uploads\/sites\/1532\/2025\/08\/Proc-Seletivo-2026-Doutorado-768x432.png 768w, https:\/\/sites.usp.br\/ppget\/wp-content\/uploads\/sites\/1532\/2025\/08\/Proc-Seletivo-2026-Doutorado-1536x864.png 1536w, https:\/\/sites.usp.br\/ppget\/wp-content\/uploads\/sites\/1532\/2025\/08\/Proc-Seletivo-2026-Doutorado-310x174.png 310w, https:\/\/sites.usp.br\/ppget\/wp-content\/uploads\/sites\/1532\/2025\/08\/Proc-Seletivo-2026-Doutorado-400x225.png 400w\" sizes=\"(max-width: 1920px) 100vw, 1920px\" \/>\t\t\t\t\t\t\t\t<\/a>\n\t\t\t\t\t\t\t\t\t\t\t\t\t<\/div>\n\t\t\t\t<\/div>\n\t\t\t\t\t<\/div>\n\t\t<\/div>\n\t\t\t\t\t<\/div>\n\t\t<\/section>\n\t\t\t\t<div class=\"elementor-element elementor-element-6ac690f elementor-widget elementor-widget-text-editor\" data-id=\"6ac690f\" data-element_type=\"widget\" data-widget_type=\"text-editor.default\">\n\t\t\t\t<div class=\"elementor-widget-container\">\n\t\t\t\t\t\t\t<p>\u00a0<\/p><p><strong>Para ser notificado sobre a publica\u00e7\u00e3o de um novo Edital de Processo Seletivo de ingresso no Mestrado do PPGET, preencha o formul\u00e1rio: <\/strong><a href=\"https:\/\/forms.gle\/jLkKEH5hSkwLi2x4A\" target=\"_blank\" rel=\"noopener\"><strong>Lista de e-mails<\/strong><\/a><\/p><h3>D\u00favidas Frequentes:<\/h3><ul><li>Provas anteriores \u2013<em>\u00a0A CCP-PPGET n\u00e3o disponibiliza as provas de editais anteriores.<br \/><\/em><\/li><li>Bibliografia<em> \u2013 N\u00e3o h\u00e1 bibliografia.<br \/><\/em><\/li><li>Certificados de Profici\u00eancia em L\u00edngua Inglesa: <em>Somente ser\u00e3o aceitos<strong>\u00a0<\/strong>os que est\u00e3o listados nos Editais e que estejam dentro da validade.<\/em><\/li><li>Prazos e Cr\u00e9ditos M\u00ednimos \u2013 <em>Veja o <strong><a href=\"https:\/\/sites.usp.br\/ppget\/informacoes\/regulamento\/\" target=\"_blank\" rel=\"noopener noreferrer\">Regulamento do PPGET e outras Normas<\/a><\/strong><\/em><\/li><\/ul>\t\t\t\t\t\t<\/div>\n\t\t\t\t<\/div>\n\t\t\t\t\t<\/div>\n\t\t<\/div>\n\t\t\t\t\t<\/div>\n\t\t<\/section>\n\t\t\t\t<\/div>\n\t\t","protected":false},"excerpt":{"rendered":"<p>Para informa\u00e7\u00f5es em rela\u00e7\u00e3o a aplica\u00e7\u00e3o para bolsas de estudo, veja a p\u00e1gina dedicada. O ingresso no PPGET ocorre por meio de um processo seletivo normatizado por edital espec\u00edfico, que \u00e9 elaborado pela Comiss\u00e3o&#46;&#46;&#46;<\/p>\n","protected":false},"author":24123,"featured_media":0,"parent":0,"menu_order":0,"comment_status":"closed","ping_status":"closed","template":"","meta":{"_monsterinsights_skip_tracking":false,"_monsterinsights_sitenote_active":false,"_monsterinsights_sitenote_note":"","_monsterinsights_sitenote_category":0,"footnotes":"","_links_to":"","_links_to_target":""},"class_list":["post-2880","page","type-page","status-publish","hentry"],"_links":{"self":[{"href":"https:\/\/sites.usp.br\/ppget\/wp-json\/wp\/v2\/pages\/2880","targetHints":{"allow":["GET"]}}],"collection":[{"href":"https:\/\/sites.usp.br\/ppget\/wp-json\/wp\/v2\/pages"}],"about":[{"href":"https:\/\/sites.usp.br\/ppget\/wp-json\/wp\/v2\/types\/page"}],"author":[{"embeddable":true,"href":"https:\/\/sites.usp.br\/ppget\/wp-json\/wp\/v2\/users\/24123"}],"replies":[{"embeddable":true,"href":"https:\/\/sites.usp.br\/ppget\/wp-json\/wp\/v2\/comments?post=2880"}],"version-history":[{"count":5,"href":"https:\/\/sites.usp.br\/ppget\/wp-json\/wp\/v2\/pages\/2880\/revisions"}],"predecessor-version":[{"id":4930,"href":"https:\/\/sites.usp.br\/ppget\/wp-json\/wp\/v2\/pages\/2880\/revisions\/4930"}],"wp:attachment":[{"href":"https:\/\/sites.usp.br\/ppget\/wp-json\/wp\/v2\/media?parent=2880"}],"curies":[{"name":"wp","href":"https:\/\/api.w.org\/{rel}","templated":true}]}}