{"id":2884,"date":"2024-09-09T13:54:52","date_gmt":"2024-09-09T16:54:52","guid":{"rendered":"https:\/\/sites.usp.br\/ppget\/?page_id=2884"},"modified":"2025-09-09T12:03:03","modified_gmt":"2025-09-09T15:03:03","slug":"internacional","status":"publish","type":"page","link":"https:\/\/sites.usp.br\/ppget\/internacional\/","title":{"rendered":"Internacional"},"content":{"rendered":"\t\t<div data-elementor-type=\"wp-page\" data-elementor-id=\"2884\" class=\"elementor elementor-2884\" data-elementor-post-type=\"page\">\n\t\t\t\t\t\t<section class=\"elementor-section elementor-top-section elementor-element elementor-element-77f81852 elementor-section-boxed elementor-section-height-default elementor-section-height-default\" data-id=\"77f81852\" data-element_type=\"section\">\n\t\t\t\t\t\t<div class=\"elementor-container elementor-column-gap-default\">\n\t\t\t\t\t<div class=\"elementor-column elementor-col-100 elementor-top-column elementor-element elementor-element-50f05078\" data-id=\"50f05078\" data-element_type=\"column\">\n\t\t\t<div class=\"elementor-widget-wrap elementor-element-populated\">\n\t\t\t\t\t\t<div class=\"elementor-element elementor-element-a5d1659 elementor-widget elementor-widget-text-editor\" data-id=\"a5d1659\" data-element_type=\"widget\" data-widget_type=\"text-editor.default\">\n\t\t\t\t<div class=\"elementor-widget-container\">\n\t\t\t\t\t\t\t<p><span style=\"font-weight: 400;\">A internacionaliza\u00e7\u00e3o do Programa de P\u00f3s-Gradua\u00e7\u00e3o em Engenharia de Transportes (PPGET) apresenta-se como um elemento crucial no avan\u00e7o da inova\u00e7\u00e3o, amplia\u00e7\u00e3o da produ\u00e7\u00e3o cient\u00edfica e fortalecimento do impacto educacional e formativo junto ao corpo discente.<\/span><\/p><p><span style=\"font-weight: 400;\">A colabora\u00e7\u00e3o com institui\u00e7\u00f5es de ensino e pesquisa estrangeiras desempenha papel estrat\u00e9gico na incorpora\u00e7\u00e3o de avan\u00e7os tecnol\u00f3gicos e cient\u00edficos globais \u00e0s investiga\u00e7\u00f5es realizadas no Brasil, particularmente em rela\u00e7\u00e3o \u00e0 Infraestrutura de Transportes, contemplando fatores como as condi\u00e7\u00f5es clim\u00e1ticas espec\u00edficas e a disponibilidade de materiais.<\/span><\/p><p><span style=\"font-weight: 400;\">Na \u00e1rea de Infraestrutura de Transportes, destaca-se o v\u00ednculo do PPGET com a Gustave Eiffel University (anteriormente conhecida como IFSTTAR &#8211; Institut Fran\u00e7ais des Sciences et Technologies des Transports de Nantes, Fran\u00e7a) com projeto COFECUB e participa\u00e7\u00e3o de aluna de doutorado no Programa de Duplo Diploma, com a University of California Pavement Research Center (EUA), com a Texas A&amp;M University (EUA) em projeto SPRINT FAPESP, com o Laborat\u00f3rio Nacional de Engenharia Civil &#8211; LNEC (Portugal), al\u00e9m das colabora\u00e7\u00f5es mantidas com institui\u00e7\u00f5es estrangeiras diversas integrantes dos comit\u00eas t\u00e9cnicos do RILEM (International Union of Laboratories and Experts in Construction Materials, Systems and Structures), voltados para o estudo de materiais e suas aplica\u00e7\u00f5es em pavimenta\u00e7\u00e3o.\u00a0<\/span><\/p><p><span style=\"font-weight: 400;\">A \u00e1rea de Planejamento e Opera\u00e7\u00f5es de Transportes tem ainda a\u00e7\u00f5es significativas de internacionaliza\u00e7\u00e3o por meio da parceria com o MIT Center for Transportation and Logistics (EUA), com a University of California em Davis (EUA) pela participa\u00e7\u00e3o do Prof. Claudio Barbieri da Cunha no programa de Bolsa Fulbright Chair na chamada da C\u00e1tedra em STEM, com University of South Florida (EUA), Rensselaer Polytechnic Institute &#8211; RPI (EUA), University of Antwerp (B\u00e9lgica), bem como a University of Birmingham (Inglaterra) e a University of Leeds (Inglaterra) em projetos FAPESP, contribuindo para o interc\u00e2mbio acad\u00eamico e o desenvolvimento de pesquisas de alto impacto global.\u00a0<\/span><\/p><p><span style=\"font-weight: 400;\">Na \u00e1rea de Informa\u00e7\u00f5es Espaciais destaca-se a parceria com a University of Twente (Holanda) em pesquisas sobre intera\u00e7\u00f5es entre o uso do solo e o transporte, modelagem e avalia\u00e7\u00e3o de acessibilidade e as din\u00e2micas no comportamento de viagem, incluindo a ida de um aluno de doutorado em Duplo Diploma, a Universit\u00e0 degli Studi di Roma La Sapienza (It\u00e1lia) com o Prof. Fl\u00e1vio Guilherme Vaz de Almeida Filho professor convidado visitante da institui\u00e7\u00e3o por 6 meses, al\u00e9m de fazer parte da equipe dos docentes credenciados na p\u00f3s-gradua\u00e7\u00e3o da referida institui\u00e7\u00e3o; e a Universidad de Madrid (Espanha) com o p\u00f3s-doutorado do Prof. Claudio Marte tamb\u00e9m por um per\u00edodo de 6 meses.<\/span><\/p><p>\u00a0<\/p>\t\t\t\t\t\t<\/div>\n\t\t\t\t<\/div>\n\t\t\t\t\t<\/div>\n\t\t<\/div>\n\t\t\t\t\t<\/div>\n\t\t<\/section>\n\t\t\t\t<\/div>\n\t\t","protected":false},"excerpt":{"rendered":"<p>A internacionaliza\u00e7\u00e3o do Programa de P\u00f3s-Gradua\u00e7\u00e3o em Engenharia de Transportes (PPGET) apresenta-se como um elemento crucial no avan\u00e7o da inova\u00e7\u00e3o, amplia\u00e7\u00e3o da produ\u00e7\u00e3o cient\u00edfica e fortalecimento do impacto educacional e formativo junto ao corpo&#46;&#46;&#46;<\/p>\n","protected":false},"author":24123,"featured_media":0,"parent":0,"menu_order":0,"comment_status":"closed","ping_status":"closed","template":"","meta":{"_monsterinsights_skip_tracking":false,"_monsterinsights_sitenote_active":false,"_monsterinsights_sitenote_note":"","_monsterinsights_sitenote_category":0,"footnotes":"","_links_to":"","_links_to_target":""},"class_list":["post-2884","page","type-page","status-publish","hentry"],"_links":{"self":[{"href":"https:\/\/sites.usp.br\/ppget\/wp-json\/wp\/v2\/pages\/2884","targetHints":{"allow":["GET"]}}],"collection":[{"href":"https:\/\/sites.usp.br\/ppget\/wp-json\/wp\/v2\/pages"}],"about":[{"href":"https:\/\/sites.usp.br\/ppget\/wp-json\/wp\/v2\/types\/page"}],"author":[{"embeddable":true,"href":"https:\/\/sites.usp.br\/ppget\/wp-json\/wp\/v2\/users\/24123"}],"replies":[{"embeddable":true,"href":"https:\/\/sites.usp.br\/ppget\/wp-json\/wp\/v2\/comments?post=2884"}],"version-history":[{"count":4,"href":"https:\/\/sites.usp.br\/ppget\/wp-json\/wp\/v2\/pages\/2884\/revisions"}],"predecessor-version":[{"id":4346,"href":"https:\/\/sites.usp.br\/ppget\/wp-json\/wp\/v2\/pages\/2884\/revisions\/4346"}],"wp:attachment":[{"href":"https:\/\/sites.usp.br\/ppget\/wp-json\/wp\/v2\/media?parent=2884"}],"curies":[{"name":"wp","href":"https:\/\/api.w.org\/{rel}","templated":true}]}}