{"id":2888,"date":"2024-09-09T13:54:54","date_gmt":"2024-09-09T16:54:54","guid":{"rendered":"https:\/\/sites.usp.br\/ppget\/?page_id=2888"},"modified":"2025-12-18T12:19:28","modified_gmt":"2025-12-18T15:19:28","slug":"informacoes","status":"publish","type":"page","link":"https:\/\/sites.usp.br\/ppget\/informacoes\/","title":{"rendered":"Informa\u00e7\u00f5es"},"content":{"rendered":"\t\t<div data-elementor-type=\"wp-page\" data-elementor-id=\"2888\" class=\"elementor elementor-2888\" data-elementor-post-type=\"page\">\n\t\t\t\t\t\t<section class=\"elementor-section elementor-top-section elementor-element elementor-element-60d7c4f elementor-section-boxed elementor-section-height-default elementor-section-height-default\" data-id=\"60d7c4f\" data-element_type=\"section\">\n\t\t\t\t\t\t<div class=\"elementor-container elementor-column-gap-default\">\n\t\t\t\t\t<div class=\"elementor-column elementor-col-100 elementor-top-column elementor-element elementor-element-1400e369\" data-id=\"1400e369\" data-element_type=\"column\">\n\t\t\t<div class=\"elementor-widget-wrap elementor-element-populated\">\n\t\t\t\t\t\t<div class=\"elementor-element elementor-element-3156bbc elementor-widget elementor-widget-heading\" data-id=\"3156bbc\" data-element_type=\"widget\" data-widget_type=\"heading.default\">\n\t\t\t\t<div class=\"elementor-widget-container\">\n\t\t\t<h2 class=\"elementor-heading-title elementor-size-default\"><a href=\"https:\/\/sites.usp.br\/ppget\/informacoes\/informacoes-docentes\/\">DOCENTES<\/a><\/h2>\t\t<\/div>\n\t\t\t\t<\/div>\n\t\t\t\t<div class=\"elementor-element elementor-element-8210bab elementor-widget elementor-widget-heading\" data-id=\"8210bab\" data-element_type=\"widget\" data-widget_type=\"heading.default\">\n\t\t\t\t<div class=\"elementor-widget-container\">\n\t\t\t<h2 class=\"elementor-heading-title elementor-size-default\"><a href=\"https:\/\/sites.usp.br\/ppget\/informacoes\/informacoes-alunos-regulares\/\">ALUNOS REGULARES<\/a><\/h2>\t\t<\/div>\n\t\t\t\t<\/div>\n\t\t\t\t<div class=\"elementor-element elementor-element-4fcd52f elementor-widget elementor-widget-heading\" data-id=\"4fcd52f\" data-element_type=\"widget\" data-widget_type=\"heading.default\">\n\t\t\t\t<div class=\"elementor-widget-container\">\n\t\t\t<h2 class=\"elementor-heading-title elementor-size-default\"><a href=\"https:\/\/sites.usp.br\/ppget\/informacoes\/informacoes-alunos-especiais\/\">ALUNOS ESPECIAIS<\/a><\/h2>\t\t<\/div>\n\t\t\t\t<\/div>\n\t\t\t\t<div class=\"elementor-element elementor-element-98d4249 elementor-widget elementor-widget-heading\" data-id=\"98d4249\" data-element_type=\"widget\" data-widget_type=\"heading.default\">\n\t\t\t\t<div class=\"elementor-widget-container\">\n\t\t\t<h2 class=\"elementor-heading-title elementor-size-default\">OUTRAS INFORMA\u00c7\u00d5ES<\/h2>\t\t<\/div>\n\t\t\t\t<\/div>\n\t\t\t\t<div class=\"elementor-element elementor-element-39abaf0 elementor-widget elementor-widget-toggle\" data-id=\"39abaf0\" data-element_type=\"widget\" data-widget_type=\"toggle.default\">\n\t\t\t\t<div class=\"elementor-widget-container\">\n\t\t\t\t\t<div class=\"elementor-toggle\">\n\t\t\t\t\t\t\t<div class=\"elementor-toggle-item\">\n\t\t\t\t\t<div id=\"elementor-tab-title-6041\" class=\"elementor-tab-title\" data-tab=\"1\" role=\"button\" aria-controls=\"elementor-tab-content-6041\" aria-expanded=\"false\">\n\t\t\t\t\t\t\t\t\t\t\t\t<span class=\"elementor-toggle-icon elementor-toggle-icon-left\" aria-hidden=\"true\">\n\t\t\t\t\t\t\t\t\t\t\t\t\t\t\t<span class=\"elementor-toggle-icon-closed\"><i class=\"fas fa-caret-right\"><\/i><\/span>\n\t\t\t\t\t\t\t\t<span class=\"elementor-toggle-icon-opened\"><i class=\"elementor-toggle-icon-opened fas fa-caret-up\"><\/i><\/span>\n\t\t\t\t\t\t\t\t\t\t\t\t\t<\/span>\n\t\t\t\t\t\t\t\t\t\t\t\t<a class=\"elementor-toggle-title\" tabindex=\"0\">ESTRUTURA DA P\u00d3S-GRADUA\u00c7\u00c3O<\/a>\n\t\t\t\t\t<\/div>\n\n\t\t\t\t\t<div id=\"elementor-tab-content-6041\" class=\"elementor-tab-content elementor-clearfix\" data-tab=\"1\" role=\"region\" aria-labelledby=\"elementor-tab-title-6041\"><p><img fetchpriority=\"high\" decoding=\"async\" class=\"aligncenter wp-image-3754 size-full\" src=\"https:\/\/sites.usp.br\/ppget\/wp-content\/uploads\/sites\/1532\/2025\/05\/estrutura-ppget.png\" alt=\"\" width=\"1029\" height=\"615\" srcset=\"https:\/\/sites.usp.br\/ppget\/wp-content\/uploads\/sites\/1532\/2025\/05\/estrutura-ppget.png 1029w, https:\/\/sites.usp.br\/ppget\/wp-content\/uploads\/sites\/1532\/2025\/05\/estrutura-ppget-300x179.png 300w, https:\/\/sites.usp.br\/ppget\/wp-content\/uploads\/sites\/1532\/2025\/05\/estrutura-ppget-1024x612.png 1024w, https:\/\/sites.usp.br\/ppget\/wp-content\/uploads\/sites\/1532\/2025\/05\/estrutura-ppget-768x459.png 768w, https:\/\/sites.usp.br\/ppget\/wp-content\/uploads\/sites\/1532\/2025\/05\/estrutura-ppget-400x239.png 400w\" sizes=\"(max-width: 1029px) 100vw, 1029px\" \/><\/p><\/div>\n\t\t\t\t<\/div>\n\t\t\t\t\t\t\t<div class=\"elementor-toggle-item\">\n\t\t\t\t\t<div id=\"elementor-tab-title-6042\" class=\"elementor-tab-title\" data-tab=\"2\" role=\"button\" aria-controls=\"elementor-tab-content-6042\" aria-expanded=\"false\">\n\t\t\t\t\t\t\t\t\t\t\t\t<span class=\"elementor-toggle-icon elementor-toggle-icon-left\" aria-hidden=\"true\">\n\t\t\t\t\t\t\t\t\t\t\t\t\t\t\t<span class=\"elementor-toggle-icon-closed\"><i class=\"fas fa-caret-right\"><\/i><\/span>\n\t\t\t\t\t\t\t\t<span class=\"elementor-toggle-icon-opened\"><i class=\"elementor-toggle-icon-opened fas fa-caret-up\"><\/i><\/span>\n\t\t\t\t\t\t\t\t\t\t\t\t\t<\/span>\n\t\t\t\t\t\t\t\t\t\t\t\t<a class=\"elementor-toggle-title\" tabindex=\"0\">PROAP<\/a>\n\t\t\t\t\t<\/div>\n\n\t\t\t\t\t<div id=\"elementor-tab-content-6042\" class=\"elementor-tab-content elementor-clearfix\" data-tab=\"2\" role=\"region\" aria-labelledby=\"elementor-tab-title-6042\"><p><a href=\"https:\/\/sites.usp.br\/ppget\/informacoes\/proap\">P\u00c1GINA DEDICADA<\/a><\/p><\/div>\n\t\t\t\t<\/div>\n\t\t\t\t\t\t\t<div class=\"elementor-toggle-item\">\n\t\t\t\t\t<div id=\"elementor-tab-title-6043\" class=\"elementor-tab-title\" data-tab=\"3\" role=\"button\" aria-controls=\"elementor-tab-content-6043\" aria-expanded=\"false\">\n\t\t\t\t\t\t\t\t\t\t\t\t<span class=\"elementor-toggle-icon elementor-toggle-icon-left\" aria-hidden=\"true\">\n\t\t\t\t\t\t\t\t\t\t\t\t\t\t\t<span class=\"elementor-toggle-icon-closed\"><i class=\"fas fa-caret-right\"><\/i><\/span>\n\t\t\t\t\t\t\t\t<span class=\"elementor-toggle-icon-opened\"><i class=\"elementor-toggle-icon-opened fas fa-caret-up\"><\/i><\/span>\n\t\t\t\t\t\t\t\t\t\t\t\t\t<\/span>\n\t\t\t\t\t\t\t\t\t\t\t\t<a class=\"elementor-toggle-title\" tabindex=\"0\">DEP\u00d3SITO DA TESE\/DISSERTA\u00c7\u00c3O<\/a>\n\t\t\t\t\t<\/div>\n\n\t\t\t\t\t<div id=\"elementor-tab-content-6043\" class=\"elementor-tab-content elementor-clearfix\" data-tab=\"3\" role=\"region\" aria-labelledby=\"elementor-tab-title-6043\"><p><a href=\"https:\/\/sites.usp.br\/ppget\/informacoes\/deposito-digital\/\">P\u00c1GINA DEDICADA<\/a><\/p><\/div>\n\t\t\t\t<\/div>\n\t\t\t\t\t\t\t<div class=\"elementor-toggle-item\">\n\t\t\t\t\t<div id=\"elementor-tab-title-6044\" class=\"elementor-tab-title\" data-tab=\"4\" role=\"button\" aria-controls=\"elementor-tab-content-6044\" aria-expanded=\"false\">\n\t\t\t\t\t\t\t\t\t\t\t\t<span class=\"elementor-toggle-icon elementor-toggle-icon-left\" aria-hidden=\"true\">\n\t\t\t\t\t\t\t\t\t\t\t\t\t\t\t<span class=\"elementor-toggle-icon-closed\"><i class=\"fas fa-caret-right\"><\/i><\/span>\n\t\t\t\t\t\t\t\t<span class=\"elementor-toggle-icon-opened\"><i class=\"elementor-toggle-icon-opened fas fa-caret-up\"><\/i><\/span>\n\t\t\t\t\t\t\t\t\t\t\t\t\t<\/span>\n\t\t\t\t\t\t\t\t\t\t\t\t<a class=\"elementor-toggle-title\" tabindex=\"0\">DEFESA<\/a>\n\t\t\t\t\t<\/div>\n\n\t\t\t\t\t<div id=\"elementor-tab-content-6044\" class=\"elementor-tab-content elementor-clearfix\" data-tab=\"4\" role=\"region\" aria-labelledby=\"elementor-tab-title-6044\"><p>A defesa dever\u00e1 ser realizada <strong>em at\u00e9 105 dias contados<\/strong> a partir da data de aprova\u00e7\u00e3o da banca pela CPG;<\/p><p>Informar a data e o hor\u00e1rio <strong>com pelo menos 30 dias de anteced\u00eancia<\/strong> para a secretaria do PPGET (<a href=\"mailto:ppget.poli@usp.br\">ppget.poli@usp.br<\/a>).\u00a0<\/p><p>Agendamento de Defesa:<\/p><ul><li aria-level=\"1\">Enviar o documento preenchido: <a href=\"https:\/\/sites.usp.br\/ppget\/wp-content\/uploads\/sites\/1532\/2025\/05\/Declaracao-de-Participacao-MODALIDADE-DE-DEFESA-1-1.docx\">Declara\u00e7\u00e3o de Participa\u00e7\u00e3o &#8211; MODALIDADE DE DEFESA<\/a><\/li><li aria-level=\"1\">Informar data, hora e enviar junto \u00e0 informa\u00e7\u00e3o de agendamento.<\/li><\/ul><p>EVITAR OS DOIS \u00daLTIMOS DIAS DO M\u00caS para n\u00e3o comprometer o pagamento dos membros externos \u00e0 Poli.<\/p><p>Segundo o Regimento da P\u00f3s-gradua\u00e7\u00e3o da USP &#8211; Orientador(a) e aluno(a) devem estar obrigatoriamente na Unidade.\u00a0<\/p><p><strong>Para Defesa Remota<\/strong> &#8211; \u00c9 necess\u00e1rio um pedido justificado \u00e0 CCP-PPGET. Modelo dispon\u00edvel em <a href=\"https:\/\/sites.usp.br\/ppget\/informacoes\/formularios\/\">Formul\u00e1rios <\/a><\/p><\/div>\n\t\t\t\t<\/div>\n\t\t\t\t\t\t\t<div class=\"elementor-toggle-item\">\n\t\t\t\t\t<div id=\"elementor-tab-title-6045\" class=\"elementor-tab-title\" data-tab=\"5\" role=\"button\" aria-controls=\"elementor-tab-content-6045\" aria-expanded=\"false\">\n\t\t\t\t\t\t\t\t\t\t\t\t<span class=\"elementor-toggle-icon elementor-toggle-icon-left\" aria-hidden=\"true\">\n\t\t\t\t\t\t\t\t\t\t\t\t\t\t\t<span class=\"elementor-toggle-icon-closed\"><i class=\"fas fa-caret-right\"><\/i><\/span>\n\t\t\t\t\t\t\t\t<span class=\"elementor-toggle-icon-opened\"><i class=\"elementor-toggle-icon-opened fas fa-caret-up\"><\/i><\/span>\n\t\t\t\t\t\t\t\t\t\t\t\t\t<\/span>\n\t\t\t\t\t\t\t\t\t\t\t\t<a class=\"elementor-toggle-title\" tabindex=\"0\">DEP\u00d3SITO DA EDI\u00c7\u00c3O REVISADA<\/a>\n\t\t\t\t\t<\/div>\n\n\t\t\t\t\t<div id=\"elementor-tab-content-6045\" class=\"elementor-tab-content elementor-clearfix\" data-tab=\"5\" role=\"region\" aria-labelledby=\"elementor-tab-title-6045\"><p>A edi\u00e7\u00e3o revisada dever\u00e1 ser depositada no sistema Janus em at\u00e9 60 dias da data da defesa.<\/p><p>Ap\u00f3s o dep\u00f3sito da edi\u00e7\u00e3o revisada, o(a) orientador(a) receber\u00e1 uma notifica\u00e7\u00e3o do sistema para avalizar o documento.<\/p><\/div>\n\t\t\t\t<\/div>\n\t\t\t\t\t\t\t<div class=\"elementor-toggle-item\">\n\t\t\t\t\t<div id=\"elementor-tab-title-6046\" class=\"elementor-tab-title\" data-tab=\"6\" role=\"button\" aria-controls=\"elementor-tab-content-6046\" aria-expanded=\"false\">\n\t\t\t\t\t\t\t\t\t\t\t\t<span class=\"elementor-toggle-icon elementor-toggle-icon-left\" aria-hidden=\"true\">\n\t\t\t\t\t\t\t\t\t\t\t\t\t\t\t<span class=\"elementor-toggle-icon-closed\"><i class=\"fas fa-caret-right\"><\/i><\/span>\n\t\t\t\t\t\t\t\t<span class=\"elementor-toggle-icon-opened\"><i class=\"elementor-toggle-icon-opened fas fa-caret-up\"><\/i><\/span>\n\t\t\t\t\t\t\t\t\t\t\t\t\t<\/span>\n\t\t\t\t\t\t\t\t\t\t\t\t<a class=\"elementor-toggle-title\" tabindex=\"0\">DIPLOMA<\/a>\n\t\t\t\t\t<\/div>\n\n\t\t\t\t\t<div id=\"elementor-tab-content-6046\" class=\"elementor-tab-content elementor-clearfix\" data-tab=\"6\" role=\"region\" aria-labelledby=\"elementor-tab-title-6046\"><p>Para verificar se seu diploma est\u00e1 dispon\u00edvel, <a href=\"https:\/\/docs.google.com\/spreadsheets\/d\/e\/2PACX-1vR90XF2FtLt7ulCCVmI00DBJLbkEoy4whuosslWi5xUu9bSoDRWuzq_ffojBQwCAQ\/pubhtml?gid=1189487498&amp;single=true\" target=\"_blank\" rel=\"noopener\"><span style=\"color: #3366ff;\"><strong>clique aqui<\/strong><\/span><\/a>.<\/p><p><strong>Onde retirar:<\/strong> Servi\u00e7o de P\u00f3s-gradua\u00e7\u00e3o da Poli, localizado no Pr\u00e9dio da Administra\u00e7\u00e3o da Poli.<\/p><p>Para a retirada por terceiro, dever\u00e1 ser encaminhada uma mensagem para o e-mail <strong data-start=\"139\" data-end=\"175\"><a class=\"decorated-link cursor-pointer\" rel=\"noopener\" data-start=\"141\" data-end=\"173\">servico.posgraduacao.poli@usp.br<\/a><\/strong>, informando o seu nome completo e n\u00famero do documento, bem como o nome completo e o documento que o terceiro apresentar\u00e1 no momento da retirada.<\/p><\/div>\n\t\t\t\t<\/div>\n\t\t\t\t\t\t\t<div class=\"elementor-toggle-item\">\n\t\t\t\t\t<div id=\"elementor-tab-title-6047\" class=\"elementor-tab-title\" data-tab=\"7\" role=\"button\" aria-controls=\"elementor-tab-content-6047\" aria-expanded=\"false\">\n\t\t\t\t\t\t\t\t\t\t\t\t<span class=\"elementor-toggle-icon elementor-toggle-icon-left\" aria-hidden=\"true\">\n\t\t\t\t\t\t\t\t\t\t\t\t\t\t\t<span class=\"elementor-toggle-icon-closed\"><i class=\"fas fa-caret-right\"><\/i><\/span>\n\t\t\t\t\t\t\t\t<span class=\"elementor-toggle-icon-opened\"><i class=\"elementor-toggle-icon-opened fas fa-caret-up\"><\/i><\/span>\n\t\t\t\t\t\t\t\t\t\t\t\t\t<\/span>\n\t\t\t\t\t\t\t\t\t\t\t\t<a class=\"elementor-toggle-title\" tabindex=\"0\">ALUMNI<\/a>\n\t\t\t\t\t<\/div>\n\n\t\t\t\t\t<div id=\"elementor-tab-content-6047\" class=\"elementor-tab-content elementor-clearfix\" data-tab=\"7\" role=\"region\" aria-labelledby=\"elementor-tab-title-6047\"><p>Continue fazendo parte da USP, cadastre-se no Portal Alumni USP:\u00a0 <a href=\"https:\/\/alumni.usp.br\/\" target=\"_blank\" rel=\"noopener\">https:\/\/alumni.usp.br\/<\/a><\/p><\/div>\n\t\t\t\t<\/div>\n\t\t\t\t\t\t\t\t<\/div>\n\t\t\t\t<\/div>\n\t\t\t\t<\/div>\n\t\t\t\t\t<\/div>\n\t\t<\/div>\n\t\t\t\t\t<\/div>\n\t\t<\/section>\n\t\t\t\t<\/div>\n\t\t","protected":false},"excerpt":{"rendered":"<p>DOCENTES ALUNOS REGULARES ALUNOS ESPECIAIS OUTRAS INFORMA\u00c7\u00d5ES ESTRUTURA DA P\u00d3S-GRADUA\u00c7\u00c3O PROAP P\u00c1GINA DEDICADA DEP\u00d3SITO DA TESE\/DISSERTA\u00c7\u00c3O P\u00c1GINA DEDICADA DEFESA A defesa dever\u00e1 ser realizada em at\u00e9 105 dias contados a partir da data de&#46;&#46;&#46;<\/p>\n","protected":false},"author":24123,"featured_media":0,"parent":0,"menu_order":0,"comment_status":"closed","ping_status":"closed","template":"","meta":{"_monsterinsights_skip_tracking":false,"_monsterinsights_sitenote_active":false,"_monsterinsights_sitenote_note":"","_monsterinsights_sitenote_category":0,"footnotes":"","_links_to":"","_links_to_target":""},"class_list":["post-2888","page","type-page","status-publish","hentry"],"_links":{"self":[{"href":"https:\/\/sites.usp.br\/ppget\/wp-json\/wp\/v2\/pages\/2888","targetHints":{"allow":["GET"]}}],"collection":[{"href":"https:\/\/sites.usp.br\/ppget\/wp-json\/wp\/v2\/pages"}],"about":[{"href":"https:\/\/sites.usp.br\/ppget\/wp-json\/wp\/v2\/types\/page"}],"author":[{"embeddable":true,"href":"https:\/\/sites.usp.br\/ppget\/wp-json\/wp\/v2\/users\/24123"}],"replies":[{"embeddable":true,"href":"https:\/\/sites.usp.br\/ppget\/wp-json\/wp\/v2\/comments?post=2888"}],"version-history":[{"count":4,"href":"https:\/\/sites.usp.br\/ppget\/wp-json\/wp\/v2\/pages\/2888\/revisions"}],"predecessor-version":[{"id":4770,"href":"https:\/\/sites.usp.br\/ppget\/wp-json\/wp\/v2\/pages\/2888\/revisions\/4770"}],"wp:attachment":[{"href":"https:\/\/sites.usp.br\/ppget\/wp-json\/wp\/v2\/media?parent=2888"}],"curies":[{"name":"wp","href":"https:\/\/api.w.org\/{rel}","templated":true}]}}