{"id":2893,"date":"2024-09-09T13:54:57","date_gmt":"2024-09-09T16:54:57","guid":{"rendered":"https:\/\/sites.usp.br\/ppget\/?page_id=2893"},"modified":"2026-03-24T10:29:54","modified_gmt":"2026-03-24T13:29:54","slug":"bolsas","status":"publish","type":"page","link":"https:\/\/sites.usp.br\/ppget\/informacoes\/bolsas\/","title":{"rendered":"Bolsas de Estudo"},"content":{"rendered":"\t\t<div data-elementor-type=\"wp-page\" data-elementor-id=\"2893\" class=\"elementor elementor-2893\" data-elementor-post-type=\"page\">\n\t\t\t\t\t\t<section class=\"elementor-section elementor-top-section elementor-element elementor-element-12f9f4ea elementor-section-boxed elementor-section-height-default elementor-section-height-default\" data-id=\"12f9f4ea\" data-element_type=\"section\">\n\t\t\t\t\t\t<div class=\"elementor-container elementor-column-gap-default\">\n\t\t\t\t\t<div class=\"elementor-column elementor-col-100 elementor-top-column elementor-element elementor-element-1d553ef9\" data-id=\"1d553ef9\" data-element_type=\"column\">\n\t\t\t<div class=\"elementor-widget-wrap elementor-element-populated\">\n\t\t\t\t\t\t<div class=\"elementor-element elementor-element-424eceee elementor-widget elementor-widget-text-editor\" data-id=\"424eceee\" data-element_type=\"widget\" data-widget_type=\"text-editor.default\">\n\t\t\t\t<div class=\"elementor-widget-container\">\n\t\t\t\t\t\t\t<h3><b>PROGRAMA DE DEMANDA SOCIAL (DS) CAPES<\/b><\/h3><p>O Programa de Demanda Social (DS) tem por objetivo apoiar discentes de programas de p\u00f3s-gradua\u00e7\u00e3o stricto sensu oferecidos por Institui\u00e7\u00f5es de Ensino Superior (IES) p\u00fablicas, por meio da concess\u00e3o de bolsas de estudo, nos n\u00edveis de mestrado e doutorado.<\/p><p>O PPGET possui bolsas de mestrado e doutorado que s\u00e3o distribu\u00eddas de forma equilibrada entre os orientadores credenciados, respeitando os crit\u00e9rios definidos pela CCP-PPGET.<\/p><p>A prioridade de aloca\u00e7\u00e3o das bolsas \u00e9 de alunos(as) com dedica\u00e7\u00e3o exclusiva, isto \u00e9, que n\u00e3o possuem v\u00ednculo empregat\u00edcio ou rendimentos de outras fontes.\u00a0\u00a0<\/p><p><a href=\"https:\/\/sites.usp.br\/ppget\/wp-content\/uploads\/sites\/1532\/2025\/05\/20231004_Criterios-Distribuicao-de-bolsas.pdf\">Crit\u00e9rios para distribui\u00e7\u00e3o de bolsas<\/a><\/p><p><strong>Pedido de bolsa para alunos(as) com v\u00ednculo empregat\u00edcio ou outros rendimentos<\/strong><\/p><p>O(a) aluno(a) regularmente matriculado e com v\u00ednculo empregat\u00edcio ou outros rendimentos poder\u00e1 solicitar a bolsa desde que j\u00e1 tenha cumprido os cr\u00e9ditos em disciplina, a atividade profissional esteja ligada ao projeto de pesquisa e tenha a anu\u00eancia do(a) orientador(a). O pedido ser\u00e1 analisado pela CCP-PPGET em reuni\u00e3o com base no desempenho acad\u00eamico do(a) aluno(a). No caso de alunos(as) de doutorado tamb\u00e9m ser\u00e1 verificado se cumpriu o est\u00e1gio PAE.<\/p><p>Para solicitar preencha o formul\u00e1rio Google, <strong><span style=\"color: #3366ff;\"><a style=\"color: #3366ff;\" href=\"https:\/\/forms.gle\/s7YCd4GhTko9eRA27\" target=\"_blank\" rel=\"noopener\">clicando aqui.<\/a><\/span><\/strong><\/p><p><strong>Formul\u00e1rios para implementa\u00e7\u00e3o:<\/strong><\/p><ul><li><a href=\"https:\/\/sites.usp.br\/ppget\/wp-content\/uploads\/sites\/1532\/2025\/05\/Formulario-Cadastro-de-bolsista.xlsx\">Formul\u00e1rio de cadastro de Bolsista da CAPES;<\/a><\/li><li><a href=\"https:\/\/sites.usp.br\/ppget\/wp-content\/uploads\/sites\/1532\/2025\/05\/TermodeCompromissoDS.docx\">Termo de Compromisso;<\/a><\/li><li><a href=\"https:\/\/sites.usp.br\/ppget\/wp-content\/uploads\/sites\/1532\/2025\/05\/Declaracao-de-Acumulos_DeclaraodeAcmulos1_Web-em-02_10_2023.docx\">Declara\u00e7\u00e3o de ac\u00famulo;<\/a><\/li><\/ul><p><strong>Formul\u00e1rios para Suspens\u00e3o ou Cancelamento:<\/strong><\/p><ul><li><a href=\"https:\/\/sites.usp.br\/ppget\/wp-content\/uploads\/sites\/1532\/2025\/05\/FormularioSuspensaodebolsa2.xls\">Formul\u00e1rio de Suspens\u00e3o;<\/a><\/li><li><a href=\"https:\/\/sites.usp.br\/ppget\/wp-content\/uploads\/sites\/1532\/2025\/05\/Formulario-de-Cancelamento-de-bolsa.xlsx\">Formul\u00e1rio de Cancelamento de bolsa;<\/a><\/li><\/ul><p><strong>Informa\u00e7\u00f5es do site oficial:<\/strong><\/p><ul><li><a href=\"https:\/\/www.gov.br\/capes\/pt-br\/acesso-a-informacao\/acoes-e-programas\/bolsas\/bolsas-no-pais\/programa-de-demanda-social-ds\" target=\"_blank\" rel=\"noopener\">Programa de Demanda Social (DS) \u2014 CAPES<\/a><\/li><\/ul><p><strong>Regulamento e outros documentos relacionados:<\/strong><\/p><p>19.04.2010 &#8211; <a href=\"http:\/\/cad.capes.gov.br\/ato-administrativo-detalhar?idAtoAdmElastic=741#anchor\">Portaria n\u00b0 76, de 14\/04\/10 &#8211; Novo Regulamento &#8211; Demanda Social<\/a><\/p><p>13.03.2026 &#8211; <a class=\"external-link\" title=\"\" href=\"https:\/\/cad.capes.gov.br\/ato-administrativo-detalhar?idAtoAdmElastic=20068#anchor\" target=\"_blank\" rel=\"noopener\" data-tippreview-enabled=\"false\" data-tippreview-image=\"\" data-tippreview-title=\"\">Portaria n\u00ba 98, de 11 de Mar\u00e7o de 2026: Disp\u00f5e sobre os crit\u00e9rios para distribui\u00e7\u00e3o de bolsas no \u00e2mbito do Programa de Demanda Social (DS) e de bolsas e aux\u00edlios para pagamento de taxas escolares no \u00e2mbito do Programa de Excel\u00eancia Acad\u00eamica (PROEX), do Programa de Suporte \u00e0 P\u00f3s-Gradua\u00e7\u00e3o de Institui\u00e7\u00f5es de Ensino Particulares (PROSUP) e do Programa de Suporte \u00e0 P\u00f3s-Gradua\u00e7\u00e3o de Institui\u00e7\u00f5es Comunit\u00e1rias de Educa\u00e7\u00e3o Superior (PROSUC), referente ao per\u00edodo de mar\u00e7o de 2026 a fevereiro de 2027, e d\u00e1 outras provid\u00eancias.<\/a><\/p><p>21.08.2025 &#8211; <a href=\"https:\/\/cad.capes.gov.br\/ato-administrativo-detalhar?idAtoAdmElastic=18647#anchor\" target=\"_blank\" rel=\"noopener\">Portaria CAPES n\u00ba 221, de 19 de agosto de 2025 &#8211; Altera os regulamentos dos Programas Demanda Social &#8211; DS, Programa de Suporte \u00e0s Institui\u00e7\u00f5es Comunit\u00e1rias de Educa\u00e7\u00e3o Superior &#8211; PROSUC, Programa de Suporte \u00e0s Institui\u00e7\u00f5es de Ensino Particulares &#8211; PROSUP e Programa de Excel\u00eancia Acad\u00eamica &#8211; PROEX para aumentar o escopo do est\u00e1gio em doc\u00eancia obrigat\u00f3rio.<\/a><\/p><p>16.06.2025 &#8211; <a href=\"https:\/\/www.gov.br\/capes\/pt-br\/centrais-de-conteudo\/documentos\/copy_of_Portaria_2618741_SEI_2617493_Portaria_GAB_154.pdf\" target=\"_blank\" rel=\"noopener\">Portaria CAPES n\u00ba 154, de 12 de junho de 2025 &#8211; Altera o anexo \u00e0 Portaria n\u00ba 076, de 14 de abril de 2010 &#8211; Regulamento do Programa de Demanda Social &#8211; DS.<\/a><\/p><p>28.05.2025 &#8211; <a href=\"https:\/\/sites.usp.br\/ppget\/wp-content\/uploads\/sites\/1532\/2026\/03\/Oficio-Circular-no-15_2025_CBIP_CGFIP_DPB_CAPES_Novas-regras-prorrog-Licenca-Maternidade_Oficio_Circular_2604567.pdf\" target=\"_blank\" rel=\"noopener\">Of\u00edcio Circular n\u00ba 15\/2025-CBIP\/CGFIP\/DPB\/CAPES &#8211; Novas regras para a prorroga\u00e7\u00e3o de bolsas de estudo em caso de Licen\u00e7a Maternidade<\/a><br \/><br \/>20.03.2025 &#8211; <a href=\"https:\/\/cad.capes.gov.br\/ato-administrativo-detalhar?idAtoAdmElastic=17623#anchor\" target=\"_blank\" rel=\"noopener\">Portaria n\u00ba 55, de 18 de Mar\u00e7o de 2025: Altera a Portaria n\u00ba 53 de 14 de mar\u00e7o de 2025 que disp\u00f5e sobre os crit\u00e9rios para distribui\u00e7\u00e3o de bolsas no \u00e2mbito do Programa de Demanda Social (DS) e de bolsas e aux\u00edlios para pagamento de taxas escolares no \u00e2mbito do Programa de Excel\u00eancia Acad\u00eamica (PROEX), do Programa de Suporte \u00e0 P\u00f3s-Gradua\u00e7\u00e3o de Institui\u00e7\u00f5es de Ensino Particulares (PROSUP) e do Programa de Suporte \u00e0 P\u00f3s-Gradua\u00e7\u00e3o de Institui\u00e7\u00f5es Comunit\u00e1rias de Educa\u00e7\u00e3o Superior (PROSUC), referente ao per\u00edodo de mar\u00e7o de 2025 a fevereiro de 2026, e d\u00e1 outras provid\u00eancias.<\/a><\/p><p>17.03.2025 &#8211; <a href=\"https:\/\/cad.capes.gov.br\/ato-administrativo-detalhar?idAtoAdmElastic=17603#anchor\" target=\"_blank\" rel=\"noopener\">Portaria n\u00ba 53, de 14 de Mar\u00e7o de 2025: Disp\u00f5e sobre os crit\u00e9rios para distribui\u00e7\u00e3o de bolsas no \u00e2mbito do Programa de Demanda Social &#8211; DS e de bolsas e aux\u00edlios para pagamento de taxas escolares no \u00e2mbito do Programa de Excel\u00eancia Acad\u00eamica &#8211; PROEX, do Programa de Suporte \u00e0 P\u00f3s-Gradua\u00e7\u00e3o de Institui\u00e7\u00f5es de Ensino Particulares &#8211; PROSUP e do Programa de Suporte \u00e0 P\u00f3s-Gradua\u00e7\u00e3o de Institui\u00e7\u00f5es Comunit\u00e1rias de Educa\u00e7\u00e3o Superior &#8211; PROSUC, referente ao per\u00edodo de mar\u00e7o de 2025 a fevereiro de 2026.<\/a><br \/><br \/>12.03.2024 &#8211; <a href=\"http:\/\/cad.capes.gov.br\/ato-administrativo-detalhar?idAtoAdmElastic=14364#anchor\" target=\"_blank\" rel=\"noopener\">Portaria n\u00ba 80\/2024: Disp\u00f5e sobre os crit\u00e9rios para distribui\u00e7\u00e3o de bolsas no \u00e2mbito do Programa de Demanda Social (DS) e de bolsas e\/ou aux\u00edlios para pagamento de taxas escolares no \u00e2mbito do Programa de Excel\u00eancia Acad\u00eamica (PROEX), do Programa de Suporte \u00e0 P\u00f3s-Gradua\u00e7\u00e3o de Institui\u00e7\u00f5es de Ensino Particulares (PROSUP) e do Programa de Suporte \u00e0 P\u00f3s-Gradua\u00e7\u00e3o de Institui\u00e7\u00f5es Comunit\u00e1rias de Educa\u00e7\u00e3o Superior (PROSUC), referente ao per\u00edodo de mar\u00e7o de 2024 a fevereiro de 2025, e d\u00e1 outras provid\u00eancias.<\/a><\/p><p>02.10.2023 &#8211; <a href=\"http:\/\/cad.capes.gov.br\/ato-administrativo-detalhar?idAtoAdmElastic=12302#anchor\" target=\"_blank\" rel=\"noopener\">Portaria n\u00ba 133, de 10 de Julho de 2023 &#8211; Regulamenta o ac\u00famulo de bolsas<\/a><\/p><p>\u00a0<\/p><p><strong>Aplicativo Bolsista CAPES?<\/strong><\/p><ul><li><p>O app permite que bolsistas e ex-bolsistas visualizem os dados de bolsas em andamento e finalizadas, bem como o hist\u00f3rico de pagamentos.<\/p><p>Dispon\u00edvel em: <a href=\"https:\/\/www.gov.br\/pt-br\/apps\/bolsista-capes\" target=\"_blank\" rel=\"noopener\">https:\/\/www.gov.br\/pt-br\/apps\/bolsista-capes<\/a><\/p><\/li><\/ul><p><strong>Obriga\u00e7\u00f5es do Bolsista:<\/strong><\/p><ul><li>Cumprir as normas do Regulamento &#8211; Portaria n\u00ba 76, de 14 de abril de 2010 e suas altera\u00e7\u00f5es<\/li><li><a href=\"https:\/\/sites.usp.br\/ppget\/informacoes\/informacoes-alunos-regulares\/\" target=\"_blank\" rel=\"noopener\"><span style=\"color: #3366ff;\">Relat\u00f3rio Semestral de atividade<\/span><\/a><\/li><li><a href=\"https:\/\/sites.usp.br\/ppget\/informacoes\/informacoes-alunos-regulares\/\" target=\"_blank\" rel=\"noopener\"><span style=\"color: #3366ff;\">Est\u00e1gio PAE &#8211; Bolsistas de Doutorado<\/span><\/a><\/li><li>Cumprir as normas da <span style=\"color: #3366ff;\"><a style=\"color: #3366ff;\" href=\"https:\/\/pesquisa.in.gov.br\/imprensa\/jsp\/visualiza\/index.jsp?data=05\/09\/2018&amp;jornal=515&amp;pagina=22\">Portaria CAPES n\u00ba 206 de 4 de setembro de 2018(clique para acessar o documento)<\/a><\/span><\/li><\/ul>\t\t\t\t\t\t<\/div>\n\t\t\t\t<\/div>\n\t\t\t\t\t<\/div>\n\t\t<\/div>\n\t\t\t\t\t<\/div>\n\t\t<\/section>\n\t\t\t\t<\/div>\n\t\t","protected":false},"excerpt":{"rendered":"<p>PROGRAMA DE DEMANDA SOCIAL (DS) CAPES O Programa de Demanda Social (DS) tem por objetivo apoiar discentes de programas de p\u00f3s-gradua\u00e7\u00e3o stricto sensu oferecidos por Institui\u00e7\u00f5es de Ensino Superior (IES) p\u00fablicas, por meio da&#46;&#46;&#46;<\/p>\n","protected":false},"author":24123,"featured_media":0,"parent":2888,"menu_order":5,"comment_status":"closed","ping_status":"closed","template":"","meta":{"_monsterinsights_skip_tracking":false,"_monsterinsights_sitenote_active":false,"_monsterinsights_sitenote_note":"","_monsterinsights_sitenote_category":0,"footnotes":"","_links_to":"","_links_to_target":""},"class_list":["post-2893","page","type-page","status-publish","hentry"],"_links":{"self":[{"href":"https:\/\/sites.usp.br\/ppget\/wp-json\/wp\/v2\/pages\/2893","targetHints":{"allow":["GET"]}}],"collection":[{"href":"https:\/\/sites.usp.br\/ppget\/wp-json\/wp\/v2\/pages"}],"about":[{"href":"https:\/\/sites.usp.br\/ppget\/wp-json\/wp\/v2\/types\/page"}],"author":[{"embeddable":true,"href":"https:\/\/sites.usp.br\/ppget\/wp-json\/wp\/v2\/users\/24123"}],"replies":[{"embeddable":true,"href":"https:\/\/sites.usp.br\/ppget\/wp-json\/wp\/v2\/comments?post=2893"}],"version-history":[{"count":4,"href":"https:\/\/sites.usp.br\/ppget\/wp-json\/wp\/v2\/pages\/2893\/revisions"}],"predecessor-version":[{"id":4927,"href":"https:\/\/sites.usp.br\/ppget\/wp-json\/wp\/v2\/pages\/2893\/revisions\/4927"}],"up":[{"embeddable":true,"href":"https:\/\/sites.usp.br\/ppget\/wp-json\/wp\/v2\/pages\/2888"}],"wp:attachment":[{"href":"https:\/\/sites.usp.br\/ppget\/wp-json\/wp\/v2\/media?parent=2893"}],"curies":[{"name":"wp","href":"https:\/\/api.w.org\/{rel}","templated":true}]}}