{"id":2987,"date":"2024-09-09T15:24:29","date_gmt":"2024-09-09T18:24:29","guid":{"rendered":"https:\/\/sites.usp.br\/ppget\/?page_id=2987"},"modified":"2025-09-12T13:20:49","modified_gmt":"2025-09-12T16:20:49","slug":"editais-anteriores","status":"publish","type":"page","link":"https:\/\/sites.usp.br\/ppget\/ingresso\/doutorado\/editais-anteriores\/","title":{"rendered":"Editais Anteriores"},"content":{"rendered":"\t\t<div data-elementor-type=\"wp-page\" data-elementor-id=\"2987\" class=\"elementor elementor-2987\" data-elementor-post-type=\"page\">\n\t\t\t\t\t\t<section class=\"elementor-section elementor-top-section elementor-element elementor-element-3220d690 elementor-section-boxed elementor-section-height-default elementor-section-height-default\" data-id=\"3220d690\" data-element_type=\"section\">\n\t\t\t\t\t\t<div class=\"elementor-container elementor-column-gap-default\">\n\t\t\t\t\t<div class=\"elementor-column elementor-col-100 elementor-top-column elementor-element elementor-element-7a407ae9\" data-id=\"7a407ae9\" data-element_type=\"column\">\n\t\t\t<div class=\"elementor-widget-wrap elementor-element-populated\">\n\t\t\t\t\t\t<div class=\"elementor-element elementor-element-32d1dde elementor-widget elementor-widget-toggle\" data-id=\"32d1dde\" data-element_type=\"widget\" data-widget_type=\"toggle.default\">\n\t\t\t\t<div class=\"elementor-widget-container\">\n\t\t\t\t\t<div class=\"elementor-toggle\">\n\t\t\t\t\t\t\t<div class=\"elementor-toggle-item\">\n\t\t\t\t\t<div id=\"elementor-tab-title-5321\" class=\"elementor-tab-title\" data-tab=\"1\" role=\"button\" aria-controls=\"elementor-tab-content-5321\" aria-expanded=\"false\">\n\t\t\t\t\t\t\t\t\t\t\t\t<span class=\"elementor-toggle-icon elementor-toggle-icon-left\" aria-hidden=\"true\">\n\t\t\t\t\t\t\t\t\t\t\t\t\t\t\t<span class=\"elementor-toggle-icon-closed\"><i class=\"fas fa-caret-right\"><\/i><\/span>\n\t\t\t\t\t\t\t\t<span class=\"elementor-toggle-icon-opened\"><i class=\"elementor-toggle-icon-opened fas fa-caret-up\"><\/i><\/span>\n\t\t\t\t\t\t\t\t\t\t\t\t\t<\/span>\n\t\t\t\t\t\t\t\t\t\t\t\t<a class=\"elementor-toggle-title\" tabindex=\"0\">Edital 02\/2024 - PTR\/EPUSP<\/a>\n\t\t\t\t\t<\/div>\n\n\t\t\t\t\t<div id=\"elementor-tab-content-5321\" class=\"elementor-tab-content elementor-clearfix\" data-tab=\"1\" role=\"region\" aria-labelledby=\"elementor-tab-title-5321\"><h2><a href=\"https:\/\/sites.usp.br\/ppget\/wp-content\/uploads\/sites\/1532\/2025\/05\/EDITAL-02-2024-PTR-EPUSP-DOUTORADO-retificado.pdf\" target=\"_blank\" rel=\"noopener\">EDITAL N\u00ba02\/2024 \u2013 PTR\/EPUSP \u2013 DOUTORADO \u2013 Retificado<\/a><\/h2><p><a href=\"https:\/\/sites.usp.br\/ppget\/wp-content\/uploads\/sites\/1532\/2025\/05\/Publicacao-DOE-pag-94-e-95-executivo-secao3-26-08-2024-doutorado.pdf\" target=\"_blank\" rel=\"noopener\">Publica\u00e7\u00e3o do Edital 02\/2024 \u2013 PTR\/EPUSP no DOE 26.08.2024.<\/a><\/p><p><strong>11.10.2024 <\/strong>\u2013 <a href=\"https:\/\/sites.usp.br\/ppget\/wp-content\/uploads\/sites\/1532\/2025\/05\/11102024-Lista-de-Inscricoes-Deferidas-Doutorado-2024assinado.pdf\">Lista de Inscri\u00e7\u00f5es Deferidas \u2013 Doutorado \u2013 2024<\/a><span style=\"font-size: 18pt;\"><br \/><\/span><\/p><p><strong>25.10.2024<\/strong> \u2013 A prova espec\u00edfica ser\u00e1 realizada remotamente no dia 30\/10\/2024 (quarta-feira) das 8h30 \u00e0s 10h30, por meio de plataforma Moodle. O candidato deve ingressar no Google Meet \u00e0s 8h30 e o acesso \u00e0 prova ser\u00e1 liberado ap\u00f3s as orienta\u00e7\u00f5es que ser\u00e3o dadas sobre o processo. As orienta\u00e7\u00f5es de como acessar a Plataforma Moodle e o link do Google Meet ser\u00e3o enviados para o e-mail informado pelo candidato no ato da inscri\u00e7\u00e3o. Em caso de d\u00favida, favor entrar em contato: ppget.poli@usp.br<\/p><p><strong>06.11.2024<\/strong> \u2013 <a href=\"https:\/\/sites.usp.br\/ppget\/wp-content\/uploads\/sites\/1532\/2025\/05\/06112024-Lista-de-aprovados-no-Exame-de-Proficiencia-em-Ingles-2024.pdf\">Lista de aprovados no Exame de Profici\u00eancia em Ingl\u00eas<\/a><\/p><p><strong>22.11.2024<\/strong> \u2013 <a href=\"https:\/\/sites.usp.br\/ppget\/wp-content\/uploads\/sites\/1532\/2025\/05\/22112024-APROVADOS-1a-ETAPA-Mestrado_Doutorado-2024.pdf\">Lista de aprovados na 1\u00aa Etapa e convoca\u00e7\u00e3o para a 2\u00aa Etapa \u2013 2024<\/a><\/p><p><strong>12.12.2024<\/strong> \u2013 <a href=\"https:\/\/sites.usp.br\/ppget\/wp-content\/uploads\/sites\/1532\/2025\/05\/13122024-APROVADOS-2a-ETAPA-Mestrado_Doutorado-2024.pdf\">Lista de aprovados na 2\u00aa etapa<\/a><\/p><p><strong>08.04.2025<\/strong> \u2013 <a href=\"https:\/\/sites.usp.br\/ppget\/wp-content\/uploads\/sites\/1532\/2025\/05\/08042025-Lista-de-Inscricoes-Deferidas-Doutorado.pdf\">Inscri\u00e7\u00e3o Deferida \u2013 Fernando C\u00e9sar Dias Ribeiro \u2013 Doutorado<\/a><\/p><p><strong>12.05.2025<\/strong> \u2013 Convoca\u00e7\u00e3o do candidato Fernanco C\u00e9sar Dias Ribeiro para a prova espec\u00edfica (1\u00aa etapa) a ser realizada no dia 12.05.2025, \u00e0s 14h30 no Departamento de Engenharia de Transportes localizado no Pr\u00e9dio da Engenharia Civil e Ambiental ( Av. Prof. Almeida Prado, Travessa do Bi\u00eanio, n\u00ba 83).<\/p><p><strong>14.05.2025 <\/strong>&#8211; <a href=\"https:\/\/sites.usp.br\/ppget\/wp-content\/uploads\/sites\/1532\/2025\/05\/14052025-Inscricao-deferida-Ana-Flavia-Davanzo-Lopes-Doutorado.pdf\">Inscri\u00e7\u00e3o Deferida &#8211; Ana Flavia Davanzo Lopes<\/a><\/p><p><strong>20.05.2025<\/strong> &#8211; Convoca\u00e7\u00e3o da candidata Ana Flavia Davanzo Lopes para a prova espec\u00edfica (1\u00aa etapa) a ser realizada no dia 09.06.2025, \u00e0s 09h00 no Laborat\u00f3rio de Tecnologia de Pavimenta\u00e7\u00e3o do\u00a0 Departamento de Engenharia de Transportes localizado no Pr\u00e9dio da Engenharia Civil e Ambiental ( Av. Prof. Almeida Prado, Travessa do Bi\u00eanio, n\u00ba 83).<\/p><p><strong>21.05.2025<\/strong> &#8211; <span style=\"font-weight: 400;\">Informamos a aprova\u00e7\u00e3o do candidato <strong>Fernando Cesar Dias Ribeiro<\/strong> na 1\u00aa etapa do Processo Seletivo para ingresso no curso de Doutorado do Programa de P\u00f3s-Gradua\u00e7\u00e3o em Engenharia de Transportes da Escola Polit\u00e9cnica da USP, conforme o Edital 02\/2024 &#8211; PTR\/EPUSP de 26-08-2024, e o convoca para a 2\u00aa etapa (entrevista) a ser realizada no dia <strong>22-05-2025, \u00e0s 9h30<\/strong>, via Google Meet cujo o link ser\u00e1 enviado para o e-mail do candidato informado no ato da inscri\u00e7\u00e3o. A aus\u00eancia injustificada ser\u00e1 considerada desist\u00eancia do processo seletivo.<\/span><\/p><p><strong>16.06.2025<\/strong> &#8211; O PPGET comunica a aprova\u00e7\u00e3o da candidata <strong>Ana Flavia Davanzo\u00a0 Lopes<\/strong> na 1\u00aa etapa &#8211; Prova espec\u00edfica.\u00a0<\/p><p><strong>17.06.2025<\/strong> &#8211; O PPGET convoca a candidata <strong>Ana Flavia Davanzo Lopes<\/strong> para a 2\u00aa etapa, entrevista, a ser realizada no dia <strong>18-06-2025<\/strong>, \u00e0s <strong>8h15<\/strong>, pela plataforma do Google Meet.<\/p><p><strong>18.06.2025<\/strong> &#8211; O PPGET comunica a aprova\u00e7\u00e3o da candidata <strong>Ana Flavia Davanzo Lopes<\/strong> na 2\u00aa etapa &#8211; Entrevista e que est\u00e1 habilitada para cursar disciplinas como aluna especial. Orienta\u00e7\u00f5es sobre a matr\u00edcula\u00a0 e a 3\u00aa etapa ser\u00e3o enviadas para o e-mail informado no ato da matr\u00edcula.\u00a0<\/p><p><strong>26.06.2025<\/strong> &#8211; O PPGET comunica a aprova\u00e7\u00e3o da candidata <strong>Ana Flavia Davanzo Lopes <\/strong>na 3\u00aa etapa. Informa\u00e7\u00f5es sobre seu novo curso ser\u00e3o enviadas para o e-mail informado no ato da matr\u00edcula.<\/p><p><strong>08.07.2025<\/strong> &#8211; O PPGET informa que a inscri\u00e7\u00e3o do candidato <strong>Camilo Andr\u00e9s Bello Portela <\/strong>foi deferida.<\/p><p><strong>16.07.2025<\/strong> &#8211; O PPGET convoca o candidato <strong>Camilo Andr\u00e9s Bello Portela<\/strong> para a prova espec\u00edfica (1\u00aa etapa) a ser realizada no dia <strong>11.08.2025<\/strong>, \u00e0s <strong>08h00 <\/strong>(dura\u00e7\u00e3o de 2 horas) no Laborat\u00f3rio de Planejamento e Opera\u00e7\u00e3o de Transportes (LPT) do\u00a0 Departamento de Engenharia de Transportes localizado no Pr\u00e9dio da Engenharia Civil e Ambiental ( Av. Prof. Almeida Prado, Travessa do Bi\u00eanio, n\u00ba 83).<\/p><p><strong>12.08.2025<\/strong> &#8211; O PPGET comunica a aprova\u00e7\u00e3o do candidato <strong>Camilo Andr\u00e9s Bello Portela<\/strong> na 1\u00aa etapa &#8211; Prova espec\u00edfica e o convoca para a 2\u00aa etapa, argui\u00e7\u00e3o, a ser realizada no dia <strong>14-08-2025<\/strong>, \u00e0s <strong>11h00<\/strong>, no Laborat\u00f3rio de Planejamento e Opera\u00e7\u00e3o de Transportes (LPT) do\u00a0 Departamento de Engenharia de Transportes localizado no Pr\u00e9dio da Engenharia Civil e Ambiental ( Av. Prof. Almeida Prado, Travessa do Bi\u00eanio, n\u00ba 83).<\/p><p><strong>15.08.2025 <\/strong>&#8211; O PPGET comunica a aprova\u00e7\u00e3o do candidato <strong>Camilo Andr\u00e9s Bello Portela<\/strong> na 2\u00aa etapa &#8211; Argui\u00e7\u00e3o e que est\u00e1 habilitado para cursar disciplinas como aluno especial. Orienta\u00e7\u00f5es sobre a matr\u00edcula\u00a0 e a 3\u00aa etapa ser\u00e3o enviadas para o e-mail informado no ato da matr\u00edcula.\u00a0<\/p><p>\u00a0<\/p><\/div>\n\t\t\t\t<\/div>\n\t\t\t\t\t\t\t<div class=\"elementor-toggle-item\">\n\t\t\t\t\t<div id=\"elementor-tab-title-5322\" class=\"elementor-tab-title\" data-tab=\"2\" role=\"button\" aria-controls=\"elementor-tab-content-5322\" aria-expanded=\"false\">\n\t\t\t\t\t\t\t\t\t\t\t\t<span class=\"elementor-toggle-icon elementor-toggle-icon-left\" aria-hidden=\"true\">\n\t\t\t\t\t\t\t\t\t\t\t\t\t\t\t<span class=\"elementor-toggle-icon-closed\"><i class=\"fas fa-caret-right\"><\/i><\/span>\n\t\t\t\t\t\t\t\t<span class=\"elementor-toggle-icon-opened\"><i class=\"elementor-toggle-icon-opened fas fa-caret-up\"><\/i><\/span>\n\t\t\t\t\t\t\t\t\t\t\t\t\t<\/span>\n\t\t\t\t\t\t\t\t\t\t\t\t<a class=\"elementor-toggle-title\" tabindex=\"0\">Edital 02\/2023 - PTR\/EPUSP<\/a>\n\t\t\t\t\t<\/div>\n\n\t\t\t\t\t<div id=\"elementor-tab-content-5322\" class=\"elementor-tab-content elementor-clearfix\" data-tab=\"2\" role=\"region\" aria-labelledby=\"elementor-tab-title-5322\"><h3><strong><a href=\"https:\/\/www.ptr.poli.usp.br\/wp-content\/uploads\/sites\/166\/2023\/08\/EDITAL-02-2023-PTR-EPUSP-DOUTORADO-FINAL-17-08-2023-assinado.pdf\" target=\"_blank\" rel=\"noopener\">EDITAL 02-2023 \u2013 PTR-EPUSP<\/a><\/strong><\/h3><p><a href=\"https:\/\/www.ptr.poli.usp.br\/wp-content\/uploads\/sites\/166\/2023\/08\/Publicacao-DOE-Edital-02-2023-pags-54-55.pdf\" target=\"_blank\" rel=\"noopener\">Publica\u00e7\u00e3o do Edital 02\/2023 \u2013 PTR\/EPUSP no DOE 22.08.2023.<\/a><\/p><p>11.10.2023 <a href=\"https:\/\/www.ptr.poli.usp.br\/wp-content\/uploads\/sites\/166\/2023\/10\/11102023-Lista-de-Inscricoes-Deferidas-Doutorado-2024.pdf\">Lista de Inscri\u00e7\u00f5es Deferidas \u2013 Doutorado<\/a><\/p><p>11.10.2023 \u2013 A prova espec\u00edfica ser\u00e1 realizada no dia 26\/10\/2023 das 8h30 \u00e0s 10h30 (hor\u00e1rio de Bras\u00edlia) remotamente via plataforma Moodle. Maiores informa\u00e7\u00f5es ser\u00e3o enviadas para os candidatos pelo e-mail informado no ato da inscri\u00e7\u00e3o.<\/p><p>24.10.2023 \u2013 A Prova Espec\u00edfica do Processo Seletivo para o ingresso no curso de Doutorado do Programa de P\u00f3s-Gradua\u00e7\u00e3o em Engenharia de Transportes ser\u00e1 realizada \u00e0 dist\u00e2ncia por meio da Plataforma Moodle. As orienta\u00e7\u00f5es foram enviadas para o e-mail do(a) candidato(a) informado no ato da inscri\u00e7\u00e3o. Caso n\u00e3o tenha recebido, verifique a caixa de <em>Spam<\/em> ou entre em contato com <a>ppget.poli@usp.br<\/a>.<\/p><p>06.11.2023 \u2013 <a href=\"https:\/\/www.ptr.poli.usp.br\/wp-content\/uploads\/sites\/166\/2023\/11\/06112023-Lista-de-aprovados-no-Exame-de-Proficiencia.pdf\" target=\"_blank\" rel=\"noopener\">Lista de aprovados no Exame de Profici\u00eancia do Centro Interdepartamental de L\u00ednguas (FFLCH)<\/a><\/p><p>16.11.2023 \u2013 Aprovado na 1\u00aa etapa do Processo Seletivo \u2013 Andr\u00e9 Gabriel Cesar Torres<\/p><p>07.12.2023 \u2013\u00a0Aprovado na 2\u00aa etapa do Processo Seletivo -Andr\u00e9s Gabriel Cesar Torres \u2013 informa\u00e7\u00f5es sobre a matr\u00edcula ser\u00e3o enviadas para o endere\u00e7o eletr\u00f4nico informado no ato da inscri\u00e7\u00e3o.<\/p><p>30.08.2024 \u2013 <a href=\"https:\/\/www.ptr.poli.usp.br\/wp-content\/uploads\/sites\/166\/2024\/08\/Lista-de-Aprovados-na-3a-etapa-PPGET.pdf\" target=\"_blank\" rel=\"noopener\">Lista de aprovados na 3\u00aa etapa<\/a><\/p><\/div>\n\t\t\t\t<\/div>\n\t\t\t\t\t\t\t<div class=\"elementor-toggle-item\">\n\t\t\t\t\t<div id=\"elementor-tab-title-5323\" class=\"elementor-tab-title\" data-tab=\"3\" role=\"button\" aria-controls=\"elementor-tab-content-5323\" aria-expanded=\"false\">\n\t\t\t\t\t\t\t\t\t\t\t\t<span class=\"elementor-toggle-icon elementor-toggle-icon-left\" aria-hidden=\"true\">\n\t\t\t\t\t\t\t\t\t\t\t\t\t\t\t<span class=\"elementor-toggle-icon-closed\"><i class=\"fas fa-caret-right\"><\/i><\/span>\n\t\t\t\t\t\t\t\t<span class=\"elementor-toggle-icon-opened\"><i class=\"elementor-toggle-icon-opened fas fa-caret-up\"><\/i><\/span>\n\t\t\t\t\t\t\t\t\t\t\t\t\t<\/span>\n\t\t\t\t\t\t\t\t\t\t\t\t<a class=\"elementor-toggle-title\" tabindex=\"0\">Edital 03\/2022 - PTR\/EPUSP<\/a>\n\t\t\t\t\t<\/div>\n\n\t\t\t\t\t<div id=\"elementor-tab-content-5323\" class=\"elementor-tab-content elementor-clearfix\" data-tab=\"3\" role=\"region\" aria-labelledby=\"elementor-tab-title-5323\"><h4><a href=\"https:\/\/www.ptr.poli.usp.br\/wp-content\/uploads\/sites\/166\/2022\/08\/EDITAL-03-2022-PTR-EPUSP-DOUTORADO_AssFVZ.pdf\" target=\"_blank\" rel=\"noopener\">Edital 03\/2022 \u2013 PTR\/EPUSP<\/a><\/h4><p><a href=\"https:\/\/www.ptr.poli.usp.br\/wp-content\/uploads\/sites\/166\/2022\/08\/EDITAL-03-2022-PTR-EPUSP-DOUTORADO-DOE-12-08-2022.pdf\" target=\"_blank\" rel=\"noopener\">Publica\u00e7\u00e3o do Edital 03\/2022 \u2013 PTR\/EPUSP no DOE, 12.08.2022<\/a><\/p><p><a href=\"https:\/\/www.ptr.poli.usp.br\/wp-content\/uploads\/sites\/166\/2022\/10\/Lista-de-Inscricoes-Deferidas-Doutorado-2023_AssFVZ.pdf\" target=\"_blank\" rel=\"noopener\">17.10.2022 \u2013 Lista de Inscri\u00e7\u00f5es Deferidas<\/a><\/p><p>19.10.2022 \u2013 A prova espec\u00edfica ser\u00e1 realizada no dia 25\/11\/2022 das 8h30 \u00e0s 10h30 remotamente em plataforma a ser definida em breve.<\/p><p><a href=\"https:\/\/www.ptr.poli.usp.br\/wp-content\/uploads\/sites\/166\/2022\/11\/10-11-2022-inscricao-deferida-Vinicius-Marostica-Alberto.pdf\" target=\"_blank\" rel=\"noopener\">10-11-2022 \u2013 Inscri\u00e7\u00e3o deferida \u2013 Vinicius Mar\u00f3stica Alberto<\/a><\/p><p>10.11.2022 \u2013 A prova espec\u00edfica ser\u00e1 realizada no dia 25\/11\/2022 das 8h30 \u00e0s 10h30 remotamente em plataforma a ser definida em breve.<\/p><p>22.11.2022 \u2013\u00a0 <a href=\"https:\/\/www.ptr.poli.usp.br\/wp-content\/uploads\/sites\/166\/2022\/11\/Aprovados-Exame-Ingles-FFLCH.pdf\" target=\"_blank\" rel=\"noopener\">Lista de aprovados no Exame de Profici\u00eancia em L\u00edngua Inglesa aplicado pelo Centro de L\u00ednguas da FFLCH<\/a><\/p><p>22.11.2022 \u2013 A prova espec\u00edfica ser\u00e1 realizada no dia 25\/11\/2022 das 8h30 \u00e0s 10h30, remotamente, pela Plataforma Moodle.<\/p><p>07.12.2022 \u2013 <a href=\"https:\/\/www.ptr.poli.usp.br\/wp-content\/uploads\/sites\/166\/2022\/12\/Arguicoes-Infraestrutura-de-Transportes-Doutorado_AssFVZ.pdf\" target=\"_blank\" rel=\"noopener\">Lista de Convocados para Argui\u00e7\u00e3o \u2013 Infraestrutura de Transportes<\/a><\/p><p>07.12.2022 \u2013 <a href=\"https:\/\/www.ptr.poli.usp.br\/wp-content\/uploads\/sites\/166\/2022\/12\/Arguicoes-Informacoes-Espaciais-Doutorado_AssFVZ.pdf\" target=\"_blank\" rel=\"noopener\">Lista de Convocados para Argui\u00e7\u00e3o \u2013 Informa\u00e7\u00f5es Espaciais<\/a><\/p><p>19.12.2022 \u2013 <a href=\"https:\/\/www.ptr.poli.usp.br\/wp-content\/uploads\/sites\/166\/2022\/12\/19122022-Aprovados-na-2a-etapa-do-Processo-Seletivo-Doutorado-2023-assinado.pdf\" target=\"_blank\" rel=\"noopener\">Aprovados na 2\u00aa etapa do Processo Seletivo \u2013 Doutorado \u2013 2023<\/a><\/p><p>16.03.2023 \u2013 \u00a0<a href=\"https:\/\/www.ptr.poli.usp.br\/wp-content\/uploads\/sites\/166\/2023\/03\/COMUNICADO-INSCRICAO-DEFERIDA-assinada.pdf\" target=\"_blank\" rel=\"noopener\">Inscri\u00e7\u00e3o deferida \u2013 Andres Gabriel Cesar Torres<\/a><\/p><p>10.04.2023 \u2013 Candidato: Andr\u00e9s Gabriel Cesar Torres \u2013 A prova espec\u00edfica ser\u00e1 realizada no dia 27\/04\/2023 das 9h00 \u00e0s 11h00, remotamente, pela Plataforma Moodle.<\/p><p><a href=\"https:\/\/www.ptr.poli.usp.br\/wp-content\/uploads\/sites\/166\/2023\/05\/02052023-Aprovado-na-1a-etapa-do-Processo-Seletivo-Convocacao-para-Entrevista-Doutorado-2023-assinado.pdf\" target=\"_blank\" rel=\"noopener\">02.05.2023 \u2013 Aprovado na 1\u00aa etapa do Processo Seletivo Convoca\u00e7\u00e3o para Entrevista \u2013 Doutorado \u2013 2023<\/a><\/p><p>16.05.2023 \u2013 <a href=\"https:\/\/www.ptr.poli.usp.br\/wp-content\/uploads\/sites\/166\/2023\/05\/16052023-Aprovado-na-2a-etapa-do-Processo-Seletivo-Doutorado-2023-assinado.pdf\" target=\"_blank\" rel=\"noopener\">Aprovado na 2\u00aa etapa do Processo Seletivo -Andr\u00e9s Gabriel Cesar Torres<\/a><\/p><p>16.05.2023 \u2013 <a href=\"https:\/\/www.ptr.poli.usp.br\/wp-content\/uploads\/sites\/166\/2023\/05\/COMUNICADO-INSCRICAO-DEFERIDA-Isabela-Macedo-assinado.pdf\" target=\"_blank\" rel=\"noopener\">Inscri\u00e7\u00e3o deferida -Isabela Maciel Macedo<\/a><\/p><p>19.05.2023 \u2013\u00a0 Candidata: Isabela Maciel Macedo \u2013 A prova espec\u00edfica ser\u00e1 realizada no dia 24\/05\/2023 das 8h30 \u00e0s 10h30, presencialmente,\u00a0 no Departamento de Engenharia de Transportes \u2013 PTR \u2013 Endere\u00e7o: Av. Prof. Almeida Prado, Travessa do Bi\u00eanio, n\u00ba 83 \u2013 Edif\u00edcio Engenharia Civil \u2013 Cidade Universit\u00e1ria \u2013 S\u00e3o Paulo <span class=\"gmail_default\">\u200b \u2013\u00a0<\/span>CEP 05508-070<\/p><p>26.05.2023 \u2013 <a href=\"https:\/\/www.ptr.poli.usp.br\/wp-content\/uploads\/sites\/166\/2023\/05\/26052023-Aprovado-na-1a-etapa-do-Processo-Seletivo-Convocacao-para-Entrevista-Doutorado-2023.pdf\" target=\"_blank\" rel=\"noopener\">Aprovada na 1\u00aa etapa do Processo Seletivo Convoca\u00e7\u00e3o para Entrevista \u2013 Doutorado \u2013 2023<\/a><\/p><p>31.05.2023 \u2013 <a href=\"https:\/\/www.ptr.poli.usp.br\/wp-content\/uploads\/sites\/166\/2023\/05\/30052023-Aprovado-na-2a-etapa-do-Processo-Seletivo-Doutorado-2023.pdf\" target=\"_blank\" rel=\"noopener\">Aprovada na 2\u00aa etapa do Processo Seletivo \u2013 Doutorado \u2013 2023 \u2013 Isabela Maciel Macedo<\/a><\/p><p>23.06.2023 \u2013\u00a0<a href=\"https:\/\/www.ptr.poli.usp.br\/wp-content\/uploads\/sites\/166\/2023\/06\/COMUNICADO-INSCRICAO-DEFERIDA-Caio-Raul.pdf\" target=\"_blank\" rel=\"noopener\">Inscri\u00e7\u00e3o deferida \u2013 Caio Mascarenhas Raul<\/a><\/p><p>26.06.2023 \u2013 Candidato: Caio Mascarenhas Raul \u2013 A prova espec\u00edfica ser\u00e1 realizada no dia 06\/07\/2023 das 8h00 \u00e0s 10h00, presencialmente,\u00a0 no Laborat\u00f3rio de Tecnologia de Pavimenta\u00e7\u00e3o \u2013 LTP \u2013 Endere\u00e7o: Av. Prof. Almeida Prado, Travessa do Bi\u00eanio, n\u00ba 83 \u2013 Pr\u00e9dio da Engenharia Civil \u2013 Cidade Universit\u00e1ria \u2013 S\u00e3o Paulo <span class=\"gmail_default\">\u200b \u2013\u00a0<\/span>CEP 05508-070<\/p><p>27.07.2023 \u2013\u00a0<a href=\"https:\/\/www.ptr.poli.usp.br\/wp-content\/uploads\/sites\/166\/2023\/07\/27072023-Aprovado-na-1a-etapa-do-Processo-Seletivo-Doutorado-2023.pdf\" target=\"_blank\" rel=\"noopener\">Aprovado na 1\u00aa etapa do Processo Seletivo 0 Doutorado \u2013 2023 \u2013 Caio Mascarenhas Raul<\/a><\/p><p>16.08.2023 \u2013 Candidato: Caio Mascarenhas Raul \u2013 A 2\u00aa etapa ser\u00e1 realizada no dia 17-08-2023, quinta-feira, \u00e0s 11h15, via Google Meet, link enviado para o endere\u00e7o eletr\u00f4nico do candidato.<\/p><p>22.08.2023 \u2013 <a href=\"https:\/\/www.ptr.poli.usp.br\/wp-content\/uploads\/sites\/166\/2023\/08\/22082023-Aprovado-na-2a-etapa-do-Processo-Seletivo-Doutorado-2023.pdf\" target=\"_blank\" rel=\"noopener\">Aprovado na 2\u00aa etapa do Processo Seletivo \u2013 Doutorado \u2013 2023 \u2013 Caio Mascarenhas Raul<\/a><\/p><\/div>\n\t\t\t\t<\/div>\n\t\t\t\t\t\t\t<div class=\"elementor-toggle-item\">\n\t\t\t\t\t<div id=\"elementor-tab-title-5324\" class=\"elementor-tab-title\" data-tab=\"4\" role=\"button\" aria-controls=\"elementor-tab-content-5324\" aria-expanded=\"false\">\n\t\t\t\t\t\t\t\t\t\t\t\t<span class=\"elementor-toggle-icon elementor-toggle-icon-left\" aria-hidden=\"true\">\n\t\t\t\t\t\t\t\t\t\t\t\t\t\t\t<span class=\"elementor-toggle-icon-closed\"><i class=\"fas fa-caret-right\"><\/i><\/span>\n\t\t\t\t\t\t\t\t<span class=\"elementor-toggle-icon-opened\"><i class=\"elementor-toggle-icon-opened fas fa-caret-up\"><\/i><\/span>\n\t\t\t\t\t\t\t\t\t\t\t\t\t<\/span>\n\t\t\t\t\t\t\t\t\t\t\t\t<a class=\"elementor-toggle-title\" tabindex=\"0\">Edital 02\/2021 - PTR\/EPUSP<\/a>\n\t\t\t\t\t<\/div>\n\n\t\t\t\t\t<div id=\"elementor-tab-content-5324\" class=\"elementor-tab-content elementor-clearfix\" data-tab=\"4\" role=\"region\" aria-labelledby=\"elementor-tab-title-5324\"><h3><span style=\"color: #3366ff;\"><strong><a style=\"color: #3366ff;\" href=\"https:\/\/www.ptr.poli.usp.br\/wp-content\/uploads\/sites\/166\/2021\/09\/EDITAL-02-2021-PTR-EPUSP-DOUTORADO-Ja-No-SITE.pdf\" target=\"_blank\" rel=\"noopener\">Edital 02\/2021 &#8211; PTR\/EPUSP<\/a><\/strong><\/span>\u00a0<\/h3><p><a href=\"https:\/\/www.ptr.poli.usp.br\/wp-content\/uploads\/sites\/166\/2021\/09\/Publicacao-no-D.O.-Editais-01.2021-e-02.2021.pdf\" target=\"_blank\" rel=\"noopener\">Publica\u00e7\u00e3o do Edital 02\/2021 \u2013 PTR\/EPUSP no DOE, 31.08.2021.<\/a><\/p><\/div>\n\t\t\t\t<\/div>\n\t\t\t\t\t\t\t\t<\/div>\n\t\t\t\t<\/div>\n\t\t\t\t<\/div>\n\t\t\t\t\t<\/div>\n\t\t<\/div>\n\t\t\t\t\t<\/div>\n\t\t<\/section>\n\t\t\t\t<\/div>\n\t\t","protected":false},"excerpt":{"rendered":"<p>Edital 02\/2024 &#8211; PTR\/EPUSP EDITAL N\u00ba02\/2024 \u2013 PTR\/EPUSP \u2013 DOUTORADO \u2013 Retificado Publica\u00e7\u00e3o do Edital 02\/2024 \u2013 PTR\/EPUSP no DOE 26.08.2024. 11.10.2024 \u2013 Lista de Inscri\u00e7\u00f5es Deferidas \u2013 Doutorado \u2013 2024 25.10.2024 \u2013 A&#46;&#46;&#46;<\/p>\n","protected":false},"author":24123,"featured_media":0,"parent":2882,"menu_order":0,"comment_status":"closed","ping_status":"closed","template":"","meta":{"_monsterinsights_skip_tracking":false,"_monsterinsights_sitenote_active":false,"_monsterinsights_sitenote_note":"","_monsterinsights_sitenote_category":0,"footnotes":"","_links_to":"","_links_to_target":""},"class_list":["post-2987","page","type-page","status-publish","hentry"],"_links":{"self":[{"href":"https:\/\/sites.usp.br\/ppget\/wp-json\/wp\/v2\/pages\/2987","targetHints":{"allow":["GET"]}}],"collection":[{"href":"https:\/\/sites.usp.br\/ppget\/wp-json\/wp\/v2\/pages"}],"about":[{"href":"https:\/\/sites.usp.br\/ppget\/wp-json\/wp\/v2\/types\/page"}],"author":[{"embeddable":true,"href":"https:\/\/sites.usp.br\/ppget\/wp-json\/wp\/v2\/users\/24123"}],"replies":[{"embeddable":true,"href":"https:\/\/sites.usp.br\/ppget\/wp-json\/wp\/v2\/comments?post=2987"}],"version-history":[{"count":4,"href":"https:\/\/sites.usp.br\/ppget\/wp-json\/wp\/v2\/pages\/2987\/revisions"}],"predecessor-version":[{"id":4359,"href":"https:\/\/sites.usp.br\/ppget\/wp-json\/wp\/v2\/pages\/2987\/revisions\/4359"}],"up":[{"embeddable":true,"href":"https:\/\/sites.usp.br\/ppget\/wp-json\/wp\/v2\/pages\/2882"}],"wp:attachment":[{"href":"https:\/\/sites.usp.br\/ppget\/wp-json\/wp\/v2\/media?parent=2987"}],"curies":[{"name":"wp","href":"https:\/\/api.w.org\/{rel}","templated":true}]}}