{"id":3188,"date":"2025-02-12T10:29:55","date_gmt":"2025-02-12T13:29:55","guid":{"rendered":"https:\/\/sites.usp.br\/ppget\/?page_id=3188"},"modified":"2025-08-13T14:56:38","modified_gmt":"2025-08-13T17:56:38","slug":"relatos","status":"publish","type":"page","link":"https:\/\/sites.usp.br\/ppget\/internacional\/relatos\/","title":{"rendered":"Relatos de bolsistas internacionais"},"content":{"rendered":"\t\t<div data-elementor-type=\"wp-page\" data-elementor-id=\"3188\" class=\"elementor elementor-3188\" data-elementor-post-type=\"page\">\n\t\t\t\t\t\t<section class=\"elementor-section elementor-top-section elementor-element elementor-element-67f1cf63 elementor-section-boxed elementor-section-height-default elementor-section-height-default\" data-id=\"67f1cf63\" data-element_type=\"section\">\n\t\t\t\t\t\t<div class=\"elementor-container elementor-column-gap-default\">\n\t\t\t\t\t<div class=\"elementor-column elementor-col-100 elementor-top-column elementor-element elementor-element-16d0d833\" data-id=\"16d0d833\" data-element_type=\"column\">\n\t\t\t<div class=\"elementor-widget-wrap elementor-element-populated\">\n\t\t\t\t\t\t<div class=\"elementor-element elementor-element-2985638 elementor-widget elementor-widget-heading\" data-id=\"2985638\" data-element_type=\"widget\" data-widget_type=\"heading.default\">\n\t\t\t\t<div class=\"elementor-widget-container\">\n\t\t\t<h2 class=\"elementor-heading-title elementor-size-default\">Lucas Vinicius Nogueira dos Reis - PrInt USP - PDSE\/CAPES<\/h2>\t\t<\/div>\n\t\t\t\t<\/div>\n\t\t\t\t<div class=\"elementor-element elementor-element-6f7b77a7 elementor-widget elementor-widget-text-editor\" data-id=\"6f7b77a7\" data-element_type=\"widget\" data-widget_type=\"text-editor.default\">\n\t\t\t\t<div class=\"elementor-widget-container\">\n\t\t\t\t\t\t\t<p>O aluno de doutorado\u00a0<strong>Lucas Vinicius Nogueira dos Reis <\/strong>foi selecionado no\u00a0<strong><a href=\"https:\/\/www.ptr.poli.usp.br\/wp-content\/uploads\/sites\/166\/2024\/11\/EDITAL-No-26-PDSE-2024-2-sem-VAGAS-REMANESCENTES-ass.pdf\" target=\"_blank\" rel=\"noopener\">Edital 26\/2023 \u2013 PrInt \u2013 PDSE<\/a><\/strong>\u00a0e realizou o est\u00e1gio de abril a setembro de 2024. Abaixo o relato do\u00a0 aluno em que compartilha sua experi\u00eancia na Universidade de Val\u00eancia na Espanha.<\/p><p><a href=\"https:\/\/www.ptr.poli.usp.br\/wp-content\/uploads\/sites\/166\/2024\/11\/20240405_124936283_iOS.png\"><img decoding=\"async\" class=\"alignleft wp-image-2901 \" src=\"https:\/\/www.ptr.poli.usp.br\/wp-content\/uploads\/sites\/166\/2024\/11\/20240405_124936283_iOS-225x300.png\" sizes=\"(max-width: 225px) 100vw, 225px\" srcset=\"https:\/\/www.ptr.poli.usp.br\/wp-content\/uploads\/sites\/166\/2024\/11\/20240405_124936283_iOS-225x300.png 225w, https:\/\/www.ptr.poli.usp.br\/wp-content\/uploads\/sites\/166\/2024\/11\/20240405_124936283_iOS-768x1024.png 768w, https:\/\/www.ptr.poli.usp.br\/wp-content\/uploads\/sites\/166\/2024\/11\/20240405_124936283_iOS-1152x1536.png 1152w, https:\/\/www.ptr.poli.usp.br\/wp-content\/uploads\/sites\/166\/2024\/11\/20240405_124936283_iOS-1536x2048.png 1536w, https:\/\/www.ptr.poli.usp.br\/wp-content\/uploads\/sites\/166\/2024\/11\/20240405_124936283_iOS-400x533.png 400w\" alt=\"\" width=\"180\" height=\"240\" \/><\/a><\/p><p>\u201cO plano de pesquisa do meu Doutorado Sandu\u00edche era o de compreender como as caracter\u00edsticas geom\u00e9tricas de algumas rodovias bidirecionais de pista simples podem influenciar o comportamento dos motoristas, principalmente no que diz respeito \u00e0 consist\u00eancia de tra\u00e7ado rodovi\u00e1rio e, consequentemente, como essa consist\u00eancia de tra\u00e7ado rodovi\u00e1rio pode estar relacionada com alguns indicadores de seguran\u00e7a vi\u00e1ria, tal como o da frequ\u00eancia de sinistros de tr\u00e2nsito que resultam em mortes e ferimentos graves.<\/p><p>Tendo em vista que o Grupo de Pesquisa de Engenharia de Rodovias da Universidade Polit\u00e9cnica de Val\u00eancia j\u00e1 havia estudado esse tipo de rela\u00e7\u00e3o para rodovias da Comunidade Valenciana, na Espanha, o objetivo do meu interc\u00e2mbio foi o de obter referenciais te\u00f3ricos e metodol\u00f3gicos da minha pesquisa de doutorado, comparando a minha pesquisa com a metodologia j\u00e1 aplicada na Europa e procurando compreender as li\u00e7\u00f5es aprendidas por eles.<\/p><p>Como destaque para o que foi conclu\u00eddo: Foi poss\u00edvel realizar a separa\u00e7\u00e3o dos segmentos homog\u00eaneos de rodovias bidirecionais de pista simples do estado de S\u00e3o Paulo com base em tr\u00eas caracter\u00edsticas principais: 1) Volume de tr\u00e1fego (VDMA), 2) Interse\u00e7\u00f5es principais (rotat\u00f3rias, etc), 3) Segmentos com CCR (Curvature Change Rate ou Taxa de Mudan\u00e7a de Curvatura) semelhantes. Depois disso, foram criados algoritmos em Python para a determina\u00e7\u00e3o tanto do perfil de velocidade operacional, quanto para o perfil de velocidade inercial, conforme defini\u00e7\u00f5es de bibliografia internacional. Com esses perfis de velocidade, foram levantados par\u00e2metros de velocidade operacional e inercial, de modo a determinar alguns \u00edndices de consist\u00eancia de tra\u00e7ado global. As an\u00e1lises estat\u00edsticas para a determina\u00e7\u00e3o de coeficientes do modelo de previs\u00e3o do n\u00famero de sinistros de tr\u00e2nsito com v\u00edtimas (mortes e ferimentos graves) com base tanto na exposi\u00e7\u00e3o ao risco (VDMA e comprimento da via), quanto nos\u00a0\u00edndices de consist\u00eancia de tra\u00e7ado global e \u00edndice de consist\u00eancia de tra\u00e7ado inercial foram esbo\u00e7adas, mas carecem de melhorias a serem implantadas na continua\u00e7\u00e3o da pesquisa no Brasil.<\/p><p><img fetchpriority=\"high\" decoding=\"async\" class=\"wp-image-2911 aligncenter\" src=\"https:\/\/www.ptr.poli.usp.br\/wp-content\/uploads\/sites\/166\/2024\/11\/Captura-de-tela-2024-04-29-185637-300x155.png\" sizes=\"(max-width: 563px) 100vw, 563px\" srcset=\"https:\/\/www.ptr.poli.usp.br\/wp-content\/uploads\/sites\/166\/2024\/11\/Captura-de-tela-2024-04-29-185637-300x155.png 300w, https:\/\/www.ptr.poli.usp.br\/wp-content\/uploads\/sites\/166\/2024\/11\/Captura-de-tela-2024-04-29-185637-1024x528.png 1024w, https:\/\/www.ptr.poli.usp.br\/wp-content\/uploads\/sites\/166\/2024\/11\/Captura-de-tela-2024-04-29-185637-768x396.png 768w, https:\/\/www.ptr.poli.usp.br\/wp-content\/uploads\/sites\/166\/2024\/11\/Captura-de-tela-2024-04-29-185637-1536x792.png 1536w, https:\/\/www.ptr.poli.usp.br\/wp-content\/uploads\/sites\/166\/2024\/11\/Captura-de-tela-2024-04-29-185637-400x206.png 400w, https:\/\/www.ptr.poli.usp.br\/wp-content\/uploads\/sites\/166\/2024\/11\/Captura-de-tela-2024-04-29-185637.png 1576w\" alt=\"\" width=\"563\" height=\"291\" \/>\u00a0<img decoding=\"async\" class=\"wp-image-2912 aligncenter\" src=\"https:\/\/www.ptr.poli.usp.br\/wp-content\/uploads\/sites\/166\/2024\/11\/Captura-de-tela-2024-06-12-223052-300x159.png\" sizes=\"(max-width: 533px) 100vw, 533px\" srcset=\"https:\/\/www.ptr.poli.usp.br\/wp-content\/uploads\/sites\/166\/2024\/11\/Captura-de-tela-2024-06-12-223052-300x159.png 300w, https:\/\/www.ptr.poli.usp.br\/wp-content\/uploads\/sites\/166\/2024\/11\/Captura-de-tela-2024-06-12-223052-1024x543.png 1024w, https:\/\/www.ptr.poli.usp.br\/wp-content\/uploads\/sites\/166\/2024\/11\/Captura-de-tela-2024-06-12-223052-768x407.png 768w, https:\/\/www.ptr.poli.usp.br\/wp-content\/uploads\/sites\/166\/2024\/11\/Captura-de-tela-2024-06-12-223052-1536x814.png 1536w, https:\/\/www.ptr.poli.usp.br\/wp-content\/uploads\/sites\/166\/2024\/11\/Captura-de-tela-2024-06-12-223052-400x212.png 400w, https:\/\/www.ptr.poli.usp.br\/wp-content\/uploads\/sites\/166\/2024\/11\/Captura-de-tela-2024-06-12-223052.png 1904w\" alt=\"\" width=\"533\" height=\"282\" \/>\u00a0<img loading=\"lazy\" decoding=\"async\" class=\"wp-image-2913 aligncenter\" src=\"https:\/\/www.ptr.poli.usp.br\/wp-content\/uploads\/sites\/166\/2024\/11\/Captura-de-tela-2024-06-12-223813-300x215.png\" sizes=\"(max-width: 511px) 100vw, 511px\" srcset=\"https:\/\/www.ptr.poli.usp.br\/wp-content\/uploads\/sites\/166\/2024\/11\/Captura-de-tela-2024-06-12-223813-300x215.png 300w, https:\/\/www.ptr.poli.usp.br\/wp-content\/uploads\/sites\/166\/2024\/11\/Captura-de-tela-2024-06-12-223813-400x287.png 400w, https:\/\/www.ptr.poli.usp.br\/wp-content\/uploads\/sites\/166\/2024\/11\/Captura-de-tela-2024-06-12-223813.png 632w\" alt=\"\" width=\"511\" height=\"366\" \/><\/p><p>Quanto ao est\u00e1gio de Doutorado em Val\u00eancia, na UPV, foi melhor do que eu imaginara. Val\u00eancia \u00e9 a terceira maior cidade da Espanha (atr\u00e1s de Madrid e Barcelona), mas tem ganhado muito destaque por conta dos pr\u00eamios que tem recebido (em 2023 foi considerada a melhor cidade da Europa para se viver e em 2024 foi considerada a cidade mais verde da Europa). O sistema p\u00fablico de transporte da cidade \u00e9 de dar inveja a muitas cidades de 800 mil\u00a0habitantes (conta com metr\u00f4, trem, bondinho, \u00f4nibus, bicicleta compartilhada, aeroporto internacional, entre outros). O povo de l\u00e1 \u00e9 muito receptivo e o prato t\u00edpico da Espanha veio de l\u00e1 (a Paella Valenciana). O cen\u00e1rio mais bonito de l\u00e1 \u00e9 o \u201cCiudad de las Artes y las Ciencias\u201d. Parece um cen\u00e1rio de filme futurista e, de fato, v\u00e1rios filmes e s\u00e9ries foram gravados l\u00e1.<\/p><p>Falando sobre a Universit\u00e0t Polit\u00e9cnica de Val\u00e8ncia (UPV), ela foi considerada a Universidade Polit\u00e9cnica n\u00ba 1 em 2024 na Espanha. Ela conta com uma infraestrutura excelente para pesquisa na \u00e1rea de transportes (principalmente para quem se dedica \u00e0 \u00e1rea de transporte rodovi\u00e1rio e aquavi\u00e1rio). Os professores s\u00e3o muito receptivos e auxiliam muito no desenvolvimento da investiga\u00e7\u00e3o acad\u00eamica. N\u00e3o tive problemas de comunica\u00e7\u00e3o com os professores ou com os alunos, pois todos falavam ingl\u00eas e espanhol.<\/p><p>Infelizmente, recentemente houve esse epis\u00f3dio das enchentes na Comunidade Valenciana devido ao DANA, o que acabou colocando o local em evid\u00eancia de uma maneira que ningu\u00e9m gostaria, por conta do sofrimento com as perdas humanas irrepar\u00e1veis. De qualquer forma, sinto que Val\u00eancia superar\u00e1 um dia tudo isso e que logo mais voltar\u00e1 a ser reconhecida pela sua beleza natural e pela receptividade do povo que l\u00e1 vive.\u201d<\/p><p>Mais informa\u00e7\u00f5es sobre Lucas Reis, confira o Curr\u00edculo Lattes:\u00a0<a href=\"http:\/\/lattes.cnpq.br\/4962929159492827\" target=\"_blank\" rel=\"noopener\">http:\/\/lattes.cnpq.br\/4962929159492827<\/a><\/p><table style=\"border-collapse: collapse; width: 100%;\"><tbody><tr><td style=\"width: 33.3333%;\"><img loading=\"lazy\" decoding=\"async\" class=\"wp-image-2902 size-medium alignnone aligncenter\" src=\"https:\/\/www.ptr.poli.usp.br\/wp-content\/uploads\/sites\/166\/2024\/11\/20240405_131957816_iOS-300x225.png\" sizes=\"(max-width: 300px) 100vw, 300px\" srcset=\"https:\/\/www.ptr.poli.usp.br\/wp-content\/uploads\/sites\/166\/2024\/11\/20240405_131957816_iOS-300x225.png 300w, https:\/\/www.ptr.poli.usp.br\/wp-content\/uploads\/sites\/166\/2024\/11\/20240405_131957816_iOS-1024x768.png 1024w, https:\/\/www.ptr.poli.usp.br\/wp-content\/uploads\/sites\/166\/2024\/11\/20240405_131957816_iOS-768x576.png 768w, https:\/\/www.ptr.poli.usp.br\/wp-content\/uploads\/sites\/166\/2024\/11\/20240405_131957816_iOS-1536x1152.png 1536w, https:\/\/www.ptr.poli.usp.br\/wp-content\/uploads\/sites\/166\/2024\/11\/20240405_131957816_iOS-2048x1536.png 2048w, https:\/\/www.ptr.poli.usp.br\/wp-content\/uploads\/sites\/166\/2024\/11\/20240405_131957816_iOS-80x60.png 80w, https:\/\/www.ptr.poli.usp.br\/wp-content\/uploads\/sites\/166\/2024\/11\/20240405_131957816_iOS-400x300.png 400w\" alt=\"\" width=\"300\" height=\"225\" \/><\/td><td style=\"width: 33.3333%;\"><img loading=\"lazy\" decoding=\"async\" class=\"wp-image-2903 size-medium alignnone aligncenter\" src=\"https:\/\/www.ptr.poli.usp.br\/wp-content\/uploads\/sites\/166\/2024\/11\/20240409_084953984_iOS-225x300.png\" sizes=\"(max-width: 225px) 100vw, 225px\" srcset=\"https:\/\/www.ptr.poli.usp.br\/wp-content\/uploads\/sites\/166\/2024\/11\/20240409_084953984_iOS-225x300.png 225w, https:\/\/www.ptr.poli.usp.br\/wp-content\/uploads\/sites\/166\/2024\/11\/20240409_084953984_iOS-768x1024.png 768w, https:\/\/www.ptr.poli.usp.br\/wp-content\/uploads\/sites\/166\/2024\/11\/20240409_084953984_iOS-1152x1536.png 1152w, https:\/\/www.ptr.poli.usp.br\/wp-content\/uploads\/sites\/166\/2024\/11\/20240409_084953984_iOS-1536x2048.png 1536w, https:\/\/www.ptr.poli.usp.br\/wp-content\/uploads\/sites\/166\/2024\/11\/20240409_084953984_iOS-400x533.png 400w\" alt=\"\" width=\"225\" height=\"300\" \/><\/td><td style=\"width: 33.3333%;\"><a href=\"https:\/\/www.ptr.poli.usp.br\/wp-content\/uploads\/sites\/166\/2024\/11\/20240409_085059727_iOS.png\"><img loading=\"lazy\" decoding=\"async\" class=\"wp-image-2904 size-medium alignnone aligncenter\" src=\"https:\/\/www.ptr.poli.usp.br\/wp-content\/uploads\/sites\/166\/2024\/11\/20240409_085059727_iOS-225x300.png\" sizes=\"(max-width: 225px) 100vw, 225px\" srcset=\"https:\/\/www.ptr.poli.usp.br\/wp-content\/uploads\/sites\/166\/2024\/11\/20240409_085059727_iOS-225x300.png 225w, https:\/\/www.ptr.poli.usp.br\/wp-content\/uploads\/sites\/166\/2024\/11\/20240409_085059727_iOS-768x1024.png 768w, https:\/\/www.ptr.poli.usp.br\/wp-content\/uploads\/sites\/166\/2024\/11\/20240409_085059727_iOS-1152x1536.png 1152w, https:\/\/www.ptr.poli.usp.br\/wp-content\/uploads\/sites\/166\/2024\/11\/20240409_085059727_iOS-1536x2048.png 1536w, https:\/\/www.ptr.poli.usp.br\/wp-content\/uploads\/sites\/166\/2024\/11\/20240409_085059727_iOS-400x533.png 400w\" alt=\"\" width=\"225\" height=\"300\" \/><\/a><\/td><\/tr><tr><td style=\"width: 33.3333%;\"><span style=\"font-size: 36pt;\"><img loading=\"lazy\" decoding=\"async\" class=\"wp-image-2905 size-medium alignnone aligncenter\" src=\"https:\/\/www.ptr.poli.usp.br\/wp-content\/uploads\/sites\/166\/2024\/11\/20240410_145148392_iOS-225x300.png\" sizes=\"(max-width: 225px) 100vw, 225px\" srcset=\"https:\/\/www.ptr.poli.usp.br\/wp-content\/uploads\/sites\/166\/2024\/11\/20240410_145148392_iOS-225x300.png 225w, https:\/\/www.ptr.poli.usp.br\/wp-content\/uploads\/sites\/166\/2024\/11\/20240410_145148392_iOS-768x1024.png 768w, https:\/\/www.ptr.poli.usp.br\/wp-content\/uploads\/sites\/166\/2024\/11\/20240410_145148392_iOS-1152x1536.png 1152w, https:\/\/www.ptr.poli.usp.br\/wp-content\/uploads\/sites\/166\/2024\/11\/20240410_145148392_iOS-1536x2048.png 1536w, https:\/\/www.ptr.poli.usp.br\/wp-content\/uploads\/sites\/166\/2024\/11\/20240410_145148392_iOS-400x533.png 400w\" alt=\"\" width=\"225\" height=\"300\" \/><\/span><\/td><td style=\"width: 33.3333%;\"><img loading=\"lazy\" decoding=\"async\" class=\"wp-image-2906 size-medium alignnone aligncenter\" src=\"https:\/\/www.ptr.poli.usp.br\/wp-content\/uploads\/sites\/166\/2024\/11\/20240417_142802375_iOS-225x300.png\" sizes=\"(max-width: 225px) 100vw, 225px\" srcset=\"https:\/\/www.ptr.poli.usp.br\/wp-content\/uploads\/sites\/166\/2024\/11\/20240417_142802375_iOS-225x300.png 225w, https:\/\/www.ptr.poli.usp.br\/wp-content\/uploads\/sites\/166\/2024\/11\/20240417_142802375_iOS-768x1024.png 768w, https:\/\/www.ptr.poli.usp.br\/wp-content\/uploads\/sites\/166\/2024\/11\/20240417_142802375_iOS-1152x1536.png 1152w, https:\/\/www.ptr.poli.usp.br\/wp-content\/uploads\/sites\/166\/2024\/11\/20240417_142802375_iOS-1536x2048.png 1536w, https:\/\/www.ptr.poli.usp.br\/wp-content\/uploads\/sites\/166\/2024\/11\/20240417_142802375_iOS-400x533.png 400w\" alt=\"\" width=\"225\" height=\"300\" \/><\/td><td style=\"width: 33.3333%;\"><img loading=\"lazy\" decoding=\"async\" class=\"wp-image-2907 size-medium alignnone aligncenter\" src=\"https:\/\/www.ptr.poli.usp.br\/wp-content\/uploads\/sites\/166\/2024\/11\/20240419_112333560_iOS-300x225.png\" sizes=\"(max-width: 300px) 100vw, 300px\" srcset=\"https:\/\/www.ptr.poli.usp.br\/wp-content\/uploads\/sites\/166\/2024\/11\/20240419_112333560_iOS-300x225.png 300w, https:\/\/www.ptr.poli.usp.br\/wp-content\/uploads\/sites\/166\/2024\/11\/20240419_112333560_iOS-1024x768.png 1024w, https:\/\/www.ptr.poli.usp.br\/wp-content\/uploads\/sites\/166\/2024\/11\/20240419_112333560_iOS-768x576.png 768w, https:\/\/www.ptr.poli.usp.br\/wp-content\/uploads\/sites\/166\/2024\/11\/20240419_112333560_iOS-1536x1152.png 1536w, https:\/\/www.ptr.poli.usp.br\/wp-content\/uploads\/sites\/166\/2024\/11\/20240419_112333560_iOS-2048x1536.png 2048w, https:\/\/www.ptr.poli.usp.br\/wp-content\/uploads\/sites\/166\/2024\/11\/20240419_112333560_iOS-80x60.png 80w, https:\/\/www.ptr.poli.usp.br\/wp-content\/uploads\/sites\/166\/2024\/11\/20240419_112333560_iOS-400x300.png 400w\" alt=\"\" width=\"300\" height=\"225\" \/><\/td><\/tr><tr><td style=\"width: 33.3333%;\"><img loading=\"lazy\" decoding=\"async\" class=\"wp-image-2908 size-medium alignnone aligncenter\" src=\"https:\/\/www.ptr.poli.usp.br\/wp-content\/uploads\/sites\/166\/2024\/11\/20240611_083613000_iOS-300x225.jpg\" sizes=\"(max-width: 300px) 100vw, 300px\" srcset=\"https:\/\/www.ptr.poli.usp.br\/wp-content\/uploads\/sites\/166\/2024\/11\/20240611_083613000_iOS-300x225.jpg 300w, https:\/\/www.ptr.poli.usp.br\/wp-content\/uploads\/sites\/166\/2024\/11\/20240611_083613000_iOS-1024x768.jpg 1024w, https:\/\/www.ptr.poli.usp.br\/wp-content\/uploads\/sites\/166\/2024\/11\/20240611_083613000_iOS-768x576.jpg 768w, https:\/\/www.ptr.poli.usp.br\/wp-content\/uploads\/sites\/166\/2024\/11\/20240611_083613000_iOS-1536x1152.jpg 1536w, https:\/\/www.ptr.poli.usp.br\/wp-content\/uploads\/sites\/166\/2024\/11\/20240611_083613000_iOS-80x60.jpg 80w, https:\/\/www.ptr.poli.usp.br\/wp-content\/uploads\/sites\/166\/2024\/11\/20240611_083613000_iOS-400x300.jpg 400w, https:\/\/www.ptr.poli.usp.br\/wp-content\/uploads\/sites\/166\/2024\/11\/20240611_083613000_iOS.jpg 2048w\" alt=\"\" width=\"300\" height=\"225\" \/><\/td><td style=\"width: 33.3333%;\"><img loading=\"lazy\" decoding=\"async\" class=\"wp-image-2909 size-medium alignnone aligncenter\" src=\"https:\/\/www.ptr.poli.usp.br\/wp-content\/uploads\/sites\/166\/2024\/11\/20240729_151254359_iOS-225x300.png\" sizes=\"(max-width: 225px) 100vw, 225px\" srcset=\"https:\/\/www.ptr.poli.usp.br\/wp-content\/uploads\/sites\/166\/2024\/11\/20240729_151254359_iOS-225x300.png 225w, https:\/\/www.ptr.poli.usp.br\/wp-content\/uploads\/sites\/166\/2024\/11\/20240729_151254359_iOS-768x1024.png 768w, https:\/\/www.ptr.poli.usp.br\/wp-content\/uploads\/sites\/166\/2024\/11\/20240729_151254359_iOS-1152x1536.png 1152w, https:\/\/www.ptr.poli.usp.br\/wp-content\/uploads\/sites\/166\/2024\/11\/20240729_151254359_iOS-1536x2048.png 1536w, https:\/\/www.ptr.poli.usp.br\/wp-content\/uploads\/sites\/166\/2024\/11\/20240729_151254359_iOS-400x533.png 400w\" alt=\"\" width=\"225\" height=\"300\" \/><\/td><td style=\"width: 33.3333%;\"><img loading=\"lazy\" decoding=\"async\" class=\"wp-image-2910 size-medium alignnone aligncenter\" src=\"https:\/\/www.ptr.poli.usp.br\/wp-content\/uploads\/sites\/166\/2024\/11\/20240815_175846444_iOS-225x300.png\" sizes=\"(max-width: 225px) 100vw, 225px\" srcset=\"https:\/\/www.ptr.poli.usp.br\/wp-content\/uploads\/sites\/166\/2024\/11\/20240815_175846444_iOS-225x300.png 225w, https:\/\/www.ptr.poli.usp.br\/wp-content\/uploads\/sites\/166\/2024\/11\/20240815_175846444_iOS-768x1024.png 768w, https:\/\/www.ptr.poli.usp.br\/wp-content\/uploads\/sites\/166\/2024\/11\/20240815_175846444_iOS-1152x1536.png 1152w, https:\/\/www.ptr.poli.usp.br\/wp-content\/uploads\/sites\/166\/2024\/11\/20240815_175846444_iOS-1536x2048.png 1536w, https:\/\/www.ptr.poli.usp.br\/wp-content\/uploads\/sites\/166\/2024\/11\/20240815_175846444_iOS-400x533.png 400w\" alt=\"\" width=\"225\" height=\"300\" \/><\/td><\/tr><\/tbody><\/table>\t\t\t\t\t\t<\/div>\n\t\t\t\t<\/div>\n\t\t\t\t<div class=\"elementor-element elementor-element-b4d5bb8 elementor-widget elementor-widget-spacer\" data-id=\"b4d5bb8\" data-element_type=\"widget\" data-widget_type=\"spacer.default\">\n\t\t\t\t<div class=\"elementor-widget-container\">\n\t\t\t\t\t<div class=\"elementor-spacer\">\n\t\t\t<div class=\"elementor-spacer-inner\"><\/div>\n\t\t<\/div>\n\t\t\t\t<\/div>\n\t\t\t\t<\/div>\n\t\t\t\t<div class=\"elementor-element elementor-element-c48ac58 elementor-widget elementor-widget-heading\" data-id=\"c48ac58\" data-element_type=\"widget\" data-widget_type=\"heading.default\">\n\t\t\t\t<div class=\"elementor-widget-container\">\n\t\t\t<h2 class=\"elementor-heading-title elementor-size-default\">Leidy Vanessa Espinosa Ruiz - PrInt USP - PDSE\/CAPES<\/h2>\t\t<\/div>\n\t\t\t\t<\/div>\n\t\t\t\t<div class=\"elementor-element elementor-element-d5d1174 elementor-widget elementor-widget-text-editor\" data-id=\"d5d1174\" data-element_type=\"widget\" data-widget_type=\"text-editor.default\">\n\t\t\t\t<div class=\"elementor-widget-container\">\n\t\t\t\t\t\t\t<p>A aluna de doutorado Leidy Espinosa Ruiz, orientada pela professora Kamilla Vasconcelos, finalizou um est\u00e1gio de pesquisa no exterior dentro do Programa de Doutorado Sandu\u00edche no Exterior (PSDE) da CAPES -PrInt\/USP.<\/p><p>O est\u00e1gio de 6 meses, de outubro de 2023 a mar\u00e7o de 2024)\u00a0 foi supervisionado pelo Dr. Amit Bhasin na UT Austin (The Universtity of Texas at Austin) em Austin, Texas, Estados Unidos, onde a aluna adiantou estudos sobre o uso de antioxidantes para reduzir o impacto do envelhecimento em bioligantes para aplica\u00e7\u00f5es na pavimenta\u00e7\u00e3o, tema do doutorado da aluna.<\/p>\t\t\t\t\t\t<\/div>\n\t\t\t\t<\/div>\n\t\t\t\t<div class=\"elementor-element elementor-element-38f16b1 elementor-arrows-position-inside elementor-widget elementor-widget-image-carousel\" data-id=\"38f16b1\" data-element_type=\"widget\" data-settings=\"{&quot;slides_to_show&quot;:&quot;1&quot;,&quot;navigation&quot;:&quot;arrows&quot;,&quot;autoplay&quot;:&quot;yes&quot;,&quot;pause_on_hover&quot;:&quot;yes&quot;,&quot;pause_on_interaction&quot;:&quot;yes&quot;,&quot;autoplay_speed&quot;:5000,&quot;infinite&quot;:&quot;yes&quot;,&quot;effect&quot;:&quot;slide&quot;,&quot;speed&quot;:500}\" data-widget_type=\"image-carousel.default\">\n\t\t\t\t<div class=\"elementor-widget-container\">\n\t\t\t\t\t<div class=\"elementor-image-carousel-wrapper swiper\" dir=\"ltr\">\n\t\t\t<div class=\"elementor-image-carousel swiper-wrapper\" aria-live=\"off\">\n\t\t\t\t\t\t\t\t<div class=\"swiper-slide\" role=\"group\" aria-roledescription=\"slide\" aria-label=\"1 de 3\"><figure class=\"swiper-slide-inner\"><img decoding=\"async\" class=\"swiper-slide-image\" src=\"https:\/\/sites.usp.br\/ppget\/wp-content\/uploads\/sites\/1532\/2025\/04\/leidy1-768x432.jpg\" alt=\"Doutoranda Leidy Ruiz\" \/><figcaption class=\"elementor-image-carousel-caption\">Doutoranda Leidy Ruiz<\/figcaption><\/figure><\/div><div class=\"swiper-slide\" role=\"group\" aria-roledescription=\"slide\" aria-label=\"2 de 3\"><figure class=\"swiper-slide-inner\"><img decoding=\"async\" class=\"swiper-slide-image\" src=\"https:\/\/sites.usp.br\/ppget\/wp-content\/uploads\/sites\/1532\/2025\/04\/leidy2-768x432.jpg\" alt=\"Dr. Amit Bhasin (UT) , Leidy e Profa. Kamilla\" \/><figcaption class=\"elementor-image-carousel-caption\">Dr. Amit Bhasin (UT) , Leidy e Profa. Kamilla <\/figcaption><\/figure><\/div><div class=\"swiper-slide\" role=\"group\" aria-roledescription=\"slide\" aria-label=\"3 de 3\"><figure class=\"swiper-slide-inner\"><img decoding=\"async\" class=\"swiper-slide-image\" src=\"https:\/\/sites.usp.br\/ppget\/wp-content\/uploads\/sites\/1532\/2025\/04\/leidy3-768x432.jpg\" alt=\"leidy3\" \/><\/figure><\/div>\t\t\t<\/div>\n\t\t\t\t\t\t\t\t\t\t\t\t<div class=\"elementor-swiper-button elementor-swiper-button-prev\" role=\"button\" tabindex=\"0\">\n\t\t\t\t\t\t<i aria-hidden=\"true\" class=\"eicon-chevron-left\"><\/i>\t\t\t\t\t<\/div>\n\t\t\t\t\t<div class=\"elementor-swiper-button elementor-swiper-button-next\" role=\"button\" tabindex=\"0\">\n\t\t\t\t\t\t<i aria-hidden=\"true\" class=\"eicon-chevron-right\"><\/i>\t\t\t\t\t<\/div>\n\t\t\t\t\n\t\t\t\t\t\t\t\t\t<\/div>\n\t\t\t\t<\/div>\n\t\t\t\t<\/div>\n\t\t\t\t\t<\/div>\n\t\t<\/div>\n\t\t\t\t\t<\/div>\n\t\t<\/section>\n\t\t\t\t<\/div>\n\t\t","protected":false},"excerpt":{"rendered":"<p>Lucas Vinicius Nogueira dos Reis &#8211; PrInt USP &#8211; PDSE\/CAPES O aluno de doutorado\u00a0Lucas Vinicius Nogueira dos Reis foi selecionado no\u00a0Edital 26\/2023 \u2013 PrInt \u2013 PDSE\u00a0e realizou o est\u00e1gio de abril a setembro de&#46;&#46;&#46;<\/p>\n","protected":false},"author":24123,"featured_media":0,"parent":2884,"menu_order":1,"comment_status":"closed","ping_status":"closed","template":"","meta":{"_monsterinsights_skip_tracking":false,"_monsterinsights_sitenote_active":false,"_monsterinsights_sitenote_note":"","_monsterinsights_sitenote_category":0,"footnotes":"","_links_to":"","_links_to_target":""},"class_list":["post-3188","page","type-page","status-publish","hentry"],"_links":{"self":[{"href":"https:\/\/sites.usp.br\/ppget\/wp-json\/wp\/v2\/pages\/3188","targetHints":{"allow":["GET"]}}],"collection":[{"href":"https:\/\/sites.usp.br\/ppget\/wp-json\/wp\/v2\/pages"}],"about":[{"href":"https:\/\/sites.usp.br\/ppget\/wp-json\/wp\/v2\/types\/page"}],"author":[{"embeddable":true,"href":"https:\/\/sites.usp.br\/ppget\/wp-json\/wp\/v2\/users\/24123"}],"replies":[{"embeddable":true,"href":"https:\/\/sites.usp.br\/ppget\/wp-json\/wp\/v2\/comments?post=3188"}],"version-history":[{"count":4,"href":"https:\/\/sites.usp.br\/ppget\/wp-json\/wp\/v2\/pages\/3188\/revisions"}],"predecessor-version":[{"id":4266,"href":"https:\/\/sites.usp.br\/ppget\/wp-json\/wp\/v2\/pages\/3188\/revisions\/4266"}],"up":[{"embeddable":true,"href":"https:\/\/sites.usp.br\/ppget\/wp-json\/wp\/v2\/pages\/2884"}],"wp:attachment":[{"href":"https:\/\/sites.usp.br\/ppget\/wp-json\/wp\/v2\/media?parent=3188"}],"curies":[{"name":"wp","href":"https:\/\/api.w.org\/{rel}","templated":true}]}}