{"id":3216,"date":"2025-02-12T18:52:36","date_gmt":"2025-02-12T21:52:36","guid":{"rendered":"https:\/\/sites.usp.br\/ppget\/?page_id=3216"},"modified":"2025-11-07T13:01:47","modified_gmt":"2025-11-07T16:01:47","slug":"doutorado-sanduiche","status":"publish","type":"page","link":"https:\/\/sites.usp.br\/ppget\/internacional\/doutorado-sanduiche\/","title":{"rendered":"Programa de Doutorado Sandu\u00edche no Exterior"},"content":{"rendered":"\t\t<div data-elementor-type=\"wp-page\" data-elementor-id=\"3216\" class=\"elementor elementor-3216\" data-elementor-post-type=\"page\">\n\t\t\t\t\t\t<section class=\"elementor-section elementor-top-section elementor-element elementor-element-62539573 elementor-section-boxed elementor-section-height-default elementor-section-height-default\" data-id=\"62539573\" data-element_type=\"section\">\n\t\t\t\t\t\t<div class=\"elementor-container elementor-column-gap-default\">\n\t\t\t\t\t<div class=\"elementor-column elementor-col-100 elementor-top-column elementor-element elementor-element-170ac8d0\" data-id=\"170ac8d0\" data-element_type=\"column\">\n\t\t\t<div class=\"elementor-widget-wrap elementor-element-populated\">\n\t\t\t\t\t\t<div class=\"elementor-element elementor-element-33266de8 elementor-widget elementor-widget-text-editor\" data-id=\"33266de8\" data-element_type=\"widget\" data-widget_type=\"text-editor.default\">\n\t\t\t\t<div class=\"elementor-widget-container\">\n\t\t\t\t\t\t\t<p>O PDSE foi institu\u00eddo em 2011, em substitui\u00e7\u00e3o ao Doutorado Sandu\u00edche Balc\u00e3o e ao Programa de Doutorado no Pa\u00eds com Est\u00e1gio no Exterior (PDEE). A altera\u00e7\u00e3o visou dar maior agilidade no processo de implementa\u00e7\u00e3o das bolsas de est\u00e1gio de doutorando no exterior.<\/p><h3><strong>Objetivo<\/strong><\/h3><p>Apoiar a forma\u00e7\u00e3o de recursos humanos de alto n\u00edvel por meio da concess\u00e3o de bolsas de doutorado sandu\u00edche no exterior aos cursos de Doutorado reconhecidos pela CAPES. O est\u00e1gio no exterior deve contemplar, prioritariamente, a realiza\u00e7\u00e3o de pesquisas em \u00e1reas do conhecimento menos consolidadas no Brasil.<\/p><p>Informa\u00e7\u00f5es extra\u00eddas da p\u00e1gina:\u00a0<a href=\"https:\/\/www.gov.br\/capes\/pt-br\/acesso-a-informacao\/acoes-e-programas\/bolsas\/bolsas-e-auxilios-internacionais\/encontre-aqui\/paises\/multinacional\/programa-de-doutorado-sanduiche-no-exterior-pdse\" target=\"_blank\" rel=\"noopener\">https:\/\/www.gov.br\/capes\/pt-br\/acesso-a-informacao\/acoes-e-programas\/bolsas\/bolsas-e-auxilios-internacionais\/encontre-aqui\/paises\/multinacional\/programa-de-doutorado-sanduiche-no-exterior-pdse<\/a><\/p><h3><span style=\"color: #3366ff;\"> <a style=\"color: #3366ff;\" href=\"https:\/\/sites.usp.br\/ppget\/wp-content\/uploads\/sites\/1532\/2025\/11\/Edital-PRPG-16-2025-2a-chamada.pdf\" target=\"_blank\" rel=\"noopener\">Edital PRPG N\u00ba 16\/2025 &#8211; 2\u00aa chamada &#8211; PDSE CAPES (Clique aqui para faze o download)<\/a>\u00a0<\/span><\/h3><p>O Edital PRPG n\u00ba 16\/2025 detalha a sele\u00e7\u00e3o interna na USP.<\/p><h3><span style=\"color: #3366ff;\"><a style=\"color: #3366ff;\" href=\"https:\/\/sites.usp.br\/ppget\/wp-content\/uploads\/sites\/1532\/2025\/09\/21082025_Edital_2662823_SEI_2661209_Edital_n__17_2025.pdf\">Edital n\u00ba17\/2025 &#8211; CAPES PDSE <\/a><\/span><span style=\"color: #3366ff;\">(clique para fazer o download)<\/span><\/h3><p>O edital CAPES n\u00ba17\/2025 apresenta as regras gerais e o item 8 deve ser lido e seguido pelos(as) candidatos(as) e programas.<\/p>\t\t\t\t\t\t<\/div>\n\t\t\t\t<\/div>\n\t\t\t\t<div class=\"elementor-element elementor-element-679ef1c elementor-widget elementor-widget-toggle\" data-id=\"679ef1c\" data-element_type=\"widget\" data-widget_type=\"toggle.default\">\n\t\t\t\t<div class=\"elementor-widget-container\">\n\t\t\t\t\t<div class=\"elementor-toggle\">\n\t\t\t\t\t\t\t<div class=\"elementor-toggle-item\">\n\t\t\t\t\t<div id=\"elementor-tab-title-1081\" class=\"elementor-tab-title\" data-tab=\"1\" role=\"button\" aria-controls=\"elementor-tab-content-1081\" aria-expanded=\"false\">\n\t\t\t\t\t\t\t\t\t\t\t\t<span class=\"elementor-toggle-icon elementor-toggle-icon-left\" aria-hidden=\"true\">\n\t\t\t\t\t\t\t\t\t\t\t\t\t\t\t<span class=\"elementor-toggle-icon-closed\"><i class=\"fas fa-caret-right\"><\/i><\/span>\n\t\t\t\t\t\t\t\t<span class=\"elementor-toggle-icon-opened\"><i class=\"elementor-toggle-icon-opened fas fa-caret-up\"><\/i><\/span>\n\t\t\t\t\t\t\t\t\t\t\t\t\t<\/span>\n\t\t\t\t\t\t\t\t\t\t\t\t<a class=\"elementor-toggle-title\" tabindex=\"0\">DOS REQUISITOS PARA A INSCRI\u00c7\u00c3O<\/a>\n\t\t\t\t\t<\/div>\n\n\t\t\t\t\t<div id=\"elementor-tab-content-1081\" class=\"elementor-tab-content elementor-clearfix\" data-tab=\"1\" role=\"region\" aria-labelledby=\"elementor-tab-title-1081\"><p>Podem participar os(as) alunos(as) de:<\/p><p>DOUTORADO com matr\u00edcula de ingresso no doutorado <strong>entre 01 de julho de 2023 e 30 de julho de 2025<\/strong><\/p><p>DOUTORADO DIRETO com matr\u00edcula de ingresso entre <strong>01 de julho de 2023 e 30 de junho de 2025<\/strong><\/p><p>O aluno deve ter obtido aprova\u00e7\u00e3o no exame de qualifica\u00e7\u00e3o ou ter cursado, pelo menos, o primeiro ano do Doutorado (2 semestres letivos conclu\u00eddos).<\/p><p>Para saber a sua data de ingresso, acesse sua ficha do Janus.<\/p><\/div>\n\t\t\t\t<\/div>\n\t\t\t\t\t\t\t<div class=\"elementor-toggle-item\">\n\t\t\t\t\t<div id=\"elementor-tab-title-1082\" class=\"elementor-tab-title\" data-tab=\"2\" role=\"button\" aria-controls=\"elementor-tab-content-1082\" aria-expanded=\"false\">\n\t\t\t\t\t\t\t\t\t\t\t\t<span class=\"elementor-toggle-icon elementor-toggle-icon-left\" aria-hidden=\"true\">\n\t\t\t\t\t\t\t\t\t\t\t\t\t\t\t<span class=\"elementor-toggle-icon-closed\"><i class=\"fas fa-caret-right\"><\/i><\/span>\n\t\t\t\t\t\t\t\t<span class=\"elementor-toggle-icon-opened\"><i class=\"elementor-toggle-icon-opened fas fa-caret-up\"><\/i><\/span>\n\t\t\t\t\t\t\t\t\t\t\t\t\t<\/span>\n\t\t\t\t\t\t\t\t\t\t\t\t<a class=\"elementor-toggle-title\" tabindex=\"0\">DA DURA\u00c7\u00c3O E QUANTIDADE DE COTAS<\/a>\n\t\t\t\t\t<\/div>\n\n\t\t\t\t\t<div id=\"elementor-tab-content-1082\" class=\"elementor-tab-content elementor-clearfix\" data-tab=\"2\" role=\"region\" aria-labelledby=\"elementor-tab-title-1082\"><p>Quantidade de vagas: 1(uma) vaga (O PPGET poder\u00e1 sugerir candidatos para vagas remanescentes).<\/p><p><strong>Dura\u00e7\u00e3o da bolsa:<\/strong> m\u00ednima de 4 meses e m\u00e1xima de 9 meses<\/p><p><strong>Sa\u00edda prevista entre setembro e outubro de 2026<\/strong>.<\/p><\/div>\n\t\t\t\t<\/div>\n\t\t\t\t\t\t\t<div class=\"elementor-toggle-item\">\n\t\t\t\t\t<div id=\"elementor-tab-title-1083\" class=\"elementor-tab-title\" data-tab=\"3\" role=\"button\" aria-controls=\"elementor-tab-content-1083\" aria-expanded=\"false\">\n\t\t\t\t\t\t\t\t\t\t\t\t<span class=\"elementor-toggle-icon elementor-toggle-icon-left\" aria-hidden=\"true\">\n\t\t\t\t\t\t\t\t\t\t\t\t\t\t\t<span class=\"elementor-toggle-icon-closed\"><i class=\"fas fa-caret-right\"><\/i><\/span>\n\t\t\t\t\t\t\t\t<span class=\"elementor-toggle-icon-opened\"><i class=\"elementor-toggle-icon-opened fas fa-caret-up\"><\/i><\/span>\n\t\t\t\t\t\t\t\t\t\t\t\t\t<\/span>\n\t\t\t\t\t\t\t\t\t\t\t\t<a class=\"elementor-toggle-title\" tabindex=\"0\">DOCUMENTOS NECESS\u00c1RIOS<\/a>\n\t\t\t\t\t<\/div>\n\n\t\t\t\t\t<div id=\"elementor-tab-content-1083\" class=\"elementor-tab-content elementor-clearfix\" data-tab=\"3\" role=\"region\" aria-labelledby=\"elementor-tab-title-1083\"><p>O candidato deve enviar a documenta\u00e7\u00e3o abaixo relacionada por meio do formul\u00e1rio eletr\u00f4nico de inscri\u00e7\u00e3o para sele\u00e7\u00e3o no PPGET. (item 9.2.2 do Edital n\u00ba 17\/2025 da CAPES &#8211; leia o edital na \u00edntegra antes de se inscrever):<\/p><p>I &#8211;<strong> Plano de pesquisa<\/strong> a ser realizado no exterior, com indica\u00e7\u00e3o da exist\u00eancia de<br \/>infraestrutura na institui\u00e7\u00e3o de destino que viabilize a execu\u00e7\u00e3o do trabalho proposto e do cronograma das atividades, formalmente aprovados pelo orientador brasileiro e pelo coorientador no exterior; (O cronograma de atividades deve ser\u00a0 compat\u00edvel com o m\u00eas de in\u00edcio e t\u00e9rmino do est\u00e1gio indicado no Anexo V (Declara\u00e7\u00e3o do coorientador no exterior). Observar que tanto o cronograma quanto a declara\u00e7\u00e3o n\u00e3o devem mencionar o dia do in\u00edcio ou t\u00e9rmino do est\u00e1gio, e sim apenas os respectivos meses, conforme instru\u00e7\u00e3o da CAPES).<\/p><p>II &#8211; <strong>Curr\u00edculo Lattes atualizado<\/strong>;<\/p><p>III &#8211; <strong>Carta do orientador<\/strong> brasileiro, devidamente assinada e em papel timbrado da institui\u00e7\u00e3o de origem, justificando a necessidade do est\u00e1gio e demonstrando intera\u00e7\u00e3o t\u00e9cnico-cient\u00edfico com o coorientador no exterior para o desenvolvimento das atividades propostas. Deve informar o prazo regulamentar do aluno para defesa da tese e que os cr\u00e9ditos j\u00e1 obtidos no doutorado s\u00e3o compat\u00edveis com a perspectiva de conclus\u00e3o em tempo h\u00e1bil, ap\u00f3s a realiza\u00e7\u00e3o do est\u00e1gio no exterior;<\/p><p>IV &#8211; <strong>Declara\u00e7\u00e3o do coorientador no exterior<\/strong>, devidamente assinada e em papel timbrado da institui\u00e7\u00e3o, informando o m\u00eas\/ano de in\u00edcio e t\u00e9rmino do est\u00e1gio no exterior, conforme modelo constante no Anexo V.<\/p><p>V &#8211; Declara\u00e7\u00e3o de reconhecimento de <strong>flu\u00eancia lingu\u00edstica<\/strong> assinada pelo <strong>coorientador<\/strong> no exterior conforme modelo dispon\u00edvel no Anexo II;*<\/p><p>VI &#8211; Declara\u00e7\u00e3o de reconhecimento de <strong>flu\u00eancia lingu\u00edstica<\/strong> assinada pelo <strong>orientador<\/strong> no Brasil, conforme modelo dispon\u00edvel no Anexo III;*<\/p><p>VII &#8211;<strong> Curr\u00edculo resumido do coorientador<\/strong> no exterior, o qual deve ter produ\u00e7\u00e3o cient\u00edfica e\/ou tecnol\u00f3gica compat\u00edvel e ter no m\u00ednimo a titula\u00e7\u00e3o de doutor.<\/p><p>* O candidato poder\u00e1, alternativamente, comprovar n\u00edvel de profici\u00eancia na l\u00edngua estrangeira por meio de Teste de Profici\u00eancia, conforme Anexo IV;<\/p><\/div>\n\t\t\t\t<\/div>\n\t\t\t\t\t\t\t<div class=\"elementor-toggle-item\">\n\t\t\t\t\t<div id=\"elementor-tab-title-1084\" class=\"elementor-tab-title\" data-tab=\"4\" role=\"button\" aria-controls=\"elementor-tab-content-1084\" aria-expanded=\"false\">\n\t\t\t\t\t\t\t\t\t\t\t\t<span class=\"elementor-toggle-icon elementor-toggle-icon-left\" aria-hidden=\"true\">\n\t\t\t\t\t\t\t\t\t\t\t\t\t\t\t<span class=\"elementor-toggle-icon-closed\"><i class=\"fas fa-caret-right\"><\/i><\/span>\n\t\t\t\t\t\t\t\t<span class=\"elementor-toggle-icon-opened\"><i class=\"elementor-toggle-icon-opened fas fa-caret-up\"><\/i><\/span>\n\t\t\t\t\t\t\t\t\t\t\t\t\t<\/span>\n\t\t\t\t\t\t\t\t\t\t\t\t<a class=\"elementor-toggle-title\" tabindex=\"0\">INSCRI\u00c7\u00c3O<\/a>\n\t\t\t\t\t<\/div>\n\n\t\t\t\t\t<div id=\"elementor-tab-content-1084\" class=\"elementor-tab-content elementor-clearfix\" data-tab=\"4\" role=\"region\" aria-labelledby=\"elementor-tab-title-1084\"><p>Inscri\u00e7\u00e3o dos (as) candidatos(as) no respectivo programa de <strong>10 de novembro a 15 de dezembro <\/strong><strong>de 2025. <\/strong>Para se inscrever o aluno deve utilizar sua conta USP.<\/p><p>Antes de se inscrever, \u00e9 imprescind\u00edvel a leitura do Edital PRPG n\u00ba16\/2025 e do Edital CAPES n\u00ba17\/2025.\u00a0<\/p><h2><span style=\"color: #3366ff;\"><strong><a style=\"color: #3366ff;\" href=\"https:\/\/forms.gle\/Qab9AYDcXYYbLe4QA\" target=\"_blank\" rel=\"noopener\">Formul\u00e1rio de inscri\u00e7\u00e3o para sele\u00e7\u00e3o no \u00e2mbito do PPGET<\/a><\/strong><\/span><\/h2><\/div>\n\t\t\t\t<\/div>\n\t\t\t\t\t\t\t<div class=\"elementor-toggle-item\">\n\t\t\t\t\t<div id=\"elementor-tab-title-1085\" class=\"elementor-tab-title\" data-tab=\"5\" role=\"button\" aria-controls=\"elementor-tab-content-1085\" aria-expanded=\"false\">\n\t\t\t\t\t\t\t\t\t\t\t\t<span class=\"elementor-toggle-icon elementor-toggle-icon-left\" aria-hidden=\"true\">\n\t\t\t\t\t\t\t\t\t\t\t\t\t\t\t<span class=\"elementor-toggle-icon-closed\"><i class=\"fas fa-caret-right\"><\/i><\/span>\n\t\t\t\t\t\t\t\t<span class=\"elementor-toggle-icon-opened\"><i class=\"elementor-toggle-icon-opened fas fa-caret-up\"><\/i><\/span>\n\t\t\t\t\t\t\t\t\t\t\t\t\t<\/span>\n\t\t\t\t\t\t\t\t\t\t\t\t<a class=\"elementor-toggle-title\" tabindex=\"0\">CRONOGRAMA<\/a>\n\t\t\t\t\t<\/div>\n\n\t\t\t\t\t<div id=\"elementor-tab-content-1085\" class=\"elementor-tab-content elementor-clearfix\" data-tab=\"5\" role=\"region\" aria-labelledby=\"elementor-tab-title-1085\"><div class=\"gmail_default\"><table class=\" alignleft\" style=\"height: 248px; width: 100%; border-collapse: collapse; border-style: solid;\"><tbody><tr style=\"height: 48px; background-color: #9c9898;\"><td style=\"width: 287px; height: 48px;\"><span style=\"font-size: 14pt; color: #ffffff;\">As inscri\u00e7\u00f5es pelos alunos no \u00e2mbito do PPGET<\/span><\/td><td style=\"width: 287px; height: 48px;\"><span style=\"font-size: 14pt; color: #ffffff;\">de <strong>10 de novembro a 15 de dezembro de 2025<\/strong>, prazo definido pelo Edital PRPG 16\/2025<\/span><\/td><\/tr><tr style=\"height: 24px;\"><td style=\"width: 287px; height: 24px;\"><span style=\"font-size: 14pt;\">Sele\u00e7\u00e3o interna do PPGET<\/span><\/td><td style=\"width: 287px; height: 24px;\"><span style=\"font-size: 14pt;\">de\u00a0<strong>16 a 18 de dezembro de 2025<\/strong><\/span><\/td><\/tr><tr style=\"height: 24px; background-color: #9c9898;\"><td style=\"width: 287px; height: 24px;\"><span style=\"font-size: 14pt; color: #ffffff;\">Resultado preliminar\u00a0 da sele\u00e7\u00e3o interna do PPGET:\u00a0<\/span><\/td><td style=\"width: 287px; height: 24px;\"><span style=\"font-size: 14pt; color: #ffffff;\"><strong>at\u00e9 dia 19 de dezembro de 2025<\/strong><\/span><\/td><\/tr><tr style=\"height: 24px;\"><td style=\"width: 287px; height: 24px;\"><span style=\"font-size: 14pt;\">Recurso ao resultado preliminar do programa\u00a0<\/span><\/td><td style=\"width: 287px; height: 24px;\"><span style=\"font-size: 14pt;\">no dia <strong>14 de janeiro de 2026<\/strong> (quarta-feira).<\/span><\/td><\/tr><tr style=\"height: 24px; background-color: #9c9898;\"><td style=\"width: 287px; height: 24px;\"><p><span style=\"font-size: 14pt; color: #ffffff;\">Divulga\u00e7\u00e3o do resultado final\u00a0<\/span><br \/><span style=\"font-size: 14pt; color: #ffffff;\">O resultado final ser\u00e1 enviado por email para os(as) candidatos(as)<\/span><br \/><span style=\"font-size: 14pt; color: #ffffff;\">inscritos (as) e inclu\u00eddo no site do programa.<\/span><\/p><\/td><td style=\"width: 287px; height: 24px;\"><span style=\"font-size: 14pt; color: #ffffff;\">no dia <strong>16 de janeiro de 2026<\/strong> (sexta-feira).<\/span><\/td><\/tr><tr style=\"height: 80px;\"><td style=\"width: 287px; height: 80px;\"><p><span style=\"font-size: 14pt;\">Resultado final da sele\u00e7\u00e3o interna na PRPG:<\/span><\/p><\/td><td style=\"width: 287px; height: 80px;\"><span style=\"font-size: 14pt;\">at\u00e9 <strong>13 de fevereiro de 2026. <\/strong><\/span><\/td><\/tr><tr style=\"height: 24px; background-color: #9c9898;\"><td style=\"width: 287px; height: 24px;\"><span style=\"font-size: 14pt; color: #ffffff;\">Envio a PRPG das atas de sele\u00e7\u00e3o\u00a0<\/span><br \/><span style=\"font-size: 14pt; color: #ffffff;\">pelo PPGET<\/span><\/td><td style=\"width: 287px; height: 24px;\"><span style=\"font-size: 14pt; color: #ffffff;\">\u00a0at\u00e9 <strong>dia 23 de janeiro de 2026<\/strong>.<\/span><\/td><\/tr><\/tbody><\/table><\/div><\/div>\n\t\t\t\t<\/div>\n\t\t\t\t\t\t\t<div class=\"elementor-toggle-item\">\n\t\t\t\t\t<div id=\"elementor-tab-title-1086\" class=\"elementor-tab-title\" data-tab=\"6\" role=\"button\" aria-controls=\"elementor-tab-content-1086\" aria-expanded=\"false\">\n\t\t\t\t\t\t\t\t\t\t\t\t<span class=\"elementor-toggle-icon elementor-toggle-icon-left\" aria-hidden=\"true\">\n\t\t\t\t\t\t\t\t\t\t\t\t\t\t\t<span class=\"elementor-toggle-icon-closed\"><i class=\"fas fa-caret-right\"><\/i><\/span>\n\t\t\t\t\t\t\t\t<span class=\"elementor-toggle-icon-opened\"><i class=\"elementor-toggle-icon-opened fas fa-caret-up\"><\/i><\/span>\n\t\t\t\t\t\t\t\t\t\t\t\t\t<\/span>\n\t\t\t\t\t\t\t\t\t\t\t\t<a class=\"elementor-toggle-title\" tabindex=\"0\">RESULTADOS<\/a>\n\t\t\t\t\t<\/div>\n\n\t\t\t\t\t<div id=\"elementor-tab-content-1086\" class=\"elementor-tab-content elementor-clearfix\" data-tab=\"6\" role=\"region\" aria-labelledby=\"elementor-tab-title-1086\"><p>Em breve.<\/p><\/div>\n\t\t\t\t<\/div>\n\t\t\t\t\t\t\t<div class=\"elementor-toggle-item\">\n\t\t\t\t\t<div id=\"elementor-tab-title-1087\" class=\"elementor-tab-title\" data-tab=\"7\" role=\"button\" aria-controls=\"elementor-tab-content-1087\" aria-expanded=\"false\">\n\t\t\t\t\t\t\t\t\t\t\t\t<span class=\"elementor-toggle-icon elementor-toggle-icon-left\" aria-hidden=\"true\">\n\t\t\t\t\t\t\t\t\t\t\t\t\t\t\t<span class=\"elementor-toggle-icon-closed\"><i class=\"fas fa-caret-right\"><\/i><\/span>\n\t\t\t\t\t\t\t\t<span class=\"elementor-toggle-icon-opened\"><i class=\"elementor-toggle-icon-opened fas fa-caret-up\"><\/i><\/span>\n\t\t\t\t\t\t\t\t\t\t\t\t\t<\/span>\n\t\t\t\t\t\t\t\t\t\t\t\t<a class=\"elementor-toggle-title\" tabindex=\"0\">EDITAIS ANTERIORES<\/a>\n\t\t\t\t\t<\/div>\n\n\t\t\t\t\t<div id=\"elementor-tab-content-1087\" class=\"elementor-tab-content elementor-clearfix\" data-tab=\"7\" role=\"region\" aria-labelledby=\"elementor-tab-title-1087\"><h3><span style=\"color: #3366ff;\"><strong><a style=\"color: #3366ff;\" href=\"https:\/\/sites.usp.br\/ppget\/wp-content\/uploads\/sites\/1532\/2025\/09\/Edital-PRPG-13-2025.pdf\" target=\"_blank\" rel=\"noopener\">Edital PRPG N\u00ba 13\/2025 &#8211; PDSE CAPES<\/a> <\/strong>(clique para fazer o download)<\/span><\/h3><\/div>\n\t\t\t\t<\/div>\n\t\t\t\t\t\t\t\t<\/div>\n\t\t\t\t<\/div>\n\t\t\t\t<\/div>\n\t\t\t\t\t<\/div>\n\t\t<\/div>\n\t\t\t\t\t<\/div>\n\t\t<\/section>\n\t\t\t\t<\/div>\n\t\t","protected":false},"excerpt":{"rendered":"<p>O PDSE foi institu\u00eddo em 2011, em substitui\u00e7\u00e3o ao Doutorado Sandu\u00edche Balc\u00e3o e ao Programa de Doutorado no Pa\u00eds com Est\u00e1gio no Exterior (PDEE). A altera\u00e7\u00e3o visou dar maior agilidade no processo de implementa\u00e7\u00e3o&#46;&#46;&#46;<\/p>\n","protected":false},"author":24123,"featured_media":0,"parent":2884,"menu_order":1,"comment_status":"closed","ping_status":"closed","template":"elementor_theme","meta":{"_monsterinsights_skip_tracking":false,"_monsterinsights_sitenote_active":false,"_monsterinsights_sitenote_note":"","_monsterinsights_sitenote_category":0,"footnotes":"","_links_to":"","_links_to_target":""},"class_list":["post-3216","page","type-page","status-publish","hentry"],"_links":{"self":[{"href":"https:\/\/sites.usp.br\/ppget\/wp-json\/wp\/v2\/pages\/3216","targetHints":{"allow":["GET"]}}],"collection":[{"href":"https:\/\/sites.usp.br\/ppget\/wp-json\/wp\/v2\/pages"}],"about":[{"href":"https:\/\/sites.usp.br\/ppget\/wp-json\/wp\/v2\/types\/page"}],"author":[{"embeddable":true,"href":"https:\/\/sites.usp.br\/ppget\/wp-json\/wp\/v2\/users\/24123"}],"replies":[{"embeddable":true,"href":"https:\/\/sites.usp.br\/ppget\/wp-json\/wp\/v2\/comments?post=3216"}],"version-history":[{"count":4,"href":"https:\/\/sites.usp.br\/ppget\/wp-json\/wp\/v2\/pages\/3216\/revisions"}],"predecessor-version":[{"id":4590,"href":"https:\/\/sites.usp.br\/ppget\/wp-json\/wp\/v2\/pages\/3216\/revisions\/4590"}],"up":[{"embeddable":true,"href":"https:\/\/sites.usp.br\/ppget\/wp-json\/wp\/v2\/pages\/2884"}],"wp:attachment":[{"href":"https:\/\/sites.usp.br\/ppget\/wp-json\/wp\/v2\/media?parent=3216"}],"curies":[{"name":"wp","href":"https:\/\/api.w.org\/{rel}","templated":true}]}}