{"id":4632,"date":"2025-11-19T11:06:34","date_gmt":"2025-11-19T14:06:34","guid":{"rendered":"https:\/\/sites.usp.br\/ppget\/?page_id=4632"},"modified":"2026-04-10T09:54:04","modified_gmt":"2026-04-10T12:54:04","slug":"informacoes-docentes","status":"publish","type":"page","link":"https:\/\/sites.usp.br\/ppget\/informacoes\/informacoes-docentes\/","title":{"rendered":"Informa\u00e7\u00f5es para Docentes"},"content":{"rendered":"\t\t<div data-elementor-type=\"wp-page\" data-elementor-id=\"4632\" class=\"elementor elementor-4632\" data-elementor-post-type=\"page\">\n\t\t\t\t\t\t<section class=\"elementor-section elementor-top-section elementor-element elementor-element-5053be2 elementor-section-boxed elementor-section-height-default elementor-section-height-default\" data-id=\"5053be2\" data-element_type=\"section\">\n\t\t\t\t\t\t<div class=\"elementor-container elementor-column-gap-default\">\n\t\t\t\t\t<div class=\"elementor-column elementor-col-100 elementor-top-column elementor-element elementor-element-1e99f9e\" data-id=\"1e99f9e\" data-element_type=\"column\">\n\t\t\t<div class=\"elementor-widget-wrap elementor-element-populated\">\n\t\t\t\t\t\t<div class=\"elementor-element elementor-element-d355c13 elementor-widget elementor-widget-toggle\" data-id=\"d355c13\" data-element_type=\"widget\" data-widget_type=\"toggle.default\">\n\t\t\t\t<div class=\"elementor-widget-container\">\n\t\t\t\t\t<div class=\"elementor-toggle\">\n\t\t\t\t\t\t\t<div class=\"elementor-toggle-item\">\n\t\t\t\t\t<div id=\"elementor-tab-title-2211\" class=\"elementor-tab-title\" data-tab=\"1\" role=\"button\" aria-controls=\"elementor-tab-content-2211\" aria-expanded=\"false\">\n\t\t\t\t\t\t\t\t\t\t\t\t<span class=\"elementor-toggle-icon elementor-toggle-icon-left\" aria-hidden=\"true\">\n\t\t\t\t\t\t\t\t\t\t\t\t\t\t\t<span class=\"elementor-toggle-icon-closed\"><i class=\"fas fa-caret-right\"><\/i><\/span>\n\t\t\t\t\t\t\t\t<span class=\"elementor-toggle-icon-opened\"><i class=\"elementor-toggle-icon-opened fas fa-caret-up\"><\/i><\/span>\n\t\t\t\t\t\t\t\t\t\t\t\t\t<\/span>\n\t\t\t\t\t\t\t\t\t\t\t\t<a class=\"elementor-toggle-title\" tabindex=\"0\">CREDENCIAMENTO PLENO OU RECREDENCIAMENTO<\/a>\n\t\t\t\t\t<\/div>\n\n\t\t\t\t\t<div id=\"elementor-tab-content-2211\" class=\"elementor-tab-content elementor-clearfix\" data-tab=\"1\" role=\"region\" aria-labelledby=\"elementor-tab-title-2211\"><p>Atender aos requisitos\u00a0 nos itens X \u2013 Orientadores e Coorientadores do Regulamento do PPGET, X.6 ou X.7.<\/p><ul><li aria-level=\"1\">Formul\u00e1rio de credenciamento preenchido \u2013 <span style=\"color: #3366ff;\"><strong><a style=\"color: #3366ff;\" href=\"https:\/\/sites.usp.br\/ppget\/wp-content\/uploads\/sites\/1532\/2025\/05\/Formulario-Credenciamento-PPGET.docx\" target=\"_blank\" rel=\"noopener\">Clique aqui para fazer o download do modelo<\/a>;<\/strong><\/span><\/li><li aria-level=\"1\">Curr\u00edculo Lattes atualizado;<\/li><\/ul><\/div>\n\t\t\t\t<\/div>\n\t\t\t\t\t\t\t<div class=\"elementor-toggle-item\">\n\t\t\t\t\t<div id=\"elementor-tab-title-2212\" class=\"elementor-tab-title\" data-tab=\"2\" role=\"button\" aria-controls=\"elementor-tab-content-2212\" aria-expanded=\"false\">\n\t\t\t\t\t\t\t\t\t\t\t\t<span class=\"elementor-toggle-icon elementor-toggle-icon-left\" aria-hidden=\"true\">\n\t\t\t\t\t\t\t\t\t\t\t\t\t\t\t<span class=\"elementor-toggle-icon-closed\"><i class=\"fas fa-caret-right\"><\/i><\/span>\n\t\t\t\t\t\t\t\t<span class=\"elementor-toggle-icon-opened\"><i class=\"elementor-toggle-icon-opened fas fa-caret-up\"><\/i><\/span>\n\t\t\t\t\t\t\t\t\t\t\t\t\t<\/span>\n\t\t\t\t\t\t\t\t\t\t\t\t<a class=\"elementor-toggle-title\" tabindex=\"0\">CREDENCIAMENTO ESPEC\u00cdFICO<\/a>\n\t\t\t\t\t<\/div>\n\n\t\t\t\t\t<div id=\"elementor-tab-content-2212\" class=\"elementor-tab-content elementor-clearfix\" data-tab=\"2\" role=\"region\" aria-labelledby=\"elementor-tab-title-2212\"><p>Atender aos requisitos\u00a0 nos itens X \u2013 Orientadores e Coorientadores do Regulamento do PPGET, X.8<\/p><ul><li aria-level=\"1\">Formul\u00e1rio de credenciamento preenchido \u2013 <span style=\"color: #3366ff;\"><strong><a style=\"color: #3366ff;\" href=\"https:\/\/sites.usp.br\/ppget\/wp-content\/uploads\/sites\/1532\/2025\/05\/Formulario-Credenciamento-PPGET.docx\" target=\"_blank\" rel=\"noopener\">Clique aqui para fazer o download do modelo<\/a><\/strong><\/span>;<\/li><li aria-level=\"1\">Curr\u00edculo Lattes atualizado;<\/li><li aria-level=\"1\">Plano de pesquisa do(a) aluno(a).<\/li><\/ul><\/div>\n\t\t\t\t<\/div>\n\t\t\t\t\t\t\t<div class=\"elementor-toggle-item\">\n\t\t\t\t\t<div id=\"elementor-tab-title-2213\" class=\"elementor-tab-title\" data-tab=\"3\" role=\"button\" aria-controls=\"elementor-tab-content-2213\" aria-expanded=\"false\">\n\t\t\t\t\t\t\t\t\t\t\t\t<span class=\"elementor-toggle-icon elementor-toggle-icon-left\" aria-hidden=\"true\">\n\t\t\t\t\t\t\t\t\t\t\t\t\t\t\t<span class=\"elementor-toggle-icon-closed\"><i class=\"fas fa-caret-right\"><\/i><\/span>\n\t\t\t\t\t\t\t\t<span class=\"elementor-toggle-icon-opened\"><i class=\"elementor-toggle-icon-opened fas fa-caret-up\"><\/i><\/span>\n\t\t\t\t\t\t\t\t\t\t\t\t\t<\/span>\n\t\t\t\t\t\t\t\t\t\t\t\t<a class=\"elementor-toggle-title\" tabindex=\"0\">CREDENCIAMENTO DE COORIENTADOR(A)<\/a>\n\t\t\t\t\t<\/div>\n\n\t\t\t\t\t<div id=\"elementor-tab-content-2213\" class=\"elementor-tab-content elementor-clearfix\" data-tab=\"3\" role=\"region\" aria-labelledby=\"elementor-tab-title-2213\"><p>Atender aos requisitos nos itens X \u2013 Orientadores e Coorientadores do Regulamento do PPGET, X.9)<\/p><ul><li aria-level=\"1\">Formul\u00e1rio de credenciamento preenchido pelo(a) coorientador(a) \u2013 <span style=\"color: #3366ff;\"><strong><a style=\"color: #3366ff;\" href=\"https:\/\/sites.usp.br\/ppget\/wp-content\/uploads\/sites\/1532\/2025\/05\/Formulario-Credenciamento-PPGET.docx\" target=\"_blank\" rel=\"noopener\">Clique aqui para fazer o download do modelo<\/a><\/strong><\/span>;<\/li><li aria-level=\"1\">Curr\u00edculo Lattes atualizado do(a) coorientador(a);<\/li><li aria-level=\"1\">Plano de pesquisa do(a) aluno(a);<\/li><li aria-level=\"1\">Pedido do(a) orientador(a) com justificativa circunstanciada evidenciando a complementariedade da atua\u00e7\u00e3o do(a) coorientador(a) em rela\u00e7\u00e3o ao(\u00e0) orientador(a) no projeto de pesquisa do(a) aluno(a).<\/li><\/ul><\/div>\n\t\t\t\t<\/div>\n\t\t\t\t\t\t\t<div class=\"elementor-toggle-item\">\n\t\t\t\t\t<div id=\"elementor-tab-title-2214\" class=\"elementor-tab-title\" data-tab=\"4\" role=\"button\" aria-controls=\"elementor-tab-content-2214\" aria-expanded=\"false\">\n\t\t\t\t\t\t\t\t\t\t\t\t<span class=\"elementor-toggle-icon elementor-toggle-icon-left\" aria-hidden=\"true\">\n\t\t\t\t\t\t\t\t\t\t\t\t\t\t\t<span class=\"elementor-toggle-icon-closed\"><i class=\"fas fa-caret-right\"><\/i><\/span>\n\t\t\t\t\t\t\t\t<span class=\"elementor-toggle-icon-opened\"><i class=\"elementor-toggle-icon-opened fas fa-caret-up\"><\/i><\/span>\n\t\t\t\t\t\t\t\t\t\t\t\t\t<\/span>\n\t\t\t\t\t\t\t\t\t\t\t\t<a class=\"elementor-toggle-title\" tabindex=\"0\">APRESENTA\u00c7\u00c3O DE DISCIPLINA OU RECREDENCIAMENTO DE DISCIPLINA<\/a>\n\t\t\t\t\t<\/div>\n\n\t\t\t\t\t<div id=\"elementor-tab-content-2214\" class=\"elementor-tab-content elementor-clearfix\" data-tab=\"4\" role=\"region\" aria-labelledby=\"elementor-tab-title-2214\"><p>(VI.1 Credenciamento de Disciplinas do Regulamento do PPGET)<\/p><ul><li aria-level=\"1\">Solicita\u00e7\u00e3o de credenciamento de disciplina, assinada pelo(s) docente(s)<br \/>respons\u00e1vel(is), endere\u00e7ada ao(\u00e0) Coordenador(a) do PPGET (assinatura deve ser USP ou GOVbr);<\/li><li aria-level=\"1\">Formul\u00e1rio preenchido (Veja as orienta\u00e7\u00f5es da\u00a0<a href=\"https:\/\/sites.usp.br\/ppget\/wp-content\/uploads\/sites\/1532\/2025\/10\/Circular-CoPGr.26_2025.pdf\" target=\"_blank\" rel=\"noopener\">Circular CoPGr.26_2025 \u2013 Clique para abrir)<\/a> \u2013<span style=\"text-decoration: underline;\"><strong> <a href=\"https:\/\/sites.usp.br\/ppget\/wp-content\/uploads\/sites\/1532\/2026\/04\/Formulario-para-apresentacao-de-Disciplina.doc\" target=\"_blank\" rel=\"noopener\">Clique aqui para fazer o download do formul\u00e1rio;<\/a><\/strong><\/span><\/li><li aria-level=\"1\">Curr\u00edculo Lattes do(as) respons\u00e1vel(is);<\/li><\/ul><p>Veja o Roteiro de Credenciamento\/Recredenciamento:\u00a0<a href=\"https:\/\/sites.usp.br\/ppget\/wp-content\/uploads\/sites\/1532\/2025\/10\/Anexo-da-Circular-CoPG26-2025-Orientacoes-para-solicitacao-de-Credenciamento-e-Recredenciamento.pdf\" target=\"_blank\" rel=\"noopener\">Anexo da Circular CoPG26-2025 \u2013 Orienta\u00e7\u00f5es para solicita\u00e7\u00e3o de Credenciamento e Recredenciamento<\/a><\/p><\/div>\n\t\t\t\t<\/div>\n\t\t\t\t\t\t\t<div class=\"elementor-toggle-item\">\n\t\t\t\t\t<div id=\"elementor-tab-title-2215\" class=\"elementor-tab-title\" data-tab=\"5\" role=\"button\" aria-controls=\"elementor-tab-content-2215\" aria-expanded=\"false\">\n\t\t\t\t\t\t\t\t\t\t\t\t<span class=\"elementor-toggle-icon elementor-toggle-icon-left\" aria-hidden=\"true\">\n\t\t\t\t\t\t\t\t\t\t\t\t\t\t\t<span class=\"elementor-toggle-icon-closed\"><i class=\"fas fa-caret-right\"><\/i><\/span>\n\t\t\t\t\t\t\t\t<span class=\"elementor-toggle-icon-opened\"><i class=\"elementor-toggle-icon-opened fas fa-caret-up\"><\/i><\/span>\n\t\t\t\t\t\t\t\t\t\t\t\t\t<\/span>\n\t\t\t\t\t\t\t\t\t\t\t\t<a class=\"elementor-toggle-title\" tabindex=\"0\">CANCELAMENTO DE DISCIPLINA<\/a>\n\t\t\t\t\t<\/div>\n\n\t\t\t\t\t<div id=\"elementor-tab-content-2215\" class=\"elementor-tab-content elementor-clearfix\" data-tab=\"5\" role=\"region\" aria-labelledby=\"elementor-tab-title-2215\"><ul><li aria-level=\"1\">A pedido do ministrante: solicitar o cancelamento da disciplina antes da data de in\u00edcio de oferecimento para\u00a0<a href=\"mailto:ppget.poli@usp.br\">ppget.poli@usp.br<\/a>\u00a0que ir\u00e1 encaminhar para aprova\u00e7\u00e3o da CCP-PPGET;<\/li><li aria-level=\"1\">O cancelamento de turma de disciplina por falta de alunos poder\u00e1 ocorrer caso o n\u00famero de inscritos seja menor que 5 alunos.<\/li><\/ul><\/div>\n\t\t\t\t<\/div>\n\t\t\t\t\t\t\t<div class=\"elementor-toggle-item\">\n\t\t\t\t\t<div id=\"elementor-tab-title-2216\" class=\"elementor-tab-title\" data-tab=\"6\" role=\"button\" aria-controls=\"elementor-tab-content-2216\" aria-expanded=\"false\">\n\t\t\t\t\t\t\t\t\t\t\t\t<span class=\"elementor-toggle-icon elementor-toggle-icon-left\" aria-hidden=\"true\">\n\t\t\t\t\t\t\t\t\t\t\t\t\t\t\t<span class=\"elementor-toggle-icon-closed\"><i class=\"fas fa-caret-right\"><\/i><\/span>\n\t\t\t\t\t\t\t\t<span class=\"elementor-toggle-icon-opened\"><i class=\"elementor-toggle-icon-opened fas fa-caret-up\"><\/i><\/span>\n\t\t\t\t\t\t\t\t\t\t\t\t\t<\/span>\n\t\t\t\t\t\t\t\t\t\t\t\t<a class=\"elementor-toggle-title\" tabindex=\"0\">PROPOSTA DE COMISS\u00c3O JULGADORA DE EXAME DE QUALIFICA\u00c7\u00c3O OU DE DEFESA<\/a>\n\t\t\t\t\t<\/div>\n\n\t\t\t\t\t<div id=\"elementor-tab-content-2216\" class=\"elementor-tab-content elementor-clearfix\" data-tab=\"6\" role=\"region\" aria-labelledby=\"elementor-tab-title-2216\"><p>Orienta\u00e7\u00f5es para envio da proposta:<\/p><ul><li>A proposta deve ser enviada pelo(a) orientador(a);<\/li><li>Enviar pr\u00f3ximo ou antes do dep\u00f3sito do(a) aluno(a)\u00a0 e at\u00e9 no m\u00e1ximo 10 dias ap\u00f3s o dep\u00f3sito do(a) aluno(a) para n\u00e3o perder o prazo de aprova\u00e7\u00e3o da banca pela CPG;<\/li><li aria-level=\"1\">N\u00famero de membros:<ul><li aria-level=\"2\">Exame de qualifica\u00e7\u00e3o (Mestrado ou Doutorado): 3 membros titulares e 3 membros suplentes<\/li><li aria-level=\"2\">Defesa de Mestrado: 3 membros titulares e 3 membros suplentes<\/li><li aria-level=\"2\">Defesa de Doutorado:\u00a0 5 membros titulares e 5 membros suplentes Atender ao Artigo 89 \u2013 \u00a74\u00ba a maioria dos examinadores dever\u00e1 ser externa ao Programa de P\u00f3s-Gradua\u00e7\u00e3o, sendo pelo menos um externo \u00e0 unidade);<\/li><\/ul><\/li><li aria-level=\"1\">Link do Lattes ou Google Scholar, quando estrangeiros;<\/li><li aria-level=\"1\">Ter produ\u00e7\u00e3o cient\u00edfica recente ou enviar justificativa para ppget.poli@usp.br;<\/li><li aria-level=\"1\">A proposta deve ser enviada pelo <span style=\"color: #3366ff;\"><strong><a style=\"color: #3366ff;\" href=\"https:\/\/docs.google.com\/forms\/d\/e\/1FAIpQLSdSxpegsBpolRqBcG0HQTTtaewU-ut77qxrkvEjSfp2uXQ77A\/viewform\" target=\"_blank\" rel=\"noopener\">Formul\u00e1rio<\/a><\/strong><\/span>.<\/li><\/ul><\/div>\n\t\t\t\t<\/div>\n\t\t\t\t\t\t\t\t<\/div>\n\t\t\t\t<\/div>\n\t\t\t\t<\/div>\n\t\t\t\t\t<\/div>\n\t\t<\/div>\n\t\t\t\t\t<\/div>\n\t\t<\/section>\n\t\t\t\t<\/div>\n\t\t","protected":false},"excerpt":{"rendered":"<p>CREDENCIAMENTO PLENO OU RECREDENCIAMENTO Atender aos requisitos\u00a0 nos itens X \u2013 Orientadores e Coorientadores do Regulamento do PPGET, X.6 ou X.7. Formul\u00e1rio de credenciamento preenchido \u2013 Clique aqui para fazer o download do modelo;&#46;&#46;&#46;<\/p>\n","protected":false},"author":752,"featured_media":0,"parent":2888,"menu_order":0,"comment_status":"closed","ping_status":"closed","template":"","meta":{"_monsterinsights_skip_tracking":false,"_monsterinsights_sitenote_active":false,"_monsterinsights_sitenote_note":"","_monsterinsights_sitenote_category":0,"footnotes":"","_links_to":"","_links_to_target":""},"class_list":["post-4632","page","type-page","status-publish","hentry"],"_links":{"self":[{"href":"https:\/\/sites.usp.br\/ppget\/wp-json\/wp\/v2\/pages\/4632","targetHints":{"allow":["GET"]}}],"collection":[{"href":"https:\/\/sites.usp.br\/ppget\/wp-json\/wp\/v2\/pages"}],"about":[{"href":"https:\/\/sites.usp.br\/ppget\/wp-json\/wp\/v2\/types\/page"}],"author":[{"embeddable":true,"href":"https:\/\/sites.usp.br\/ppget\/wp-json\/wp\/v2\/users\/752"}],"replies":[{"embeddable":true,"href":"https:\/\/sites.usp.br\/ppget\/wp-json\/wp\/v2\/comments?post=4632"}],"version-history":[{"count":4,"href":"https:\/\/sites.usp.br\/ppget\/wp-json\/wp\/v2\/pages\/4632\/revisions"}],"predecessor-version":[{"id":5012,"href":"https:\/\/sites.usp.br\/ppget\/wp-json\/wp\/v2\/pages\/4632\/revisions\/5012"}],"up":[{"embeddable":true,"href":"https:\/\/sites.usp.br\/ppget\/wp-json\/wp\/v2\/pages\/2888"}],"wp:attachment":[{"href":"https:\/\/sites.usp.br\/ppget\/wp-json\/wp\/v2\/media?parent=4632"}],"curies":[{"name":"wp","href":"https:\/\/api.w.org\/{rel}","templated":true}]}}