{"id":4863,"date":"2026-03-06T09:41:04","date_gmt":"2026-03-06T12:41:04","guid":{"rendered":"https:\/\/sites.usp.br\/ppget\/?page_id=4863"},"modified":"2026-03-06T10:01:43","modified_gmt":"2026-03-06T13:01:43","slug":"eleicoes","status":"publish","type":"page","link":"https:\/\/sites.usp.br\/ppget\/programa\/ccp\/eleicoes\/","title":{"rendered":"Elei\u00e7\u00f5es"},"content":{"rendered":"\t\t<div data-elementor-type=\"wp-page\" data-elementor-id=\"4863\" class=\"elementor elementor-4863\" data-elementor-post-type=\"page\">\n\t\t\t\t\t\t<section class=\"elementor-section elementor-top-section elementor-element elementor-element-3ae71a6 elementor-section-boxed elementor-section-height-default elementor-section-height-default\" data-id=\"3ae71a6\" data-element_type=\"section\">\n\t\t\t\t\t\t<div class=\"elementor-container elementor-column-gap-default\">\n\t\t\t\t\t<div class=\"elementor-column elementor-col-100 elementor-top-column elementor-element elementor-element-6a41542\" data-id=\"6a41542\" data-element_type=\"column\">\n\t\t\t<div class=\"elementor-widget-wrap elementor-element-populated\">\n\t\t\t\t\t\t<div class=\"elementor-element elementor-element-1c24de1 elementor-widget elementor-widget-heading\" data-id=\"1c24de1\" data-element_type=\"widget\" data-widget_type=\"heading.default\">\n\t\t\t\t<div class=\"elementor-widget-container\">\n\t\t\t<h2 class=\"elementor-heading-title elementor-size-default\">Elei\u00e7\u00e3o de Representante Discente junto \u00e0 CCP-PPGET<\/h2>\t\t<\/div>\n\t\t\t\t<\/div>\n\t\t\t\t<div class=\"elementor-element elementor-element-ce06f34 elementor-widget elementor-widget-text-editor\" data-id=\"ce06f34\" data-element_type=\"widget\" data-widget_type=\"text-editor.default\">\n\t\t\t\t<div class=\"elementor-widget-container\">\n\t\t\t\t\t\t\t<h3 class=\"MuiTypography-root MuiTypography-h3 css-1wniyr8\"><strong>Portaria n\u00ba 3555, de 29\/01\/2026 (publicado no DOE em 02\/02\/2026 &#8211; <a href=\"https:\/\/www.doe.sp.gov.br\/executivo\/universidade-de-sao-paulo\/portaria-n-3555-de-29-de-janeiro-de-2026-202601301144292141602262\" target=\"_blank\" rel=\"noopener\">link<\/a>)<span style=\"text-decoration: underline;\"><br \/><\/span>Retifica\u00e7\u00e3o &#8211; <a href=\"https:\/\/doe.sp.gov.br\/executivo\/universidade-de-sao-paulo\/retificacao-ref-portaria-pdir-n-3555-2026-202602031144292231610404\" target=\"_blank\" rel=\"noopener\">link<\/a><\/strong><\/h3><p><strong>INSCRI\u00c7\u00d5ES:<\/strong><\/p><ul><li>Per\u00edodo at\u00e9<strong> 20\/03\/2026<\/strong> \u00e0s <strong>17h00<\/strong><\/li><li>Formul\u00e1rio de inscri\u00e7\u00e3o (<a href=\"https:\/\/docs.google.com\/forms\/d\/e\/1FAIpQLSem1KYRGFJPNCl76iXxhr1EUTrueeXKC9D5j7XFrLAfaI_ZbQ\/viewform?usp=header\" target=\"_blank\" rel=\"noopener\">link<\/a>)<\/li><\/ul><p><strong>DATA DA ELEI\u00c7\u00c3O: <\/strong><\/p><ul><li><strong>06\/04\/2026 &#8211; das 9h \u00e1s 17h<\/strong><\/li><\/ul><p>O Servi\u00e7o de \u00d3rg\u00e3os Colegiados e Concursos encaminhar\u00e1 aos eleitores, at\u00e9 as 09h00 do dia 06 de abril de 2026, no e-mail cadastrado na base de dados corporativa da USP, o endere\u00e7o eletr\u00f4nico do sistema de vota\u00e7\u00e3o com o qual o eleitor poder\u00e1 exercer seu voto utilizando a senha \u00fanica.<\/p><p>D\u00favidas podem ser esclarecidas pelo e-mail\u00a0<a href=\"mailto:svorcc.poli@usp.br\" target=\"_blank\" rel=\"noopener\">svorcc.poli@usp.br<\/a>.<\/p>\t\t\t\t\t\t<\/div>\n\t\t\t\t<\/div>\n\t\t\t\t\t<\/div>\n\t\t<\/div>\n\t\t\t\t\t<\/div>\n\t\t<\/section>\n\t\t\t\t<\/div>\n\t\t","protected":false},"excerpt":{"rendered":"<p>Elei\u00e7\u00e3o de Representante Discente junto \u00e0 CCP-PPGET Portaria n\u00ba 3555, de 29\/01\/2026 (publicado no DOE em 02\/02\/2026 &#8211; link)Retifica\u00e7\u00e3o &#8211; link INSCRI\u00c7\u00d5ES: Per\u00edodo at\u00e9 20\/03\/2026 \u00e0s 17h00 Formul\u00e1rio de inscri\u00e7\u00e3o (link) DATA DA ELEI\u00c7\u00c3O:&#46;&#46;&#46;<\/p>\n","protected":false},"author":752,"featured_media":0,"parent":2872,"menu_order":0,"comment_status":"closed","ping_status":"closed","template":"","meta":{"_monsterinsights_skip_tracking":false,"_monsterinsights_sitenote_active":false,"_monsterinsights_sitenote_note":"","_monsterinsights_sitenote_category":0,"footnotes":"","_links_to":"","_links_to_target":""},"class_list":["post-4863","page","type-page","status-publish","hentry"],"_links":{"self":[{"href":"https:\/\/sites.usp.br\/ppget\/wp-json\/wp\/v2\/pages\/4863","targetHints":{"allow":["GET"]}}],"collection":[{"href":"https:\/\/sites.usp.br\/ppget\/wp-json\/wp\/v2\/pages"}],"about":[{"href":"https:\/\/sites.usp.br\/ppget\/wp-json\/wp\/v2\/types\/page"}],"author":[{"embeddable":true,"href":"https:\/\/sites.usp.br\/ppget\/wp-json\/wp\/v2\/users\/752"}],"replies":[{"embeddable":true,"href":"https:\/\/sites.usp.br\/ppget\/wp-json\/wp\/v2\/comments?post=4863"}],"version-history":[{"count":4,"href":"https:\/\/sites.usp.br\/ppget\/wp-json\/wp\/v2\/pages\/4863\/revisions"}],"predecessor-version":[{"id":4872,"href":"https:\/\/sites.usp.br\/ppget\/wp-json\/wp\/v2\/pages\/4863\/revisions\/4872"}],"up":[{"embeddable":true,"href":"https:\/\/sites.usp.br\/ppget\/wp-json\/wp\/v2\/pages\/2872"}],"wp:attachment":[{"href":"https:\/\/sites.usp.br\/ppget\/wp-json\/wp\/v2\/media?parent=4863"}],"curies":[{"name":"wp","href":"https:\/\/api.w.org\/{rel}","templated":true}]}}