{"id":1844,"date":"2023-02-25T02:10:50","date_gmt":"2023-02-25T04:10:50","guid":{"rendered":"https:\/\/sites.usp.br\/ppgfarmaco\/?page_id=1844"},"modified":"2023-03-29T11:02:13","modified_gmt":"2023-03-29T13:02:13","slug":"matricula","status":"publish","type":"page","link":"https:\/\/sites.usp.br\/ppgfarmaco\/es\/matricula\/","title":{"rendered":"Matr\u00edcula"},"content":{"rendered":"\t\t<div data-elementor-type=\"wp-page\" data-elementor-id=\"1844\" class=\"elementor elementor-1844\" data-elementor-post-type=\"page\">\n\t\t\t\t\t\t<section class=\"elementor-section elementor-top-section elementor-element elementor-element-201d0bb elementor-section-boxed elementor-section-height-default elementor-section-height-default\" data-id=\"201d0bb\" data-element_type=\"section\">\n\t\t\t\t\t\t<div class=\"elementor-container elementor-column-gap-default\">\n\t\t\t\t\t<div class=\"elementor-column elementor-col-100 elementor-top-column elementor-element elementor-element-bfd6ede\" data-id=\"bfd6ede\" data-element_type=\"column\">\n\t\t\t<div class=\"elementor-widget-wrap\">\n\t\t\t\t\t\t\t<\/div>\n\t\t<\/div>\n\t\t\t\t\t<\/div>\n\t\t<\/section>\n\t\t\t\t<section class=\"elementor-section elementor-top-section elementor-element elementor-element-28fe71b3 elementor-section-boxed elementor-section-height-default elementor-section-height-default\" data-id=\"28fe71b3\" data-element_type=\"section\" data-settings=\"{&quot;background_background&quot;:&quot;slideshow&quot;,&quot;background_slideshow_gallery&quot;:[{&quot;id&quot;:1988,&quot;url&quot;:&quot;https:\\\/\\\/sites.usp.br\\\/ppgfarmaco\\\/wp-content\\\/uploads\\\/sites\\\/1227\\\/2023\\\/02\\\/Design-sem-nome-2.png&quot;}],&quot;background_slideshow_loop&quot;:&quot;yes&quot;,&quot;background_slideshow_slide_duration&quot;:5000,&quot;background_slideshow_slide_transition&quot;:&quot;fade&quot;,&quot;background_slideshow_transition_duration&quot;:500}\">\n\t\t\t\t\t\t\t<div class=\"elementor-background-overlay\"><\/div>\n\t\t\t\t\t\t\t<div class=\"elementor-container elementor-column-gap-default\">\n\t\t\t\t\t<div class=\"elementor-column elementor-col-100 elementor-top-column elementor-element elementor-element-47a94c14\" data-id=\"47a94c14\" data-element_type=\"column\">\n\t\t\t<div class=\"elementor-widget-wrap elementor-element-populated\">\n\t\t\t\t\t\t<div class=\"elementor-element elementor-element-5ec4e0c1 elementor-widget elementor-widget-spacer\" data-id=\"5ec4e0c1\" data-element_type=\"widget\" data-widget_type=\"spacer.default\">\n\t\t\t\t<div class=\"elementor-widget-container\">\n\t\t\t\t\t<div class=\"elementor-spacer\">\n\t\t\t<div class=\"elementor-spacer-inner\"><\/div>\n\t\t<\/div>\n\t\t\t\t<\/div>\n\t\t\t\t<\/div>\n\t\t\t\t<section class=\"elementor-section elementor-inner-section elementor-element elementor-element-4134cdf8 elementor-section-boxed elementor-section-height-default elementor-section-height-default\" data-id=\"4134cdf8\" data-element_type=\"section\">\n\t\t\t\t\t\t<div class=\"elementor-container elementor-column-gap-default\">\n\t\t\t\t\t<div class=\"elementor-column elementor-col-33 elementor-inner-column elementor-element elementor-element-7795aad2\" data-id=\"7795aad2\" data-element_type=\"column\">\n\t\t\t<div class=\"elementor-widget-wrap\">\n\t\t\t\t\t\t\t<\/div>\n\t\t<\/div>\n\t\t\t\t<div class=\"elementor-column elementor-col-33 elementor-inner-column elementor-element elementor-element-74977a3\" data-id=\"74977a3\" data-element_type=\"column\" data-settings=\"{&quot;background_background&quot;:&quot;classic&quot;}\">\n\t\t\t<div class=\"elementor-widget-wrap elementor-element-populated\">\n\t\t\t\t\t\t<div class=\"elementor-element elementor-element-1c045cd1 elementor-widget elementor-widget-heading\" data-id=\"1c045cd1\" data-element_type=\"widget\" data-widget_type=\"heading.default\">\n\t\t\t\t<div class=\"elementor-widget-container\">\n\t\t\t<h2 class=\"elementor-heading-title elementor-size-default\">matr\u00edcula<\/h2>\t\t<\/div>\n\t\t\t\t<\/div>\n\t\t\t\t<div class=\"elementor-element elementor-element-1ec50b7 elementor-widget elementor-widget-heading\" data-id=\"1ec50b7\" data-element_type=\"widget\" data-widget_type=\"heading.default\">\n\t\t\t\t<div class=\"elementor-widget-container\">\n\t\t\t<h2 class=\"elementor-heading-title elementor-size-medium\"> M\u00e1ster | Doctorado Doctorado directo <\/h2>\t\t<\/div>\n\t\t\t\t<\/div>\n\t\t\t\t\t<\/div>\n\t\t<\/div>\n\t\t\t\t<div class=\"elementor-column elementor-col-33 elementor-inner-column elementor-element elementor-element-175a59b8\" data-id=\"175a59b8\" data-element_type=\"column\">\n\t\t\t<div class=\"elementor-widget-wrap\">\n\t\t\t\t\t\t\t<\/div>\n\t\t<\/div>\n\t\t\t\t\t<\/div>\n\t\t<\/section>\n\t\t\t\t<div class=\"elementor-element elementor-element-782ef775 elementor-widget elementor-widget-spacer\" data-id=\"782ef775\" data-element_type=\"widget\" data-widget_type=\"spacer.default\">\n\t\t\t\t<div class=\"elementor-widget-container\">\n\t\t\t\t\t<div class=\"elementor-spacer\">\n\t\t\t<div class=\"elementor-spacer-inner\"><\/div>\n\t\t<\/div>\n\t\t\t\t<\/div>\n\t\t\t\t<\/div>\n\t\t\t\t\t<\/div>\n\t\t<\/div>\n\t\t\t\t\t<\/div>\n\t\t<\/section>\n\t\t\t\t<section class=\"elementor-section elementor-top-section elementor-element elementor-element-76d38951 elementor-section-boxed elementor-section-height-default elementor-section-height-default\" data-id=\"76d38951\" data-element_type=\"section\">\n\t\t\t\t\t\t<div class=\"elementor-container elementor-column-gap-default\">\n\t\t\t\t\t<div class=\"elementor-column elementor-col-100 elementor-top-column elementor-element elementor-element-21f52dde\" data-id=\"21f52dde\" data-element_type=\"column\">\n\t\t\t<div class=\"elementor-widget-wrap elementor-element-populated\">\n\t\t\t\t\t\t<div class=\"elementor-element elementor-element-23d9fa2a elementor-widget elementor-widget-spacer\" data-id=\"23d9fa2a\" data-element_type=\"widget\" data-widget_type=\"spacer.default\">\n\t\t\t\t<div class=\"elementor-widget-container\">\n\t\t\t\t\t<div class=\"elementor-spacer\">\n\t\t\t<div class=\"elementor-spacer-inner\"><\/div>\n\t\t<\/div>\n\t\t\t\t<\/div>\n\t\t\t\t<\/div>\n\t\t\t\t\t<\/div>\n\t\t<\/div>\n\t\t\t\t\t<\/div>\n\t\t<\/section>\n\t\t\t\t<section class=\"elementor-section elementor-top-section elementor-element elementor-element-56df94f9 elementor-section-boxed elementor-section-height-default elementor-section-height-default\" data-id=\"56df94f9\" data-element_type=\"section\" data-settings=\"{&quot;background_background&quot;:&quot;classic&quot;}\">\n\t\t\t\t\t\t<div class=\"elementor-container elementor-column-gap-default\">\n\t\t\t\t\t<div class=\"elementor-column elementor-col-100 elementor-top-column elementor-element elementor-element-554cb468\" data-id=\"554cb468\" data-element_type=\"column\">\n\t\t\t<div class=\"elementor-widget-wrap elementor-element-populated\">\n\t\t\t\t\t\t<div class=\"elementor-element elementor-element-452818cc elementor-widget elementor-widget-heading\" data-id=\"452818cc\" data-element_type=\"widget\" data-widget_type=\"heading.default\">\n\t\t\t\t<div class=\"elementor-widget-container\">\n\t\t\t<h2 class=\"elementor-heading-title elementor-size-default\"> M\u00c1STERES <\/h2>\t\t<\/div>\n\t\t\t\t<\/div>\n\t\t\t\t<div class=\"elementor-element elementor-element-32b9b53 elementor-widget elementor-widget-spacer\" data-id=\"32b9b53\" data-element_type=\"widget\" data-widget_type=\"spacer.default\">\n\t\t\t\t<div class=\"elementor-widget-container\">\n\t\t\t\t\t<div class=\"elementor-spacer\">\n\t\t\t<div class=\"elementor-spacer-inner\"><\/div>\n\t\t<\/div>\n\t\t\t\t<\/div>\n\t\t\t\t<\/div>\n\t\t\t\t<div class=\"elementor-element elementor-element-6e7de63f elementor-widget elementor-widget-text-editor\" data-id=\"6e7de63f\" data-element_type=\"widget\" data-widget_type=\"text-editor.default\">\n\t\t\t\t<div class=\"elementor-widget-container\">\n\t\t\t\t\t\t\t<p><span style=\"font-size: 16px;\"> En el momento de la inscripci\u00f3n, los estudiantes deben presentar los siguientes documentos:<\/li><li>Diploma de graduaci\u00f3n, con la fecha de graduaci\u00f3n y\/o Historial de graduaci\u00f3n en el que conste la fecha de graduaci\u00f3n;<\/li><li>Prueba de dominio del ingl\u00e9s;<\/li><li>Para los candidatos cuya lengua materna no sea el portugu\u00e9s: adem\u00e1s del dominio del ingl\u00e9s, se requiere tambi\u00e9n el dominio del portugu\u00e9s, demostrado mediante la presentaci\u00f3n del Certificado de Proficiencia en Lengua Portuguesa para Extranjeros, CELPE-BRAS, nivel intermedio o superior, o mediante la obtenci\u00f3n de nota suficiente expedida por el Centro de Lenguas de la FFLCH\/USP en la prueba aplicada a los candidatos de posgrado de todos los programas del ICB de la USP. En este caso, la prueba deber\u00e1 ser presentada, como m\u00e1ximo, 6 meses despu\u00e9s de la matr\u00edcula inicial. Adem\u00e1s, vamos a seguir las directrices de la Circular 33\/2011 publicada por PRPG el 31\/08\/2011, que autoriza, con car\u00e1cter excepcional, la inscripci\u00f3n de estudiantes extranjeros que llevan s\u00f3lo el pasaporte con el visado de estudiante, acompa\u00f1ado de la programaci\u00f3n de la<\/li><li>Tarjeta de Registro\/Emisi\u00f3n de Identidad de Extranjero, expedida por la Polic\u00eda Federal. Posteriormente, el solicitante deber\u00e1 entregar en la Secretar\u00eda del Programa la copia del documento expedido por la Polic\u00eda Federal con el n\u00famero del RNE;<\/li><li>Justificante de la presentaci\u00f3n del proyecto al Comit\u00e9 de \u00c9tica responsable (para animales o humanos) o, en su caso, justificante de la solicitud de exenci\u00f3n. <\/li><\/ul>\t\t\t\t\t\t<\/div>\n\t\t\t\t<\/div>\n\t\t\t\t\t<\/div>\n\t\t<\/div>\n\t\t\t\t\t<\/div>\n\t\t<\/section>\n\t\t\t\t<section class=\"elementor-section elementor-top-section elementor-element elementor-element-54779b75 elementor-section-boxed elementor-section-height-default elementor-section-height-default\" data-id=\"54779b75\" data-element_type=\"section\" data-settings=\"{&quot;background_background&quot;:&quot;classic&quot;}\">\n\t\t\t\t\t\t<div class=\"elementor-container elementor-column-gap-default\">\n\t\t\t\t\t<div class=\"elementor-column elementor-col-100 elementor-top-column elementor-element elementor-element-430a064\" data-id=\"430a064\" data-element_type=\"column\">\n\t\t\t<div class=\"elementor-widget-wrap elementor-element-populated\">\n\t\t\t\t\t\t<div class=\"elementor-element elementor-element-41611979 elementor-widget elementor-widget-heading\" data-id=\"41611979\" data-element_type=\"widget\" data-widget_type=\"heading.default\">\n\t\t\t\t<div class=\"elementor-widget-container\">\n\t\t\t<h2 class=\"elementor-heading-title elementor-size-default\"> DOCTORADO <\/h2>\t\t<\/div>\n\t\t\t\t<\/div>\n\t\t\t\t<div class=\"elementor-element elementor-element-a23c598 elementor-widget elementor-widget-spacer\" data-id=\"a23c598\" data-element_type=\"widget\" data-widget_type=\"spacer.default\">\n\t\t\t\t<div class=\"elementor-widget-container\">\n\t\t\t\t\t<div class=\"elementor-spacer\">\n\t\t\t<div class=\"elementor-spacer-inner\"><\/div>\n\t\t<\/div>\n\t\t\t\t<\/div>\n\t\t\t\t<\/div>\n\t\t\t\t<div class=\"elementor-element elementor-element-3e4b7c2d elementor-widget elementor-widget-text-editor\" data-id=\"3e4b7c2d\" data-element_type=\"widget\" data-widget_type=\"text-editor.default\">\n\t\t\t\t<div class=\"elementor-widget-container\">\n\t\t\t\t\t\t\t<p><span style=\"font-size: 16px;\"> En el momento de la inscripci\u00f3n, los estudiantes deben presentar los siguientes documentos:<li>Diploma de graduaci\u00f3n, con la fecha de graduaci\u00f3n y\/o Historial de graduaci\u00f3n en el que conste la fecha de graduaci\u00f3n;<\/li><li>Certificado de finalizaci\u00f3n del M\u00e1ster; Expediente acad\u00e9mico del M\u00e1ster;<\/li><li>Resumen del proyecto de investigaci\u00f3n;<\/li><li>Copia de tesis de m\u00e1ster;<\/li><li>Prueba de dominio del ingl\u00e9s;<\/li><li>Para los candidatos cuya lengua materna no sea el portugu\u00e9s: adem\u00e1s del dominio del ingl\u00e9s, se requiere tambi\u00e9n el dominio del portugu\u00e9s, demostrado mediante la presentaci\u00f3n del Certificado de Proficiencia en Lengua Portuguesa para Extranjeros, CELPE-BRAS, nivel intermedio o superior, o mediante la obtenci\u00f3n de nota suficiente expedida por el Centro de Lenguas de la FFLCH\/USP en la prueba aplicada a los candidatos de posgrado de todos los programas del ICB de la USP. En este caso, la prueba deber\u00e1 ser presentada, como m\u00e1ximo, 6 meses despu\u00e9s de la matr\u00edcula inicial. Adem\u00e1s, vamos a seguir las directrices de la Circular 33\/2011 publicada por el PRPG el 31\/08\/2011, que autoriza, con car\u00e1cter excepcional, la inscripci\u00f3n de los estudiantes extranjeros que llevan s\u00f3lo el pasaporte con la visa de estudiante, acompa\u00f1ado por el anexo de la Tarjeta de Registro\/Emisi\u00f3n de Identidad de Extranjero, emitida por la Polic\u00eda Federal. Posteriormente, el<\/li><li>El interesado deber\u00e1 entregar en la Secretar\u00eda del Programa la copia del documento expedido por la Polic\u00eda Federal con el n\u00famero del RNE;<\/li><li>Justificante de la presentaci\u00f3n del proyecto al Comit\u00e9 de \u00c9tica responsable (para animales o humanos) o, en su caso, justificante de la solicitud de exenci\u00f3n. <\/li><\/li>\n\n<\/ul>\t\t\t\t\t\t<\/div>\n\t\t\t\t<\/div>\n\t\t\t\t\t<\/div>\n\t\t<\/div>\n\t\t\t\t\t<\/div>\n\t\t<\/section>\n\t\t\t\t<section class=\"elementor-section elementor-top-section elementor-element elementor-element-75865b0 elementor-section-boxed elementor-section-height-default elementor-section-height-default\" data-id=\"75865b0\" data-element_type=\"section\">\n\t\t\t\t\t\t<div class=\"elementor-container elementor-column-gap-default\">\n\t\t\t\t\t<div class=\"elementor-column elementor-col-100 elementor-top-column elementor-element elementor-element-749c7fa\" data-id=\"749c7fa\" data-element_type=\"column\">\n\t\t\t<div class=\"elementor-widget-wrap\">\n\t\t\t\t\t\t\t<\/div>\n\t\t<\/div>\n\t\t\t\t\t<\/div>\n\t\t<\/section>\n\t\t\t\t<section class=\"elementor-section elementor-top-section elementor-element elementor-element-47e5377 elementor-section-boxed elementor-section-height-default elementor-section-height-default\" data-id=\"47e5377\" data-element_type=\"section\" data-settings=\"{&quot;background_background&quot;:&quot;classic&quot;}\">\n\t\t\t\t\t\t<div class=\"elementor-container elementor-column-gap-default\">\n\t\t\t\t\t<div class=\"elementor-column elementor-col-100 elementor-top-column elementor-element elementor-element-cbf340c\" data-id=\"cbf340c\" data-element_type=\"column\">\n\t\t\t<div class=\"elementor-widget-wrap elementor-element-populated\">\n\t\t\t\t\t\t<div class=\"elementor-element elementor-element-fcef47d elementor-widget elementor-widget-heading\" data-id=\"fcef47d\" data-element_type=\"widget\" data-widget_type=\"heading.default\">\n\t\t\t\t<div class=\"elementor-widget-container\">\n\t\t\t<h2 class=\"elementor-heading-title elementor-size-default\"> DOCTORADO DIRECTO<\/h2>\t\t<\/div>\n\t\t\t\t<\/div>\n\t\t\t\t<div class=\"elementor-element elementor-element-c19dbbe elementor-widget elementor-widget-spacer\" data-id=\"c19dbbe\" data-element_type=\"widget\" data-widget_type=\"spacer.default\">\n\t\t\t\t<div class=\"elementor-widget-container\">\n\t\t\t\t\t<div class=\"elementor-spacer\">\n\t\t\t<div class=\"elementor-spacer-inner\"><\/div>\n\t\t<\/div>\n\t\t\t\t<\/div>\n\t\t\t\t<\/div>\n\t\t\t\t<div class=\"elementor-element elementor-element-89b5876 elementor-widget elementor-widget-text-editor\" data-id=\"89b5876\" data-element_type=\"widget\" data-widget_type=\"text-editor.default\">\n\t\t\t\t<div class=\"elementor-widget-container\">\n\t\t\t\t\t\t\t<p><span style=\"font-size: 16px;\"> En el momento de la inscripci\u00f3n, los estudiantes deben presentar los siguientes documentos:<\/li><li>Diploma de graduaci\u00f3n, con la fecha de graduaci\u00f3n y\/o Historial de graduaci\u00f3n en el que conste la fecha de graduaci\u00f3n;<\/li><li>Resumen del proyecto de investigaci\u00f3n;<\/li><li>Prueba de dominio del ingl\u00e9s;<\/li><li>Para los candidatos cuya lengua materna no sea el portugu\u00e9s: adem\u00e1s del dominio del ingl\u00e9s, tambi\u00e9n se requiere el dominio del portugu\u00e9s, demostrado mediante la presentaci\u00f3n del Certificado de Competencia en Lengua Portuguesa para Extranjeros, CELPE-BRAS, nivel intermedio o superior, o mediante la obtenci\u00f3n de una nota suficiente emitida por el Centro de Lenguas de la FFLCH\/USP en la prueba aplicada a los candidatos de posgrado de todos los programas del ICB de la USP. En este caso, la prueba deber\u00e1 ser presentada, como m\u00e1ximo, 6 meses despu\u00e9s de la matr\u00edcula inicial. Adem\u00e1s, vamos a seguir las directrices de la Circular 33\/2011 publicada por el PRPG el 31\/08\/2011, que autoriza, con car\u00e1cter excepcional, la inscripci\u00f3n de estudiantes extranjeros que lleven s\u00f3lo el pasaporte con la visa de estudiante, acompa\u00f1ado por el anexo de la Tarjeta de Registro\/Emisi\u00f3n de Identidad de Extranjero, emitida por la Polic\u00eda Federal. Posteriormente, el interesado deber\u00e1 entregar en la Secretar\u00eda del Programa la copia del documento expedido por la Polic\u00eda Federal con el n\u00famero del RNE;<\/li><li>Justificante de la presentaci\u00f3n del proyecto al Comit\u00e9 de \u00c9tica responsable (para animales o humanos) o, en su caso, justificante de la solicitud de exenci\u00f3n. <\/li><\/ul>\t\t\t\t\t\t<\/div>\n\t\t\t\t<\/div>\n\t\t\t\t\t<\/div>\n\t\t<\/div>\n\t\t\t\t\t<\/div>\n\t\t<\/section>\n\t\t\t\t<section class=\"elementor-section elementor-top-section elementor-element elementor-element-1bff29c9 elementor-section-boxed elementor-section-height-default elementor-section-height-default\" data-id=\"1bff29c9\" data-element_type=\"section\" data-settings=\"{&quot;background_background&quot;:&quot;classic&quot;}\">\n\t\t\t\t\t\t<div class=\"elementor-container elementor-column-gap-default\">\n\t\t\t\t\t<div class=\"elementor-column elementor-col-100 elementor-top-column elementor-element elementor-element-47ab96bf\" data-id=\"47ab96bf\" data-element_type=\"column\">\n\t\t\t<div class=\"elementor-widget-wrap elementor-element-populated\">\n\t\t\t\t\t\t<div class=\"elementor-element elementor-element-4829a230 elementor-widget elementor-widget-spacer\" data-id=\"4829a230\" data-element_type=\"widget\" data-widget_type=\"spacer.default\">\n\t\t\t\t<div class=\"elementor-widget-container\">\n\t\t\t\t\t<div class=\"elementor-spacer\">\n\t\t\t<div class=\"elementor-spacer-inner\"><\/div>\n\t\t<\/div>\n\t\t\t\t<\/div>\n\t\t\t\t<\/div>\n\t\t\t\t<div class=\"elementor-element elementor-element-67337c93 elementor-widget elementor-widget-heading\" data-id=\"67337c93\" data-element_type=\"widget\" data-widget_type=\"heading.default\">\n\t\t\t\t<div class=\"elementor-widget-container\">\n\t\t\t<h2 class=\"elementor-heading-title elementor-size-default\"> Formularios <\/h2>\t\t<\/div>\n\t\t\t\t<\/div>\n\t\t\t\t<div class=\"elementor-element elementor-element-5f616297 elementor-widget elementor-widget-toggle\" data-id=\"5f616297\" data-element_type=\"widget\" data-widget_type=\"toggle.default\">\n\t\t\t\t<div class=\"elementor-widget-container\">\n\t\t\t\t\t<div class=\"elementor-toggle\">\n\t\t\t\t\t\t\t<div class=\"elementor-toggle-item\">\n\t\t\t\t\t<div id=\"elementor-tab-title-1601\" class=\"elementor-tab-title\" data-tab=\"1\" role=\"button\" aria-controls=\"elementor-tab-content-1601\" aria-expanded=\"false\">\n\t\t\t\t\t\t\t\t\t\t\t\t<span class=\"elementor-toggle-icon elementor-toggle-icon-left\" aria-hidden=\"true\">\n\t\t\t\t\t\t\t\t\t\t\t\t\t\t\t<span class=\"elementor-toggle-icon-closed\"><i class=\"fas fa-caret-down\"><\/i><\/span>\n\t\t\t\t\t\t\t\t<span class=\"elementor-toggle-icon-opened\"><i class=\"elementor-toggle-icon-opened fas fa-caret-up\"><\/i><\/span>\n\t\t\t\t\t\t\t\t\t\t\t\t\t<\/span>\n\t\t\t\t\t\t\t\t\t\t\t\t<a class=\"elementor-toggle-title\" tabindex=\"0\"> M\u00e1ster <\/a>\n\t\t\t\t\t<\/div>\n\n\t\t\t\t\t<div id=\"elementor-tab-content-1601\" class=\"elementor-tab-content elementor-clearfix\" data-tab=\"1\" role=\"region\" aria-labelledby=\"elementor-tab-title-1601\">[download id=\u00bb1914&#8243;][download id=\u00bb1926&#8243;][download id=\u00bb1943&#8243;][download id=\u00bb1954&#8243;][download id=\u00bb1965&#8243;][download id=\u00bb1931&#8243;][download id=\u00bb1921&#8243;]<\/div>\n\t\t\t\t<\/div>\n\t\t\t\t\t\t\t<div class=\"elementor-toggle-item\">\n\t\t\t\t\t<div id=\"elementor-tab-title-1602\" class=\"elementor-tab-title\" data-tab=\"2\" role=\"button\" aria-controls=\"elementor-tab-content-1602\" aria-expanded=\"false\">\n\t\t\t\t\t\t\t\t\t\t\t\t<span class=\"elementor-toggle-icon elementor-toggle-icon-left\" aria-hidden=\"true\">\n\t\t\t\t\t\t\t\t\t\t\t\t\t\t\t<span class=\"elementor-toggle-icon-closed\"><i class=\"fas fa-caret-down\"><\/i><\/span>\n\t\t\t\t\t\t\t\t<span class=\"elementor-toggle-icon-opened\"><i class=\"elementor-toggle-icon-opened fas fa-caret-up\"><\/i><\/span>\n\t\t\t\t\t\t\t\t\t\t\t\t\t<\/span>\n\t\t\t\t\t\t\t\t\t\t\t\t<a class=\"elementor-toggle-title\" tabindex=\"0\"> Doctorado <\/a>\n\t\t\t\t\t<\/div>\n\n\t\t\t\t\t<div id=\"elementor-tab-content-1602\" class=\"elementor-tab-content elementor-clearfix\" data-tab=\"2\" role=\"region\" aria-labelledby=\"elementor-tab-title-1602\">[download id=\u00bb1914&#8243;][download id=\u00bb1926&#8243;][download id=\u00bb1947&#8243;][download id=\u00bb1958&#8243;][download id=\u00bb1967&#8243;][download id=\u00bb1933&#8243;][download id=\u00bb1921&#8243;]<\/div>\n\t\t\t\t<\/div>\n\t\t\t\t\t\t\t<div class=\"elementor-toggle-item\">\n\t\t\t\t\t<div id=\"elementor-tab-title-1603\" class=\"elementor-tab-title\" data-tab=\"3\" role=\"button\" aria-controls=\"elementor-tab-content-1603\" aria-expanded=\"false\">\n\t\t\t\t\t\t\t\t\t\t\t\t<span class=\"elementor-toggle-icon elementor-toggle-icon-left\" aria-hidden=\"true\">\n\t\t\t\t\t\t\t\t\t\t\t\t\t\t\t<span class=\"elementor-toggle-icon-closed\"><i class=\"fas fa-caret-down\"><\/i><\/span>\n\t\t\t\t\t\t\t\t<span class=\"elementor-toggle-icon-opened\"><i class=\"elementor-toggle-icon-opened fas fa-caret-up\"><\/i><\/span>\n\t\t\t\t\t\t\t\t\t\t\t\t\t<\/span>\n\t\t\t\t\t\t\t\t\t\t\t\t<a class=\"elementor-toggle-title\" tabindex=\"0\"> Doctorado directo <\/a>\n\t\t\t\t\t<\/div>\n\n\t\t\t\t\t<div id=\"elementor-tab-content-1603\" class=\"elementor-tab-content elementor-clearfix\" data-tab=\"3\" role=\"region\" aria-labelledby=\"elementor-tab-title-1603\">[download id=\u00bb1914&#8243;][download id=\u00bb1926&#8243;][download id=\u00bb1949&#8243;][download id=\u00bb1960&#8243;][download id=\u00bb1967&#8243;][download id=\u00bb1935&#8243;][download id=\u00bb1921&#8243;]<p>\u00a0<\/p><p>\u00a0<\/p><\/div>\n\t\t\t\t<\/div>\n\t\t\t\t\t\t\t\t<\/div>\n\t\t\t\t<\/div>\n\t\t\t\t<\/div>\n\t\t\t\t<div class=\"elementor-element elementor-element-78ceb0df elementor-widget elementor-widget-spacer\" data-id=\"78ceb0df\" data-element_type=\"widget\" data-widget_type=\"spacer.default\">\n\t\t\t\t<div class=\"elementor-widget-container\">\n\t\t\t\t\t<div class=\"elementor-spacer\">\n\t\t\t<div class=\"elementor-spacer-inner\"><\/div>\n\t\t<\/div>\n\t\t\t\t<\/div>\n\t\t\t\t<\/div>\n\t\t\t\t\t<\/div>\n\t\t<\/div>\n\t\t\t\t\t<\/div>\n\t\t<\/section>\n\t\t\t\t<section class=\"elementor-section elementor-top-section elementor-element elementor-element-1dc350b9 elementor-section-boxed elementor-section-height-default elementor-section-height-default\" data-id=\"1dc350b9\" data-element_type=\"section\" data-settings=\"{&quot;background_background&quot;:&quot;classic&quot;}\">\n\t\t\t\t\t\t<div class=\"elementor-container elementor-column-gap-default\">\n\t\t\t\t\t<div class=\"elementor-column elementor-col-100 elementor-top-column elementor-element elementor-element-3ac0202b\" data-id=\"3ac0202b\" data-element_type=\"column\">\n\t\t\t<div class=\"elementor-widget-wrap elementor-element-populated\">\n\t\t\t\t\t\t<div class=\"elementor-element elementor-element-7b7c61f8 elementor-widget elementor-widget-spacer\" data-id=\"7b7c61f8\" data-element_type=\"widget\" data-widget_type=\"spacer.default\">\n\t\t\t\t<div class=\"elementor-widget-container\">\n\t\t\t\t\t<div class=\"elementor-spacer\">\n\t\t\t<div class=\"elementor-spacer-inner\"><\/div>\n\t\t<\/div>\n\t\t\t\t<\/div>\n\t\t\t\t<\/div>\n\t\t\t\t\t<\/div>\n\t\t<\/div>\n\t\t\t\t\t<\/div>\n\t\t<\/section>\n\t\t\t\t<\/div>\n\t\t","protected":false},"excerpt":{"rendered":"<p>matr\u00edcula M\u00e1ster | Doctorado Doctorado directo M\u00c1STERES En el momento de la inscripci\u00f3n, los estudiantes deben presentar los siguientes documentos: Diploma de graduaci\u00f3n, con la fecha de graduaci\u00f3n y\/o Historial de graduaci\u00f3n en el que conste la fecha de graduaci\u00f3n; Prueba de dominio del ingl\u00e9s; Para los candidatos cuya lengua materna no sea el portugu\u00e9s: [&hellip;]<\/p>\n","protected":false},"author":1200,"featured_media":0,"parent":0,"menu_order":0,"comment_status":"closed","ping_status":"closed","template":"elementor_header_footer","meta":{"footnotes":"","_links_to":"","_links_to_target":""},"class_list":["post-1844","page","type-page","status-publish","hentry","entry"],"_links":{"self":[{"href":"https:\/\/sites.usp.br\/ppgfarmaco\/es\/wp-json\/wp\/v2\/pages\/1844","targetHints":{"allow":["GET"]}}],"collection":[{"href":"https:\/\/sites.usp.br\/ppgfarmaco\/es\/wp-json\/wp\/v2\/pages"}],"about":[{"href":"https:\/\/sites.usp.br\/ppgfarmaco\/es\/wp-json\/wp\/v2\/types\/page"}],"author":[{"embeddable":true,"href":"https:\/\/sites.usp.br\/ppgfarmaco\/es\/wp-json\/wp\/v2\/users\/1200"}],"replies":[{"embeddable":true,"href":"https:\/\/sites.usp.br\/ppgfarmaco\/es\/wp-json\/wp\/v2\/comments?post=1844"}],"version-history":[{"count":4,"href":"https:\/\/sites.usp.br\/ppgfarmaco\/es\/wp-json\/wp\/v2\/pages\/1844\/revisions"}],"predecessor-version":[{"id":3729,"href":"https:\/\/sites.usp.br\/ppgfarmaco\/es\/wp-json\/wp\/v2\/pages\/1844\/revisions\/3729"}],"wp:attachment":[{"href":"https:\/\/sites.usp.br\/ppgfarmaco\/es\/wp-json\/wp\/v2\/media?parent=1844"}],"curies":[{"name":"wp","href":"https:\/\/api.w.org\/{rel}","templated":true}]}}