{"id":2330,"date":"2023-03-01T11:12:30","date_gmt":"2023-03-01T13:12:30","guid":{"rendered":"https:\/\/sites.usp.br\/ppgfarmaco\/?page_id=2330"},"modified":"2023-03-29T11:29:34","modified_gmt":"2023-03-29T13:29:34","slug":"comite-de-etica","status":"publish","type":"page","link":"https:\/\/sites.usp.br\/ppgfarmaco\/es\/comite-de-etica\/","title":{"rendered":"Comit\u00e9 de \u00c9tica"},"content":{"rendered":"\t\t<div data-elementor-type=\"wp-page\" data-elementor-id=\"2330\" class=\"elementor elementor-2330\" data-elementor-post-type=\"page\">\n\t\t\t\t\t\t<section class=\"elementor-section elementor-top-section elementor-element elementor-element-56fc98f8 elementor-section-boxed elementor-section-height-default elementor-section-height-default\" data-id=\"56fc98f8\" data-element_type=\"section\">\n\t\t\t\t\t\t<div class=\"elementor-container elementor-column-gap-default\">\n\t\t\t\t\t<div class=\"elementor-column elementor-col-100 elementor-top-column elementor-element elementor-element-60d015f5\" data-id=\"60d015f5\" data-element_type=\"column\">\n\t\t\t<div class=\"elementor-widget-wrap\">\n\t\t\t\t\t\t\t<\/div>\n\t\t<\/div>\n\t\t\t\t\t<\/div>\n\t\t<\/section>\n\t\t\t\t<section class=\"elementor-section elementor-top-section elementor-element elementor-element-ab6521d elementor-section-boxed elementor-section-height-default elementor-section-height-default\" data-id=\"ab6521d\" data-element_type=\"section\" data-settings=\"{&quot;background_background&quot;:&quot;slideshow&quot;,&quot;background_slideshow_gallery&quot;:[{&quot;id&quot;:2347,&quot;url&quot;:&quot;https:\\\/\\\/sites.usp.br\\\/ppgfarmaco\\\/wp-content\\\/uploads\\\/sites\\\/1227\\\/2023\\\/03\\\/Design-sem-nome-4.png&quot;}],&quot;background_slideshow_loop&quot;:&quot;yes&quot;,&quot;background_slideshow_slide_duration&quot;:5000,&quot;background_slideshow_slide_transition&quot;:&quot;fade&quot;,&quot;background_slideshow_transition_duration&quot;:500}\">\n\t\t\t\t\t\t\t<div class=\"elementor-background-overlay\"><\/div>\n\t\t\t\t\t\t\t<div class=\"elementor-container elementor-column-gap-default\">\n\t\t\t\t\t<div class=\"elementor-column elementor-col-100 elementor-top-column elementor-element elementor-element-2081809e\" data-id=\"2081809e\" data-element_type=\"column\">\n\t\t\t<div class=\"elementor-widget-wrap elementor-element-populated\">\n\t\t\t\t\t\t<div class=\"elementor-element elementor-element-70e6fd24 elementor-widget elementor-widget-spacer\" data-id=\"70e6fd24\" data-element_type=\"widget\" data-widget_type=\"spacer.default\">\n\t\t\t\t<div class=\"elementor-widget-container\">\n\t\t\t\t\t<div class=\"elementor-spacer\">\n\t\t\t<div class=\"elementor-spacer-inner\"><\/div>\n\t\t<\/div>\n\t\t\t\t<\/div>\n\t\t\t\t<\/div>\n\t\t\t\t<section class=\"elementor-section elementor-inner-section elementor-element elementor-element-1eee83ee elementor-section-boxed elementor-section-height-default elementor-section-height-default\" data-id=\"1eee83ee\" data-element_type=\"section\">\n\t\t\t\t\t\t<div class=\"elementor-container elementor-column-gap-default\">\n\t\t\t\t\t<div class=\"elementor-column elementor-col-33 elementor-inner-column elementor-element elementor-element-75dbc877\" data-id=\"75dbc877\" data-element_type=\"column\">\n\t\t\t<div class=\"elementor-widget-wrap\">\n\t\t\t\t\t\t\t<\/div>\n\t\t<\/div>\n\t\t\t\t<div class=\"elementor-column elementor-col-33 elementor-inner-column elementor-element elementor-element-5826bc56\" data-id=\"5826bc56\" data-element_type=\"column\" data-settings=\"{&quot;background_background&quot;:&quot;classic&quot;}\">\n\t\t\t<div class=\"elementor-widget-wrap elementor-element-populated\">\n\t\t\t\t\t\t<div class=\"elementor-element elementor-element-1638f7d elementor-widget elementor-widget-spacer\" data-id=\"1638f7d\" data-element_type=\"widget\" data-widget_type=\"spacer.default\">\n\t\t\t\t<div class=\"elementor-widget-container\">\n\t\t\t\t\t<div class=\"elementor-spacer\">\n\t\t\t<div class=\"elementor-spacer-inner\"><\/div>\n\t\t<\/div>\n\t\t\t\t<\/div>\n\t\t\t\t<\/div>\n\t\t\t\t<div class=\"elementor-element elementor-element-c75b847 elementor-widget elementor-widget-heading\" data-id=\"c75b847\" data-element_type=\"widget\" data-widget_type=\"heading.default\">\n\t\t\t\t<div class=\"elementor-widget-container\">\n\t\t\t<h2 class=\"elementor-heading-title elementor-size-default\">Comit\u00e9 de \u00c9tica<\/h2>\t\t<\/div>\n\t\t\t\t<\/div>\n\t\t\t\t<div class=\"elementor-element elementor-element-71fcb2b elementor-widget elementor-widget-spacer\" data-id=\"71fcb2b\" data-element_type=\"widget\" data-widget_type=\"spacer.default\">\n\t\t\t\t<div class=\"elementor-widget-container\">\n\t\t\t\t\t<div class=\"elementor-spacer\">\n\t\t\t<div class=\"elementor-spacer-inner\"><\/div>\n\t\t<\/div>\n\t\t\t\t<\/div>\n\t\t\t\t<\/div>\n\t\t\t\t\t<\/div>\n\t\t<\/div>\n\t\t\t\t<div class=\"elementor-column elementor-col-33 elementor-inner-column elementor-element elementor-element-7190e301\" data-id=\"7190e301\" data-element_type=\"column\">\n\t\t\t<div class=\"elementor-widget-wrap\">\n\t\t\t\t\t\t\t<\/div>\n\t\t<\/div>\n\t\t\t\t\t<\/div>\n\t\t<\/section>\n\t\t\t\t<div class=\"elementor-element elementor-element-596adf36 elementor-widget elementor-widget-spacer\" data-id=\"596adf36\" data-element_type=\"widget\" data-widget_type=\"spacer.default\">\n\t\t\t\t<div class=\"elementor-widget-container\">\n\t\t\t\t\t<div class=\"elementor-spacer\">\n\t\t\t<div class=\"elementor-spacer-inner\"><\/div>\n\t\t<\/div>\n\t\t\t\t<\/div>\n\t\t\t\t<\/div>\n\t\t\t\t\t<\/div>\n\t\t<\/div>\n\t\t\t\t\t<\/div>\n\t\t<\/section>\n\t\t\t\t<section class=\"elementor-section elementor-top-section elementor-element elementor-element-731d5779 elementor-section-boxed elementor-section-height-default elementor-section-height-default\" data-id=\"731d5779\" data-element_type=\"section\">\n\t\t\t\t\t\t<div class=\"elementor-container elementor-column-gap-default\">\n\t\t\t\t\t<div class=\"elementor-column elementor-col-100 elementor-top-column elementor-element elementor-element-6766367d\" data-id=\"6766367d\" data-element_type=\"column\">\n\t\t\t<div class=\"elementor-widget-wrap elementor-element-populated\">\n\t\t\t\t\t\t<div class=\"elementor-element elementor-element-7fd1819 elementor-widget elementor-widget-spacer\" data-id=\"7fd1819\" data-element_type=\"widget\" data-widget_type=\"spacer.default\">\n\t\t\t\t<div class=\"elementor-widget-container\">\n\t\t\t\t\t<div class=\"elementor-spacer\">\n\t\t\t<div class=\"elementor-spacer-inner\"><\/div>\n\t\t<\/div>\n\t\t\t\t<\/div>\n\t\t\t\t<\/div>\n\t\t\t\t\t<\/div>\n\t\t<\/div>\n\t\t\t\t\t<\/div>\n\t\t<\/section>\n\t\t\t\t<section class=\"elementor-section elementor-top-section elementor-element elementor-element-24f26b61 elementor-section-boxed elementor-section-height-default elementor-section-height-default\" data-id=\"24f26b61\" data-element_type=\"section\" data-settings=\"{&quot;background_background&quot;:&quot;classic&quot;}\">\n\t\t\t\t\t\t<div class=\"elementor-container elementor-column-gap-default\">\n\t\t\t\t\t<div class=\"elementor-column elementor-col-100 elementor-top-column elementor-element elementor-element-56a8a409\" data-id=\"56a8a409\" data-element_type=\"column\">\n\t\t\t<div class=\"elementor-widget-wrap elementor-element-populated\">\n\t\t\t\t\t\t<div class=\"elementor-element elementor-element-2e0d3400 elementor-widget elementor-widget-heading\" data-id=\"2e0d3400\" data-element_type=\"widget\" data-widget_type=\"heading.default\">\n\t\t\t\t<div class=\"elementor-widget-container\">\n\t\t\t<h2 class=\"elementor-heading-title elementor-size-default\"> NUEVO FORMULARIO PARA LA PRESENTACI\u00d3N DE PROPUESTAS DE UTILIZACI\u00d3N DE ANIMALES AL CEUA-ICB\/USP <\/h2>\t\t<\/div>\n\t\t\t\t<\/div>\n\t\t\t\t<div class=\"elementor-element elementor-element-7b99ddd2 elementor-widget elementor-widget-spacer\" data-id=\"7b99ddd2\" data-element_type=\"widget\" data-widget_type=\"spacer.default\">\n\t\t\t\t<div class=\"elementor-widget-container\">\n\t\t\t\t\t<div class=\"elementor-spacer\">\n\t\t\t<div class=\"elementor-spacer-inner\"><\/div>\n\t\t<\/div>\n\t\t\t\t<\/div>\n\t\t\t\t<\/div>\n\t\t\t\t<div class=\"elementor-element elementor-element-38de3d9a elementor-widget elementor-widget-text-editor\" data-id=\"38de3d9a\" data-element_type=\"widget\" data-widget_type=\"text-editor.default\">\n\t\t\t\t<div class=\"elementor-widget-container\">\n\t\t\t\t\t\t\t<p><span style=\"font-size: 16px;\">\u00a0<\/span>El Comit\u00e9 \u00c9tico de Uso de Animales del ICB anuncia que ya est\u00e1 disponible el nuevo programa para la presentaci\u00f3n de propuestas para el uso de animales en el ICB. El sistema anterior se desactivar\u00e1 para la inclusi\u00f3n de nuevas propuestas el diecisiete noviembre 2017.<\/p><p>En el nuevo sistema, la propuesta se cumplimentar\u00e1 en su totalidad y se presentar\u00e1 a trav\u00e9s de Internet accediendo a la direcci\u00f3n http:\/\/www.ceua.icb.usp.br. Tras acceder al sistema, haga clic en la pesta\u00f1a \u00abDirectrices\u00bb para obtener la informaci\u00f3n b\u00e1sica para su acceso.<\/p><p>El programa se explica por s\u00ed mismo, pero los representantes del CEUA de su El Departamento programar\u00e1, en cada Departamento, una breve formaci\u00f3n para demostrar el programa.<\/p><p>Tambi\u00e9n le informamos que con el nuevo sistema CEUA se modificar\u00e1n algunos procedimientos, entre ellos:<\/p><p>Ya no ser\u00e1 necesario enviar copias impresas a la secretar\u00eda de la ECAU, ya que todos los tr\u00e1mites se realizar\u00e1n a trav\u00e9s del sistema.<\/p><p>El justificante de presentaci\u00f3n de propuesta necesario para la matriculaci\u00f3n de nuevos alumnos en la Escuela de Postgrado ser\u00e1 emitido por el Panel de<\/p><p>Control del sistema.<\/p><p>El seguimiento del progreso de la propuesta se realizar\u00e1 por correo electr\u00f3nico y\/o accediendo al Panel de Control del sistema.<\/p><p>La fecha l\u00edmite para la presentaci\u00f3n de propuestas se ha cambiado a 15 d\u00edas antes de la fecha de la reuni\u00f3n. Los plazos figuran en el Calendario de la p\u00e1gina CEUA en el sitio web del ICB\u00a0<span style=\"font-size: 16px;\">(ww2.icb.usp.br\/icb\/ceua). <\/span><\/p>\t\t\t\t\t\t<\/div>\n\t\t\t\t<\/div>\n\t\t\t\t<div class=\"elementor-element elementor-element-1ea2267 elementor-widget elementor-widget-toggle\" data-id=\"1ea2267\" data-element_type=\"widget\" data-widget_type=\"toggle.default\">\n\t\t\t\t<div class=\"elementor-widget-container\">\n\t\t\t\t\t<div class=\"elementor-toggle\">\n\t\t\t\t\t\t\t<div class=\"elementor-toggle-item\">\n\t\t\t\t\t<div id=\"elementor-tab-title-3211\" class=\"elementor-tab-title\" data-tab=\"1\" role=\"button\" aria-controls=\"elementor-tab-content-3211\" aria-expanded=\"false\">\n\t\t\t\t\t\t\t\t\t\t\t\t<span class=\"elementor-toggle-icon elementor-toggle-icon-left\" aria-hidden=\"true\">\n\t\t\t\t\t\t\t\t\t\t\t\t\t\t\t<span class=\"elementor-toggle-icon-closed\"><i class=\"fas fa-caret-down\"><\/i><\/span>\n\t\t\t\t\t\t\t\t<span class=\"elementor-toggle-icon-opened\"><i class=\"elementor-toggle-icon-opened fas fa-caret-up\"><\/i><\/span>\n\t\t\t\t\t\t\t\t\t\t\t\t\t<\/span>\n\t\t\t\t\t\t\t\t\t\t\t\t<a class=\"elementor-toggle-title\" tabindex=\"0\"> Acceso al gui\u00f3n para la presentaci\u00f3n de proyectos <\/a>\n\t\t\t\t\t<\/div>\n\n\t\t\t\t\t<div id=\"elementor-tab-content-3211\" class=\"elementor-tab-content elementor-clearfix\" data-tab=\"1\" role=\"region\" aria-labelledby=\"elementor-tab-title-3211\">[download id=\u00bb2383&#8243;]<\/div>\n\t\t\t\t<\/div>\n\t\t\t\t\t\t\t\t<\/div>\n\t\t\t\t<\/div>\n\t\t\t\t<\/div>\n\t\t\t\t\t<\/div>\n\t\t<\/div>\n\t\t\t\t\t<\/div>\n\t\t<\/section>\n\t\t\t\t<section class=\"elementor-section elementor-top-section elementor-element elementor-element-59d3d142 elementor-section-boxed elementor-section-height-default elementor-section-height-default\" data-id=\"59d3d142\" data-element_type=\"section\">\n\t\t\t\t\t\t<div class=\"elementor-container elementor-column-gap-default\">\n\t\t\t\t\t<div class=\"elementor-column elementor-col-100 elementor-top-column elementor-element elementor-element-29e7fe3e\" data-id=\"29e7fe3e\" data-element_type=\"column\">\n\t\t\t<div class=\"elementor-widget-wrap\">\n\t\t\t\t\t\t\t<\/div>\n\t\t<\/div>\n\t\t\t\t\t<\/div>\n\t\t<\/section>\n\t\t\t\t<section class=\"elementor-section elementor-top-section elementor-element elementor-element-4916a0e8 elementor-section-boxed elementor-section-height-default elementor-section-height-default\" data-id=\"4916a0e8\" data-element_type=\"section\" data-settings=\"{&quot;background_background&quot;:&quot;classic&quot;}\">\n\t\t\t\t\t\t<div class=\"elementor-container elementor-column-gap-default\">\n\t\t\t\t\t<div class=\"elementor-column elementor-col-100 elementor-top-column elementor-element elementor-element-71b9d41\" data-id=\"71b9d41\" data-element_type=\"column\">\n\t\t\t<div class=\"elementor-widget-wrap elementor-element-populated\">\n\t\t\t\t\t\t<div class=\"elementor-element elementor-element-14db9192 elementor-widget elementor-widget-heading\" data-id=\"14db9192\" data-element_type=\"widget\" data-widget_type=\"heading.default\">\n\t\t\t\t<div class=\"elementor-widget-container\">\n\t\t\t<h2 class=\"elementor-heading-title elementor-size-default\"> PRUEBA DE LA PRESENTACI\u00d3N DEL PROYECTO AL COMIT\u00c9 DE \u00c9TICA <\/h2>\t\t<\/div>\n\t\t\t\t<\/div>\n\t\t\t\t<div class=\"elementor-element elementor-element-6f8f791f elementor-widget elementor-widget-spacer\" data-id=\"6f8f791f\" data-element_type=\"widget\" data-widget_type=\"spacer.default\">\n\t\t\t\t<div class=\"elementor-widget-container\">\n\t\t\t\t\t<div class=\"elementor-spacer\">\n\t\t\t<div class=\"elementor-spacer-inner\"><\/div>\n\t\t<\/div>\n\t\t\t\t<\/div>\n\t\t\t\t<\/div>\n\t\t\t\t<div class=\"elementor-element elementor-element-6e7c467b elementor-widget elementor-widget-text-editor\" data-id=\"6e7c467b\" data-element_type=\"widget\" data-widget_type=\"text-editor.default\">\n\t\t\t\t<div class=\"elementor-widget-container\">\n\t\t\t\t\t\t\t<p><span style=\"font-size: 16px;\"> En el momento de la inscripci\u00f3n, los estudiantes deber\u00e1n presentar, obligatoriamente, el justificante de la presentaci\u00f3n del proyecto al Comit\u00e9 de \u00c9tica (del ICB) responsable (para animales o seres humanos) o, cuando sea el caso, el justificante de la solicitud de exenci\u00f3n.<\/li><\/ul><p>Para m\u00e1s informaci\u00f3n, p\u00f3ngase en contacto con el Comit\u00e9 de \u00c9tica responsable:\u00a0<\/p><ul><li>Comisi\u00f3n de \u00c9tica en Investigaci\u00f3n que Involucre Seres Humanos (CEPSH);<\/li><li style=\"font-size: 16px;\">Comisi\u00f3n de \u00c9tica sobre la Utilizaci\u00f3n de Animales. <\/li><\/ul>\t\t\t\t\t\t<\/div>\n\t\t\t\t<\/div>\n\t\t\t\t<div class=\"elementor-element elementor-element-23d2ef2f elementor-widget elementor-widget-toggle\" data-id=\"23d2ef2f\" data-element_type=\"widget\" data-widget_type=\"toggle.default\">\n\t\t\t\t<div class=\"elementor-widget-container\">\n\t\t\t\t\t<div class=\"elementor-toggle\">\n\t\t\t\t\t\t\t<div class=\"elementor-toggle-item\">\n\t\t\t\t\t<div id=\"elementor-tab-title-6011\" class=\"elementor-tab-title\" data-tab=\"1\" role=\"button\" aria-controls=\"elementor-tab-content-6011\" aria-expanded=\"false\">\n\t\t\t\t\t\t\t\t\t\t\t\t<span class=\"elementor-toggle-icon elementor-toggle-icon-left\" aria-hidden=\"true\">\n\t\t\t\t\t\t\t\t\t\t\t\t\t\t\t<span class=\"elementor-toggle-icon-closed\"><i class=\"fas fa-caret-down\"><\/i><\/span>\n\t\t\t\t\t\t\t\t<span class=\"elementor-toggle-icon-opened\"><i class=\"elementor-toggle-icon-opened fas fa-caret-up\"><\/i><\/span>\n\t\t\t\t\t\t\t\t\t\t\t\t\t<\/span>\n\t\t\t\t\t\t\t\t\t\t\t\t<a class=\"elementor-toggle-title\" tabindex=\"0\"> Contactos del Comit\u00e9 de \u00c9tica <\/a>\n\t\t\t\t\t<\/div>\n\n\t\t\t\t\t<div id=\"elementor-tab-content-6011\" class=\"elementor-tab-content elementor-clearfix\" data-tab=\"1\" role=\"region\" aria-labelledby=\"elementor-tab-title-6011\"><ul><li> Janicleide de Lima Monteiro (3091-7733 | cep@icb.usp.br) <\/span><\/li><li><p><span style=\"font-weight: 400;\">Dirce Maria Freitas Pranzetti (3091-7733 | cep@icb.usp.br) <\/span><\/p><\/li><li><p><span style=\"font-weight: 400;\">Horario de oficina: de 7:30 a 16:30 horas <\/span><\/p><\/li><\/ul><\/div>\n\t\t\t\t<\/div>\n\t\t\t\t\t\t\t\t<\/div>\n\t\t\t\t<\/div>\n\t\t\t\t<\/div>\n\t\t\t\t\t<\/div>\n\t\t<\/div>\n\t\t\t\t\t<\/div>\n\t\t<\/section>\n\t\t\t\t<section class=\"elementor-section elementor-top-section elementor-element elementor-element-17dc95f elementor-section-boxed elementor-section-height-default elementor-section-height-default\" data-id=\"17dc95f\" data-element_type=\"section\">\n\t\t\t\t\t\t<div class=\"elementor-container elementor-column-gap-default\">\n\t\t\t\t\t<div class=\"elementor-column elementor-col-100 elementor-top-column elementor-element elementor-element-2faba38\" data-id=\"2faba38\" data-element_type=\"column\">\n\t\t\t<div class=\"elementor-widget-wrap elementor-element-populated\">\n\t\t\t\t\t\t<div class=\"elementor-element elementor-element-9719f5d elementor-widget elementor-widget-spacer\" data-id=\"9719f5d\" data-element_type=\"widget\" data-widget_type=\"spacer.default\">\n\t\t\t\t<div class=\"elementor-widget-container\">\n\t\t\t\t\t<div class=\"elementor-spacer\">\n\t\t\t<div class=\"elementor-spacer-inner\"><\/div>\n\t\t<\/div>\n\t\t\t\t<\/div>\n\t\t\t\t<\/div>\n\t\t\t\t\t<\/div>\n\t\t<\/div>\n\t\t\t\t\t<\/div>\n\t\t<\/section>\n\t\t\t\t<\/div>\n\t\t","protected":false},"excerpt":{"rendered":"<p>Comit\u00e9 de \u00c9tica NUEVO FORMULARIO PARA LA PRESENTACI\u00d3N DE PROPUESTAS DE UTILIZACI\u00d3N DE ANIMALES AL CEUA-ICB\/USP \u00a0El Comit\u00e9 \u00c9tico de Uso de Animales del ICB anuncia que ya est\u00e1 disponible el nuevo programa para la presentaci\u00f3n de propuestas para el uso de animales en el ICB. El sistema anterior se desactivar\u00e1 para la inclusi\u00f3n de [&hellip;]<\/p>\n","protected":false},"author":1200,"featured_media":0,"parent":0,"menu_order":0,"comment_status":"closed","ping_status":"closed","template":"elementor_header_footer","meta":{"footnotes":"","_links_to":"","_links_to_target":""},"class_list":["post-2330","page","type-page","status-publish","hentry","entry"],"_links":{"self":[{"href":"https:\/\/sites.usp.br\/ppgfarmaco\/es\/wp-json\/wp\/v2\/pages\/2330","targetHints":{"allow":["GET"]}}],"collection":[{"href":"https:\/\/sites.usp.br\/ppgfarmaco\/es\/wp-json\/wp\/v2\/pages"}],"about":[{"href":"https:\/\/sites.usp.br\/ppgfarmaco\/es\/wp-json\/wp\/v2\/types\/page"}],"author":[{"embeddable":true,"href":"https:\/\/sites.usp.br\/ppgfarmaco\/es\/wp-json\/wp\/v2\/users\/1200"}],"replies":[{"embeddable":true,"href":"https:\/\/sites.usp.br\/ppgfarmaco\/es\/wp-json\/wp\/v2\/comments?post=2330"}],"version-history":[{"count":4,"href":"https:\/\/sites.usp.br\/ppgfarmaco\/es\/wp-json\/wp\/v2\/pages\/2330\/revisions"}],"predecessor-version":[{"id":3750,"href":"https:\/\/sites.usp.br\/ppgfarmaco\/es\/wp-json\/wp\/v2\/pages\/2330\/revisions\/3750"}],"wp:attachment":[{"href":"https:\/\/sites.usp.br\/ppgfarmaco\/es\/wp-json\/wp\/v2\/media?parent=2330"}],"curies":[{"name":"wp","href":"https:\/\/api.w.org\/{rel}","templated":true}]}}