{"id":1844,"date":"2023-02-25T02:10:50","date_gmt":"2023-02-25T04:10:50","guid":{"rendered":"https:\/\/sites.usp.br\/ppgfarmaco\/?page_id=1844"},"modified":"2023-03-29T11:02:13","modified_gmt":"2023-03-29T13:02:13","slug":"matricula","status":"publish","type":"page","link":"https:\/\/sites.usp.br\/ppgfarmaco\/matricula\/","title":{"rendered":"Matr\u00edcula"},"content":{"rendered":"\t\t<div data-elementor-type=\"wp-page\" data-elementor-id=\"1844\" class=\"elementor elementor-1844\" data-elementor-post-type=\"page\">\n\t\t\t\t\t\t<section class=\"elementor-section elementor-top-section elementor-element elementor-element-201d0bb elementor-section-boxed elementor-section-height-default elementor-section-height-default\" data-id=\"201d0bb\" data-element_type=\"section\">\n\t\t\t\t\t\t<div class=\"elementor-container elementor-column-gap-default\">\n\t\t\t\t\t<div class=\"elementor-column elementor-col-100 elementor-top-column elementor-element elementor-element-bfd6ede\" data-id=\"bfd6ede\" data-element_type=\"column\">\n\t\t\t<div class=\"elementor-widget-wrap\">\n\t\t\t\t\t\t\t<\/div>\n\t\t<\/div>\n\t\t\t\t\t<\/div>\n\t\t<\/section>\n\t\t\t\t<section class=\"elementor-section elementor-top-section elementor-element elementor-element-28fe71b3 elementor-section-boxed elementor-section-height-default elementor-section-height-default\" data-id=\"28fe71b3\" data-element_type=\"section\" data-settings=\"{&quot;background_background&quot;:&quot;slideshow&quot;,&quot;background_slideshow_gallery&quot;:[{&quot;id&quot;:1988,&quot;url&quot;:&quot;https:\\\/\\\/sites.usp.br\\\/ppgfarmaco\\\/wp-content\\\/uploads\\\/sites\\\/1227\\\/2023\\\/02\\\/Design-sem-nome-2.png&quot;}],&quot;background_slideshow_loop&quot;:&quot;yes&quot;,&quot;background_slideshow_slide_duration&quot;:5000,&quot;background_slideshow_slide_transition&quot;:&quot;fade&quot;,&quot;background_slideshow_transition_duration&quot;:500}\">\n\t\t\t\t\t\t\t<div class=\"elementor-background-overlay\"><\/div>\n\t\t\t\t\t\t\t<div class=\"elementor-container elementor-column-gap-default\">\n\t\t\t\t\t<div class=\"elementor-column elementor-col-100 elementor-top-column elementor-element elementor-element-47a94c14\" data-id=\"47a94c14\" data-element_type=\"column\">\n\t\t\t<div class=\"elementor-widget-wrap elementor-element-populated\">\n\t\t\t\t\t\t<div class=\"elementor-element elementor-element-5ec4e0c1 elementor-widget elementor-widget-spacer\" data-id=\"5ec4e0c1\" data-element_type=\"widget\" data-widget_type=\"spacer.default\">\n\t\t\t\t<div class=\"elementor-widget-container\">\n\t\t\t\t\t<div class=\"elementor-spacer\">\n\t\t\t<div class=\"elementor-spacer-inner\"><\/div>\n\t\t<\/div>\n\t\t\t\t<\/div>\n\t\t\t\t<\/div>\n\t\t\t\t<section class=\"elementor-section elementor-inner-section elementor-element elementor-element-4134cdf8 elementor-section-boxed elementor-section-height-default elementor-section-height-default\" data-id=\"4134cdf8\" data-element_type=\"section\">\n\t\t\t\t\t\t<div class=\"elementor-container elementor-column-gap-default\">\n\t\t\t\t\t<div class=\"elementor-column elementor-col-33 elementor-inner-column elementor-element elementor-element-7795aad2\" data-id=\"7795aad2\" data-element_type=\"column\">\n\t\t\t<div class=\"elementor-widget-wrap\">\n\t\t\t\t\t\t\t<\/div>\n\t\t<\/div>\n\t\t\t\t<div class=\"elementor-column elementor-col-33 elementor-inner-column elementor-element elementor-element-74977a3\" data-id=\"74977a3\" data-element_type=\"column\" data-settings=\"{&quot;background_background&quot;:&quot;classic&quot;}\">\n\t\t\t<div class=\"elementor-widget-wrap elementor-element-populated\">\n\t\t\t\t\t\t<div class=\"elementor-element elementor-element-1c045cd1 elementor-widget elementor-widget-heading\" data-id=\"1c045cd1\" data-element_type=\"widget\" data-widget_type=\"heading.default\">\n\t\t\t\t<div class=\"elementor-widget-container\">\n\t\t\t<h2 class=\"elementor-heading-title elementor-size-default\">matr\u00edcula<\/h2>\t\t<\/div>\n\t\t\t\t<\/div>\n\t\t\t\t<div class=\"elementor-element elementor-element-1ec50b7 elementor-widget elementor-widget-heading\" data-id=\"1ec50b7\" data-element_type=\"widget\" data-widget_type=\"heading.default\">\n\t\t\t\t<div class=\"elementor-widget-container\">\n\t\t\t<h2 class=\"elementor-heading-title elementor-size-medium\">Mestrado | Doutorado Doutorado Direto <\/h2>\t\t<\/div>\n\t\t\t\t<\/div>\n\t\t\t\t\t<\/div>\n\t\t<\/div>\n\t\t\t\t<div class=\"elementor-column elementor-col-33 elementor-inner-column elementor-element elementor-element-175a59b8\" data-id=\"175a59b8\" data-element_type=\"column\">\n\t\t\t<div class=\"elementor-widget-wrap\">\n\t\t\t\t\t\t\t<\/div>\n\t\t<\/div>\n\t\t\t\t\t<\/div>\n\t\t<\/section>\n\t\t\t\t<div class=\"elementor-element elementor-element-782ef775 elementor-widget elementor-widget-spacer\" data-id=\"782ef775\" data-element_type=\"widget\" data-widget_type=\"spacer.default\">\n\t\t\t\t<div class=\"elementor-widget-container\">\n\t\t\t\t\t<div class=\"elementor-spacer\">\n\t\t\t<div class=\"elementor-spacer-inner\"><\/div>\n\t\t<\/div>\n\t\t\t\t<\/div>\n\t\t\t\t<\/div>\n\t\t\t\t\t<\/div>\n\t\t<\/div>\n\t\t\t\t\t<\/div>\n\t\t<\/section>\n\t\t\t\t<section class=\"elementor-section elementor-top-section elementor-element elementor-element-76d38951 elementor-section-boxed elementor-section-height-default elementor-section-height-default\" data-id=\"76d38951\" data-element_type=\"section\">\n\t\t\t\t\t\t<div class=\"elementor-container elementor-column-gap-default\">\n\t\t\t\t\t<div class=\"elementor-column elementor-col-100 elementor-top-column elementor-element elementor-element-21f52dde\" data-id=\"21f52dde\" data-element_type=\"column\">\n\t\t\t<div class=\"elementor-widget-wrap elementor-element-populated\">\n\t\t\t\t\t\t<div class=\"elementor-element elementor-element-23d9fa2a elementor-widget elementor-widget-spacer\" data-id=\"23d9fa2a\" data-element_type=\"widget\" data-widget_type=\"spacer.default\">\n\t\t\t\t<div class=\"elementor-widget-container\">\n\t\t\t\t\t<div class=\"elementor-spacer\">\n\t\t\t<div class=\"elementor-spacer-inner\"><\/div>\n\t\t<\/div>\n\t\t\t\t<\/div>\n\t\t\t\t<\/div>\n\t\t\t\t\t<\/div>\n\t\t<\/div>\n\t\t\t\t\t<\/div>\n\t\t<\/section>\n\t\t\t\t<section class=\"elementor-section elementor-top-section elementor-element elementor-element-56df94f9 elementor-section-boxed elementor-section-height-default elementor-section-height-default\" data-id=\"56df94f9\" data-element_type=\"section\" data-settings=\"{&quot;background_background&quot;:&quot;classic&quot;}\">\n\t\t\t\t\t\t<div class=\"elementor-container elementor-column-gap-default\">\n\t\t\t\t\t<div class=\"elementor-column elementor-col-100 elementor-top-column elementor-element elementor-element-554cb468\" data-id=\"554cb468\" data-element_type=\"column\">\n\t\t\t<div class=\"elementor-widget-wrap elementor-element-populated\">\n\t\t\t\t\t\t<div class=\"elementor-element elementor-element-452818cc elementor-widget elementor-widget-heading\" data-id=\"452818cc\" data-element_type=\"widget\" data-widget_type=\"heading.default\">\n\t\t\t\t<div class=\"elementor-widget-container\">\n\t\t\t<h2 class=\"elementor-heading-title elementor-size-default\">mestrado <\/h2>\t\t<\/div>\n\t\t\t\t<\/div>\n\t\t\t\t<div class=\"elementor-element elementor-element-32b9b53 elementor-widget elementor-widget-spacer\" data-id=\"32b9b53\" data-element_type=\"widget\" data-widget_type=\"spacer.default\">\n\t\t\t\t<div class=\"elementor-widget-container\">\n\t\t\t\t\t<div class=\"elementor-spacer\">\n\t\t\t<div class=\"elementor-spacer-inner\"><\/div>\n\t\t<\/div>\n\t\t\t\t<\/div>\n\t\t\t\t<\/div>\n\t\t\t\t<div class=\"elementor-element elementor-element-6e7de63f elementor-widget elementor-widget-text-editor\" data-id=\"6e7de63f\" data-element_type=\"widget\" data-widget_type=\"text-editor.default\">\n\t\t\t\t<div class=\"elementor-widget-container\">\n\t\t\t\t\t\t\t<p><span style=\"font-size: 16px;\">No ato da matr\u00edcula, os alunos dever\u00e3o apresentar, obrigatoriamente, os seguintes documentos:<\/span><\/p><ul><li>Diploma de Gradua\u00e7\u00e3o, com a data da cola\u00e7\u00e3o de grau e\/ou Hist\u00f3rico Escolar de Gradua\u00e7\u00e3o constando a data da cola\u00e7\u00e3o de grau;<\/li><li>Comprovante de profici\u00eancia em l\u00edngua inglesa;<\/li><li>Para os candidatos que n\u00e3o tiverem como l\u00edngua nativa o portugu\u00eas: al\u00e9m da profici\u00eancia em l\u00edngua inglesa, \u00e9 exigida tamb\u00e9m a profici\u00eancia em l\u00edngua portuguesa, demonstrada por meio da apresenta\u00e7\u00e3o do Certificado de Profici\u00eancia em L\u00edngua Portuguesa para Estrangeiros, CELPE-BRAS, n\u00edvel intermedi\u00e1rio ou superior ou mediante a obten\u00e7\u00e3o do grau suficiente emitido pelo Centro de L\u00ednguas da FFLCH\/USP na prova aplicada aos candidatos \u00e0 p\u00f3s-gradua\u00e7\u00e3o de todos os programas do ICB da USP. Neste caso, a comprova\u00e7\u00e3o dever\u00e1 ser apresentada, no m\u00e1ximo, 6 meses ap\u00f3s a matr\u00edcula inicial. Al\u00e9m disso, seguiremos as orienta\u00e7\u00f5es da Circular 33\/2011 publicada pela PRPG em 31\/08\/2011, que autoriza, em car\u00e1ter excepcional, a matr\u00edcula dos estudantes estrangeiros portando apenas\u00a0 o passaporte\u00a0 com o visto de estudante, acompanhado do agendamento do Registro\/Emiss\u00e3o de Carteira Identidade de Estrangeiro, emitido pela Pol\u00edcia Federal. Posteriormente, o interessado dever\u00e1 entregar \u00e0 Secret\u00e1ria do Programa a c\u00f3pia do documento emitido pela Policia Federal com o n\u00famero do RNE;<\/li><li>Comprovante de submiss\u00e3o do projeto junto \u00e0 Comiss\u00e3o de \u00c9tica respons\u00e1vel (de animais ou seres humanos) ou, quando for o caso, comprovante da solicita\u00e7\u00e3o de isen\u00e7\u00e3o. <\/li><\/ul>\t\t\t\t\t\t<\/div>\n\t\t\t\t<\/div>\n\t\t\t\t\t<\/div>\n\t\t<\/div>\n\t\t\t\t\t<\/div>\n\t\t<\/section>\n\t\t\t\t<section class=\"elementor-section elementor-top-section elementor-element elementor-element-54779b75 elementor-section-boxed elementor-section-height-default elementor-section-height-default\" data-id=\"54779b75\" data-element_type=\"section\" data-settings=\"{&quot;background_background&quot;:&quot;classic&quot;}\">\n\t\t\t\t\t\t<div class=\"elementor-container elementor-column-gap-default\">\n\t\t\t\t\t<div class=\"elementor-column elementor-col-100 elementor-top-column elementor-element elementor-element-430a064\" data-id=\"430a064\" data-element_type=\"column\">\n\t\t\t<div class=\"elementor-widget-wrap elementor-element-populated\">\n\t\t\t\t\t\t<div class=\"elementor-element elementor-element-41611979 elementor-widget elementor-widget-heading\" data-id=\"41611979\" data-element_type=\"widget\" data-widget_type=\"heading.default\">\n\t\t\t\t<div class=\"elementor-widget-container\">\n\t\t\t<h2 class=\"elementor-heading-title elementor-size-default\">doutorado <\/h2>\t\t<\/div>\n\t\t\t\t<\/div>\n\t\t\t\t<div class=\"elementor-element elementor-element-a23c598 elementor-widget elementor-widget-spacer\" data-id=\"a23c598\" data-element_type=\"widget\" data-widget_type=\"spacer.default\">\n\t\t\t\t<div class=\"elementor-widget-container\">\n\t\t\t\t\t<div class=\"elementor-spacer\">\n\t\t\t<div class=\"elementor-spacer-inner\"><\/div>\n\t\t<\/div>\n\t\t\t\t<\/div>\n\t\t\t\t<\/div>\n\t\t\t\t<div class=\"elementor-element elementor-element-3e4b7c2d elementor-widget elementor-widget-text-editor\" data-id=\"3e4b7c2d\" data-element_type=\"widget\" data-widget_type=\"text-editor.default\">\n\t\t\t\t<div class=\"elementor-widget-container\">\n\t\t\t\t\t\t\t<p><span style=\"font-size: 16px;\">No ato da matr\u00edcula, os alunos dever\u00e3o apresentar, obrigatoriamente, os seguintes documentos:<\/span><\/p>\n<ul>\n<li>Diploma de Gradua\u00e7\u00e3o, com a data da cola\u00e7\u00e3o de grau e\/ou Hist\u00f3rico Escolar de Gradua\u00e7\u00e3o constando a data da cola\u00e7\u00e3o de grau;<\/li>\n<li>Certificado de conclus\u00e3o do Mestrado;<\/li>\n<li>Hist\u00f3rico Escolar do Mestrado;<\/li>\n<li>Resumo do projeto de pesquisa;<\/li>\n<li>Exemplar da Disserta\u00e7\u00e3o de Mestrado;<\/li>\n<li>Comprovante de profici\u00eancia em l\u00edngua inglesa;<\/li>\n<li>Para os candidatos que n\u00e3o tiverem como l\u00edngua nativa o portugu\u00eas: al\u00e9m da profici\u00eancia em l\u00edngua inglesa, \u00e9 exigida tamb\u00e9m a profici\u00eancia em l\u00edngua portuguesa, demonstrada por meio da apresenta\u00e7\u00e3o do Certificado de Profici\u00eancia em L\u00edngua Portuguesa para Estrangeiros, CELPE-BRAS, n\u00edvel intermedi\u00e1rio ou superior ou mediante a obten\u00e7\u00e3o do grau suficiente emitido pelo Centro de L\u00ednguas da FFLCH\/USP na prova aplicada aos candidatos \u00e0 p\u00f3s-gradua\u00e7\u00e3o de todos os programas do ICB da USP. Neste caso, a comprova\u00e7\u00e3o dever\u00e1 ser apresentada, no m\u00e1ximo, 6 meses ap\u00f3s a matr\u00edcula inicial. Al\u00e9m disso, seguiremos as orienta\u00e7\u00f5es da Circular 33\/2011 publicada pela PRPG em 31\/08\/2011, que autoriza, em car\u00e1ter excepcional, a matr\u00edcula dos estudantes estrangeiros portando apenas o passaporte com o visto de estudante, acompanhado do agendamento do Registro\/Emiss\u00e3o de Carteira Identidade de Estrangeiro, emitido pela Pol\u00edcia Federal. Posteriormente, o interessado dever\u00e1 entregar \u00e0 Secret\u00e1ria do Programa a c\u00f3pia o documento emitido pela Policia Federal com o n\u00famero do RNE;<\/li>\n<li>Comprovante de submiss\u00e3o do projeto junto \u00e0 Comiss\u00e3o de \u00c9tica respons\u00e1vel (de animais ou seres humanos) ou, quando for o caso, comprovante da solicita\u00e7\u00e3o de isen\u00e7\u00e3o. <\/li><\/li>\n\n<\/ul>\t\t\t\t\t\t<\/div>\n\t\t\t\t<\/div>\n\t\t\t\t\t<\/div>\n\t\t<\/div>\n\t\t\t\t\t<\/div>\n\t\t<\/section>\n\t\t\t\t<section class=\"elementor-section elementor-top-section elementor-element elementor-element-75865b0 elementor-section-boxed elementor-section-height-default elementor-section-height-default\" data-id=\"75865b0\" data-element_type=\"section\">\n\t\t\t\t\t\t<div class=\"elementor-container elementor-column-gap-default\">\n\t\t\t\t\t<div class=\"elementor-column elementor-col-100 elementor-top-column elementor-element elementor-element-749c7fa\" data-id=\"749c7fa\" data-element_type=\"column\">\n\t\t\t<div class=\"elementor-widget-wrap\">\n\t\t\t\t\t\t\t<\/div>\n\t\t<\/div>\n\t\t\t\t\t<\/div>\n\t\t<\/section>\n\t\t\t\t<section class=\"elementor-section elementor-top-section elementor-element elementor-element-47e5377 elementor-section-boxed elementor-section-height-default elementor-section-height-default\" data-id=\"47e5377\" data-element_type=\"section\" data-settings=\"{&quot;background_background&quot;:&quot;classic&quot;}\">\n\t\t\t\t\t\t<div class=\"elementor-container elementor-column-gap-default\">\n\t\t\t\t\t<div class=\"elementor-column elementor-col-100 elementor-top-column elementor-element elementor-element-cbf340c\" data-id=\"cbf340c\" data-element_type=\"column\">\n\t\t\t<div class=\"elementor-widget-wrap elementor-element-populated\">\n\t\t\t\t\t\t<div class=\"elementor-element elementor-element-fcef47d elementor-widget elementor-widget-heading\" data-id=\"fcef47d\" data-element_type=\"widget\" data-widget_type=\"heading.default\">\n\t\t\t\t<div class=\"elementor-widget-container\">\n\t\t\t<h2 class=\"elementor-heading-title elementor-size-default\">doutorado direto <\/h2>\t\t<\/div>\n\t\t\t\t<\/div>\n\t\t\t\t<div class=\"elementor-element elementor-element-c19dbbe elementor-widget elementor-widget-spacer\" data-id=\"c19dbbe\" data-element_type=\"widget\" data-widget_type=\"spacer.default\">\n\t\t\t\t<div class=\"elementor-widget-container\">\n\t\t\t\t\t<div class=\"elementor-spacer\">\n\t\t\t<div class=\"elementor-spacer-inner\"><\/div>\n\t\t<\/div>\n\t\t\t\t<\/div>\n\t\t\t\t<\/div>\n\t\t\t\t<div class=\"elementor-element elementor-element-89b5876 elementor-widget elementor-widget-text-editor\" data-id=\"89b5876\" data-element_type=\"widget\" data-widget_type=\"text-editor.default\">\n\t\t\t\t<div class=\"elementor-widget-container\">\n\t\t\t\t\t\t\t<p><span style=\"font-size: 16px;\">No ato da matr\u00edcula, os alunos dever\u00e3o apresentar, obrigatoriamente, os seguintes documentos:<\/span><\/p><ul><li>Diploma de Gradua\u00e7\u00e3o, com a data da cola\u00e7\u00e3o de grau e\/ou Hist\u00f3rico Escolar de Gradua\u00e7\u00e3o constando a data da cola\u00e7\u00e3o de grau;<\/li><li>Resumo do projeto de pesquisa;<\/li><li>Comprovante de profici\u00eancia em l\u00edngua inglesa;<\/li><li>Para os candidatos que n\u00e3o tiverem como l\u00edngua nativa o portugu\u00eas: al\u00e9m da profici\u00eancia em l\u00edngua inglesa, \u00e9 exigida tamb\u00e9m a profici\u00eancia em l\u00edngua portuguesa, demonstrada por meio da apresenta\u00e7\u00e3o do Certificado de Profici\u00eancia em L\u00edngua Portuguesa para Estrangeiros, CELPE-BRAS, n\u00edvel intermedi\u00e1rio ou superior ou mediante a obten\u00e7\u00e3o do grau suficiente emitido pelo Centro de L\u00ednguas da FFLCH\/USP na prova aplicada aos candidatos \u00e0 p\u00f3s-gradua\u00e7\u00e3o de todos os programas do ICB da USP. Neste caso, a comprova\u00e7\u00e3o dever\u00e1 ser apresentada, no m\u00e1ximo, 6 meses ap\u00f3s a matr\u00edcula inicial. Al\u00e9m disso, seguiremos as orienta\u00e7\u00f5es da Circular 33\/2011 publicada pela PRPG em 31\/08\/2011, que autoriza, em car\u00e1ter excepcional, a matr\u00edcula dos estudantes estrangeiros portando apenas o passaporte com o visto de estudante, acompanhado do agendamento do Registro\/Emiss\u00e3o de Carteira Identidade de Estrangeiro, emitido pela Pol\u00edcia Federal. Posteriormente, o interessado dever\u00e1 entregar \u00e0 Secret\u00e1ria do Programa a c\u00f3pia o documento emitido pela Policia Federal com o n\u00famero do RNE;<\/li><li>Comprovante de submiss\u00e3o do projeto junto \u00e0 Comiss\u00e3o de \u00c9tica respons\u00e1vel (de animais ou seres humanos) ou, quando for o caso, comprovante da solicita\u00e7\u00e3o de isen\u00e7\u00e3o. <\/li><\/ul>\t\t\t\t\t\t<\/div>\n\t\t\t\t<\/div>\n\t\t\t\t\t<\/div>\n\t\t<\/div>\n\t\t\t\t\t<\/div>\n\t\t<\/section>\n\t\t\t\t<section class=\"elementor-section elementor-top-section elementor-element elementor-element-1bff29c9 elementor-section-boxed elementor-section-height-default elementor-section-height-default\" data-id=\"1bff29c9\" data-element_type=\"section\" data-settings=\"{&quot;background_background&quot;:&quot;classic&quot;}\">\n\t\t\t\t\t\t<div class=\"elementor-container elementor-column-gap-default\">\n\t\t\t\t\t<div class=\"elementor-column elementor-col-100 elementor-top-column elementor-element elementor-element-47ab96bf\" data-id=\"47ab96bf\" data-element_type=\"column\">\n\t\t\t<div class=\"elementor-widget-wrap elementor-element-populated\">\n\t\t\t\t\t\t<div class=\"elementor-element elementor-element-4829a230 elementor-widget elementor-widget-spacer\" data-id=\"4829a230\" data-element_type=\"widget\" data-widget_type=\"spacer.default\">\n\t\t\t\t<div class=\"elementor-widget-container\">\n\t\t\t\t\t<div class=\"elementor-spacer\">\n\t\t\t<div class=\"elementor-spacer-inner\"><\/div>\n\t\t<\/div>\n\t\t\t\t<\/div>\n\t\t\t\t<\/div>\n\t\t\t\t<div class=\"elementor-element elementor-element-67337c93 elementor-widget elementor-widget-heading\" data-id=\"67337c93\" data-element_type=\"widget\" data-widget_type=\"heading.default\">\n\t\t\t\t<div class=\"elementor-widget-container\">\n\t\t\t<h2 class=\"elementor-heading-title elementor-size-default\"> formul\u00e1rios <\/h2>\t\t<\/div>\n\t\t\t\t<\/div>\n\t\t\t\t<div class=\"elementor-element elementor-element-5f616297 elementor-widget elementor-widget-toggle\" data-id=\"5f616297\" data-element_type=\"widget\" data-widget_type=\"toggle.default\">\n\t\t\t\t<div class=\"elementor-widget-container\">\n\t\t\t\t\t<div class=\"elementor-toggle\">\n\t\t\t\t\t\t\t<div class=\"elementor-toggle-item\">\n\t\t\t\t\t<div id=\"elementor-tab-title-1601\" class=\"elementor-tab-title\" data-tab=\"1\" role=\"button\" aria-controls=\"elementor-tab-content-1601\" aria-expanded=\"false\">\n\t\t\t\t\t\t\t\t\t\t\t\t<span class=\"elementor-toggle-icon elementor-toggle-icon-left\" aria-hidden=\"true\">\n\t\t\t\t\t\t\t\t\t\t\t\t\t\t\t<span class=\"elementor-toggle-icon-closed\"><i class=\"fas fa-caret-down\"><\/i><\/span>\n\t\t\t\t\t\t\t\t<span class=\"elementor-toggle-icon-opened\"><i class=\"elementor-toggle-icon-opened fas fa-caret-up\"><\/i><\/span>\n\t\t\t\t\t\t\t\t\t\t\t\t\t<\/span>\n\t\t\t\t\t\t\t\t\t\t\t\t<a class=\"elementor-toggle-title\" tabindex=\"0\"> Mestrado <\/a>\n\t\t\t\t\t<\/div>\n\n\t\t\t\t\t<div id=\"elementor-tab-content-1601\" class=\"elementor-tab-content elementor-clearfix\" data-tab=\"1\" role=\"region\" aria-labelledby=\"elementor-tab-title-1601\">[download id=&#8221;1914&#8243;][download id=&#8221;1926&#8243;][download id=&#8221;1943&#8243;][download id=&#8221;1954&#8243;][download id=&#8221;1965&#8243;][download id=&#8221;1931&#8243;][download id=&#8221;1921&#8243;]<\/div>\n\t\t\t\t<\/div>\n\t\t\t\t\t\t\t<div class=\"elementor-toggle-item\">\n\t\t\t\t\t<div id=\"elementor-tab-title-1602\" class=\"elementor-tab-title\" data-tab=\"2\" role=\"button\" aria-controls=\"elementor-tab-content-1602\" aria-expanded=\"false\">\n\t\t\t\t\t\t\t\t\t\t\t\t<span class=\"elementor-toggle-icon elementor-toggle-icon-left\" aria-hidden=\"true\">\n\t\t\t\t\t\t\t\t\t\t\t\t\t\t\t<span class=\"elementor-toggle-icon-closed\"><i class=\"fas fa-caret-down\"><\/i><\/span>\n\t\t\t\t\t\t\t\t<span class=\"elementor-toggle-icon-opened\"><i class=\"elementor-toggle-icon-opened fas fa-caret-up\"><\/i><\/span>\n\t\t\t\t\t\t\t\t\t\t\t\t\t<\/span>\n\t\t\t\t\t\t\t\t\t\t\t\t<a class=\"elementor-toggle-title\" tabindex=\"0\"> Doutorado <\/a>\n\t\t\t\t\t<\/div>\n\n\t\t\t\t\t<div id=\"elementor-tab-content-1602\" class=\"elementor-tab-content elementor-clearfix\" data-tab=\"2\" role=\"region\" aria-labelledby=\"elementor-tab-title-1602\">[download id=&#8221;1914&#8243;][download id=&#8221;1926&#8243;][download id=&#8221;1947&#8243;][download id=&#8221;1958&#8243;][download id=&#8221;1967&#8243;][download id=&#8221;1933&#8243;][download id=&#8221;1921&#8243;]<\/div>\n\t\t\t\t<\/div>\n\t\t\t\t\t\t\t<div class=\"elementor-toggle-item\">\n\t\t\t\t\t<div id=\"elementor-tab-title-1603\" class=\"elementor-tab-title\" data-tab=\"3\" role=\"button\" aria-controls=\"elementor-tab-content-1603\" aria-expanded=\"false\">\n\t\t\t\t\t\t\t\t\t\t\t\t<span class=\"elementor-toggle-icon elementor-toggle-icon-left\" aria-hidden=\"true\">\n\t\t\t\t\t\t\t\t\t\t\t\t\t\t\t<span class=\"elementor-toggle-icon-closed\"><i class=\"fas fa-caret-down\"><\/i><\/span>\n\t\t\t\t\t\t\t\t<span class=\"elementor-toggle-icon-opened\"><i class=\"elementor-toggle-icon-opened fas fa-caret-up\"><\/i><\/span>\n\t\t\t\t\t\t\t\t\t\t\t\t\t<\/span>\n\t\t\t\t\t\t\t\t\t\t\t\t<a class=\"elementor-toggle-title\" tabindex=\"0\"> Doutorado Direto <\/a>\n\t\t\t\t\t<\/div>\n\n\t\t\t\t\t<div id=\"elementor-tab-content-1603\" class=\"elementor-tab-content elementor-clearfix\" data-tab=\"3\" role=\"region\" aria-labelledby=\"elementor-tab-title-1603\">[download id=&#8221;1914&#8243;][download id=&#8221;1926&#8243;][download id=&#8221;1949&#8243;][download id=&#8221;1960&#8243;][download id=&#8221;1967&#8243;][download id=&#8221;1935&#8243;][download id=&#8221;1921&#8243;]<p>\u00a0<\/p><p>\u00a0<\/p><\/div>\n\t\t\t\t<\/div>\n\t\t\t\t\t\t\t\t<\/div>\n\t\t\t\t<\/div>\n\t\t\t\t<\/div>\n\t\t\t\t<div class=\"elementor-element elementor-element-78ceb0df elementor-widget elementor-widget-spacer\" data-id=\"78ceb0df\" data-element_type=\"widget\" data-widget_type=\"spacer.default\">\n\t\t\t\t<div class=\"elementor-widget-container\">\n\t\t\t\t\t<div class=\"elementor-spacer\">\n\t\t\t<div class=\"elementor-spacer-inner\"><\/div>\n\t\t<\/div>\n\t\t\t\t<\/div>\n\t\t\t\t<\/div>\n\t\t\t\t\t<\/div>\n\t\t<\/div>\n\t\t\t\t\t<\/div>\n\t\t<\/section>\n\t\t\t\t<section class=\"elementor-section elementor-top-section elementor-element elementor-element-1dc350b9 elementor-section-boxed elementor-section-height-default elementor-section-height-default\" data-id=\"1dc350b9\" data-element_type=\"section\" data-settings=\"{&quot;background_background&quot;:&quot;classic&quot;}\">\n\t\t\t\t\t\t<div class=\"elementor-container elementor-column-gap-default\">\n\t\t\t\t\t<div class=\"elementor-column elementor-col-100 elementor-top-column elementor-element elementor-element-3ac0202b\" data-id=\"3ac0202b\" data-element_type=\"column\">\n\t\t\t<div class=\"elementor-widget-wrap elementor-element-populated\">\n\t\t\t\t\t\t<div class=\"elementor-element elementor-element-7b7c61f8 elementor-widget elementor-widget-spacer\" data-id=\"7b7c61f8\" data-element_type=\"widget\" data-widget_type=\"spacer.default\">\n\t\t\t\t<div class=\"elementor-widget-container\">\n\t\t\t\t\t<div class=\"elementor-spacer\">\n\t\t\t<div class=\"elementor-spacer-inner\"><\/div>\n\t\t<\/div>\n\t\t\t\t<\/div>\n\t\t\t\t<\/div>\n\t\t\t\t\t<\/div>\n\t\t<\/div>\n\t\t\t\t\t<\/div>\n\t\t<\/section>\n\t\t\t\t<\/div>\n\t\t","protected":false},"excerpt":{"rendered":"<p>matr\u00edcula Mestrado | Doutorado Doutorado Direto mestrado No ato da matr\u00edcula, os alunos dever\u00e3o apresentar, obrigatoriamente, os seguintes documentos: Diploma de Gradua\u00e7\u00e3o, com a data da cola\u00e7\u00e3o de grau e\/ou Hist\u00f3rico Escolar de Gradua\u00e7\u00e3o constando a data da cola\u00e7\u00e3o de grau; Comprovante de profici\u00eancia em l\u00edngua inglesa; Para os candidatos que n\u00e3o tiverem como l\u00edngua [&hellip;]<\/p>\n","protected":false},"author":1200,"featured_media":0,"parent":0,"menu_order":0,"comment_status":"closed","ping_status":"closed","template":"elementor_header_footer","meta":{"footnotes":"","_links_to":"","_links_to_target":""},"class_list":["post-1844","page","type-page","status-publish","hentry","entry"],"_links":{"self":[{"href":"https:\/\/sites.usp.br\/ppgfarmaco\/wp-json\/wp\/v2\/pages\/1844","targetHints":{"allow":["GET"]}}],"collection":[{"href":"https:\/\/sites.usp.br\/ppgfarmaco\/wp-json\/wp\/v2\/pages"}],"about":[{"href":"https:\/\/sites.usp.br\/ppgfarmaco\/wp-json\/wp\/v2\/types\/page"}],"author":[{"embeddable":true,"href":"https:\/\/sites.usp.br\/ppgfarmaco\/wp-json\/wp\/v2\/users\/1200"}],"replies":[{"embeddable":true,"href":"https:\/\/sites.usp.br\/ppgfarmaco\/wp-json\/wp\/v2\/comments?post=1844"}],"version-history":[{"count":4,"href":"https:\/\/sites.usp.br\/ppgfarmaco\/wp-json\/wp\/v2\/pages\/1844\/revisions"}],"predecessor-version":[{"id":3729,"href":"https:\/\/sites.usp.br\/ppgfarmaco\/wp-json\/wp\/v2\/pages\/1844\/revisions\/3729"}],"wp:attachment":[{"href":"https:\/\/sites.usp.br\/ppgfarmaco\/wp-json\/wp\/v2\/media?parent=1844"}],"curies":[{"name":"wp","href":"https:\/\/api.w.org\/{rel}","templated":true}]}}