{"id":158,"date":"2025-03-12T16:48:35","date_gmt":"2025-03-12T18:48:35","guid":{"rendered":"https:\/\/sites.usp.br\/ppgfm\/?page_id=158"},"modified":"2025-03-27T14:52:08","modified_gmt":"2025-03-27T16:52:08","slug":"programa","status":"publish","type":"page","link":"https:\/\/sites.usp.br\/ppgfm\/programa\/","title":{"rendered":"PROGRAMA"},"content":{"rendered":"\t\t<div data-elementor-type=\"wp-page\" data-elementor-id=\"158\" class=\"elementor elementor-158\" data-elementor-post-type=\"page\">\n\t\t\t\t\t\t<section class=\"elementor-section elementor-top-section elementor-element elementor-element-c6130c4 elementor-section-boxed elementor-section-height-default elementor-section-height-default\" data-id=\"c6130c4\" data-element_type=\"section\">\n\t\t\t\t\t\t<div class=\"elementor-container elementor-column-gap-default\">\n\t\t\t\t\t<div class=\"elementor-column elementor-col-100 elementor-top-column elementor-element elementor-element-047a0d2\" data-id=\"047a0d2\" data-element_type=\"column\">\n\t\t\t<div class=\"elementor-widget-wrap elementor-element-populated\">\n\t\t\t\t\t\t<div class=\"elementor-element elementor-element-b57c8e6 elementor--h-position-center elementor--v-position-middle elementor-arrows-position-inside elementor-pagination-position-inside elementor-widget elementor-widget-slides\" data-id=\"b57c8e6\" data-element_type=\"widget\" data-settings=\"{&quot;navigation&quot;:&quot;both&quot;,&quot;autoplay&quot;:&quot;yes&quot;,&quot;pause_on_hover&quot;:&quot;yes&quot;,&quot;pause_on_interaction&quot;:&quot;yes&quot;,&quot;autoplay_speed&quot;:5000,&quot;infinite&quot;:&quot;yes&quot;,&quot;transition&quot;:&quot;slide&quot;,&quot;transition_speed&quot;:500}\" data-widget_type=\"slides.default\">\n\t\t\t\t<div class=\"elementor-widget-container\">\n\t\t\t\t\t<div class=\"elementor-swiper\">\n\t\t\t<div class=\"elementor-slides-wrapper elementor-main-swiper swiper\" dir=\"ltr\" data-animation=\"fadeInUp\">\n\t\t\t\t<div class=\"swiper-wrapper elementor-slides\">\n\t\t\t\t\t\t\t\t\t\t<div class=\"elementor-repeater-item-2f90ea3 swiper-slide\"><div class=\"swiper-slide-bg\" role=\"img\"><\/div><a class=\"swiper-slide-inner\" href=\"https:\/\/sites.usp.br\/ppgfm\/apresentacao\/\"><div class=\"swiper-slide-contents\"><div class=\"elementor-slide-heading\">Apresenta\u00e7\u00e3o do PPGFM<\/div><\/div><\/a><\/div><div class=\"elementor-repeater-item-2178817 swiper-slide\"><div class=\"swiper-slide-bg\" role=\"img\"><\/div><a class=\"swiper-slide-inner\" href=\"https:\/\/sites.usp.br\/ppgfm\/planejamento-estrategico\/\"><div class=\"swiper-slide-contents\"><div class=\"elementor-slide-heading\">Planejamento Estrat\u00e9gico<\/div><\/div><\/a><\/div><div class=\"elementor-repeater-item-7bcc051 swiper-slide\"><div class=\"swiper-slide-bg\" role=\"img\"><\/div><a class=\"swiper-slide-inner\" href=\"https:\/\/sites.usp.br\/ppgfm\/autoavaliacao\/\"><div class=\"swiper-slide-contents\"><div class=\"elementor-slide-heading\">Autoavalia\u00e7\u00e3o<\/div><div class=\"elementor-slide-description\">.<\/div><\/div><\/a><\/div><div class=\"elementor-repeater-item-db6b99a swiper-slide\"><div class=\"swiper-slide-bg\" role=\"img\"><\/div><a class=\"swiper-slide-inner\" href=\"https:\/\/sites.usp.br\/ppgfm\/membros-da-ccp\/\"><div class=\"swiper-slide-contents\"><div class=\"elementor-slide-heading\">Membros da CCP<\/div><\/div><\/a><\/div><div class=\"elementor-repeater-item-1ae333c swiper-slide\"><div class=\"swiper-slide-bg\" role=\"img\"><\/div><a class=\"swiper-slide-inner\" href=\"https:\/\/sites.usp.br\/ppgfm\/lista-de-orientadores\/\"><div class=\"swiper-slide-contents\"><div class=\"elementor-slide-heading\">Lista de Orientadores<\/div><\/div><\/a><\/div><div class=\"elementor-repeater-item-7233e56 swiper-slide\"><div class=\"swiper-slide-bg\" role=\"img\"><\/div><a class=\"swiper-slide-inner\" href=\"https:\/\/sites.usp.br\/ppgfm\/catalogo-de-disciplinas\/\"><div class=\"swiper-slide-contents\"><div class=\"elementor-slide-heading\">Cat\u00e1logo de Disciplinas<\/div><\/div><\/a><\/div><div class=\"elementor-repeater-item-ec0b130 swiper-slide\"><div class=\"swiper-slide-bg\" role=\"img\"><\/div><a class=\"swiper-slide-inner\" href=\"https:\/\/sites.usp.br\/ppgfm\/credenciamento-e-recredenciamento\/\"><div class=\"swiper-slide-contents\"><div class=\"elementor-slide-heading\">Credenciamento e Recredenciamento<\/div><\/div><\/a><\/div>\t\t\t\t<\/div>\n\t\t\t\t\t\t\t\t\t\t\t\t\t\t\t<div class=\"swiper-pagination\"><\/div>\n\t\t\t\t\t\t\t\t\t\t\t\t\t\t\t\t<div class=\"elementor-swiper-button elementor-swiper-button-prev\" role=\"button\" tabindex=\"0\">\n\t\t\t\t\t\t\t<i aria-hidden=\"true\" class=\"eicon-chevron-left\"><\/i>\t\t\t\t\t\t\t<span class=\"elementor-screen-only\">Previous slide<\/span>\n\t\t\t\t\t\t<\/div>\n\t\t\t\t\t\t<div class=\"elementor-swiper-button elementor-swiper-button-next\" role=\"button\" tabindex=\"0\">\n\t\t\t\t\t\t\t<i aria-hidden=\"true\" class=\"eicon-chevron-right\"><\/i>\t\t\t\t\t\t\t<span class=\"elementor-screen-only\">Next slide<\/span>\n\t\t\t\t\t\t<\/div>\n\t\t\t\t\t\t\t\t\t\t\t\t<\/div>\n\t\t<\/div>\n\t\t\t\t<\/div>\n\t\t\t\t<\/div>\n\t\t\t\t<div class=\"elementor-element elementor-element-eedc9c8 elementor-widget elementor-widget-spacer\" data-id=\"eedc9c8\" data-element_type=\"widget\" data-widget_type=\"spacer.default\">\n\t\t\t\t<div class=\"elementor-widget-container\">\n\t\t\t\t\t<div class=\"elementor-spacer\">\n\t\t\t<div class=\"elementor-spacer-inner\"><\/div>\n\t\t<\/div>\n\t\t\t\t<\/div>\n\t\t\t\t<\/div>\n\t\t\t\t\t<\/div>\n\t\t<\/div>\n\t\t\t\t\t<\/div>\n\t\t<\/section>\n\t\t\t\t<\/div>\n\t\t","protected":false},"excerpt":{"rendered":"<p>Apresenta\u00e7\u00e3o do PPGFMPlanejamento Estrat\u00e9gicoAutoavalia\u00e7\u00e3o.Membros da CCPLista de OrientadoresCat\u00e1logo de DisciplinasCredenciamento e Recredenciamento Anterior Pr\u00f3ximo<\/p>\n","protected":false},"author":24578,"featured_media":0,"parent":0,"menu_order":0,"comment_status":"closed","ping_status":"closed","template":"","meta":{"footnotes":"","_links_to":"","_links_to_target":""},"class_list":["post-158","page","type-page","status-publish","hentry"],"_links":{"self":[{"href":"https:\/\/sites.usp.br\/ppgfm\/wp-json\/wp\/v2\/pages\/158","targetHints":{"allow":["GET"]}}],"collection":[{"href":"https:\/\/sites.usp.br\/ppgfm\/wp-json\/wp\/v2\/pages"}],"about":[{"href":"https:\/\/sites.usp.br\/ppgfm\/wp-json\/wp\/v2\/types\/page"}],"author":[{"embeddable":true,"href":"https:\/\/sites.usp.br\/ppgfm\/wp-json\/wp\/v2\/users\/24578"}],"replies":[{"embeddable":true,"href":"https:\/\/sites.usp.br\/ppgfm\/wp-json\/wp\/v2\/comments?post=158"}],"version-history":[{"count":4,"href":"https:\/\/sites.usp.br\/ppgfm\/wp-json\/wp\/v2\/pages\/158\/revisions"}],"predecessor-version":[{"id":686,"href":"https:\/\/sites.usp.br\/ppgfm\/wp-json\/wp\/v2\/pages\/158\/revisions\/686"}],"wp:attachment":[{"href":"https:\/\/sites.usp.br\/ppgfm\/wp-json\/wp\/v2\/media?parent=158"}],"curies":[{"name":"wp","href":"https:\/\/api.w.org\/{rel}","templated":true}]}}