{"id":175,"date":"2025-03-13T09:58:00","date_gmt":"2025-03-13T11:58:00","guid":{"rendered":"https:\/\/sites.usp.br\/ppgfm\/?page_id=175"},"modified":"2025-12-18T07:19:34","modified_gmt":"2025-12-18T09:19:34","slug":"processo-seletivo","status":"publish","type":"page","link":"https:\/\/sites.usp.br\/ppgfm\/processo-seletivo\/","title":{"rendered":"Processo seletivo"},"content":{"rendered":"\t\t<div data-elementor-type=\"wp-page\" data-elementor-id=\"175\" class=\"elementor elementor-175\" data-elementor-post-type=\"page\">\n\t\t\t\t\t\t<section class=\"elementor-section elementor-top-section elementor-element elementor-element-f3dd1ca elementor-section-boxed elementor-section-height-default elementor-section-height-default\" data-id=\"f3dd1ca\" data-element_type=\"section\">\n\t\t\t\t\t\t<div class=\"elementor-container elementor-column-gap-default\">\n\t\t\t\t\t<div class=\"elementor-column elementor-col-100 elementor-top-column elementor-element elementor-element-c22a77d\" data-id=\"c22a77d\" data-element_type=\"column\">\n\t\t\t<div class=\"elementor-widget-wrap elementor-element-populated\">\n\t\t\t\t\t\t<div class=\"elementor-element elementor-element-c800c29 elementor-widget elementor-widget-text-editor\" data-id=\"c800c29\" data-element_type=\"widget\" data-widget_type=\"text-editor.default\">\n\t\t\t\t<div class=\"elementor-widget-container\">\n\t\t\t\t\t\t\t<p>O ingresso no programa se dar\u00e1 por meio de processo seletivo normatizado por edital espec\u00edfico a ser elaborado pela CCP e publicado periodicamente no Di\u00e1rio Oficial do Estado de S\u00e3o Paulo e na p\u00e1gina do programa na internet. Os editais de processo seletivo especificar\u00e3o os procedimentos e lista de documentos necess\u00e1rios para inscri\u00e7\u00e3o, a lista de documentos necess\u00e1rios para matr\u00edcula, as etapas do processo seletivo, o cronograma do processo seletivo, os itens de avalia\u00e7\u00e3o, as provas e o peso de cada um dos itens de avalia\u00e7\u00e3o.<\/p>\t\t\t\t\t\t<\/div>\n\t\t\t\t<\/div>\n\t\t\t\t<div class=\"elementor-element elementor-element-5b5dc75 elementor-widget elementor-widget-heading\" data-id=\"5b5dc75\" data-element_type=\"widget\" data-widget_type=\"heading.default\">\n\t\t\t\t<div class=\"elementor-widget-container\">\n\t\t\t<h2 class=\"elementor-heading-title elementor-size-default\">Edital 2026<\/h2>\t\t<\/div>\n\t\t\t\t<\/div>\n\t\t\t\t<div class=\"elementor-element elementor-element-3741263 elementor-widget elementor-widget-text-editor\" data-id=\"3741263\" data-element_type=\"widget\" data-widget_type=\"text-editor.default\">\n\t\t\t\t<div class=\"elementor-widget-container\">\n\t\t\t\t\t\t\t<p>Per\u00edodo de inscri\u00e7\u00e3o: em fluxo cont\u00ednuo de 02\/02\/2026 a 02\/10\/2026.<\/p><p>A Secretaria do Programa de P\u00f3s-Gradua\u00e7\u00e3o em F\u00e1rmaco e Medicamentos efetuar\u00e1 as inscri\u00e7\u00f5es no processo seletivo dos candidatos de forma n\u00e3o-presencial, por e-mail (pgfm@usp.br), desde que sejam respeitados os prazos sinalizados no edital de processo seletivo, bem como o envio de toda documenta\u00e7\u00e3o, em formato PDF leg\u00edvel, inclusive com as respectivas assinaturas nos documentos.<\/p><p>Para mais informa\u00e7\u00f5es sobre a documenta\u00e7\u00e3o para inscri\u00e7\u00e3o, profici\u00eancia em ingl\u00eas, realiza\u00e7\u00e3o das provas e divulga\u00e7\u00e3o dos resultados, ver o link abaixo:<\/p>\t\t\t\t\t\t<\/div>\n\t\t\t\t<\/div>\n\t\t\t\t<div class=\"elementor-element elementor-element-886c27f elementor-align-center elementor-widget elementor-widget-button\" data-id=\"886c27f\" data-element_type=\"widget\" data-widget_type=\"button.default\">\n\t\t\t\t<div class=\"elementor-widget-container\">\n\t\t\t\t\t\t\t<div class=\"elementor-button-wrapper\">\n\t\t\t\t\t<a class=\"elementor-button elementor-button-link elementor-size-sm\" href=\"http:\/\/fcf.usp.br\/arquivos\/17122025-145450.pdf\" target=\"_blank\">\n\t\t\t\t\t\t<span class=\"elementor-button-content-wrapper\">\n\t\t\t\t\t\t\t\t\t<span class=\"elementor-button-text\">Processo Seletivo (Edital 2026)<\/span>\n\t\t\t\t\t<\/span>\n\t\t\t\t\t<\/a>\n\t\t\t\t<\/div>\n\t\t\t\t\t\t<\/div>\n\t\t\t\t<\/div>\n\t\t\t\t<div class=\"elementor-element elementor-element-f920e8e elementor-widget elementor-widget-spacer\" data-id=\"f920e8e\" data-element_type=\"widget\" data-widget_type=\"spacer.default\">\n\t\t\t\t<div class=\"elementor-widget-container\">\n\t\t\t\t\t<div class=\"elementor-spacer\">\n\t\t\t<div class=\"elementor-spacer-inner\"><\/div>\n\t\t<\/div>\n\t\t\t\t<\/div>\n\t\t\t\t<\/div>\n\t\t\t\t\t<\/div>\n\t\t<\/div>\n\t\t\t\t\t<\/div>\n\t\t<\/section>\n\t\t\t\t<\/div>\n\t\t","protected":false},"excerpt":{"rendered":"<p>O ingresso no programa se dar\u00e1 por meio de processo seletivo normatizado por edital espec\u00edfico a ser elaborado pela CCP e publicado periodicamente no Di\u00e1rio Oficial do Estado de S\u00e3o Paulo e na p\u00e1gina do programa na internet. Os editais de processo seletivo especificar\u00e3o os procedimentos e lista de documentos necess\u00e1rios para inscri\u00e7\u00e3o, a lista [&hellip;]<\/p>\n","protected":false},"author":24578,"featured_media":0,"parent":0,"menu_order":0,"comment_status":"closed","ping_status":"closed","template":"","meta":{"footnotes":"","_links_to":"","_links_to_target":""},"class_list":["post-175","page","type-page","status-publish","hentry"],"_links":{"self":[{"href":"https:\/\/sites.usp.br\/ppgfm\/wp-json\/wp\/v2\/pages\/175","targetHints":{"allow":["GET"]}}],"collection":[{"href":"https:\/\/sites.usp.br\/ppgfm\/wp-json\/wp\/v2\/pages"}],"about":[{"href":"https:\/\/sites.usp.br\/ppgfm\/wp-json\/wp\/v2\/types\/page"}],"author":[{"embeddable":true,"href":"https:\/\/sites.usp.br\/ppgfm\/wp-json\/wp\/v2\/users\/24578"}],"replies":[{"embeddable":true,"href":"https:\/\/sites.usp.br\/ppgfm\/wp-json\/wp\/v2\/comments?post=175"}],"version-history":[{"count":4,"href":"https:\/\/sites.usp.br\/ppgfm\/wp-json\/wp\/v2\/pages\/175\/revisions"}],"predecessor-version":[{"id":791,"href":"https:\/\/sites.usp.br\/ppgfm\/wp-json\/wp\/v2\/pages\/175\/revisions\/791"}],"wp:attachment":[{"href":"https:\/\/sites.usp.br\/ppgfm\/wp-json\/wp\/v2\/media?parent=175"}],"curies":[{"name":"wp","href":"https:\/\/api.w.org\/{rel}","templated":true}]}}