{"id":177,"date":"2025-03-13T10:00:01","date_gmt":"2025-03-13T12:00:01","guid":{"rendered":"https:\/\/sites.usp.br\/ppgfm\/?page_id=177"},"modified":"2025-12-19T07:13:57","modified_gmt":"2025-12-19T09:13:57","slug":"matricula","status":"publish","type":"page","link":"https:\/\/sites.usp.br\/ppgfm\/matricula\/","title":{"rendered":"Matr\u00edcula"},"content":{"rendered":"\t\t<div data-elementor-type=\"wp-page\" data-elementor-id=\"177\" class=\"elementor elementor-177\" data-elementor-post-type=\"page\">\n\t\t\t\t\t\t<section class=\"elementor-section elementor-top-section elementor-element elementor-element-385beab elementor-section-boxed elementor-section-height-default elementor-section-height-default\" data-id=\"385beab\" data-element_type=\"section\">\n\t\t\t\t\t\t<div class=\"elementor-container elementor-column-gap-default\">\n\t\t\t\t\t<div class=\"elementor-column elementor-col-100 elementor-top-column elementor-element elementor-element-6beb13a\" data-id=\"6beb13a\" data-element_type=\"column\">\n\t\t\t<div class=\"elementor-widget-wrap elementor-element-populated\">\n\t\t\t\t\t\t<div class=\"elementor-element elementor-element-eaf99b5 elementor-widget elementor-widget-heading\" data-id=\"eaf99b5\" data-element_type=\"widget\" data-widget_type=\"heading.default\">\n\t\t\t\t<div class=\"elementor-widget-container\">\n\t\t\t<h2 class=\"elementor-heading-title elementor-size-default\">Primeira Matr\u00edcula<\/h2>\t\t<\/div>\n\t\t\t\t<\/div>\n\t\t\t\t<div class=\"elementor-element elementor-element-dcaec60 elementor-widget__width-initial elementor-widget elementor-widget-text-editor\" data-id=\"dcaec60\" data-element_type=\"widget\" data-widget_type=\"text-editor.default\">\n\t\t\t\t<div class=\"elementor-widget-container\">\n\t\t\t\t\t\t\t<p>Os candidatos que forem aprovados no processo seletivo dever\u00e3o fazer o pedido de primeira matr\u00edcula para o Servi\u00e7o de P\u00f3s-Gradua\u00e7\u00e3o, de forma remota, por meio de formul\u00e1rio eletr\u00f4nico (<a href=\"https:\/\/forms.gle\/qVvZfNnxfkrMLB6u8\" target=\"_blank\" rel=\"noopener\">Clique aqui<\/a>).<\/p><p>No formul\u00e1rio eletr\u00f4nico, ser\u00e1 necess\u00e1rio anexar o requerimento de primeira matr\u00edcula (<a href=\"https:\/\/sites.usp.br\/ppgfm\/wp-content\/uploads\/sites\/1646\/2025\/03\/Requerimento_Primeira_Matricula.pdf\" target=\"_blank\" rel=\"noopener\">Clique aqui<\/a>).<\/p>\t\t\t\t\t\t<\/div>\n\t\t\t\t<\/div>\n\t\t\t\t<div class=\"elementor-element elementor-element-d2fef7b elementor-widget elementor-widget-heading\" data-id=\"d2fef7b\" data-element_type=\"widget\" data-widget_type=\"heading.default\">\n\t\t\t\t<div class=\"elementor-widget-container\">\n\t\t\t<h2 class=\"elementor-heading-title elementor-size-default\">Matr\u00edcula Semestral<\/h2>\t\t<\/div>\n\t\t\t\t<\/div>\n\t\t\t\t<div class=\"elementor-element elementor-element-9a2d5ec elementor-widget elementor-widget-text-editor\" data-id=\"9a2d5ec\" data-element_type=\"widget\" data-widget_type=\"text-editor.default\">\n\t\t\t\t<div class=\"elementor-widget-container\">\n\t\t\t\t\t\t\t<p>A matr\u00edcula \u00e9 obrigat\u00f3ria em todos os estudantes. O per\u00edodo de matr\u00edcula de alunos regulares \u00e9 divulgado no sistema Janus. <a href=\"https:\/\/uspdigital.usp.br\/janus\/componente\/periodoMatricula.jsf\" target=\"_blank\" rel=\"noopener\">Clique aqui<\/a> para consultar o per\u00edodo de matr\u00edcula para 2026.<\/p><p>A matr\u00edcula consiste em tr\u00eas etapas:<\/p><p>&#8211; <strong>Pr\u00e9-matr\u00edcula do aluno<\/strong>: per\u00edodo para os alunos efetuarem suas pr\u00e9-matr\u00edculas em disciplinas ou sua matr\u00edcula de acompanhamento, sendo a matr\u00edcula de acompanhamento obrigat\u00f3ria para o aluno que n\u00e3o se matricular em nenhuma disciplina. Toda a\u00e7\u00e3o confirmada pelo aluno, neste Sistema, gera um e-mail a si pr\u00f3prio como comprovante da a\u00e7\u00e3o executada;<\/p><p>&#8211; <strong>Aval do orientador<\/strong>: per\u00edodo para os orientadores avalizarem as pr\u00e9-matr\u00edculas em disciplinas. As pr\u00e9-matr\u00edculas em disciplinas n\u00e3o apreciadas pelo respectivo orientador neste per\u00edodo s\u00e3o automaticamente aceitas. Matr\u00edculas de acompanhamento n\u00e3o requerem o aval do orientador e s\u00e3o automaticamente aceitas pelo sistema ap\u00f3s este per\u00edodo;<\/p><p>&#8211; <strong>Deferimento do ministrante<\/strong>: per\u00edodo para os ministrantes de disciplina deferirem as pr\u00e9-matr\u00edculas avalizadas pelos orientadores. A pr\u00e9-matr\u00edcula, avalizada pelo orientador, que n\u00e3o receber manifesta\u00e7\u00e3o do ministrante da disciplina ser\u00e1 automaticamente aceita.<\/p><p>Caso o aluno deixe de efetivar sua matr\u00edcula regularmente por dois per\u00edodos letivos consecutivos ser\u00e1 desligado automaticamente do curso.<\/p><p>Excepcionalmente, caso o(a) aluno(a) tenha perdido o prazo do Janus, dever\u00e1 solicitar devidamente a regulariza\u00e7\u00e3o junto ao Servi\u00e7o de P\u00f3s-Gradua\u00e7\u00e3o, pelo e-mail: pgfarma@usp.br.<\/p>\t\t\t\t\t\t<\/div>\n\t\t\t\t<\/div>\n\t\t\t\t<div class=\"elementor-element elementor-element-0c776fc elementor-widget elementor-widget-heading\" data-id=\"0c776fc\" data-element_type=\"widget\" data-widget_type=\"heading.default\">\n\t\t\t\t<div class=\"elementor-widget-container\">\n\t\t\t<h2 class=\"elementor-heading-title elementor-size-default\">Matr\u00edcula de Acompanhamento<\/h2>\t\t<\/div>\n\t\t\t\t<\/div>\n\t\t\t\t<div class=\"elementor-element elementor-element-40be934 elementor-widget elementor-widget-text-editor\" data-id=\"40be934\" data-element_type=\"widget\" data-widget_type=\"text-editor.default\">\n\t\t\t\t<div class=\"elementor-widget-container\">\n\t\t\t\t\t\t\t<p>Caso o estudante n\u00e3o tenha inten\u00e7\u00e3o de cursar disciplina, \u00e9 necess\u00e1rio realizar Matr\u00edcula de Acompanhamento, pelo sistema Janus.<\/p>\t\t\t\t\t\t<\/div>\n\t\t\t\t<\/div>\n\t\t\t\t\t<\/div>\n\t\t<\/div>\n\t\t\t\t\t<\/div>\n\t\t<\/section>\n\t\t\t\t<\/div>\n\t\t","protected":false},"excerpt":{"rendered":"<p>Primeira Matr\u00edcula Os candidatos que forem aprovados no processo seletivo dever\u00e3o fazer o pedido de primeira matr\u00edcula para o Servi\u00e7o de P\u00f3s-Gradua\u00e7\u00e3o, de forma remota, por meio de formul\u00e1rio eletr\u00f4nico (Clique aqui). No formul\u00e1rio eletr\u00f4nico, ser\u00e1 necess\u00e1rio anexar o requerimento de primeira matr\u00edcula (Clique aqui). Matr\u00edcula Semestral A matr\u00edcula \u00e9 obrigat\u00f3ria em todos os estudantes. [&hellip;]<\/p>\n","protected":false},"author":24578,"featured_media":0,"parent":0,"menu_order":0,"comment_status":"closed","ping_status":"closed","template":"","meta":{"footnotes":"","_links_to":"","_links_to_target":""},"class_list":["post-177","page","type-page","status-publish","hentry"],"_links":{"self":[{"href":"https:\/\/sites.usp.br\/ppgfm\/wp-json\/wp\/v2\/pages\/177","targetHints":{"allow":["GET"]}}],"collection":[{"href":"https:\/\/sites.usp.br\/ppgfm\/wp-json\/wp\/v2\/pages"}],"about":[{"href":"https:\/\/sites.usp.br\/ppgfm\/wp-json\/wp\/v2\/types\/page"}],"author":[{"embeddable":true,"href":"https:\/\/sites.usp.br\/ppgfm\/wp-json\/wp\/v2\/users\/24578"}],"replies":[{"embeddable":true,"href":"https:\/\/sites.usp.br\/ppgfm\/wp-json\/wp\/v2\/comments?post=177"}],"version-history":[{"count":4,"href":"https:\/\/sites.usp.br\/ppgfm\/wp-json\/wp\/v2\/pages\/177\/revisions"}],"predecessor-version":[{"id":818,"href":"https:\/\/sites.usp.br\/ppgfm\/wp-json\/wp\/v2\/pages\/177\/revisions\/818"}],"wp:attachment":[{"href":"https:\/\/sites.usp.br\/ppgfm\/wp-json\/wp\/v2\/media?parent=177"}],"curies":[{"name":"wp","href":"https:\/\/api.w.org\/{rel}","templated":true}]}}