{"id":183,"date":"2025-03-13T10:02:36","date_gmt":"2025-03-13T12:02:36","guid":{"rendered":"https:\/\/sites.usp.br\/ppgfm\/?page_id=183"},"modified":"2025-03-15T12:35:39","modified_gmt":"2025-03-15T14:35:39","slug":"exame-de-qualificacao","status":"publish","type":"page","link":"https:\/\/sites.usp.br\/ppgfm\/exame-de-qualificacao\/","title":{"rendered":"Exame de Qualifica\u00e7\u00e3o"},"content":{"rendered":"\t\t<div data-elementor-type=\"wp-page\" data-elementor-id=\"183\" class=\"elementor elementor-183\" data-elementor-post-type=\"page\">\n\t\t\t\t\t\t<section class=\"elementor-section elementor-top-section elementor-element elementor-element-54366e1 elementor-section-boxed elementor-section-height-default elementor-section-height-default\" data-id=\"54366e1\" data-element_type=\"section\">\n\t\t\t\t\t\t<div class=\"elementor-container elementor-column-gap-default\">\n\t\t\t\t\t<div class=\"elementor-column elementor-col-100 elementor-top-column elementor-element elementor-element-a4e4b9b\" data-id=\"a4e4b9b\" data-element_type=\"column\">\n\t\t\t<div class=\"elementor-widget-wrap elementor-element-populated\">\n\t\t\t\t\t\t<div class=\"elementor-element elementor-element-e2bb811 elementor-widget elementor-widget-text-editor\" data-id=\"e2bb811\" data-element_type=\"widget\" data-widget_type=\"text-editor.default\">\n\t\t\t\t<div class=\"elementor-widget-container\">\n\t\t\t\t\t\t\t<p>O Exame de Qualifica\u00e7\u00e3o n\u00e3o ser\u00e1 exigido no curso de Mestrado, sendo obrigat\u00f3rio para o curso de Doutorado e Doutorado Direto.<\/p><p>A inscri\u00e7\u00e3o no exame de qualifica\u00e7\u00e3o \u00e9 de responsabilidade do aluno e dever\u00e1 ser feita dentro do prazo m\u00e1ximo estabelecido pelo programa neste Regulamento do PPGFM. O aluno de doutorado ou doutorado direto dever\u00e1 inscrever-se para a realiza\u00e7\u00e3o do exame de qualifica\u00e7\u00e3o num per\u00edodo m\u00e1ximo de 24 meses ap\u00f3s o in\u00edcio da contagem do prazo no curso.<\/p><p>O objetivo do exame de qualifica\u00e7\u00e3o \u00e9 avaliar a capacidade do candidato de desenvolver, de forma independente, o seu projeto de tese, dentro de sua \u00e1rea de pesquisa. O exame consistir\u00e1 de uma monografia e uma exposi\u00e7\u00e3o oral sobre o projeto de pesquisa. A monografia dever\u00e1 ser entregue na secretaria do programa de p\u00f3s-gradua\u00e7\u00e3o em m\u00eddia digital (arquivo pdf) por ocasi\u00e3o da inscri\u00e7\u00e3o do estudante no referido exame. A exposi\u00e7\u00e3o oral, em sess\u00e3o p\u00fablica, ter\u00e1 dura\u00e7\u00e3o m\u00ednima de vinte e m\u00e1xima de trinta minutos, sendo seguida de argui\u00e7\u00e3o pela comiss\u00e3o examinadora.<\/p><p>O exame dever\u00e1 ser realizado no m\u00e1ximo 90 (noventa) dias ap\u00f3s a inscri\u00e7\u00e3o. O estudante de p\u00f3s-gradua\u00e7\u00e3o que n\u00e3o realizar o exame de qualifica\u00e7\u00e3o no per\u00edodo previsto para o seu curso ser\u00e1 desligado do programa, conforme Regimento de P\u00f3s-Gradua\u00e7\u00e3o da USP.<\/p><p>O estudante que for reprovado no exame de qualifica\u00e7\u00e3o poder\u00e1 se inscrever para repeti-lo apenas uma vez, devendo realizar nova inscri\u00e7\u00e3o no prazo de 60 (sessenta) dias ap\u00f3s a realiza\u00e7\u00e3o do primeiro exame.<\/p><p>O segundo exame dever\u00e1 ser realizado no prazo de 60 (sessenta) dias ap\u00f3s a segunda inscri\u00e7\u00e3o. Persistindo a reprova\u00e7\u00e3o, o aluno ser\u00e1 desligado do Programa e receber\u00e1 certificado das disciplinas cursadas.<\/p><p>A comiss\u00e3o examinadora de exame de qualifica\u00e7\u00e3o, para Doutorado e Doutorado Direto, ser\u00e1 constitu\u00edda por tr\u00eas examinadores, com titula\u00e7\u00e3o m\u00ednima de doutor. O Orientador n\u00e3o poder\u00e1 fazer parte da Comiss\u00e3o Examinadora. A comiss\u00e3o examinadora de Doutorado e Doutorado Direto dever\u00e1 ter pelo menos um examinador externo ao programa.<\/p><p>Para maiores informa\u00e7\u00f5es, consultar o Regulamento do PPGFM.<\/p>\t\t\t\t\t\t<\/div>\n\t\t\t\t<\/div>\n\t\t\t\t<div class=\"elementor-element elementor-element-a3cb007 elementor-align-center elementor-widget elementor-widget-button\" data-id=\"a3cb007\" data-element_type=\"widget\" data-widget_type=\"button.default\">\n\t\t\t\t<div class=\"elementor-widget-container\">\n\t\t\t\t\t\t\t<div class=\"elementor-button-wrapper\">\n\t\t\t\t\t<a class=\"elementor-button elementor-button-link elementor-size-sm\" href=\"https:\/\/sites.usp.br\/ppgfm\/regulamento-e-normas\/\">\n\t\t\t\t\t\t<span class=\"elementor-button-content-wrapper\">\n\t\t\t\t\t\t\t\t\t<span class=\"elementor-button-text\">Clique aqui<\/span>\n\t\t\t\t\t<\/span>\n\t\t\t\t\t<\/a>\n\t\t\t\t<\/div>\n\t\t\t\t\t\t<\/div>\n\t\t\t\t<\/div>\n\t\t\t\t\t<\/div>\n\t\t<\/div>\n\t\t\t\t\t<\/div>\n\t\t<\/section>\n\t\t\t\t<\/div>\n\t\t","protected":false},"excerpt":{"rendered":"<p>O Exame de Qualifica\u00e7\u00e3o n\u00e3o ser\u00e1 exigido no curso de Mestrado, sendo obrigat\u00f3rio para o curso de Doutorado e Doutorado Direto. A inscri\u00e7\u00e3o no exame de qualifica\u00e7\u00e3o \u00e9 de responsabilidade do aluno e dever\u00e1 ser feita dentro do prazo m\u00e1ximo estabelecido pelo programa neste Regulamento do PPGFM. O aluno de doutorado ou doutorado direto dever\u00e1 [&hellip;]<\/p>\n","protected":false},"author":24578,"featured_media":0,"parent":0,"menu_order":0,"comment_status":"closed","ping_status":"closed","template":"","meta":{"footnotes":"","_links_to":"","_links_to_target":""},"class_list":["post-183","page","type-page","status-publish","hentry"],"_links":{"self":[{"href":"https:\/\/sites.usp.br\/ppgfm\/wp-json\/wp\/v2\/pages\/183","targetHints":{"allow":["GET"]}}],"collection":[{"href":"https:\/\/sites.usp.br\/ppgfm\/wp-json\/wp\/v2\/pages"}],"about":[{"href":"https:\/\/sites.usp.br\/ppgfm\/wp-json\/wp\/v2\/types\/page"}],"author":[{"embeddable":true,"href":"https:\/\/sites.usp.br\/ppgfm\/wp-json\/wp\/v2\/users\/24578"}],"replies":[{"embeddable":true,"href":"https:\/\/sites.usp.br\/ppgfm\/wp-json\/wp\/v2\/comments?post=183"}],"version-history":[{"count":4,"href":"https:\/\/sites.usp.br\/ppgfm\/wp-json\/wp\/v2\/pages\/183\/revisions"}],"predecessor-version":[{"id":371,"href":"https:\/\/sites.usp.br\/ppgfm\/wp-json\/wp\/v2\/pages\/183\/revisions\/371"}],"wp:attachment":[{"href":"https:\/\/sites.usp.br\/ppgfm\/wp-json\/wp\/v2\/media?parent=183"}],"curies":[{"name":"wp","href":"https:\/\/api.w.org\/{rel}","templated":true}]}}