{"id":187,"date":"2025-03-13T10:05:09","date_gmt":"2025-03-13T12:05:09","guid":{"rendered":"https:\/\/sites.usp.br\/ppgfm\/?page_id=187"},"modified":"2025-03-24T14:30:36","modified_gmt":"2025-03-24T16:30:36","slug":"informacoes-academicas","status":"publish","type":"page","link":"https:\/\/sites.usp.br\/ppgfm\/informacoes-academicas\/","title":{"rendered":"INFORMA\u00c7\u00d5ES ACAD\u00caMICAS"},"content":{"rendered":"\t\t<div data-elementor-type=\"wp-page\" data-elementor-id=\"187\" class=\"elementor elementor-187\" data-elementor-post-type=\"page\">\n\t\t\t\t\t\t<section class=\"elementor-section elementor-top-section elementor-element elementor-element-d6cc188 elementor-section-boxed elementor-section-height-default elementor-section-height-default\" data-id=\"d6cc188\" data-element_type=\"section\">\n\t\t\t\t\t\t<div class=\"elementor-container elementor-column-gap-default\">\n\t\t\t\t\t<div class=\"elementor-column elementor-col-100 elementor-top-column elementor-element elementor-element-9e20883\" data-id=\"9e20883\" data-element_type=\"column\">\n\t\t\t<div class=\"elementor-widget-wrap elementor-element-populated\">\n\t\t\t\t\t\t<div class=\"elementor-element elementor-element-22edec1 elementor--h-position-center elementor--v-position-middle elementor-arrows-position-inside elementor-pagination-position-inside elementor-widget elementor-widget-slides\" data-id=\"22edec1\" data-element_type=\"widget\" data-settings=\"{&quot;navigation&quot;:&quot;both&quot;,&quot;autoplay&quot;:&quot;yes&quot;,&quot;pause_on_hover&quot;:&quot;yes&quot;,&quot;pause_on_interaction&quot;:&quot;yes&quot;,&quot;autoplay_speed&quot;:5000,&quot;infinite&quot;:&quot;yes&quot;,&quot;transition&quot;:&quot;slide&quot;,&quot;transition_speed&quot;:500}\" data-widget_type=\"slides.default\">\n\t\t\t\t<div class=\"elementor-widget-container\">\n\t\t\t\t\t<div class=\"elementor-swiper\">\n\t\t\t<div class=\"elementor-slides-wrapper elementor-main-swiper swiper\" dir=\"ltr\" data-animation=\"fadeInUp\">\n\t\t\t\t<div class=\"swiper-wrapper elementor-slides\">\n\t\t\t\t\t\t\t\t\t\t<div class=\"elementor-repeater-item-6ebe65a swiper-slide\"><div class=\"swiper-slide-bg\" role=\"img\"><\/div><a class=\"swiper-slide-inner\" href=\"https:\/\/sites.usp.br\/ppgfm\/regulamento-e-normas\/\"><div class=\"swiper-slide-contents\"><div class=\"elementor-slide-heading\">Regulamento e Normas<\/div><\/div><\/a><\/div><div class=\"elementor-repeater-item-efd99cf swiper-slide\"><div class=\"swiper-slide-bg\" role=\"img\"><\/div><a class=\"swiper-slide-inner\" href=\"https:\/\/sites.usp.br\/ppgfm\/processo-seletivo\/\"><div class=\"swiper-slide-contents\"><div class=\"elementor-slide-heading\">Processo Seletivo<\/div><\/div><\/a><\/div><div class=\"elementor-repeater-item-26b23fd swiper-slide\"><div class=\"swiper-slide-bg\" role=\"img\"><\/div><a class=\"swiper-slide-inner\" href=\"https:\/\/sites.usp.br\/ppgfm\/matricula\/\"><div class=\"swiper-slide-contents\"><div class=\"elementor-slide-heading\">Matricula<\/div><\/div><\/a><\/div><div class=\"elementor-repeater-item-e1016a7 swiper-slide\"><div class=\"swiper-slide-bg\" role=\"img\"><\/div><a class=\"swiper-slide-inner\" href=\"https:\/\/sites.usp.br\/ppgfm\/aproveitamento-de-creditos\/\"><div class=\"swiper-slide-contents\"><div class=\"elementor-slide-heading\">Aproveitamento de Cr\u00e9ditos<\/div><\/div><\/a><\/div><div class=\"elementor-repeater-item-254239d swiper-slide\"><div class=\"swiper-slide-bg\" role=\"img\"><\/div><a class=\"swiper-slide-inner\" href=\"https:\/\/sites.usp.br\/ppgfm\/relatorio-academico\/\"><div class=\"swiper-slide-contents\"><div class=\"elementor-slide-heading\">Relat\u00f3rio Acad\u00eamico<\/div><\/div><\/a><\/div><div class=\"elementor-repeater-item-39d9f8f swiper-slide\"><div class=\"swiper-slide-bg\" role=\"img\"><\/div><a class=\"swiper-slide-inner\" href=\"https:\/\/sites.usp.br\/ppgfm\/exame-de-qualificacao\/\"><div class=\"swiper-slide-contents\"><div class=\"elementor-slide-heading\">Exame de Qualifica\u00e7\u00e3o<\/div><\/div><\/a><\/div><div class=\"elementor-repeater-item-8053795 swiper-slide\"><div class=\"swiper-slide-bg\" role=\"img\"><\/div><a class=\"swiper-slide-inner\" href=\"https:\/\/sites.usp.br\/ppgfm\/deposito-de-dissertacoes-e-teses\/\"><div class=\"swiper-slide-contents\"><div class=\"elementor-slide-heading\">Dep\u00f3sito de Disserta\u00e7\u00f5es e Teses<\/div><\/div><\/a><\/div>\t\t\t\t<\/div>\n\t\t\t\t\t\t\t\t\t\t\t\t\t\t\t<div class=\"swiper-pagination\"><\/div>\n\t\t\t\t\t\t\t\t\t\t\t\t\t\t\t\t<div class=\"elementor-swiper-button elementor-swiper-button-prev\" role=\"button\" tabindex=\"0\">\n\t\t\t\t\t\t\t<i aria-hidden=\"true\" class=\"eicon-chevron-left\"><\/i>\t\t\t\t\t\t\t<span class=\"elementor-screen-only\">Previous slide<\/span>\n\t\t\t\t\t\t<\/div>\n\t\t\t\t\t\t<div class=\"elementor-swiper-button elementor-swiper-button-next\" role=\"button\" tabindex=\"0\">\n\t\t\t\t\t\t\t<i aria-hidden=\"true\" class=\"eicon-chevron-right\"><\/i>\t\t\t\t\t\t\t<span class=\"elementor-screen-only\">Next slide<\/span>\n\t\t\t\t\t\t<\/div>\n\t\t\t\t\t\t\t\t\t\t\t\t<\/div>\n\t\t<\/div>\n\t\t\t\t<\/div>\n\t\t\t\t<\/div>\n\t\t\t\t<div class=\"elementor-element elementor-element-169521b elementor-widget elementor-widget-spacer\" data-id=\"169521b\" data-element_type=\"widget\" data-widget_type=\"spacer.default\">\n\t\t\t\t<div class=\"elementor-widget-container\">\n\t\t\t\t\t<div class=\"elementor-spacer\">\n\t\t\t<div class=\"elementor-spacer-inner\"><\/div>\n\t\t<\/div>\n\t\t\t\t<\/div>\n\t\t\t\t<\/div>\n\t\t\t\t\t<\/div>\n\t\t<\/div>\n\t\t\t\t\t<\/div>\n\t\t<\/section>\n\t\t\t\t<\/div>\n\t\t","protected":false},"excerpt":{"rendered":"<p>Regulamento e NormasProcesso SeletivoMatriculaAproveitamento de Cr\u00e9ditosRelat\u00f3rio Acad\u00eamicoExame de Qualifica\u00e7\u00e3oDep\u00f3sito de Disserta\u00e7\u00f5es e Teses Anterior Pr\u00f3ximo<\/p>\n","protected":false},"author":24578,"featured_media":0,"parent":0,"menu_order":0,"comment_status":"closed","ping_status":"closed","template":"","meta":{"footnotes":"","_links_to":"","_links_to_target":""},"class_list":["post-187","page","type-page","status-publish","hentry"],"_links":{"self":[{"href":"https:\/\/sites.usp.br\/ppgfm\/wp-json\/wp\/v2\/pages\/187","targetHints":{"allow":["GET"]}}],"collection":[{"href":"https:\/\/sites.usp.br\/ppgfm\/wp-json\/wp\/v2\/pages"}],"about":[{"href":"https:\/\/sites.usp.br\/ppgfm\/wp-json\/wp\/v2\/types\/page"}],"author":[{"embeddable":true,"href":"https:\/\/sites.usp.br\/ppgfm\/wp-json\/wp\/v2\/users\/24578"}],"replies":[{"embeddable":true,"href":"https:\/\/sites.usp.br\/ppgfm\/wp-json\/wp\/v2\/comments?post=187"}],"version-history":[{"count":4,"href":"https:\/\/sites.usp.br\/ppgfm\/wp-json\/wp\/v2\/pages\/187\/revisions"}],"predecessor-version":[{"id":663,"href":"https:\/\/sites.usp.br\/ppgfm\/wp-json\/wp\/v2\/pages\/187\/revisions\/663"}],"wp:attachment":[{"href":"https:\/\/sites.usp.br\/ppgfm\/wp-json\/wp\/v2\/media?parent=187"}],"curies":[{"name":"wp","href":"https:\/\/api.w.org\/{rel}","templated":true}]}}