{"id":189,"date":"2025-03-13T10:06:24","date_gmt":"2025-03-13T12:06:24","guid":{"rendered":"https:\/\/sites.usp.br\/ppgfm\/?page_id=189"},"modified":"2025-03-13T10:43:38","modified_gmt":"2025-03-13T12:43:38","slug":"localizacao","status":"publish","type":"page","link":"https:\/\/sites.usp.br\/ppgfm\/localizacao\/","title":{"rendered":"Localiza\u00e7\u00e3o"},"content":{"rendered":"\t\t<div data-elementor-type=\"wp-page\" data-elementor-id=\"189\" class=\"elementor elementor-189\" data-elementor-post-type=\"page\">\n\t\t\t\t\t\t<section class=\"elementor-section elementor-top-section elementor-element elementor-element-3ecb94f elementor-section-boxed elementor-section-height-default elementor-section-height-default\" data-id=\"3ecb94f\" data-element_type=\"section\">\n\t\t\t\t\t\t<div class=\"elementor-container elementor-column-gap-default\">\n\t\t\t\t\t<div class=\"elementor-column elementor-col-100 elementor-top-column elementor-element elementor-element-9d2bb17\" data-id=\"9d2bb17\" data-element_type=\"column\">\n\t\t\t<div class=\"elementor-widget-wrap elementor-element-populated\">\n\t\t\t\t\t\t<div class=\"elementor-element elementor-element-b756675 elementor-widget elementor-widget-text-editor\" data-id=\"b756675\" data-element_type=\"widget\" data-widget_type=\"text-editor.default\">\n\t\t\t\t<div class=\"elementor-widget-container\">\n\t\t\t\t\t\t\t<p>Programa de P\u00f3s-Gradua\u00e7\u00e3o em F\u00e1rmaco e Medicamentos<br \/>Faculdade de Ci\u00eancias Farmac\u00eauticas da USP<\/p><p>Av. Prof. Lineu Prestes, 580 &#8211; Bloco 15<br \/>Cidade Universit\u00e1ria &#8211; CEP 05508-000, S\u00e3o Paulo\/SP<\/p>\t\t\t\t\t\t<\/div>\n\t\t\t\t<\/div>\n\t\t\t\t<div class=\"elementor-element elementor-element-83a3840 elementor-widget elementor-widget-google_maps\" data-id=\"83a3840\" data-element_type=\"widget\" data-widget_type=\"google_maps.default\">\n\t\t\t\t<div class=\"elementor-widget-container\">\n\t\t\t\t\t<div class=\"elementor-custom-embed\">\n\t\t\t<iframe loading=\"lazy\"\n\t\t\t\t\tsrc=\"https:\/\/maps.google.com\/maps?q=Faculdade%20de%20Ci%C3%AAncias%20Farmac%C3%AAuticas%2C%20S%C3%A3o%20Paulo%2C%20Brasil&#038;t=m&#038;z=12&#038;output=embed&#038;iwloc=near\"\n\t\t\t\t\ttitle=\"Faculdade de Ci\u00eancias Farmac\u00eauticas, S\u00e3o Paulo, Brasil\"\n\t\t\t\t\taria-label=\"Faculdade de Ci\u00eancias Farmac\u00eauticas, S\u00e3o Paulo, Brasil\"\n\t\t\t><\/iframe>\n\t\t<\/div>\n\t\t\t\t<\/div>\n\t\t\t\t<\/div>\n\t\t\t\t<div class=\"elementor-element elementor-element-06a0a24 elementor-widget elementor-widget-spacer\" data-id=\"06a0a24\" data-element_type=\"widget\" data-widget_type=\"spacer.default\">\n\t\t\t\t<div class=\"elementor-widget-container\">\n\t\t\t\t\t<div class=\"elementor-spacer\">\n\t\t\t<div class=\"elementor-spacer-inner\"><\/div>\n\t\t<\/div>\n\t\t\t\t<\/div>\n\t\t\t\t<\/div>\n\t\t\t\t\t<\/div>\n\t\t<\/div>\n\t\t\t\t\t<\/div>\n\t\t<\/section>\n\t\t\t\t<\/div>\n\t\t","protected":false},"excerpt":{"rendered":"<p>Programa de P\u00f3s-Gradua\u00e7\u00e3o em F\u00e1rmaco e MedicamentosFaculdade de Ci\u00eancias Farmac\u00eauticas da USP Av. Prof. Lineu Prestes, 580 &#8211; Bloco 15Cidade Universit\u00e1ria &#8211; CEP 05508-000, S\u00e3o Paulo\/SP<\/p>\n","protected":false},"author":24578,"featured_media":0,"parent":0,"menu_order":0,"comment_status":"closed","ping_status":"closed","template":"","meta":{"footnotes":"","_links_to":"","_links_to_target":""},"class_list":["post-189","page","type-page","status-publish","hentry"],"_links":{"self":[{"href":"https:\/\/sites.usp.br\/ppgfm\/wp-json\/wp\/v2\/pages\/189","targetHints":{"allow":["GET"]}}],"collection":[{"href":"https:\/\/sites.usp.br\/ppgfm\/wp-json\/wp\/v2\/pages"}],"about":[{"href":"https:\/\/sites.usp.br\/ppgfm\/wp-json\/wp\/v2\/types\/page"}],"author":[{"embeddable":true,"href":"https:\/\/sites.usp.br\/ppgfm\/wp-json\/wp\/v2\/users\/24578"}],"replies":[{"embeddable":true,"href":"https:\/\/sites.usp.br\/ppgfm\/wp-json\/wp\/v2\/comments?post=189"}],"version-history":[{"count":4,"href":"https:\/\/sites.usp.br\/ppgfm\/wp-json\/wp\/v2\/pages\/189\/revisions"}],"predecessor-version":[{"id":216,"href":"https:\/\/sites.usp.br\/ppgfm\/wp-json\/wp\/v2\/pages\/189\/revisions\/216"}],"wp:attachment":[{"href":"https:\/\/sites.usp.br\/ppgfm\/wp-json\/wp\/v2\/media?parent=189"}],"curies":[{"name":"wp","href":"https:\/\/api.w.org\/{rel}","templated":true}]}}