{"id":62,"date":"2025-03-12T15:37:30","date_gmt":"2025-03-12T17:37:30","guid":{"rendered":"http:\/\/sites.usp.br\/ppgfm\/?page_id=62"},"modified":"2025-03-27T14:23:33","modified_gmt":"2025-03-27T16:23:33","slug":"apresentacao","status":"publish","type":"page","link":"https:\/\/sites.usp.br\/ppgfm\/apresentacao\/","title":{"rendered":"Apresenta\u00e7\u00e3o"},"content":{"rendered":"\t\t<div data-elementor-type=\"wp-page\" data-elementor-id=\"62\" class=\"elementor elementor-62\" data-elementor-post-type=\"page\">\n\t\t\t\t\t\t<section class=\"elementor-section elementor-top-section elementor-element elementor-element-15bfcb3 elementor-section-boxed elementor-section-height-default elementor-section-height-default\" data-id=\"15bfcb3\" data-element_type=\"section\">\n\t\t\t\t\t\t<div class=\"elementor-container elementor-column-gap-default\">\n\t\t\t\t\t<div class=\"elementor-column elementor-col-100 elementor-top-column elementor-element elementor-element-cf47ea8\" data-id=\"cf47ea8\" data-element_type=\"column\">\n\t\t\t<div class=\"elementor-widget-wrap elementor-element-populated\">\n\t\t\t\t\t\t<div class=\"elementor-element elementor-element-45de243 elementor-widget elementor-widget-heading\" data-id=\"45de243\" data-element_type=\"widget\" data-widget_type=\"heading.default\">\n\t\t\t\t<div class=\"elementor-widget-container\">\n\t\t\t<h2 class=\"elementor-heading-title elementor-size-default\">Programa de P\u00f3s-Gradua\u00e7\u00e3o em F\u00e1rmaco e Medicamentos<\/h2>\t\t<\/div>\n\t\t\t\t<\/div>\n\t\t\t\t<div class=\"elementor-element elementor-element-e2cc174 elementor-widget elementor-widget-text-editor\" data-id=\"e2cc174\" data-element_type=\"widget\" data-widget_type=\"text-editor.default\">\n\t\t\t\t<div class=\"elementor-widget-container\">\n\t\t\t\t\t\t\t<p>O Programa de p\u00f3s-gradua\u00e7\u00e3o em F\u00e1rmaco e Medicamentos da Faculdade de Ci\u00eancias Farmac\u00eauticas da Universidade de S\u00e3o Paulo (FCF-USP) foi criado em 1978, sendo credenciado em 01\/01\/85, pelo Conselho Federal de Educa\u00e7\u00e3o, inicialmente em n\u00edvel de mestrado<\/p><p>O curso de doutorado foi projetado em 1986 e iniciou seu funcionamento em 1987. Foi o segundo Programa instalado no Pa\u00eds na \u00e1rea de F\u00e1rmacos e Medicamentos, e caracteriza-se pelo alto n\u00edvel de nuclea\u00e7\u00e3o, pela rela\u00e7\u00e3o com o setor produtivo e pelo retorno expressivo \u00e0 sociedade.<\/p><p>O programa tem por objetivo a forma\u00e7\u00e3o de recursos humanos altamente qualificados para exercer atividades acad\u00eamicas que compreendem carreira docente e de pesquisa, e atividades profissionais na \u00e1rea de medicamentos e de cosm\u00e9ticos.<\/p><p>\u00a0<\/p>\t\t\t\t\t\t<\/div>\n\t\t\t\t<\/div>\n\t\t\t\t<div class=\"elementor-element elementor-element-5228432 elementor-widget elementor-widget-heading\" data-id=\"5228432\" data-element_type=\"widget\" data-widget_type=\"heading.default\">\n\t\t\t\t<div class=\"elementor-widget-container\">\n\t\t\t<h2 class=\"elementor-heading-title elementor-size-default\">\u00c1reas de Concentra\u00e7\u00e3o e Linhas de Pesquisa<\/h2>\t\t<\/div>\n\t\t\t\t<\/div>\n\t\t\t\t<div class=\"elementor-element elementor-element-aaff0de elementor-widget elementor-widget-text-editor\" data-id=\"aaff0de\" data-element_type=\"widget\" data-widget_type=\"text-editor.default\">\n\t\t\t\t<div class=\"elementor-widget-container\">\n\t\t\t\t\t\t\t<p><strong>Produ\u00e7\u00e3o e Controle Farmac\u00eauticos:\u00a0<\/strong> engloba f\u00e1rmacos, medicamentos e cosm\u00e9ticos.<\/p><ul><li>Biofarmacot\u00e9cnica<\/li><li>Controle f\u00edsico-qu\u00edmico e biol\u00f3gico de f\u00e1rmacos e produtos naturais em princ\u00edpios ativos vegetais<\/li><li>Desenvolvimento farmacot\u00e9cnico e cosm\u00e9tico<\/li><li>Qualidade de produtos, processos e sistemas<\/li><\/ul><p><strong>Insumos Farmac\u00eauticos:<\/strong> compreende estudos sobre princ\u00edpios ativos naturais e f\u00e1rmacos ou compostos de origem sint\u00e9tica, com atividade biol\u00f3gica potencial.<\/p><ul><li>Farmacognosia, farmacologia e toxicologia de plantas medicinais<\/li><li>Planejamento e s\u00edntese de precursores e subst\u00e2ncias potencialmente ativas<\/li><\/ul>\t\t\t\t\t\t<\/div>\n\t\t\t\t<\/div>\n\t\t\t\t\t<\/div>\n\t\t<\/div>\n\t\t\t\t\t<\/div>\n\t\t<\/section>\n\t\t\t\t<\/div>\n\t\t","protected":false},"excerpt":{"rendered":"<p>Programa de P\u00f3s-Gradua\u00e7\u00e3o em F\u00e1rmaco e Medicamentos O Programa de p\u00f3s-gradua\u00e7\u00e3o em F\u00e1rmaco e Medicamentos da Faculdade de Ci\u00eancias Farmac\u00eauticas da Universidade de S\u00e3o Paulo (FCF-USP) foi criado em 1978, sendo credenciado em 01\/01\/85, pelo Conselho Federal de Educa\u00e7\u00e3o, inicialmente em n\u00edvel de mestrado O curso de doutorado foi projetado em 1986 e iniciou seu [&hellip;]<\/p>\n","protected":false},"author":24578,"featured_media":0,"parent":0,"menu_order":0,"comment_status":"closed","ping_status":"closed","template":"","meta":{"footnotes":"","_links_to":"","_links_to_target":""},"class_list":["post-62","page","type-page","status-publish","hentry"],"_links":{"self":[{"href":"https:\/\/sites.usp.br\/ppgfm\/wp-json\/wp\/v2\/pages\/62","targetHints":{"allow":["GET"]}}],"collection":[{"href":"https:\/\/sites.usp.br\/ppgfm\/wp-json\/wp\/v2\/pages"}],"about":[{"href":"https:\/\/sites.usp.br\/ppgfm\/wp-json\/wp\/v2\/types\/page"}],"author":[{"embeddable":true,"href":"https:\/\/sites.usp.br\/ppgfm\/wp-json\/wp\/v2\/users\/24578"}],"replies":[{"embeddable":true,"href":"https:\/\/sites.usp.br\/ppgfm\/wp-json\/wp\/v2\/comments?post=62"}],"version-history":[{"count":5,"href":"https:\/\/sites.usp.br\/ppgfm\/wp-json\/wp\/v2\/pages\/62\/revisions"}],"predecessor-version":[{"id":682,"href":"https:\/\/sites.usp.br\/ppgfm\/wp-json\/wp\/v2\/pages\/62\/revisions\/682"}],"wp:attachment":[{"href":"https:\/\/sites.usp.br\/ppgfm\/wp-json\/wp\/v2\/media?parent=62"}],"curies":[{"name":"wp","href":"https:\/\/api.w.org\/{rel}","templated":true}]}}