{"id":64,"date":"2014-02-12T11:28:54","date_gmt":"2014-02-12T13:28:54","guid":{"rendered":"http:\/\/sites.usp.br\/ppgfm\/?page_id=64"},"modified":"2025-03-24T14:07:51","modified_gmt":"2025-03-24T16:07:51","slug":"planejamento-estrategico","status":"publish","type":"page","link":"https:\/\/sites.usp.br\/ppgfm\/planejamento-estrategico\/","title":{"rendered":"Planejamento Estrat\u00e9gico"},"content":{"rendered":"\t\t<div data-elementor-type=\"wp-page\" data-elementor-id=\"64\" class=\"elementor elementor-64\" data-elementor-post-type=\"page\">\n\t\t\t\t\t\t<section class=\"elementor-section elementor-top-section elementor-element elementor-element-8061479 elementor-section-boxed elementor-section-height-default elementor-section-height-default\" data-id=\"8061479\" data-element_type=\"section\">\n\t\t\t\t\t\t<div class=\"elementor-container elementor-column-gap-default\">\n\t\t\t\t\t<div class=\"elementor-column elementor-col-100 elementor-top-column elementor-element elementor-element-a323d21\" data-id=\"a323d21\" data-element_type=\"column\">\n\t\t\t<div class=\"elementor-widget-wrap elementor-element-populated\">\n\t\t\t\t\t\t<div class=\"elementor-element elementor-element-9b8e670 elementor-widget elementor-widget-heading\" data-id=\"9b8e670\" data-element_type=\"widget\" data-widget_type=\"heading.default\">\n\t\t\t\t<div class=\"elementor-widget-container\">\n\t\t\t<h2 class=\"elementor-heading-title elementor-size-default\">Planejamento Estrat\u00e9gico<\/h2>\t\t<\/div>\n\t\t\t\t<\/div>\n\t\t\t\t<div class=\"elementor-element elementor-element-cdf4754 elementor-widget elementor-widget-text-editor\" data-id=\"cdf4754\" data-element_type=\"widget\" data-widget_type=\"text-editor.default\">\n\t\t\t\t<div class=\"elementor-widget-container\">\n\t\t\t\t\t\t\t<p>O Plano Estrat\u00e9gico do PPGFM para o per\u00edodo 2021-2024 foi elaborado considerando os resultados da Avalia\u00e7\u00e3o Quadrienal CAPES 2017-2020, o Semin\u00e1rio de Meio Termo da CAPES, o Projeto Acad\u00eamico do Departamento de Farm\u00e1cia da FCF-USP e o Projeto Acad\u00eamico Institucional da Faculdade de Ci\u00eancias Farmac\u00eauticas, de forma a garantir sua adequa\u00e7\u00e3o com as necessidades regionais, nacionais e internacionais, assim como o alinhamento alinhado ao Plano de Desenvolvimento Institucional (PDI) da Universidade de S\u00e3o Paulo (USP).<\/p><p>O PPGFM tem implementado a\u00e7\u00f5es estrat\u00e9gicas para aprimorar a forma\u00e7\u00e3o de seus discentes, incluindo a moderniza\u00e7\u00e3o curricular, a amplia\u00e7\u00e3o da oferta de disciplinas interdisciplinares, o est\u00edmulo \u00e0 participa\u00e7\u00e3o em projetos de pesquisa e inova\u00e7\u00e3o, e o fortalecimento de colabora\u00e7\u00f5es institucionais nacionais e internacionais. Al\u00e9m disso, o PPGFM tem investido no desenvolvimento de projetos de extens\u00e3o e atividades comunit\u00e1rias, promovendo a aproxima\u00e7\u00e3o da Unidade com a sociedade.<\/p><p>Com alta visibilidade, qualidade docente e infraestrutura adequada, o programa atende \u00e0s demandas local, nacional e internacional, formando mestres e doutores e promovendo a gera\u00e7\u00e3o e dissemina\u00e7\u00e3o de conhecimento. O reconhecimento internacional do PPGFM \u00e9 evidenciado pela busca de estudantes de diversas regi\u00f5es do Brasil e do exterior.<\/p>\t\t\t\t\t\t<\/div>\n\t\t\t\t<\/div>\n\t\t\t\t<section class=\"elementor-section elementor-inner-section elementor-element elementor-element-62e3bbe elementor-section-boxed elementor-section-height-default elementor-section-height-default\" data-id=\"62e3bbe\" data-element_type=\"section\">\n\t\t\t\t\t\t<div class=\"elementor-container elementor-column-gap-default\">\n\t\t\t\t\t<div class=\"elementor-column elementor-col-50 elementor-inner-column elementor-element elementor-element-a7b4a13\" data-id=\"a7b4a13\" data-element_type=\"column\">\n\t\t\t<div class=\"elementor-widget-wrap elementor-element-populated\">\n\t\t\t\t\t\t<div class=\"elementor-element elementor-element-55fb4dd elementor-widget elementor-widget-heading\" data-id=\"55fb4dd\" data-element_type=\"widget\" data-widget_type=\"heading.default\">\n\t\t\t\t<div class=\"elementor-widget-container\">\n\t\t\t<h2 class=\"elementor-heading-title elementor-size-default\">Miss\u00e3o<\/h2>\t\t<\/div>\n\t\t\t\t<\/div>\n\t\t\t\t\t<\/div>\n\t\t<\/div>\n\t\t\t\t<div class=\"elementor-column elementor-col-50 elementor-inner-column elementor-element elementor-element-645e2a3\" data-id=\"645e2a3\" data-element_type=\"column\">\n\t\t\t<div class=\"elementor-widget-wrap elementor-element-populated\">\n\t\t\t\t\t\t<div class=\"elementor-element elementor-element-44eeb7a elementor-widget elementor-widget-text-editor\" data-id=\"44eeb7a\" data-element_type=\"widget\" data-widget_type=\"text-editor.default\">\n\t\t\t\t<div class=\"elementor-widget-container\">\n\t\t\t\t\t\t\t<p>Promover a forma\u00e7\u00e3o de recursos humanos qualificados, empreendedores e com vis\u00e3o cr\u00edtica, gerar o conhecimento e atuar, de forma indissociada do ensino e da pesquisa, nas atividades de extens\u00e3o, na \u00e1rea de f\u00e1rmacos e medicamentos sob a \u00e9gide da \u00e9tica.<\/p>\t\t\t\t\t\t<\/div>\n\t\t\t\t<\/div>\n\t\t\t\t\t<\/div>\n\t\t<\/div>\n\t\t\t\t\t<\/div>\n\t\t<\/section>\n\t\t\t\t<section class=\"elementor-section elementor-inner-section elementor-element elementor-element-6302bb4 elementor-section-boxed elementor-section-height-default elementor-section-height-default\" data-id=\"6302bb4\" data-element_type=\"section\">\n\t\t\t\t\t\t<div class=\"elementor-container elementor-column-gap-default\">\n\t\t\t\t\t<div class=\"elementor-column elementor-col-50 elementor-inner-column elementor-element elementor-element-2ec3df9\" data-id=\"2ec3df9\" data-element_type=\"column\">\n\t\t\t<div class=\"elementor-widget-wrap elementor-element-populated\">\n\t\t\t\t\t\t<div class=\"elementor-element elementor-element-bcf24de elementor-widget elementor-widget-heading\" data-id=\"bcf24de\" data-element_type=\"widget\" data-widget_type=\"heading.default\">\n\t\t\t\t<div class=\"elementor-widget-container\">\n\t\t\t<h2 class=\"elementor-heading-title elementor-size-default\">Vis\u00e3o<\/h2>\t\t<\/div>\n\t\t\t\t<\/div>\n\t\t\t\t\t<\/div>\n\t\t<\/div>\n\t\t\t\t<div class=\"elementor-column elementor-col-50 elementor-inner-column elementor-element elementor-element-f5794cc\" data-id=\"f5794cc\" data-element_type=\"column\">\n\t\t\t<div class=\"elementor-widget-wrap elementor-element-populated\">\n\t\t\t\t\t\t<div class=\"elementor-element elementor-element-c00c611 elementor-widget elementor-widget-text-editor\" data-id=\"c00c611\" data-element_type=\"widget\" data-widget_type=\"text-editor.default\">\n\t\t\t\t<div class=\"elementor-widget-container\">\n\t\t\t\t\t\t\t<p>Ser refer\u00eancia no ensino e na pesquisa interdisciplinar em f\u00e1rmacos e medicamentos, sendo reconhecida a sua contribui\u00e7\u00e3o \u00e0 sociedade no \u00e2mbito da sa\u00fade e nas suas rela\u00e7\u00f5es com a ci\u00eancia, a tecnologia e a inova\u00e7\u00e3o.<\/p>\t\t\t\t\t\t<\/div>\n\t\t\t\t<\/div>\n\t\t\t\t\t<\/div>\n\t\t<\/div>\n\t\t\t\t\t<\/div>\n\t\t<\/section>\n\t\t\t\t<section class=\"elementor-section elementor-inner-section elementor-element elementor-element-b581dd2 elementor-section-boxed elementor-section-height-default elementor-section-height-default\" data-id=\"b581dd2\" data-element_type=\"section\">\n\t\t\t\t\t\t<div class=\"elementor-container elementor-column-gap-default\">\n\t\t\t\t\t<div class=\"elementor-column elementor-col-50 elementor-inner-column elementor-element elementor-element-9561d80\" data-id=\"9561d80\" data-element_type=\"column\">\n\t\t\t<div class=\"elementor-widget-wrap elementor-element-populated\">\n\t\t\t\t\t\t<div class=\"elementor-element elementor-element-d1cf81e elementor-widget elementor-widget-heading\" data-id=\"d1cf81e\" data-element_type=\"widget\" data-widget_type=\"heading.default\">\n\t\t\t\t<div class=\"elementor-widget-container\">\n\t\t\t<h2 class=\"elementor-heading-title elementor-size-default\">Valores<\/h2>\t\t<\/div>\n\t\t\t\t<\/div>\n\t\t\t\t\t<\/div>\n\t\t<\/div>\n\t\t\t\t<div class=\"elementor-column elementor-col-50 elementor-inner-column elementor-element elementor-element-345840b\" data-id=\"345840b\" data-element_type=\"column\">\n\t\t\t<div class=\"elementor-widget-wrap elementor-element-populated\">\n\t\t\t\t\t\t<div class=\"elementor-element elementor-element-0708dcf elementor-widget elementor-widget-text-editor\" data-id=\"0708dcf\" data-element_type=\"widget\" data-widget_type=\"text-editor.default\">\n\t\t\t\t<div class=\"elementor-widget-container\">\n\t\t\t\t\t\t\t<p>As atividades de ensino, pesquisa e extens\u00e3o desenvolvidas pela FCF, USP devem ser pautadas pela excel\u00eancia e pelos princ\u00edpios \u00e9ticos, priorizando a dignidade dos seres vivos e a preserva\u00e7\u00e3o do meio ambiente.<\/p>\t\t\t\t\t\t<\/div>\n\t\t\t\t<\/div>\n\t\t\t\t\t<\/div>\n\t\t<\/div>\n\t\t\t\t\t<\/div>\n\t\t<\/section>\n\t\t\t\t<div class=\"elementor-element elementor-element-7445542 elementor-widget elementor-widget-text-editor\" data-id=\"7445542\" data-element_type=\"widget\" data-widget_type=\"text-editor.default\">\n\t\t\t\t<div class=\"elementor-widget-container\">\n\t\t\t\t\t\t\t<p>Considerando que o PPGFM \u00e9 composto majoritariamente por docentes permanentes alocados no Departamento de Farm\u00e1cia (FBF) da FCF-USP, o referido Departamento e esta CCP mant\u00e9m articuladas pol\u00edticas e a\u00e7\u00f5es que visam ao aprimoramento do Programa, em harmonia com o Projeto Acade\u0302mico do FBF, ademais de as pol\u00edticas e a\u00e7\u00f5es estarem totalmente alinhadas com o Projeto Acade\u0302mico Institucional da Faculdade de Cie\u0302ncias Farmace\u0302uticas da USP. Pelo exposto, as metas pertinentes \u00e0 p\u00f3s-gradua\u00e7\u00e3o e ao PPGFM descritas nos projetos acade\u0302micos envolveram:<\/p><p>1. Aprimorar a qualidade dos Programas com conceitos 5 por induc\u0327a\u0303o ao aumento de nu\u0301mero e da qualidade da produc\u0327a\u0303o cientifica (ac\u0327\u00f5es ja\u0301 adotadas foram o oferecimento da disciplina \u201cFBF5779 \u2013 Preparo de Artigos Cienti\u0301ficos na A\u0301rea da Farma\u0301cia\u201d e o novo Regulamento do PPGFM que prev\u00ea para o dep\u00f3sito da disserta\u00e7\u00e3o de Mestrado a comprova\u00e7\u00e3o de manuscrito submetido para a publica\u00e7\u00e3o e, para o dep\u00f3sito da tese de Doutorado\/Doutorado direto, constata\u00e7\u00e3o de manuscrito aceito para a publica\u00e7\u00e3o ou artigo publicado) com discentes e pesquisadores internacionais e o incentivo ao mestrado e doutorado sanduiche e ao duplo-doutorado em institui\u00e7\u00f5es no exterior.<\/p><p>2. Aumentar a visibilidade do Programa, visando melhorar a captac\u0327a\u0303o de estudantes qualificados, nacionais e estrangeiros (ac\u0327a\u0303o ja\u0301 adotada do aprimoramento do processo seletivo do PPGFM, com possibilidade de dispensa em exame escrito e\/ou prova de argui\u00e7\u00e3o para ingresso, mediante justificativa e aprova\u00e7\u00e3o da CCP, o que permite maior integra\u00e7\u00e3o com a gradua\u00e7\u00e3o e maior visibilidade aos candidatos estrangeiros).<\/p><p>3. Incentivar o doutorado direto, de forma a reduzir o tempo de forma\u00e7\u00e3o de recursos humanos e, consequentemente, de sua inser\u00e7\u00e3o no mercado de trabalho ou na carreira acad\u00eamica, assim como promover melhora os indicadores de produtividade acad\u00eamica e aumento da efici\u00eancia do PPGFM.<\/p><p>4. Investir em participa\u00e7\u00e3o de professores do exterior nas disciplinas do PPGFM, bem como, ampliar o oferecimento destas em ingle\u0302s (disciplinas vigentes e novas est\u00e3o prevendo os oferecimentos em ingl\u00eas).<\/p><p>5. Investir na integra\u00e7\u00e3o do mestrado com a gradua\u00e7\u00e3o.<\/p><p>6. Estimular a participa\u00e7\u00e3o em projetos de pesquisa voltados \u00e0 sociedade.<\/p><p>Ap\u00f3s realiza\u00e7\u00e3o do Semin\u00e1rio de Meio Termo da CAPES, assim como por meio da an\u00e1lise de relat\u00f3rios gerados pelo APOEMA-PG &#8211; Sistema de Apoio Estrat\u00e9gico \u00e0 Medi\u00e7\u00e3o e An\u00e1lise da P\u00f3s-Gradua\u00e7\u00e3o (https:\/\/sistemas.prpg.usp.br\/apoema-pg\/) constatou-se que o PPGFM apresenta perfil de alta compatibilidade com programas com conceito 6 e 7. Este avan\u00e7o em desempenho revelou a melhoria robusta deste Programa, comparativamente, e que as a\u00e7\u00f5es adotadas para tal por meio do Planejamento Estrat\u00e9gico j\u00e1 tem demonstrado resultados positivos para o aprimoramento do PPGFM.<\/p>\t\t\t\t\t\t<\/div>\n\t\t\t\t<\/div>\n\t\t\t\t\t<\/div>\n\t\t<\/div>\n\t\t\t\t\t<\/div>\n\t\t<\/section>\n\t\t\t\t<\/div>\n\t\t","protected":false},"excerpt":{"rendered":"<p>Planejamento Estrat\u00e9gico O Plano Estrat\u00e9gico do PPGFM para o per\u00edodo 2021-2024 foi elaborado considerando os resultados da Avalia\u00e7\u00e3o Quadrienal CAPES 2017-2020, o Semin\u00e1rio de Meio Termo da CAPES, o Projeto Acad\u00eamico do Departamento de Farm\u00e1cia da FCF-USP e o Projeto Acad\u00eamico Institucional da Faculdade de Ci\u00eancias Farmac\u00eauticas, de forma a garantir sua adequa\u00e7\u00e3o com as [&hellip;]<\/p>\n","protected":false},"author":1,"featured_media":0,"parent":0,"menu_order":0,"comment_status":"closed","ping_status":"closed","template":"","meta":{"footnotes":"","_links_to":"","_links_to_target":""},"class_list":["post-64","page","type-page","status-publish","hentry"],"_links":{"self":[{"href":"https:\/\/sites.usp.br\/ppgfm\/wp-json\/wp\/v2\/pages\/64","targetHints":{"allow":["GET"]}}],"collection":[{"href":"https:\/\/sites.usp.br\/ppgfm\/wp-json\/wp\/v2\/pages"}],"about":[{"href":"https:\/\/sites.usp.br\/ppgfm\/wp-json\/wp\/v2\/types\/page"}],"author":[{"embeddable":true,"href":"https:\/\/sites.usp.br\/ppgfm\/wp-json\/wp\/v2\/users\/1"}],"replies":[{"embeddable":true,"href":"https:\/\/sites.usp.br\/ppgfm\/wp-json\/wp\/v2\/comments?post=64"}],"version-history":[{"count":4,"href":"https:\/\/sites.usp.br\/ppgfm\/wp-json\/wp\/v2\/pages\/64\/revisions"}],"predecessor-version":[{"id":657,"href":"https:\/\/sites.usp.br\/ppgfm\/wp-json\/wp\/v2\/pages\/64\/revisions\/657"}],"wp:attachment":[{"href":"https:\/\/sites.usp.br\/ppgfm\/wp-json\/wp\/v2\/media?parent=64"}],"curies":[{"name":"wp","href":"https:\/\/api.w.org\/{rel}","templated":true}]}}