{"id":699,"date":"2025-03-27T21:27:21","date_gmt":"2025-03-27T23:27:21","guid":{"rendered":"https:\/\/sites.usp.br\/ppgfm\/?page_id=699"},"modified":"2025-03-27T21:32:22","modified_gmt":"2025-03-27T23:32:22","slug":"cadastro","status":"publish","type":"page","link":"https:\/\/sites.usp.br\/ppgfm\/login\/cadastro\/","title":{"rendered":"Cadastro"},"content":{"rendered":"\t\t<div data-elementor-type=\"wp-page\" data-elementor-id=\"699\" class=\"elementor elementor-699\" data-elementor-post-type=\"page\">\n\t\t\t\t\t\t<section class=\"elementor-section elementor-top-section elementor-element elementor-element-43958d4 elementor-section-boxed elementor-section-height-default elementor-section-height-default\" data-id=\"43958d4\" data-element_type=\"section\">\n\t\t\t\t\t\t<div class=\"elementor-container elementor-column-gap-default\">\n\t\t\t\t\t<div class=\"elementor-column elementor-col-100 elementor-top-column elementor-element elementor-element-2bef87e\" data-id=\"2bef87e\" data-element_type=\"column\">\n\t\t\t<div class=\"elementor-widget-wrap elementor-element-populated\">\n\t\t\t\t\t\t<div class=\"elementor-element elementor-element-db587ef elementor-widget elementor-widget-text-editor\" data-id=\"db587ef\" data-element_type=\"widget\" data-widget_type=\"text-editor.default\">\n\t\t\t\t<div class=\"elementor-widget-container\">\n\t\t\t\t\t\t\t<p>Caso n\u00e3o tenha cadastro para acesso \u00e0 \u00e1rea restrita, solicite seu &#8220;login&#8221; e &#8220;senha&#8221; \u00e0 secretaria do Programa (pgfm@usp.br). Necess\u00e1rio informar o nome completo e o N\u00ba USP.<\/p>\t\t\t\t\t\t<\/div>\n\t\t\t\t<\/div>\n\t\t\t\t\t<\/div>\n\t\t<\/div>\n\t\t\t\t\t<\/div>\n\t\t<\/section>\n\t\t\t\t<\/div>\n\t\t","protected":false},"excerpt":{"rendered":"<p>Caso n\u00e3o tenha cadastro para acesso \u00e0 \u00e1rea restrita, solicite seu &#8220;login&#8221; e &#8220;senha&#8221; \u00e0 secretaria do Programa (pgfm@usp.br). Necess\u00e1rio informar o nome completo e o N\u00ba USP.<\/p>\n","protected":false},"author":24578,"featured_media":0,"parent":671,"menu_order":0,"comment_status":"closed","ping_status":"closed","template":"","meta":{"footnotes":"","_links_to":"","_links_to_target":""},"class_list":["post-699","page","type-page","status-publish","hentry"],"_links":{"self":[{"href":"https:\/\/sites.usp.br\/ppgfm\/wp-json\/wp\/v2\/pages\/699","targetHints":{"allow":["GET"]}}],"collection":[{"href":"https:\/\/sites.usp.br\/ppgfm\/wp-json\/wp\/v2\/pages"}],"about":[{"href":"https:\/\/sites.usp.br\/ppgfm\/wp-json\/wp\/v2\/types\/page"}],"author":[{"embeddable":true,"href":"https:\/\/sites.usp.br\/ppgfm\/wp-json\/wp\/v2\/users\/24578"}],"replies":[{"embeddable":true,"href":"https:\/\/sites.usp.br\/ppgfm\/wp-json\/wp\/v2\/comments?post=699"}],"version-history":[{"count":4,"href":"https:\/\/sites.usp.br\/ppgfm\/wp-json\/wp\/v2\/pages\/699\/revisions"}],"predecessor-version":[{"id":703,"href":"https:\/\/sites.usp.br\/ppgfm\/wp-json\/wp\/v2\/pages\/699\/revisions\/703"}],"up":[{"embeddable":true,"href":"https:\/\/sites.usp.br\/ppgfm\/wp-json\/wp\/v2\/pages\/671"}],"wp:attachment":[{"href":"https:\/\/sites.usp.br\/ppgfm\/wp-json\/wp\/v2\/media?parent=699"}],"curies":[{"name":"wp","href":"https:\/\/api.w.org\/{rel}","templated":true}]}}