{"id":152,"date":"2019-11-12T20:18:14","date_gmt":"2019-11-12T22:18:14","guid":{"rendered":"https:\/\/sites.usp.br\/ppggastro\/?page_id=152"},"modified":"2023-03-15T10:48:23","modified_gmt":"2023-03-15T12:48:23","slug":"contato-2","status":"publish","type":"page","link":"https:\/\/sites.usp.br\/ppggastro\/contato-2\/","title":{"rendered":"Contato"},"content":{"rendered":"<strong>CI\u00caNCIAS EM GASTROENTEROLOGIA<\/strong><\/p>\n<p>&nbsp;<\/p>\n<div><\/div>\n<p>Coordenador (a): Prof. Dr. Ulysses Ribeiro J\u00fanior<\/p>\n<p><a href=\"https:\/\/sites.usp.br\/ppggastro\/wp-content\/uploads\/sites\/616\/2021\/04\/Imagem1.png\"><img loading=\"lazy\" decoding=\"async\" class=\"alignnone  wp-image-541\" src=\"https:\/\/sites.usp.br\/ppggastro\/wp-content\/uploads\/sites\/616\/2021\/04\/Imagem1-281x300.png\" alt=\"\" width=\"211\" height=\"225\" srcset=\"https:\/\/sites.usp.br\/ppggastro\/wp-content\/uploads\/sites\/616\/2021\/04\/Imagem1-281x300.png 281w, https:\/\/sites.usp.br\/ppggastro\/wp-content\/uploads\/sites\/616\/2021\/04\/Imagem1-400x427.png 400w, https:\/\/sites.usp.br\/ppggastro\/wp-content\/uploads\/sites\/616\/2021\/04\/Imagem1.png 480w\" sizes=\"auto, (max-width: 211px) 100vw, 211px\" \/><\/a><\/p>\n<div>Secret\u00e1ria (o): Vilma de Jesus Lib\u00e9rio<\/div>\n<div><a href=\"https:\/\/sites.usp.br\/ppggastro\/wp-content\/uploads\/sites\/616\/2020\/09\/vilma.jpg\"><img loading=\"lazy\" decoding=\"async\" class=\"alignnone wp-image-424\" src=\"https:\/\/sites.usp.br\/ppggastro\/wp-content\/uploads\/sites\/616\/2020\/09\/vilma.jpg\" alt=\"\" width=\"198\" height=\"223\" \/><\/a><\/div>\n<div>Local: Instituto Central &#8211; ICHC<\/div>\n<div><\/div>\n<div>Endere\u00e7o: Av. Dr. En\u00e9as de Carvalho Aguiar, 255 &#8211; 9\u00ba andar &#8211; sala 9074<\/div>\n<div><\/div>\n<div>Telefone: 2661-6876 \/ 2661-7561 &#8211; FAX: 2661-7560<\/div>\n<p>&nbsp;<\/p>\n<p>e-mail: gastrousppg.ichc@hc.fm.usp.br<\/p>\n<p>&nbsp;","protected":false},"excerpt":{"rendered":"<p>CI\u00caNCIAS EM GASTROENTEROLOGIA &nbsp; Coordenador (a): Prof. Dr. Ulysses Ribeiro J\u00fanior Secret\u00e1ria (o): Vilma de Jesus Lib\u00e9rio Local: Instituto Central &#8211; ICHC Endere\u00e7o: Av. Dr. En\u00e9as de Carvalho Aguiar, 255 &#8211; 9\u00ba andar &#8211; sala 9074 Telefone: 2661-6876 \/ 2661-7561 &#8211; FAX: 2661-7560 &nbsp; e-mail: gastrousppg.ichc@hc.fm.usp.br &nbsp;<\/p>\n","protected":false},"author":1218,"featured_media":0,"parent":0,"menu_order":34,"comment_status":"closed","ping_status":"closed","template":"","meta":{"_monsterinsights_skip_tracking":false,"_monsterinsights_sitenote_active":false,"_monsterinsights_sitenote_note":"","_monsterinsights_sitenote_category":0,"footnotes":"","_links_to":"","_links_to_target":""},"class_list":["post-152","page","type-page","status-publish","hentry"],"_links":{"self":[{"href":"https:\/\/sites.usp.br\/ppggastro\/wp-json\/wp\/v2\/pages\/152","targetHints":{"allow":["GET"]}}],"collection":[{"href":"https:\/\/sites.usp.br\/ppggastro\/wp-json\/wp\/v2\/pages"}],"about":[{"href":"https:\/\/sites.usp.br\/ppggastro\/wp-json\/wp\/v2\/types\/page"}],"author":[{"embeddable":true,"href":"https:\/\/sites.usp.br\/ppggastro\/wp-json\/wp\/v2\/users\/1218"}],"replies":[{"embeddable":true,"href":"https:\/\/sites.usp.br\/ppggastro\/wp-json\/wp\/v2\/comments?post=152"}],"version-history":[{"count":4,"href":"https:\/\/sites.usp.br\/ppggastro\/wp-json\/wp\/v2\/pages\/152\/revisions"}],"predecessor-version":[{"id":673,"href":"https:\/\/sites.usp.br\/ppggastro\/wp-json\/wp\/v2\/pages\/152\/revisions\/673"}],"wp:attachment":[{"href":"https:\/\/sites.usp.br\/ppggastro\/wp-json\/wp\/v2\/media?parent=152"}],"curies":[{"name":"wp","href":"https:\/\/api.w.org\/{rel}","templated":true}]}}