{"id":159,"date":"2019-11-12T20:25:06","date_gmt":"2019-11-12T22:25:06","guid":{"rendered":"https:\/\/sites.usp.br\/ppggastro\/?page_id=159"},"modified":"2019-11-12T20:25:06","modified_gmt":"2019-11-12T22:25:06","slug":"banco-de-dissertacoes-e-teses","status":"publish","type":"page","link":"https:\/\/sites.usp.br\/ppggastro\/banco-de-dissertacoes-e-teses\/","title":{"rendered":"Banco de Disserta\u00e7\u00f5es e Teses"},"content":{"rendered":"<p>Para acessar disserta\u00e7\u00f5es e teses do nosso programa, clique baixo em &#8220;BIBLIOTECA DIGITAL DA USP&#8221; e voc\u00ea ser\u00e1 direcionado a p\u00e1gina da Universidade de S\u00e3o Paulo aonde voc\u00ea poder\u00e1 acessar e realizar &#8220;downloads&#8221; de todas as disserta\u00e7\u00f5es e teses do programa. Caso tenha interesse em disserta\u00e7\u00f5es e teses dos Programas &#8220;Cirurgia do Aparelho Digestivo&#8221; ou &#8220;Gastroenterologia Cl\u00ednica&#8221;, basta trocar a \u00e1rea de interesse.<\/p>\n<p>&nbsp;<\/p>\n<p>https:\/\/teses.usp.br\/index.php?option=com_jumi&#038;fileid=9&#038;Itemid=159&#038;lang=pt-br&#038;id=5168&#038;prog=5035&#038;exp=0<\/p>\n","protected":false},"excerpt":{"rendered":"<p>Para acessar disserta\u00e7\u00f5es e teses do nosso programa, clique baixo em &#8220;BIBLIOTECA DIGITAL DA USP&#8221; e voc\u00ea ser\u00e1 direcionado a p\u00e1gina da Universidade de S\u00e3o Paulo aonde voc\u00ea poder\u00e1 acessar e realizar &#8220;downloads&#8221; de todas as disserta\u00e7\u00f5es e teses do programa. Caso tenha interesse em disserta\u00e7\u00f5es e teses dos Programas &#8220;Cirurgia do Aparelho Digestivo&#8221; ou [&hellip;]<\/p>\n","protected":false},"author":1218,"featured_media":0,"parent":0,"menu_order":32,"comment_status":"closed","ping_status":"closed","template":"","meta":{"_monsterinsights_skip_tracking":false,"_monsterinsights_sitenote_active":false,"_monsterinsights_sitenote_note":"","_monsterinsights_sitenote_category":0,"footnotes":"","_links_to":"","_links_to_target":""},"class_list":["post-159","page","type-page","status-publish","hentry"],"_links":{"self":[{"href":"https:\/\/sites.usp.br\/ppggastro\/wp-json\/wp\/v2\/pages\/159","targetHints":{"allow":["GET"]}}],"collection":[{"href":"https:\/\/sites.usp.br\/ppggastro\/wp-json\/wp\/v2\/pages"}],"about":[{"href":"https:\/\/sites.usp.br\/ppggastro\/wp-json\/wp\/v2\/types\/page"}],"author":[{"embeddable":true,"href":"https:\/\/sites.usp.br\/ppggastro\/wp-json\/wp\/v2\/users\/1218"}],"replies":[{"embeddable":true,"href":"https:\/\/sites.usp.br\/ppggastro\/wp-json\/wp\/v2\/comments?post=159"}],"version-history":[{"count":1,"href":"https:\/\/sites.usp.br\/ppggastro\/wp-json\/wp\/v2\/pages\/159\/revisions"}],"predecessor-version":[{"id":160,"href":"https:\/\/sites.usp.br\/ppggastro\/wp-json\/wp\/v2\/pages\/159\/revisions\/160"}],"wp:attachment":[{"href":"https:\/\/sites.usp.br\/ppggastro\/wp-json\/wp\/v2\/media?parent=159"}],"curies":[{"name":"wp","href":"https:\/\/api.w.org\/{rel}","templated":true}]}}